{"id":51,"date":"2010-10-04T16:10:51","date_gmt":"2010-10-04T14:10:51","guid":{"rendered":"http:\/\/schulenwegg.ch\/cms\/?page_id=51"},"modified":"2015-06-10T11:53:29","modified_gmt":"2015-06-10T09:53:29","slug":"dolderbox-preise-wie-vor-10-jahren","status":"publish","type":"page","link":"https:\/\/archivista.ch\/cms\/de\/aktuell-blog\/jahre-2008-2019\/blogs-2008\/dolderbox-preise-wie-vor-10-jahren\/","title":{"rendered":"DolderBox: Preise wie vor 10 Jahren"},"content":{"rendered":"<h1>Jubil\u00e4umsaktion mit Preisen wie vor 10 Jahren (inkl. ArchivistaBox)<\/h1>\n<p><strong><img loading=\"lazy\" decoding=\"async\" align=\"right\" width=\"375\" vspace=\"5\" hspace=\"5\" height=\"250\" alt=\"\" src=\"\/de\/media\/dolder_low.jpg\" \/>Pfaffhausen, 3. November 2008:<\/strong> Gestern vor 10 Jahren lancierten wir unseren ersten<a href=\"\/de\/media\/newsletter.pdf\"> Archivista-Newsletter (November 1998).<\/a> Lesenswert ist der Newsletter auch heute noch. Die gemachten Zeitangaben beispielsweise betreffend der Einsparung im Vergleich zur &#8222;herk\u00f6mmlichen&#8220; Ablage von Dokumenten sind nach wie vor aktuell (siehe Seite 7) und auch die Gr\u00fcnde, warum wir Archivista zu diesen Preisen offerieren k\u00f6nnen (Seite 8) sind in etwa gleich geblieben. Und noch etwas, <strong>auf Seite 6 finden Sie den damals g\u00fcltigen Verkaufspreis von sFr. 439.&#8211; f\u00fcr die Einplatzversion (inkl. OCR-Erkennung). <\/strong>Die Software (und hier unterscheiden wir uns heute) wurde damals als Windows-Installationsprogramm ausgeliefert, w\u00e4hrend wir heute die ArchivistaBox (sprich die Hardware) direkt mitliefern.<\/p>\n<p>Nicht, dass das Setup-Programm vor 10 Jahren wahnsinnig komplex gewesen w\u00e4re. Doch bereits damals wie heute war\/ist das Anschliessen von Scannern, das Erstellen von Backup-Datentr\u00e4gern, das Aufsetzen eines Dienstes (z.B. Web-Server) zeitaufw\u00e4ndig und nicht immer ein Kinderspiel. Es gab Jahre, wo wir f\u00fcr das Einrichten eines Dokumentenscanners auf einem Individualrechner pauschal sFr. 500.&#8211; verrechneten &#8212; und ehrlich gesagt war der Service mehr schlecht denn recht kostendeckend. Das alles entf\u00e4llt heute mit der ArchivistaBox, weil die gesamte L\u00f6sung (inkl. aller Scannertreiber) auf einer ArchivistaBox ausgeliefert wird.<\/p>\n<h2>Wir liefern heute zum Preis der damaligen Software die ArchivistaBox mit<\/h2>\n<p>Zwar bedingt dies, dass wir die Hardware mitliefern m\u00fcssen\/d\u00fcrfen (virtualisierte L\u00f6sungen ausgenommen), doch und darauf sind wir nicht ohne Grund stolz, k\u00f6nnen wir Ihnen heute die L\u00f6sung inkl. der ArchivistaBox zum Preis der damaligen Software ausliefern. <strong>Nochmals, damals kostete die Software sFr. 439.&#8211;, heute erhalten Sie f\u00fcr den gleichen Preis die Software und die Hardware (sprich die ArchivistaBox Dolder).<\/strong> Gerne m\u00f6chte ich an dieser Stelle darauf hinweisen, dass wir diesen Preis bis Ende 2008 so aufrecht erhalten. Danach kostet die ArchivistaBox Dolder 11.6 Prozent mehr.<\/p>\n<h2><img loading=\"lazy\" decoding=\"async\" align=\"bottom\" width=\"608\" vspace=\"5\" hspace=\"5\" height=\"125\" alt=\"\" src=\"\/de\/media\/preis1.png\" \/><\/h2>\n<p>Und doch bleibt der Preis gleich wie vor 10 Jahren, denn die Teuerung in der Schweiz <a target=\"_blank\" href=\"http:\/\/www.portal-stat.admin.ch\/lik_rechner\/d\/lik_rechner.htm\">(siehe Teuerungsrechner)<\/a> betr\u00e4gt zwischen M\u00e4rz 1998 und September 2008 exact 11.6 Prozent.<\/p>\n<h2>GreenIT heute und jetzt<\/h2>\n<p>Die ArchivistaBox Dolder ist im \u00fcbrigen unsere neuste ArchivistaBox. Sie wiegt nicht einmal mehr 400g, kommt komplett ohne L\u00fcfter aus und wird (derzeit) mit einer 32GB Flash-Harddisk ausgeliefert. Und, auch darauf sind wir stolz, die ArchivistaBox ben\u00f6tigt im Betrieb ca. 4 bis 5 Watt Strom, d.h. etwa 50 bis 100 mal weniger Energie als ein klassischer Server heute an Energie verbraucht. Wo andere im Marketing von GreenIT sprechen, liefern wir lieber ganz einfach ein Produkt aus, das im Jahresverbrauch einige wenige Franken\/Euro an Stromkosten verursacht, ganz zu schweigen davon, dass die ArchivistaBox Dolder zweifelsfrei in herausragendem Masse umweltvertr\u00e4glich ist.<\/p>\n<h2>Empfohlene Seitenvolumen sind Richtangaben<\/h2>\n<p>Die ArchivistaBox Dolder ist in unserem <a href=\"http:\/\/shop.archivista.ch\/\/oscommerce\/catalog\/product_info.php?products_id=58\">WebShop<\/a> erh\u00e4ltlich. Mit der ArchivistaBox Dolder k\u00f6nnen bis zu 20&#8217;000 Akten bzw. ca. 100&#8217;000 Seiten je Archiv verwaltet werden. Pro Tag k\u00f6nnen mit der ArchivistaBox Dolder gut und gerne einige Hundert Seiten verarbeitet werden. Zur ArchivistaBox Dolder empfehlen wir den <a href=\"http:\/\/shop.archivista.ch\/oscommerce\/catalog\/product_info.php?cPath=23&#038;products_id=54\">Fujitsu Scanner S510.<\/a> Damit k\u00f6nnen bis zu 24 Farbseiten (bei 300dpi) pro Minute gescannt werden. Und auch das sei an dieser Stelle gesagt, wenn wir von Mengenangaben sprechen, dann handelt es sich dabei um Richtangaben. Auf diese Seitenvolumen gew\u00e4hren wir uneingeschr\u00e4nkt Support bzw. sichern die entsprechende Kapazit\u00e4t zu. Sollten Sie sp\u00e4ter mehr Seiten\/Dokumente pro Tag verarbeiten m\u00fcssen, dann k\u00f6nnen Sie jederzeit von einer ArchivistaBox auf eine schnellere ArchivistaBox migrieren.<\/p>\n\n\n\n\t<div class=\"dkpdf-button-container\" style=\"            text-align:right \">\n\n\t\t<a class=\"dkpdf-button\" href=\"\/cms\/wp-json\/wp\/v2\/pages\/51?pdf=51\" target=\"_blank\"><span class=\"dkpdf-button-icon\"><i class=\"fa fa-file-pdf-o\"><\/i><\/span> PDF Button<\/a>\n\n\t<\/div>\n\n\n\n\n\n","protected":false},"excerpt":{"rendered":"<p>Jubil\u00e4umsaktion mit Preisen wie vor 10 Jahren (inkl. ArchivistaBox) Pfaffhausen, 3. November 2008: Gestern vor 10 Jahren lancierten wir unseren ersten Archivista-Newsletter (November 1998). Lesenswert ist der Newsletter auch heute noch. Die gemachten Zeitangaben beispielsweise betreffend der Einsparung im Vergleich zur &#8222;herk\u00f6mmlichen&#8220; Ablage von Dokumenten sind nach wie vor aktuell (siehe Seite 7) und auch [&hellip;]<\/p>\n","protected":false},"author":1,"featured_media":0,"parent":56,"menu_order":371,"comment_status":"closed","ping_status":"closed","template":"","meta":{"_acf_changed":false,"footnotes":""},"class_list":["post-51","page","type-page","status-publish","hentry"],"acf":[],"_links":{"self":[{"href":"https:\/\/archivista.ch\/cms\/wp-json\/wp\/v2\/pages\/51","targetHints":{"allow":["GET"]}}],"collection":[{"href":"https:\/\/archivista.ch\/cms\/wp-json\/wp\/v2\/pages"}],"about":[{"href":"https:\/\/archivista.ch\/cms\/wp-json\/wp\/v2\/types\/page"}],"author":[{"embeddable":true,"href":"https:\/\/archivista.ch\/cms\/wp-json\/wp\/v2\/users\/1"}],"replies":[{"embeddable":true,"href":"https:\/\/archivista.ch\/cms\/wp-json\/wp\/v2\/comments?post=51"}],"version-history":[{"count":0,"href":"https:\/\/archivista.ch\/cms\/wp-json\/wp\/v2\/pages\/51\/revisions"}],"up":[{"embeddable":true,"href":"https:\/\/archivista.ch\/cms\/wp-json\/wp\/v2\/pages\/56"}],"wp:attachment":[{"href":"https:\/\/archivista.ch\/cms\/wp-json\/wp\/v2\/media?parent=51"}],"curies":[{"name":"wp","href":"https:\/\/api.w.org\/{rel}","templated":true}]}}