{"id":5147,"date":"2017-12-21T22:30:41","date_gmt":"2017-12-21T21:30:41","guid":{"rendered":"http:\/\/archivista.ch\/cms\/?page_id=5147"},"modified":"2023-01-09T21:18:53","modified_gmt":"2023-01-09T20:18:53","slug":"blogs-2017","status":"publish","type":"page","link":"https:\/\/archivista.ch\/cms\/de\/aktuell-blog\/jahre-2008-2019\/blogs-2017\/","title":{"rendered":"Blogs 2017"},"content":{"rendered":"<h1>ArchivistaBox bleibt konstant und wird mobil(er)<\/h1>\n<p><em><strong>Egg, 21. Dezember 2017:<\/strong> Seit beinahe 20 Jahren gibt es die Archivista-Produkte nun. Ging es 1998 prim\u00e4r darum, Informationen f\u00fcr mindestens 10 Jahre verf\u00fcgbar zu halten bzw. die elektronische Archivierung \u00fcberhaupt zu erm\u00f6glichen, so kam 2005 mit der Einf\u00fchrung der ArchivistaBox das Versprechen hinzu, die Dokumente \u00fcber mindestens 30 Jahre lesbar zu halten. Nach fast 20 Jahren darf an dieser Stelle angef\u00fcgt werden, die Kundenarchive (bis hin zum zweistelligen Millionenbereich an Seiten) wachsen stetig an, ohne dass die ArchivistaBox an Grenzen st\u00f6sst. Und doch wurden 2017 Grenzen \u00fcberwunden, indem die ArchivistaBox auf neue Plattformen migriert wurde, dies selbstverst\u00e4ndlich bei 100 Prozent Kompatiblit\u00e4t zu den bisherigen Box-Systemen.<br \/>\n <\/em><\/p>\n<p><a href=\"https:\/\/archivista.ch\/cms\/wp-content\/uploads\/2017\/12\/snow1.jpg\"><img loading=\"lazy\" decoding=\"async\" class=\"alignnone size-full wp-image-5153\" src=\"https:\/\/archivista.ch\/cms\/wp-content\/uploads\/2017\/12\/snow1.jpg\" width=\"600\" height=\"337\" srcset=\"https:\/\/archivista.ch\/cms\/wp-content\/uploads\/2017\/12\/snow1.jpg 798w, https:\/\/archivista.ch\/cms\/wp-content\/uploads\/2017\/12\/snow1-300x168.jpg 300w, https:\/\/archivista.ch\/cms\/wp-content\/uploads\/2017\/12\/snow1-768x431.jpg 768w, https:\/\/archivista.ch\/cms\/wp-content\/uploads\/2017\/12\/snow1-600x337.jpg 600w, https:\/\/archivista.ch\/cms\/wp-content\/uploads\/2017\/12\/snow1-624x350.jpg 624w\" sizes=\"auto, (max-width: 600px) 100vw, 600px\" \/><\/a><\/p>\n<h2>Darum ist Kompatiblit\u00e4t nicht (mehr) selbstverst\u00e4ndlich<\/h2>\n<p>Seit mehr als 12 Jahren arbeitet die ArchivistaBox mit Open Source Komponenten. Dies hat den Vorteil, dass Betriebssystem und die Applikationen der Archivista-L\u00f6sung aus einem Guss produziert werden k\u00f6nnen. Abh\u00e4ngigkeiten zu einem Hersteller eines Betriebssystemes gibt es keine. Die eingesetzten Technologien sind &#8212; dank Open Source &#8212; weit verbreitet und k\u00f6nnen so langfristig zum Einsatz kommen.<\/p>\n<p>Der mittlerweile hohe Einsatz von Open Source (z.B. auch mit Android) hat in den vergangenen Jahren dazu gef\u00fchrt, dass Abw\u00e4rtskompatiblit\u00e4t, die bisher selbstverst\u00e4ndlich war, heute nicht mehr im gleichen Masse gegeben ist. Da werden auf einmal bew\u00e4hrte Konzepte, die sich \u00fcber mehrere Jahrzehnte bew\u00e4hrten, nicht mehr eingehalten.<\/p>\n<p>Selbstverst\u00e4ndlich ist es der Job eines Anbieters, diese H\u00fcrden f\u00fcr die Kunden zu meistern. Trotzdem muss an dieser Stelle festgehalten werden, der Aufwand dazu steigt von Jahr zu Jahr stetig an. Hinzu kommt, dass die Pakete umfangreicher und weitaus gr\u00f6sser werden. Trotzdem konnte die ISO-Datei, die wir ausliefern, in den vergangenen 12 Jahren von der Gr\u00f6sse her konstant gehalten werden. ArchivistaDMS und ArchivistaERP liegen bei ca. 500 MByte, bei ArchivistaVM sind es keine 200 MByte und ArchivistaMini liegt noch immer deutlich unter 100 MByte. Damit ist nach wie vor gew\u00e4hrleistet, dass die kleineren ArchivistaBox-Systeme mit den jeweils aktuellsten Versionen bespielt werden k\u00f6nnen.<\/p>\n<h2><a href=\"https:\/\/archivista.ch\/cms\/wp-content\/uploads\/2017\/12\/snow2.jpg\"><img loading=\"lazy\" decoding=\"async\" class=\"size-full wp-image-5154 alignright\" src=\"https:\/\/archivista.ch\/cms\/wp-content\/uploads\/2017\/12\/snow2.jpg\" width=\"210\" height=\"373\" srcset=\"https:\/\/archivista.ch\/cms\/wp-content\/uploads\/2017\/12\/snow2.jpg 798w, https:\/\/archivista.ch\/cms\/wp-content\/uploads\/2017\/12\/snow2-300x533.jpg 300w, https:\/\/archivista.ch\/cms\/wp-content\/uploads\/2017\/12\/snow2-169x300.jpg 169w, https:\/\/archivista.ch\/cms\/wp-content\/uploads\/2017\/12\/snow2-768x1365.jpg 768w, https:\/\/archivista.ch\/cms\/wp-content\/uploads\/2017\/12\/snow2-576x1024.jpg 576w, https:\/\/archivista.ch\/cms\/wp-content\/uploads\/2017\/12\/snow2-600x1066.jpg 600w, https:\/\/archivista.ch\/cms\/wp-content\/uploads\/2017\/12\/snow2-624x1109.jpg 624w\" sizes=\"auto, (max-width: 210px) 100vw, 210px\" \/><\/a>Integration neuer Hardware<\/h2>\n<p>In diesem Jahr gab es viele Neuerungen bei der Hardware. Dazu z\u00e4hlen prim\u00e4r die neuen Ryzen-Prozessoren (CPU) von AMD. Endlich kann AMD mit Intel wieder mithalten. Allerdings, ohne aktualisierte Software laufen diese CPUs nicht stabil. Aus diesem Grunde wird die ArchivistaBox neu (optional) auch mit Kernel 4.9.x ausgeliefert.<\/p>\n<p>Aber nicht nur auf Stufe Kernel ist mitunter neue Software erforderlich. Auch an sich triviale Dinge wie das Drucken kann zur Folge haben, dass die Software neu zusammengestellt werden muss. Ein Kunde von uns druckt s\u00e4mtliche Rechnungen \u00fcber die ArchivistaBox, um damit die Prozesse vollautomatisiert ablaufen lassen zu k\u00f6nnen. Beim Umstieg von Lexmark- zu HP-Druckern musste die Erfahrung gemacht werden, dass die Bibliothek hplip, die bei den HP-Ger\u00e4ten zum Einsatz kommt, in Debian nur noch installiert werden kann, wenn SystemD zum Einsatz kommt.<\/p>\n<p>Obwohl die Debian-Maintainer\/innen urspr\u00fcnglich versprachen, der Einsatz von SystemD sei nicht zwingend notwendig, scheinen sich diese an ihre eigenen Versprechen ein zwei Jahre sp\u00e4ter nicht mehr zu erinnern, denn die hplip-Bilbliothek bedingt urpl\u00f6tzlich und sehr ultimativ den Einsatz von SystemD. Aus diesem Grunde haben wir im November die gesamte ArchivistaBox neu auch auf Devuan portiert. Die ArchivistaBox l\u00e4uft aktuell somit mit Debian und Devuan.<\/p>\n<h2>Neue Plattformen Android und LineageOS<\/h2>\n<p>Neben der Migration zu Devuan gab es dieses Jahr eine weit wichtigere Migration, jene auf die Android- bzw. LineageOS-Ger\u00e4te. Zeil der Migration auf die Android-Plattform ist es erkl\u00e4rterweise nicht, alle bisherigen ArchivistaBox-Systeme auf die mobile Plattform zu heben. Vielmehr geht es darum, die ArchivistaBox auf m\u00f6glichst vielen Plattformen laufbar zu haben.<\/p>\n<p>Letztlich liegt es am Kunden zu entscheiden, wann, wo und wie er die ArchivistaBox einsetzen m\u00f6chte. Bei ca. 40 Prozent Marktanteil weltweit aller Ger\u00e4te (ca. 87 Prozent im Smartphone-Bereich) liegt Android mittlerweile unangefochten auf Platz ein &#8212; dies selbst klar vor Windows. Ob eine solche Dominanz von Google sinnvoll ist, darf sicher eingebracht werden. Die ArchivistaBox l\u00e4uft ja gerade aus diesem Grund nicht nur mit Android, sondern ebenfalls mit LineageOS.<\/p>\n<h2>Frohe Festtage und guten Rutsch<\/h2>\n<p>Zwischen Weihnachten und Neujahr macht die Firma Archivista GmbH Betriebsferien. Der morgige 22. Dezember 2017 bildet der letzte offizielle Arbeitstag. Ab dem 5. Januar 2018 geht es mit neuem Elan weiter. Wir w\u00fcnschen frohe Festtage und schon jetzt einen guten Rutsch ins 2018.<\/p>\n<p style=\"text-align: right;\"><em>Archivista GmbH, Urs Pfister<\/em><\/p>\n\n\n\n\t<div class=\"dkpdf-button-container\" style=\"            text-align:right \">\n\n\t\t<a class=\"dkpdf-button\" href=\"\/cms\/wp-json\/wp\/v2\/pages\/5147?pdf=5147\" target=\"_blank\"><span class=\"dkpdf-button-icon\"><i class=\"fa fa-file-pdf-o\"><\/i><\/span> PDF Button<\/a>\n\n\t<\/div>\n\n\n\n\n\n","protected":false},"excerpt":{"rendered":"<p>ArchivistaBox bleibt konstant und wird mobil(er) Egg, 21. Dezember 2017: Seit beinahe 20 Jahren gibt es die Archivista-Produkte nun. Ging es 1998 prim\u00e4r darum, Informationen f\u00fcr mindestens 10 Jahre verf\u00fcgbar zu halten bzw. die elektronische Archivierung \u00fcberhaupt zu erm\u00f6glichen, so kam 2005 mit der Einf\u00fchrung der ArchivistaBox das Versprechen hinzu, die Dokumente \u00fcber mindestens 30 [&hellip;]<\/p>\n","protected":false},"author":1,"featured_media":0,"parent":9613,"menu_order":63,"comment_status":"closed","ping_status":"closed","template":"","meta":{"_acf_changed":false,"footnotes":""},"class_list":["post-5147","page","type-page","status-publish","hentry"],"acf":[],"_links":{"self":[{"href":"https:\/\/archivista.ch\/cms\/wp-json\/wp\/v2\/pages\/5147","targetHints":{"allow":["GET"]}}],"collection":[{"href":"https:\/\/archivista.ch\/cms\/wp-json\/wp\/v2\/pages"}],"about":[{"href":"https:\/\/archivista.ch\/cms\/wp-json\/wp\/v2\/types\/page"}],"author":[{"embeddable":true,"href":"https:\/\/archivista.ch\/cms\/wp-json\/wp\/v2\/users\/1"}],"replies":[{"embeddable":true,"href":"https:\/\/archivista.ch\/cms\/wp-json\/wp\/v2\/comments?post=5147"}],"version-history":[{"count":7,"href":"https:\/\/archivista.ch\/cms\/wp-json\/wp\/v2\/pages\/5147\/revisions"}],"predecessor-version":[{"id":5159,"href":"https:\/\/archivista.ch\/cms\/wp-json\/wp\/v2\/pages\/5147\/revisions\/5159"}],"up":[{"embeddable":true,"href":"https:\/\/archivista.ch\/cms\/wp-json\/wp\/v2\/pages\/9613"}],"wp:attachment":[{"href":"https:\/\/archivista.ch\/cms\/wp-json\/wp\/v2\/media?parent=5147"}],"curies":[{"name":"wp","href":"https:\/\/api.w.org\/{rel}","templated":true}]}}