{"id":54,"date":"2010-10-04T16:12:42","date_gmt":"2010-10-04T14:12:42","guid":{"rendered":"http:\/\/schulenwegg.ch\/cms\/?page_id=54"},"modified":"2018-03-03T21:03:12","modified_gmt":"2018-03-03T20:03:12","slug":"archivistabox-vergleich-zu-5x","status":"publish","type":"page","link":"https:\/\/archivista.ch\/cms\/de\/aktuell-blog\/jahre-2008-2019\/blogs-2008\/archivistabox-vergleich-zu-5x\/","title":{"rendered":"ArchivistaBox &#8211; Vergleich zu 5.x"},"content":{"rendered":"<h1>Die wichtigsten Unterschiede der ArchivistaBox zur alten Version 5.x<\/h1>\n<p><strong>Pfaffhausen, 18. November 2008:<\/strong> Ein bestehender Archivista-Kunde hat uns angefragt, ob es nicht eine \u00dcbersicht \u00fcber die wichtigsten Unterschiede zwischen der aktuellen ArchivistaBox und der alten Version 5.x gebe. In erster Linie findet sich jeweils im Handbuch unter Einleitung eine \u00dcbersicht \u00fcber die wichtigsten \u00c4nderungen. Da diese Zusammenstellung nur die \u00c4nderungen von einer Version zur n\u00e4chsten beinhaltet, m\u00f6chten wir die wesentlichsten Unterschiede nachfolgend tabellarisch darstellen.<\/p>\n<table border=\"1\" width=\"620\" cellspacing=\"1\" cellpadding=\"1\">\n<tbody>\n<tr>\n<td><strong>ArchivistaBox<\/strong><\/td>\n<td><strong>Archivista 5.x<\/strong><\/td>\n<\/tr>\n<tr>\n<td><strong>OpenSource mit Supportvertr\u00e4gen,<\/strong> garantierte Reaktionszeiten, reduzierte Stundenans\u00e4tze, kostenfreie Ersatzbox bei Hardware-Defekten an ArchivistaBoxen (alle Angaben f\u00fcr Gold\/Platin)<\/td>\n<td><strong>ClosedSource, nicht mehr in Verkauf seit 2005,<\/strong> keine Wartungsvertr\u00e4ge, wird nicht mehr unterst\u00fctzt ab 1.1.2009 (keine Patches mehr), kein Support mehr. Migration auf ArchivistaBox aufgrund Offerte.<\/td>\n<\/tr>\n<tr>\n<td><strong>Hardwarebasierend<\/strong> und virtualisierte Umgebungen (VMWare, Parallels, etc)<\/td>\n<td><strong>Installation auf Clients<\/strong> (Windows) und Servern (Windows 2000, XP, 2003)<\/td>\n<\/tr>\n<tr>\n<td><strong>VorOrt- und Online-Wartung und Support <\/strong>(inkl. 2 aktive Instanzen, Redundanz (Titlis\/Eiger), Ferwartungssoftware direkt auf ArchivistaBox (SSH und VNC), rdesktop (Terminalzugriff) von ArchivistaBox aus<\/td>\n<td><strong>VorOrt-Wartung,<\/strong> keine zweite Instanz der Datenbank, keine Redundanz. Fernwartung sofern bei Kunde aktiviert und bei Archivista GmbH eingerichtet. <strong>Wichtig: <\/strong>Support ist per 31.12.2008 endg\u00fcltig abgelaufen.<\/td>\n<\/tr>\n<tr>\n<td><strong>Webbasierend<\/strong> (Windows, Linux, MacOS etc) und RichClient (Windows)<\/td>\n<td><strong>RichClient<\/strong> (Windows), allenfalls Zugriff direkt auf darunterliegende Datenbank mit SQL-Requests.<\/td>\n<\/tr>\n<tr>\n<td><strong>Unlimitierte Tabellengr\u00f6sse pro Archiv<\/strong> (gesplittete Archivtabellen f\u00fcr hohe Performance auch bei grossen Archiven<\/td>\n<td><strong>Tabellengr\u00f6sse pro Archiv bei ca. 100 GByte<\/strong> (in der Praxis abh\u00e4ngig von Serverleistung des MySQL-Servers)<\/td>\n<\/tr>\n<tr>\n<td><strong>Erweiterte Benutzerverwaltung<\/strong> (LDAP, ActiveDirectory, HTTP-Request sowie MySQL)<\/td>\n<td><strong>MySQL-Benutzerkonten<\/strong> (allenfalls manueller Abgleich), keine automatisierte Synchronisation.<\/td>\n<\/tr>\n<tr>\n<td><strong>Druck-Server (CUPS) direkt auf ArchivistaBox,<\/strong> Unterst\u00fctzung f\u00fcr s\u00e4mtliche Windows-Versionen sowie Linux und MacOSX<\/td>\n<td><strong>Druckserver mit RedMon<\/strong> (keine Unterst\u00fctzung mehr f\u00fcr WindowsVista und Windows2008). Installation des Druckservers erforder Admin-Rechte.<\/td>\n<\/tr>\n<tr>\n<td><strong>FTP-Server direkt auf ArchivistaBox<\/strong> (PDF, Tiff, JPG, Axis sowie s\u00e4mtliche Digitalkopierer)<\/td>\n<td><strong>Kein FTP-Server verf\u00fcgbar.<\/strong> Importvorg\u00e4nge \u00fcber Skripte (Perl), Dienste k\u00f6nnen aufgesetzt werden.<\/td>\n<\/tr>\n<tr>\n<td><strong>Externer Zugriff (API)<\/strong> f\u00fcr WebClient, Fremdansteuerung RichClient<\/td>\n<td><strong>Kein API,<\/strong> aber Fremdansteuerung RichClient. Beschr\u00e4nkter Funktionsumfang bei Ansteuerung.<\/td>\n<\/tr>\n<tr>\n<td><strong>OCR-Server auf der ArchivistaBox,<\/strong> Texterkennung wird automatisch im Hintergrund ausgef\u00fchrt<\/td>\n<td><strong>Manuelle OCR-Erkennung<\/strong> bei Archivierung. Die OCR-Erkennung erfordert einen gestarteten Client (Batch-Modus m\u00f6glich).<\/td>\n<\/tr>\n<tr>\n<td><strong>Barcodes direkt beim Scannen<\/strong> (unter 0,1 Sekunde bei Titlis\/Eiger) und optionale Formularerkennung<\/td>\n<td><strong>Manuelle Barcodeerkennung<\/strong> nach dem Scannen (ca. 1 bis 2 Sekunden je Seite), keine Formularerkennung verf\u00fcgbar.<\/td>\n<\/tr>\n<tr>\n<td><strong>HTTPS-Verschl\u00fcsselung<\/strong> zuschaltbar<\/td>\n<td><strong>Keine HTTP-Verschl\u00fcsselung,<\/strong> Kommunikation ungesichert<\/td>\n<\/tr>\n<tr>\n<td><strong>Scan-, OCR- und COLD-Cluster:<\/strong> Jede ArchivistaBox kann auch als ScanBox verwendet werden. RichClient kann auf ArchivistaBox scannen<\/td>\n<td><strong>Scanneerintegration mit Twain,<\/strong> Verarbeitung aber in andere Datenbanken auf anderen Rechnern m\u00f6glich. Scanner-Installationen nach Aufwand.<\/td>\n<\/tr>\n<tr>\n<td><strong>Datei-Upload direkt \u00fcber WebClient<\/strong> (verf\u00fcgbar auf jedem Client ohne Installation)<\/td>\n<td><strong>Datei-Upload \u00fcber Client,<\/strong> d.h. ArchivistaDirectPrint2 (Installation pro Rechner)<\/td>\n<\/tr>\n<tr>\n<td><strong>COLDplus-L\u00f6sungen (ERP-Integration) zum Fixpreis<\/strong> (ASCII, PS, PDF, PCL), ERP-Modul direkt auf ArchivistaBox, volle Unterst\u00fctzung f\u00fcr s\u00e4mtliche Betriebssysteme<\/td>\n<td><strong>Manuelle ERP-Integration nach Aufwand,<\/strong> kein ERP-Modul verf\u00fcgbar, keine Unterst\u00fctzung f\u00fcr Windows Vista und Windows 2008. Implementierung ca. 2 Tage pro COLD-Modul.<\/td>\n<\/tr>\n<tr>\n<td><strong>Automatisiertes Backup<\/strong> \u00fcber USB-Stick, Festplatte, RSync, Netzwerklaufwerk sowie Bandlaufwerk (7x24h)<\/td>\n<td><strong>Manuelle Integration<\/strong> in bestehende Backup-L\u00f6sungen des Kunden. Backup erfordert Runterfahren Datenbank-Server.<\/td>\n<\/tr>\n<tr>\n<td><strong>Mail-Archivierung:<\/strong> Komplette IMAP-Mail-Accounts (Ordner) k\u00f6nnen automatisiert archiviert werden.<\/td>\n<td>Die Mail-Archivierung wird \u00fcber <strong>Druck-Spools<\/strong> erledigt. Keine direkte Mail-Archivierung.<\/td>\n<\/tr>\n<tr>\n<td><strong>Office-Dokumente:<\/strong> Automatischer Import, Rasterung und Speicherung von \u00fcber 200 Office-Formaten, keine externen Plugins notwendig. Checkout: Originalformat, PDF- und ZIP-Datei sowie als Grafik.<\/td>\n<td><strong>Quellformatarchivierung m\u00f6glich, <\/strong>sofern entsprechende Applikation auf dem Client verf\u00fcgbar. Archivierung bedingt Aktivierung von DirectPrint2. Client bis und mit Windows XP. Verarbeitung im Vordergrund.<\/td>\n<\/tr>\n<tr>\n<td><strong>Erstellen von selbstragenden Archiven,<\/strong> Klonen von Datenbanken (Publizieren) auf Festplatte oder DVD, PDF-Export in WebClient oder auf USB-Stick.<\/td>\n<td><strong>Keine selbstragende Archive<\/strong> (HTML- und PDF-Export). Eine Migration zur ArchivistaBox ist in jedem Falle zu empfehlen, da bei ArchivistaBox im Grundumfang.<\/td>\n<\/tr>\n<tr>\n<td><strong>Mehrsprachenf\u00e4higkeit<\/strong> in Deutsch, Englisch Franz\u00f6sisch und Italienisch (ArchivistaBox), weitere Sprachen auf Anfrage.<\/td>\n<td><strong>Deutsch und Englisch<\/strong>, jeweils eigene Setup-Pakete f\u00fcr die beiden Sprachen, keine weiteren Sprachen m\u00f6glich.<\/td>\n<\/tr>\n<tr>\n<td><strong>Automatisierte Archivierung<\/strong> und CD\/DVD-Brennen direkt auf ArchivistaBox.<\/td>\n<td><strong>Manuelle Archivierung,<\/strong> kein integriertes Brennen der Archivdatentr\u00e4ger.<\/td>\n<\/tr>\n<tr>\n<td>Mit Wartungsvertrag <strong>s\u00e4mtliche Updates kostenfrei,<\/strong> bei Erwerb einer ArchivistaBox ist das erste Jahr des Wartungsvertrages bereits im Preis inbegriffen, danach 15 Prozent.<strong><br \/>\n <\/strong><\/td>\n<td>Updatekosten: ArchivistaBox + <strong>70 Prozent bisherige Lizenzpreise,<\/strong> ab 2010 90 Prozent. Migrationskosten (Richtpreis): 1 Std pro 100&#8217;000 Seiten.<\/td>\n<\/tr>\n<tr>\n<td><strong>Updates: Online-Update, <\/strong>CD\/DVD, USB-Stick und Festplatte.<\/td>\n<td><strong>Setup-Programm,<\/strong> Keine Updates mehr verf\u00fcgbar.<\/td>\n<\/tr>\n<\/tbody>\n<\/table>\n<p>Abschliessend sei an dieser Stelle noch betont, dass die ArchivistaBox von Grund auf neu programmiert wurde. In die Entwicklung sind insgesamt etwa 5 Personenjahre an Entwicklungszeit geflossen.<\/p>\n<p>Dank Box-Konzeptt kosten die ArchivistaBoxen heute aber weniger als die urspr\u00fcnglichen Archivista-L\u00f6sungen in vergleichbaren F\u00e4llen gekostet haben. Dazu sei auf mein Skript an der diesj\u00e4hrigen OpenExpo verwiesen.<\/p>\n\n\n\n\t<div class=\"dkpdf-button-container\" style=\"            text-align:right \">\n\n\t\t<a class=\"dkpdf-button\" href=\"\/cms\/wp-json\/wp\/v2\/pages\/54?pdf=54\" target=\"_blank\"><span class=\"dkpdf-button-icon\"><i class=\"fa fa-file-pdf-o\"><\/i><\/span> PDF Button<\/a>\n\n\t<\/div>\n\n\n\n\n\n","protected":false},"excerpt":{"rendered":"<p>Die wichtigsten Unterschiede der ArchivistaBox zur alten Version 5.x Pfaffhausen, 18. November 2008: Ein bestehender Archivista-Kunde hat uns angefragt, ob es nicht eine \u00dcbersicht \u00fcber die wichtigsten Unterschiede zwischen der aktuellen ArchivistaBox und der alten Version 5.x gebe. In erster Linie findet sich jeweils im Handbuch unter Einleitung eine \u00dcbersicht \u00fcber die wichtigsten \u00c4nderungen. Da [&hellip;]<\/p>\n","protected":false},"author":1,"featured_media":0,"parent":56,"menu_order":374,"comment_status":"closed","ping_status":"closed","template":"","meta":{"_acf_changed":false,"footnotes":""},"class_list":["post-54","page","type-page","status-publish","hentry"],"acf":[],"_links":{"self":[{"href":"https:\/\/archivista.ch\/cms\/wp-json\/wp\/v2\/pages\/54","targetHints":{"allow":["GET"]}}],"collection":[{"href":"https:\/\/archivista.ch\/cms\/wp-json\/wp\/v2\/pages"}],"about":[{"href":"https:\/\/archivista.ch\/cms\/wp-json\/wp\/v2\/types\/page"}],"author":[{"embeddable":true,"href":"https:\/\/archivista.ch\/cms\/wp-json\/wp\/v2\/users\/1"}],"replies":[{"embeddable":true,"href":"https:\/\/archivista.ch\/cms\/wp-json\/wp\/v2\/comments?post=54"}],"version-history":[{"count":4,"href":"https:\/\/archivista.ch\/cms\/wp-json\/wp\/v2\/pages\/54\/revisions"}],"predecessor-version":[{"id":5398,"href":"https:\/\/archivista.ch\/cms\/wp-json\/wp\/v2\/pages\/54\/revisions\/5398"}],"up":[{"embeddable":true,"href":"https:\/\/archivista.ch\/cms\/wp-json\/wp\/v2\/pages\/56"}],"wp:attachment":[{"href":"https:\/\/archivista.ch\/cms\/wp-json\/wp\/v2\/media?parent=54"}],"curies":[{"name":"wp","href":"https:\/\/api.w.org\/{rel}","templated":true}]}}