{"id":5408,"date":"2018-03-23T03:55:15","date_gmt":"2018-03-23T02:55:15","guid":{"rendered":"http:\/\/archivista.ch\/cms\/?page_id=5408"},"modified":"2022-09-07T11:09:08","modified_gmt":"2022-09-07T09:09:08","slug":"20-jahre-archivista","status":"publish","type":"page","link":"https:\/\/archivista.ch\/cms\/de\/aktuell-blog\/jahre-2008-2019\/blogs-2018\/20-jahre-archivista\/","title":{"rendered":"20 Jahre Archivista"},"content":{"rendered":"<h1>AVMultimedia f\u00fcr Tablets und Notebooks<\/h1>\n<p><em><strong>Egg, 23. M\u00e4rz 2018:<\/strong> Vor 20 Jahren wurde die Firma Archivista GmbH gegr\u00fcndet. Zum runden Geburtstag m\u00f6chte Archivista GmbH sich bei allen Kunden und Partnern f\u00fcr zwei Jahrzehnte Zusammenarbeit bedanken. Anstelle eines rauschenden Geburtstagsfestes haben wir zum runden Geburtstag AVMultimedia entwickelt. Dieser Blog blickt zur\u00fcck auf die Entstehungsgeschichte unserer Firma und stellt AVMultimedia 2018\/III im Kontext der ArchivistaBox vor.<\/em><\/p>\n<p><a href=\"https:\/\/archivista.ch\/cms\/wp-content\/uploads\/2018\/03\/tblet_quer2-1.jpg\"><img loading=\"lazy\" decoding=\"async\" class=\"alignnone size-full wp-image-5430\" src=\"https:\/\/archivista.ch\/cms\/wp-content\/uploads\/2018\/03\/tblet_quer2-1.jpg\" alt=\"\" width=\"600\" height=\"391\" srcset=\"https:\/\/archivista.ch\/cms\/wp-content\/uploads\/2018\/03\/tblet_quer2-1.jpg 600w, https:\/\/archivista.ch\/cms\/wp-content\/uploads\/2018\/03\/tblet_quer2-1-300x196.jpg 300w\" sizes=\"auto, (max-width: 600px) 100vw, 600px\" \/><\/a><\/p>\n<h2>Als 1998 die Firma Archivista GmbH gegr\u00fcndet wurde&#8230;<\/h2>\n<p>Damals, im Jahre 1998 gab es das Internet erst in Ans\u00e4tzen. Unser erster Provider war CompuServe, gearbeitet wurde mit ISDN und einer Leitung mit 64 KBit. Die bekannteste Suchmaschine war damals AltaVista, den heutigen Marktprimus gab es damals noch gar nicht, Google wurde erst im September 1998 gegr\u00fcndet.<\/p>\n<p>Auf unseren Rechnern lief Windows9x, sowohl normale Rechner wie Notebooks waren kaum f\u00fcr unter 3000 Franken erh\u00e4ltlich. Die erste <strong><a href=\"\/1998_10\">Archivista-Version (siehe Web-Museum)<\/a><\/strong> lief auf Rechnern mit 8 MByte RAM. Und wenn wir heute AVMultimedia auf einem Rechner f\u00fcr gute 300 Franken vorstellen, so l\u00e4sst sich dem Firmenarchiv entlocken, dass damals alleine die Software zur Video-Verarbeitung DV Master Pro 7425 Mark (diese gab es damals noch) kostete.<\/p>\n<p>Heute, 20 Jahre sp\u00e4ter, lassen sich Videos in FullHD oder sogar 4K mit jedem Handy aufnehmen, doch f\u00fcr die Nachbearbeitung kommen noch immer (meist) propriet\u00e4re Produkte zum Einsatz. Die gleiche Situation pr\u00e4sentiert sich bei MediaCenter-L\u00f6sungen. Diese werden zwar oft als Zugabe bei den Fernsehern oder TV-Boxen der Internet-Provider mitgeliefert, doch frei &#8212; und vor allem portabel &#8212; sind solche L\u00f6sungen nicht.<\/p>\n<p>Herk\u00f6mmliche Linux-Distributionen bieten zwar einen guten Funktionsumfang, doch im multimedialen Bereich hapert es leider nur allzu oft. Sei es, weil die Software nicht ausgereift ist, sei es weil die Hardware nicht passt oder sei es darum, dass &#8212; bis all die Puzzle-Teile zusammengestellt sind &#8212; einfach viel zu viel Zeit vergeht.<\/p>\n<p><a href=\"https:\/\/archivista.ch\/cms\/wp-content\/uploads\/2018\/03\/notebook2.jpg\"><img loading=\"lazy\" decoding=\"async\" class=\"alignnone size-full wp-image-5414\" src=\"https:\/\/archivista.ch\/cms\/wp-content\/uploads\/2018\/03\/notebook2.jpg\" alt=\"\" width=\"600\" height=\"586\" srcset=\"https:\/\/archivista.ch\/cms\/wp-content\/uploads\/2018\/03\/notebook2.jpg 600w, https:\/\/archivista.ch\/cms\/wp-content\/uploads\/2018\/03\/notebook2-300x293.jpg 300w\" sizes=\"auto, (max-width: 600px) 100vw, 600px\" \/><\/a><\/p>\n<h2>AVMultimedia 2018\/III l\u00e4uft neu auch auf Tablets<\/h2>\n<p>Bereits vor einem guten Monat wurde AVMultimedia vorgestellt. Die ersten Erfahrungen mit dem Einstiegs-Notebook von Acer waren sehr gut, doch leider fehlten noch einige Dinge wie z.B. die Installation auf der Festplatte oder das bequeme Einbinden \u00fcber WiFi. Beim Durchb\u00e4ttern der Portale f\u00fcr moderne Notebooks konnte\/musste festgestellt werden, dass viele aktuelle Ger\u00e4te heute zumindest einen Touch-Screen-Bildschirm haben. Ferner l\u00e4sst sich bei vielen Ger\u00e4ten der Bildschirm ausklinken, die Ger\u00e4te k\u00f6nnen auch als Tablet verwendet werden.<\/p>\n<p>Gem\u00e4ss <strong><a href=\"https:\/\/www.heise.de\/newsticker\/meldung\/IDC-Tablet-Markt-schrumpft-Detachables-werden-beliebter-3961544.html\">aktuellen Zahlen (siehe dazu heise.de)<\/a><\/strong> haben reine Tablets den Zenit l\u00e4ngst \u00fcberschritten, gefragt sind heute deutlich mehr denn je 2in1-Ger\u00e4te, die sich als Computer und Tablet verwenden lassen. Schon irgendwie erstaunlich, dass es dazu z.B. von Apple bis heute keine vern\u00fcnftige L\u00f6sung(en) gibt. Gem\u00e4ss <strong><a href=\"http:\/\/www.computerbild.de\/artikel\/cb-News-PC-Hardware-Airbar-Apple-MacBook-Touchscreen-18847675.html\">ComputerBild will Apple noch nicht einmal touchf\u00e4hige Notebooks<\/a><\/strong> anbieten. Und wer jetzt einwendet, die Tablets aus dem gleichen Hause liessen sich als vollwertige Arbeitsger\u00e4te verwenden, verkennt, das Wischgesten sich einfach nicht zum Schreiben von Texten eignen.<\/p>\n<p><a href=\"https:\/\/archivista.ch\/cms\/wp-content\/uploads\/2018\/03\/tablet_start2.jpg\"><img loading=\"lazy\" decoding=\"async\" class=\"alignnone size-full wp-image-5415\" src=\"https:\/\/archivista.ch\/cms\/wp-content\/uploads\/2018\/03\/tablet_start2.jpg\" alt=\"\" width=\"600\" height=\"396\" srcset=\"https:\/\/archivista.ch\/cms\/wp-content\/uploads\/2018\/03\/tablet_start2.jpg 600w, https:\/\/archivista.ch\/cms\/wp-content\/uploads\/2018\/03\/tablet_start2-300x198.jpg 300w\" sizes=\"auto, (max-width: 600px) 100vw, 600px\" \/><\/a><\/p>\n<p>Interessanterweise hat <a href=\"https:\/\/www.microsoft.com\/de-ch\/surface\/devices\/surface-pro\/overview\"><strong>Microsoft dies mit den Surface-Tablets<\/strong><\/a> weit lernf\u00e4higer erkannt. Windows 10 bietet hier sehr viel Komfort, dies allerdings zu einen hohen Preis. Neben dem sehr ambitionierten Preis bieten Windows-L\u00f6sungen heute aber in der Grundausstattung eher eine bescheidene Softwareausstattung, bis ein Ger\u00e4t mit der Ausstattung von AVMultimedia zur Verf\u00fcgung steht, vergeht viel Zeit. Am meisten \u00e4rgert jedoch, dass Windows immer wieder Software aufspielt. Niemand weiss dabei, was passiert und bei fast w\u00f6chentlichen Wartezeiten zwischen 10 und 40 Minuten f\u00fcr Updates wird enorm viel Zeit verschwendet.<\/p>\n<h2>AVMultimedia im grossen Test im Linux-User-Magazin<\/h2>\n<p>All dies erledigt AVMultimedia 2018\/III weit eleganter. Einmal, weil gar keine Updates notwendig sind. Einfach USB-Stick einschieben und los geht es. Wie elegant es geht, ist in der <strong><a href=\"http:\/\/www.linux-community.de\/Internal\/Artikel\/Print-Artikel\/LinuxUser\/2018\/04\/Sehen-hoeren-editieren\">aktuellen Ausgabe des Linux-User-Magazins (Artikel online)<\/a><\/strong> beschrieben. Wichtiger aber ist, dass AVMultimedia direkt im Hauptspeicher l\u00e4uft, AVMulimedia arbeitet dadurch um Faktoren schneller als andere L\u00f6sungen. Dazu <strong>Zitat aktueller Artikel Linux-User-Magazin: <a href=\"http:\/\/www.linux-community.de\/Internal\/Artikel\/Print-Artikel\/LinuxUser\/2018\/04\/Sehen-hoeren-editieren\"><em>&#8222;Selbst das Aufrufen von Dickschiffen wie LibreOffice dauert nur einen Wimpernschlag.&#8220;<\/em><\/a><\/strong><\/p>\n<p>Diese Technologie kommt seit mehr als sieben Jahren auf allen ArchivistaBoxen zum Einsatz, auch wenn unsere Kunden in aller Regel dieses Core-Feature gar nicht bewusst wahrnehmen. Und weil solche Features ohne Linux nicht m\u00f6glich w\u00e4ren und weil die ArchivistaBox die letzten 12 Jahre massiv davon profitierte, wird diese Core-Technologie zum 20-Jahr-Jublil\u00e4um in der breit zug\u00e4nglichen Linux-Distribution AVMultimedia allen zur Verf\u00fcgung gestellt.<\/p>\n<p><a href=\"https:\/\/archivista.ch\/cms\/wp-content\/uploads\/2018\/03\/tablet_hoch2-1.jpg\"><img loading=\"lazy\" decoding=\"async\" class=\"alignnone size-full wp-image-5433\" src=\"https:\/\/archivista.ch\/cms\/wp-content\/uploads\/2018\/03\/tablet_hoch2-1.jpg\" alt=\"\" width=\"600\" height=\"762\" srcset=\"https:\/\/archivista.ch\/cms\/wp-content\/uploads\/2018\/03\/tablet_hoch2-1.jpg 600w, https:\/\/archivista.ch\/cms\/wp-content\/uploads\/2018\/03\/tablet_hoch2-1-300x381.jpg 300w, https:\/\/archivista.ch\/cms\/wp-content\/uploads\/2018\/03\/tablet_hoch2-1-236x300.jpg 236w\" sizes=\"auto, (max-width: 600px) 100vw, 600px\" \/><\/a><\/p>\n<p>Dass dabei eine derart aktuelle Distribution, die problemlos auch auf Tablets l\u00e4uft, war im Januar 2018, als das Projekt gestartet wurde, nicht absehbar. Dass dabei ein komplett neuer grafischer Installer entstehen w\u00fcrde, auch nicht und selbst SecureBoot war urspr\u00fcnglich erst f\u00fcr das Jahr 2020 geplant. Und auch dies sei an dieser Stelle noch verraten, AVMultimedia l\u00e4uft neu auch auf allen M2- und eMMC-Platten, genauso wie Touch-Screens und Stift-Eingaben neu m\u00f6glich sind. So gesehen profitieren nicht zuletzt unsere Kunden von AVMultimedia, sei es, weil sie AVMultimedia selber einsetzen oder sei es, weil diese Technologien in all unseren Produkten Einzug nehmen werden. In diesem Sinne, Happy Birthday Archivista mit AVMultimedia.<\/p>\n<p><em>P:S: Der oben zitierte Artikel von AVMultimedia bezieht sich auf die Februar-Ausgabe von AVMultimedia. Wer die aktuelle Version kennenlernen m\u00f6chte, kann AVMultimedia direkt hier beziehen: <strong><a href=\"https:\/\/sourceforge.net\/projects\/archivista\">https:\/\/sourceforge.net\/projects\/archivista<\/a><\/strong><\/em><\/p>\n<p><em>P.S II: Wer AVMultimedia fixfertig installiert auf einer modernen Hardware erhalten m\u00f6chte, kann das <strong><a href=\"https:\/\/azurgo.ch\/produkt\/avmultimedia\/\">AVMultimedia-Tablet f\u00fcr 333 Franken im azurgo.ch-Shop<\/a><\/strong> erwerben.<\/em><\/p>\n<p>&nbsp;<\/p>\n<p>&nbsp;<\/p>\n\n\n\n\t<div class=\"dkpdf-button-container\" style=\"            text-align:right \">\n\n\t\t<a class=\"dkpdf-button\" href=\"\/cms\/wp-json\/wp\/v2\/pages\/5408?pdf=5408\" target=\"_blank\"><span class=\"dkpdf-button-icon\"><i class=\"fa fa-file-pdf-o\"><\/i><\/span> PDF Button<\/a>\n\n\t<\/div>\n\n\n\n\n\n","protected":false},"excerpt":{"rendered":"<p>AVMultimedia f\u00fcr Tablets und Notebooks Egg, 23. M\u00e4rz 2018: Vor 20 Jahren wurde die Firma Archivista GmbH gegr\u00fcndet. Zum runden Geburtstag m\u00f6chte Archivista GmbH sich bei allen Kunden und Partnern f\u00fcr zwei Jahrzehnte Zusammenarbeit bedanken. Anstelle eines rauschenden Geburtstagsfestes haben wir zum runden Geburtstag AVMultimedia entwickelt. Dieser Blog blickt zur\u00fcck auf die Entstehungsgeschichte unserer Firma [&hellip;]<\/p>\n","protected":false},"author":1,"featured_media":0,"parent":5556,"menu_order":184,"comment_status":"closed","ping_status":"closed","template":"","meta":{"_acf_changed":false,"footnotes":""},"class_list":["post-5408","page","type-page","status-publish","hentry"],"acf":[],"_links":{"self":[{"href":"https:\/\/archivista.ch\/cms\/wp-json\/wp\/v2\/pages\/5408","targetHints":{"allow":["GET"]}}],"collection":[{"href":"https:\/\/archivista.ch\/cms\/wp-json\/wp\/v2\/pages"}],"about":[{"href":"https:\/\/archivista.ch\/cms\/wp-json\/wp\/v2\/types\/page"}],"author":[{"embeddable":true,"href":"https:\/\/archivista.ch\/cms\/wp-json\/wp\/v2\/users\/1"}],"replies":[{"embeddable":true,"href":"https:\/\/archivista.ch\/cms\/wp-json\/wp\/v2\/comments?post=5408"}],"version-history":[{"count":11,"href":"https:\/\/archivista.ch\/cms\/wp-json\/wp\/v2\/pages\/5408\/revisions"}],"predecessor-version":[{"id":9478,"href":"https:\/\/archivista.ch\/cms\/wp-json\/wp\/v2\/pages\/5408\/revisions\/9478"}],"up":[{"embeddable":true,"href":"https:\/\/archivista.ch\/cms\/wp-json\/wp\/v2\/pages\/5556"}],"wp:attachment":[{"href":"https:\/\/archivista.ch\/cms\/wp-json\/wp\/v2\/media?parent=5408"}],"curies":[{"name":"wp","href":"https:\/\/api.w.org\/{rel}","templated":true}]}}