{"id":5673,"date":"2019-05-10T13:32:34","date_gmt":"2019-05-10T11:32:34","guid":{"rendered":"http:\/\/archivista.ch\/cms\/?page_id=5673"},"modified":"2019-12-20T16:30:24","modified_gmt":"2019-12-20T15:30:24","slug":"neue-boxen","status":"publish","type":"page","link":"https:\/\/archivista.ch\/cms\/de\/aktuell-blog\/jahre-2008-2019\/blogs-2019\/neue-boxen\/","title":{"rendered":"Neue Boxen"},"content":{"rendered":"<h1>ArchivistaDMS und ArchivistaVM mit moderner Hardware<\/h1>\n<p><em><strong>Egg, 30. April 2019:<\/strong> Bereits seit Monaten wird in neuen Projekten bei einigen ArchivistaBoxen eine neue Hardware verbaut. Der nachfolgende Blog stellt die Hardware vor. Einleitend sei gesagt, dass alle Kunden, deren Systeme \u00e4lter als 5 Jahre ist, Anspruch auf einen kostenfreien Umstieg auf diese neue Hardware haben.<\/em><\/p>\n<p><a href=\"https:\/\/archivista.ch\/cms\/wp-content\/uploads\/2019\/05\/mare2019a.jpg\"><img loading=\"lazy\" decoding=\"async\" class=\"alignnone size-full wp-image-5678\" src=\"https:\/\/archivista.ch\/cms\/wp-content\/uploads\/2019\/05\/mare2019a.jpg\" alt=\"\" width=\"600\" height=\"338\" srcset=\"https:\/\/archivista.ch\/cms\/wp-content\/uploads\/2019\/05\/mare2019a.jpg 600w, https:\/\/archivista.ch\/cms\/wp-content\/uploads\/2019\/05\/mare2019a-300x169.jpg 300w\" sizes=\"auto, (max-width: 600px) 100vw, 600px\" \/><\/a><\/p>\n<h2>Modell Dolder bei ArchivistaDMS<\/h2>\n<p><a href=\"https:\/\/archivista.ch\/cms\/wp-content\/uploads\/2019\/05\/dolder2019a.jpg\"><img loading=\"lazy\" decoding=\"async\" class=\"size-full wp-image-5679 alignright\" src=\"https:\/\/archivista.ch\/cms\/wp-content\/uploads\/2019\/05\/dolder2019a.jpg\" width=\"150\" height=\"139\" srcset=\"https:\/\/archivista.ch\/cms\/wp-content\/uploads\/2019\/05\/dolder2019a.jpg 600w, https:\/\/archivista.ch\/cms\/wp-content\/uploads\/2019\/05\/dolder2019a-300x278.jpg 300w\" sizes=\"auto, (max-width: 150px) 100vw, 150px\" \/><\/a>Die neue Hardware der ArchivistaBox Dolder wird mit doppelt so viel Hauptspeicher (RAM) ausgeliefert, ebenso werden neu SSD-Platten verbaut. Im Unterschied zu den alten Modellen k\u00f6nnen sowohl HDMI- als auch VGA-Bildschirme angeschlossen werden. Ebenso steht neu USB3 zur Verf\u00fcgung. Nicht ohne Stolz sei vermerkt, dass es bei den neuen Boxen keine Preisanpassung nach oben gibt. Das bisherige Modell Dolder wird nicht mehr ausgeliefert, wird aber f\u00fcr einige Jahre weiter im Support unterst\u00fctzt. W\u00e4hrend dieser Zeitspanne werden die noch bestehenden alten ArchivistaBoxen sukzessive auf die neue Hardware aufger\u00fcstet. Wie immer gilt, die ArchivistaBox-Systeme werden fertig konfiguriert ausgeliefert, eine manuelle Konfiguration ist nicht notwendig.<\/p>\n<h2>Neue Hardware bei ArchivistaVM<\/h2>\n<p><a href=\"https:\/\/archivista.ch\/cms\/wp-content\/uploads\/2019\/05\/budget2019a.jpg\"><img loading=\"lazy\" decoding=\"async\" class=\"size-full wp-image-5680 alignright\" src=\"https:\/\/archivista.ch\/cms\/wp-content\/uploads\/2019\/05\/budget2019a.jpg\" width=\"150\" height=\"165\" srcset=\"https:\/\/archivista.ch\/cms\/wp-content\/uploads\/2019\/05\/budget2019a.jpg 600w, https:\/\/archivista.ch\/cms\/wp-content\/uploads\/2019\/05\/budget2019a-300x330.jpg 300w, https:\/\/archivista.ch\/cms\/wp-content\/uploads\/2019\/05\/budget2019a-273x300.jpg 273w\" sizes=\"auto, (max-width: 150px) 100vw, 150px\" \/><\/a>Streng genommen gibt es bei ArchivistaVM keine neue Boxen, vielmehr wird das Innenleben\u00a0 modernisiert. Verbaut werden neu (wie bereits fr\u00fcher schon angek\u00fcndigt) bei den Modellen Budget, Summit und Universal die modernen Ryzen-Prozessoren von AMD. Die Intel-Xenon-Prozessoren werden weiterhin im Modell Bigfoot verbaut. Es ist ein altbekanntes Geheimnis, dass die Preise bei AMD in aller Regel etwas tiefer liegen als dies bei Intel der Fall ist. Aus diesem Grunde k\u00f6nnen die Preise bei den Modellen Budget, Summit und Universal erheblich gesenkt werden (bis ca 40 Prozent). Als Anbieter von L\u00f6sungen ist uns wichtig, unseren Kunden eine m\u00f6glichst breite Wahl anbieten zu k\u00f6nnen. In diesem Sinne ist es positiv zu bewerten, dass die Prozessoren von AMD wieder Einzug in unseren Produkten finden.<\/p>\n<h2>Vorteile einer offenen L\u00f6sung<\/h2>\n<p>Virtualisierung ist 2019 l\u00e4ngst kein Trendthema mehr. \u00dcberall werden L\u00f6sungen in jeder erdenklichen Kombination virtualisiert betrieben. Technologisch betrachtet kommen dabei diverse Technologien zum Einsatz. ArchivistaVM wird als Produkt f\u00fcr die Server-Virtualisierung vermarket und meistens auch so eingesetzt.<\/p>\n<p>Technologisch fusst ArchivistaVM auf KVM\/Qemu. Im Open Source Umfeld kommt diese Technologie fast immer zum Einsatz, nicht so im kommerziellen Umfeld, hier werden nach wie vor L\u00f6sungen verbaut, die propriet\u00e4r sind. Propriet\u00e4r ist dabei aber nicht nur die Software, sondern meistens auch die verbaute Hardware. Dies aus dem einfachen Grund, weil zur propriet\u00e4ren L\u00f6sung die entsprechenden Treiber f\u00fcr Hardware ab Stange fehlen oder erst viel sp\u00e4ter zur Verf\u00fcgung stehen.<\/p>\n<p>Als Beispiel sei hier die 10 GBit-Karte von ASUS erw\u00e4hnt, die aktuell bei ArchivistaVM Budget verbaut wird. Die entsprechenden Treiber sind relativ neu &#8212; und trotzdem stehen sie bei ArchivistaVM in aktueller Fassung zur Verf\u00fcgung. Dies aus dem einfachen Grund, weil bei ArchivistaVM die Linux-Version in Eigenregie konfiguriert wird. Als Anbieter k\u00f6nnen wir deshalb zeitnah Updates und Treiber aufspielen, ohne dass es externe Abh\u00e4nigkeiten gibt. F\u00fcr unsere Kunden bedeutet dies, dass wir bei entsprechenden Anforderungen auch jederzeit reagieren k\u00f6nnen. Letztlich resultiert dies in tieferen bzw. besseren Konditionen f\u00fcr unsere Produkte.<\/p>\n\n\n\n\t<div class=\"dkpdf-button-container\" style=\"            text-align:right \">\n\n\t\t<a class=\"dkpdf-button\" href=\"\/cms\/wp-json\/wp\/v2\/pages\/5673?pdf=5673\" target=\"_blank\"><span class=\"dkpdf-button-icon\"><i class=\"fa fa-file-pdf-o\"><\/i><\/span> PDF Button<\/a>\n\n\t<\/div>\n\n\n\n\n\n","protected":false},"excerpt":{"rendered":"<p>ArchivistaDMS und ArchivistaVM mit moderner Hardware Egg, 30. April 2019: Bereits seit Monaten wird in neuen Projekten bei einigen ArchivistaBoxen eine neue Hardware verbaut. Der nachfolgende Blog stellt die Hardware vor. Einleitend sei gesagt, dass alle Kunden, deren Systeme \u00e4lter als 5 Jahre ist, Anspruch auf einen kostenfreien Umstieg auf diese neue Hardware haben. Modell [&hellip;]<\/p>\n","protected":false},"author":1,"featured_media":0,"parent":6274,"menu_order":165,"comment_status":"closed","ping_status":"closed","template":"","meta":{"_acf_changed":false,"footnotes":""},"class_list":["post-5673","page","type-page","status-publish","hentry"],"acf":[],"_links":{"self":[{"href":"https:\/\/archivista.ch\/cms\/wp-json\/wp\/v2\/pages\/5673","targetHints":{"allow":["GET"]}}],"collection":[{"href":"https:\/\/archivista.ch\/cms\/wp-json\/wp\/v2\/pages"}],"about":[{"href":"https:\/\/archivista.ch\/cms\/wp-json\/wp\/v2\/types\/page"}],"author":[{"embeddable":true,"href":"https:\/\/archivista.ch\/cms\/wp-json\/wp\/v2\/users\/1"}],"replies":[{"embeddable":true,"href":"https:\/\/archivista.ch\/cms\/wp-json\/wp\/v2\/comments?post=5673"}],"version-history":[{"count":7,"href":"https:\/\/archivista.ch\/cms\/wp-json\/wp\/v2\/pages\/5673\/revisions"}],"predecessor-version":[{"id":5683,"href":"https:\/\/archivista.ch\/cms\/wp-json\/wp\/v2\/pages\/5673\/revisions\/5683"}],"up":[{"embeddable":true,"href":"https:\/\/archivista.ch\/cms\/wp-json\/wp\/v2\/pages\/6274"}],"wp:attachment":[{"href":"https:\/\/archivista.ch\/cms\/wp-json\/wp\/v2\/media?parent=5673"}],"curies":[{"name":"wp","href":"https:\/\/api.w.org\/{rel}","templated":true}]}}