{"id":5687,"date":"2019-05-10T19:04:00","date_gmt":"2019-05-10T17:04:00","guid":{"rendered":"http:\/\/archivista.ch\/cms\/?page_id=5687"},"modified":"2019-12-20T16:27:23","modified_gmt":"2019-12-20T15:27:23","slug":"avmultimedia-2019v","status":"publish","type":"page","link":"https:\/\/archivista.ch\/cms\/de\/aktuell-blog\/jahre-2008-2019\/blogs-2019\/avmultimedia-2019v\/","title":{"rendered":"AVMultimedia 2019\/V"},"content":{"rendered":"<h1>Neu mit 2 GB RAM und Systemverwaltung<\/h1>\n<p><em><strong>Egg, 10. Mai 2019:<\/strong> AVMultimedia 2019\/V zeigt nochmals eindr\u00fccklich auf, mit wie wenig Ressourcen ein optimierter Linux-Desktop auskommt. Der Speicher-Bedarf (RAM) wurde von 4 GB auf die H\u00e4lfte reduziert. Dank grafischem Installer steht nun das gesamte Linux-\u00d6ko-System vollumf\u00e4nglich zur Verf\u00fcgung. Zudem l\u00e4sst sich AVMultimedia 2019\/V \u00fcber zwei neue grafische Verwaltungstools an individuelle Vorlieben anpassen.<\/em><\/p>\n<p><a href=\"https:\/\/archivista.ch\/cms\/wp-content\/uploads\/2019\/05\/mare2019b.jpg\"><img loading=\"lazy\" decoding=\"async\" class=\"alignnone size-full wp-image-5692\" src=\"https:\/\/archivista.ch\/cms\/wp-content\/uploads\/2019\/05\/mare2019b.jpg\" alt=\"\" width=\"600\" height=\"338\" srcset=\"https:\/\/archivista.ch\/cms\/wp-content\/uploads\/2019\/05\/mare2019b.jpg 600w, https:\/\/archivista.ch\/cms\/wp-content\/uploads\/2019\/05\/mare2019b-300x169.jpg 300w\" sizes=\"auto, (max-width: 600px) 100vw, 600px\" \/><\/a><\/p>\n<h2>Unter 2 GB RAM dank On-the-Fly-Komprimierung<\/h2>\n<p>Als AVMultimedia 2018 erstellt wurde, ging es darum, die ArchivistaBox in einem neuen Kleid zu pr\u00e4sentieren. Neben dem Bedarf, einen schlanken Linux-Desktop zum Arbeiten zu haben, sollte aufgezeigt werden, wie schlank die ArchivistaBoxen in Betrieb arbeiten.<\/p>\n<p>Bei ArchivistaDMS reichen 2 GByte Hauptspeicher (RAM), um das ganze System im RAM zu haben. Mammut-Pakete wie Kodi oder der Multimedia-Stack bei AVMultimedia ben\u00f6tigen weit mehr Speicher. Daher wurde AVMultimedia f\u00fcr 4 GByte RAM konzipiert. Dies reichte f\u00fcr AVMultimedia 2018 problemlos.<\/p>\n<p>Beim Erstellen von AVMultimedia 2019 zeigte sich, dass diese 4 GByte-Grenze langsam ausgesch\u00f6pft sein w\u00fcrde. Zun\u00e4chst wurde \u00fcberlegt, anhand des RAMs dynamisch zu entscheiden, welche Programme eingerichtet werden sollen. Diese L\u00f6sung h\u00e4tte den Nachteil gehabt, dass auf leistungschw\u00e4cheren Rechner nur ein Teil der Programme zur Verf\u00fcgung gestanden h\u00e4tte.<\/p>\n<p>Alternativ dazu bot sich an, gewisse Pakete nicht mehr im RAM, sondern auf der Festplatte zur Verf\u00fcgung zu stellen, dies freilich zu Lasten der &#8222;schw\u00e4cheren&#8220; Rechner. Bei der nun realisierten L\u00f6sung wird nur noch das Basis-System unkomprimiert in den Hauptspeicher kopiert. Die \u00fcbrigen Programme stehen komprimiert im RAM zur Verf\u00fcgung. Dabei werden diese Dateien bei Bedarf automatisch entpackt und dem System zur Verf\u00fcgung gestellt.<\/p>\n<p>Dies ergibt mehrere Vorteile: Erstens muss der gr\u00f6sste Teil des Betriebssystems nicht mehr entpackt werden, d.h. AVMultimedia bootet deutlich schneller (i.d.R. um den Faktur 2). Zweitens kann der Speicherbedarf gesenkt werden. Statt bisher \u00fcber 2.7 GByte werden neu noch ca. 1.4 GByte ben\u00f6tigt. Damit wird es m\u00f6glich, AVMultimedia auch auf Ger\u00e4ten mit 2 GByte RAM laufen zu lassen.<\/p>\n<p>Ferner ben\u00f6tigt das Entpacken der Dateien nur wenig Zeit. Selbst auf sehr alten Rechners betr\u00e4gt der Unterschied z.B. beim Starten von LibreOffice nur plus\/minus eine Sekunde, was vernachl\u00e4ssigbar ist.<\/p>\n<h1>Automatisierung versus Individualisierung<\/h1>\n<p>Bei einem System wie AVMultimedia, das On-the-Fly im RAM eingerichtet wird, ist gew\u00e4hrleistet, dass bei jedem Neustart eine &#8222;frische&#8220; Installation zur Verf\u00fcgung steht. AVMultimedia ist daher nahezu unzerst\u00f6rbar. Demgegen\u00fcber ist AVMultimedia &#8222;tr\u00e4ger&#8220;, wenn es darum geht, das System individuell vorzuhalten.<\/p>\n<p>Alle Modifikationen, die einen Neustart \u00fcberleben sollen, m\u00fcssen gesondert gesichert werden. Der bisherige Weg \u00fcber ein Bash-Skript ist zwar flexibel, erfordert jedoch tiefere Linux-Skills. Dieser Nachteil geh\u00f6rt mit AVMultimedia 2019\/V der Vergangenheit an.<\/p>\n<p>Neben dem Desktop selber k\u00f6nnen neu Drucker gesichert, die Einstellungen des Netzwerkes sowie zus\u00e4tzliche Programme \u00fcber zwei neue grafische Tools autonom von der Basis-Installation gepflegt werden. Die beiden Programme stehen unter &#8218;System&#8216; und &#8218;AVMultimedia&#8216; zur Verf\u00fcgung.<\/p>\n<h3>Permanente Anbindung ans Internet mit Netzwerk-Tool<\/h3>\n<p>Beim Netzwerk-Tool gibt es die Optionen &#8218;Abschalten&#8216;, &#8218;WLAN&#8216;, &#8218;USB&#8216; sowie &#8218;Kabel&#8216;. Wichtig zu wissen ist, dass hier gemachte Einstellungen (bis zur n\u00e4chsten \u00c4nderung) permanent im System abgelegt werden, d.h. die entsprechende Verbindung zur Aussenwelt steht nach jedem Neustart zur Verf\u00fcgung (bisher war die Option &#8218;Kabel&#8216; aktiviert).<\/p>\n<h3>Drucker, Desktop und Programme verwalten<\/h3>\n<p>Beim Tool &#8218;Einstellungen&#8216; gibt es die M\u00f6glichkeit, sowohl Drucker, Desktop als auch zus\u00e4tzlich installierte Programme jeweils zu sichern als auch wieder zu entfernen. Beim Desktop stehen neu s\u00e4mtliche Themes von Mate zur Verf\u00fcgung. Auch ist es m\u00f6glich, die gew\u00fcnschte Tastatur permanent zu sichern. Bei den Druckern steht neu nicht nur CUPS zur Verf\u00fcgung, sondern ebenfalls s\u00e4mtliche HP-Drucker (Paket &#8218;hplip&#8216;).<\/p>\n<p><a href=\"https:\/\/archivista.ch\/cms\/wp-content\/uploads\/2019\/05\/desktop2019b.jpg\"><img loading=\"lazy\" decoding=\"async\" class=\"alignnone size-full wp-image-5693\" src=\"https:\/\/archivista.ch\/cms\/wp-content\/uploads\/2019\/05\/desktop2019b.jpg\" alt=\"\" width=\"600\" height=\"338\" srcset=\"https:\/\/archivista.ch\/cms\/wp-content\/uploads\/2019\/05\/desktop2019b.jpg 600w, https:\/\/archivista.ch\/cms\/wp-content\/uploads\/2019\/05\/desktop2019b-300x169.jpg 300w\" sizes=\"auto, (max-width: 600px) 100vw, 600px\" \/><\/a><\/p>\n<p>Bleibt die Frage, wie zus\u00e4tzliche Programme installiert werden k\u00f6nnen. Die Konsole mit &#8218;apt-get update;apt-get install&#8216; ist zwar schlank, doch erfordert sie vertiefte Kenntnisse des Systems. Daher wurde AVMultimedia der grafische Installer &#8218;Synaptic&#8216; spendiert, dieser steht \u00fcber &#8218;System&#8216; und &#8218;Systemverwaltung&#8216; zur Verf\u00fcgung. Um ihn nutzen zu k\u00f6nnen, ist das root-Passwort &#8218;archivista&#8216; einzugeben. Danach stehen alle Pakete von Devuan ASCII zur Verf\u00fcgung. Wichtig zu wissen ist einfach, dass zun\u00e4chst die Programme installiert werden m\u00fcssen, um sie danach \u00fcber &#8218;Programme sichern&#8216; mit dem Einstellungen-Tool permanent zu speichern.<\/p>\n<h2>Viele neue Apps im Grundumfang<\/h2>\n<p><a href=\"https:\/\/archivista.ch\/cms\/wp-content\/uploads\/2019\/05\/qcompris.jpg\"><img loading=\"lazy\" decoding=\"async\" class=\"alignnone size-full wp-image-5699\" src=\"https:\/\/archivista.ch\/cms\/wp-content\/uploads\/2019\/05\/qcompris.jpg\" alt=\"\" width=\"600\" height=\"338\" srcset=\"https:\/\/archivista.ch\/cms\/wp-content\/uploads\/2019\/05\/qcompris.jpg 600w, https:\/\/archivista.ch\/cms\/wp-content\/uploads\/2019\/05\/qcompris-300x169.jpg 300w\" sizes=\"auto, (max-width: 600px) 100vw, 600px\" \/><\/a><\/p>\n<p>Neben der M\u00f6glichkeit, Programme nachtr\u00e4glich zu installieren, sind bei\u00a0 AVMultimedia neu viele zus\u00e4tzliche Apps im Grundumfang enthalten (dies bei deutlich schnellerem Start und reduziertem Speicherbedarf). Erw\u00e4hnt an dieser Stelle seien: <strong>Scribus<\/strong> (Desktop-Publishing), <strong>Fontforge<\/strong> (Bearbeiten von Schriften), <strong>Audacity<\/strong> (Umfassender Sound-Editor), <strong>TuxTyping<\/strong> (Programm zum Erlernen Tastaturschreiben), <strong>GCompris<\/strong> (Lern- und Spielprogramm f\u00fcr Kinder, <strong>Rosegarden<\/strong> (Kompositionsprogramm), <strong>MuseScore2<\/strong> (Editor f\u00fcr Musiknoten) und Erwachsene) sowie <strong>QMapShack<\/strong> (Offline-Routenplaner).<\/p>\n<h2>Passw\u00f6rter und Login<\/h2>\n<p><a href=\"https:\/\/archivista.ch\/cms\/wp-content\/uploads\/2019\/05\/avmultimedia_login.jpg\"><img loading=\"lazy\" decoding=\"async\" class=\"alignnone size-full wp-image-5712\" src=\"https:\/\/archivista.ch\/cms\/wp-content\/uploads\/2019\/05\/avmultimedia_login.jpg\" alt=\"\" width=\"610\" height=\"459\" srcset=\"https:\/\/archivista.ch\/cms\/wp-content\/uploads\/2019\/05\/avmultimedia_login.jpg 610w, https:\/\/archivista.ch\/cms\/wp-content\/uploads\/2019\/05\/avmultimedia_login-300x226.jpg 300w, https:\/\/archivista.ch\/cms\/wp-content\/uploads\/2019\/05\/avmultimedia_login-600x451.jpg 600w\" sizes=\"auto, (max-width: 610px) 100vw, 610px\" \/><\/a><\/p>\n<p>Sofern AVMultimedia 2019\/V auf die Festplatte installiert wird (dies ist immer dann der Fall, wenn eine leere Platte vorliegt), lassen sich \u00fcber das Skript &#8218;Passw\u00f6rter&#8216; in &#8218;System&#8216; und &#8218;AVMultimedia&#8216; je eigene Passw\u00f6rter f\u00fcr Admin (root) als auch f\u00fcr den Benutzer &#8218;archivista&#8216; setzen. Zudem kann bei den &#8218;Einstellungen&#8216; (Men\u00fc &#8218;System&#8216; und dort &#8218;AVMultimedia&#8216;) festgelegt werden, ob der Benuzter &#8218;archivista&#8216; sich am System jeweils anmelden muss. Ist das Anmelden aktiviert, muss beim Hochfahren immer eine Anmeldung erfolgen. Dabei ist das Passwort des Benutzers &#8218;archivista&#8216; einzugeben.<\/p>\n<h2>AVMultimedia-Tablet zum Spezialpreis<\/h2>\n<p><a href=\"https:\/\/archivista.ch\/cms\/wp-content\/uploads\/2018\/03\/tblet_quer2-1.jpg\"><img loading=\"lazy\" decoding=\"async\" class=\"alignnone size-full wp-image-5430\" src=\"https:\/\/archivista.ch\/cms\/wp-content\/uploads\/2018\/03\/tblet_quer2-1.jpg\" alt=\"\" width=\"600\" height=\"391\" srcset=\"https:\/\/archivista.ch\/cms\/wp-content\/uploads\/2018\/03\/tblet_quer2-1.jpg 600w, https:\/\/archivista.ch\/cms\/wp-content\/uploads\/2018\/03\/tblet_quer2-1-300x196.jpg 300w\" sizes=\"auto, (max-width: 600px) 100vw, 600px\" \/><\/a><\/p>\n<p>Vor gut einem Jahr startete AVMultimedia. Dazu passend gibt es das entsprechende Tablet mit AVMultimedia. Dank guten Konditionen im Einkauf ist es uns m\u00f6glich, das bew\u00e4hrte Produkt f\u00fcr eine <strong>beschr\u00e4nkte Zeitdauer (&#8222;Es h\u00e4t solangs h\u00e4t&#8220;) f\u00fcr unter 300 Franken anzubieten.<\/strong> Wer das Ger\u00e4t (nach Absprache) in Egg abholt, erh\u00e4lt dazu kostenfrei eine Kurz-Einf\u00fchrung. <strong><a href=\"https:\/\/azurgo.ch\/produkt\/avmultimedia\/\">AVMultimedia kann hier bestellt werden.<\/a><\/strong><\/p>\n\n\n\n\t<div class=\"dkpdf-button-container\" style=\"            text-align:right \">\n\n\t\t<a class=\"dkpdf-button\" href=\"\/cms\/wp-json\/wp\/v2\/pages\/5687?pdf=5687\" target=\"_blank\"><span class=\"dkpdf-button-icon\"><i class=\"fa fa-file-pdf-o\"><\/i><\/span> PDF Button<\/a>\n\n\t<\/div>\n\n\n\n\n\n","protected":false},"excerpt":{"rendered":"<p>Neu mit 2 GB RAM und Systemverwaltung Egg, 10. Mai 2019: AVMultimedia 2019\/V zeigt nochmals eindr\u00fccklich auf, mit wie wenig Ressourcen ein optimierter Linux-Desktop auskommt. Der Speicher-Bedarf (RAM) wurde von 4 GB auf die H\u00e4lfte reduziert. Dank grafischem Installer steht nun das gesamte Linux-\u00d6ko-System vollumf\u00e4nglich zur Verf\u00fcgung. Zudem l\u00e4sst sich AVMultimedia 2019\/V \u00fcber zwei neue [&hellip;]<\/p>\n","protected":false},"author":1,"featured_media":0,"parent":6274,"menu_order":167,"comment_status":"closed","ping_status":"closed","template":"","meta":{"_acf_changed":false,"footnotes":""},"class_list":["post-5687","page","type-page","status-publish","hentry"],"acf":[],"_links":{"self":[{"href":"https:\/\/archivista.ch\/cms\/wp-json\/wp\/v2\/pages\/5687","targetHints":{"allow":["GET"]}}],"collection":[{"href":"https:\/\/archivista.ch\/cms\/wp-json\/wp\/v2\/pages"}],"about":[{"href":"https:\/\/archivista.ch\/cms\/wp-json\/wp\/v2\/types\/page"}],"author":[{"embeddable":true,"href":"https:\/\/archivista.ch\/cms\/wp-json\/wp\/v2\/users\/1"}],"replies":[{"embeddable":true,"href":"https:\/\/archivista.ch\/cms\/wp-json\/wp\/v2\/comments?post=5687"}],"version-history":[{"count":16,"href":"https:\/\/archivista.ch\/cms\/wp-json\/wp\/v2\/pages\/5687\/revisions"}],"predecessor-version":[{"id":5716,"href":"https:\/\/archivista.ch\/cms\/wp-json\/wp\/v2\/pages\/5687\/revisions\/5716"}],"up":[{"embeddable":true,"href":"https:\/\/archivista.ch\/cms\/wp-json\/wp\/v2\/pages\/6274"}],"wp:attachment":[{"href":"https:\/\/archivista.ch\/cms\/wp-json\/wp\/v2\/media?parent=5687"}],"curies":[{"name":"wp","href":"https:\/\/api.w.org\/{rel}","templated":true}]}}