{"id":5734,"date":"2019-05-22T13:53:25","date_gmt":"2019-05-22T11:53:25","guid":{"rendered":"http:\/\/archivista.ch\/cms\/?page_id=5734"},"modified":"2019-12-20T16:27:27","modified_gmt":"2019-12-20T15:27:27","slug":"archivista-champion","status":"publish","type":"page","link":"https:\/\/archivista.ch\/cms\/de\/aktuell-blog\/jahre-2008-2019\/blogs-2019\/archivista-champion\/","title":{"rendered":"Archivista-Champion"},"content":{"rendered":"<h1>AVMultimedia testen und gewinnen!<\/h1>\n<p><em><strong>Egg, 22. Mai 2019:<\/strong> Wer unsere Webseite aktuell besucht, findet viele Informationen zum neuen Linux-Desktop AVMultimedia, zu unseren Core Produkten der ArchivistaBox finden sich aktuell dagegen nur wenige Informationen. Der nachfolgende Blog zeigt auf, warum dies kein Gegensatz ist. Zudem bietet sich die M\u00f6glichkeit an, bis zum 31. August in drei Kategorien Archivista-Champion zu werden.<\/em><\/p>\n<div style=\"width: 625px;\" class=\"wp-video\"><!--[if lt IE 9]><script>document.createElement('video');<\/script><![endif]-->\n<video class=\"wp-video-shortcode\" id=\"video-5734-1\" width=\"625\" height=\"352\" poster=\"https:\/\/archivista.ch\/cms\/wp-content\/uploads\/2019\/05\/avapps.jpg\" preload=\"metadata\" controls=\"controls\"><source type=\"video\/mp4\" src=\"https:\/\/archivista.ch\/cms\/wp-content\/uploads\/file\/avapps.mp4?_=1\" \/><a href=\"https:\/\/archivista.ch\/cms\/wp-content\/uploads\/file\/avapps.mp4\">https:\/\/archivista.ch\/cms\/wp-content\/uploads\/file\/avapps.mp4<\/a><\/video><\/div>\n<h2>Es war einmal die ArchivistaBox<\/h2>\n<p>Die aktuellen ArchivistaBox-Systeme werden laufend \u00e0 jour gehalten. Das vision\u00e4re Konzept von 2005, unsere Produkte auf einer Box, eben der ArchivistaBox, auszuliefern, wurde im Jahre 2010 mit dem Umstieg auf 64 Bit, erheblich erweitert. Einige Jahre sp\u00e4ter erfolgte der Umstieg auf den RAM-Modus.<\/p>\n<p>Seit diesem Zeitpunkt werden alle ArchivistaBoxen nicht mehr auf Festplatten installiert, sondern direkt ab Stick oder ISO-Datei im Hauptspeicher eingerichtet. Dieses vision\u00e4re Konzept bildet auch den wichtigsten Eckpfeiler f\u00fcr den neuen AVMultimedia-Desktop.<\/p>\n<p>Dies ergibt den Vorteil, dass das Betriebssystem die Festplatten nicht &#8222;belastet&#8220;. Gerade bei den neuen SSD-Platten ist dies ein Vorteil, weil die Platten ohne Last des Betriebssystems etwa dreimal so lange halten als dies bei herk\u00f6mmlichen Betriebssystemen der Fall ist.<\/p>\n<p>Trotzdem werden unsere aktuellen ArchivistaBox-Systeme als eher spartanisch wahrgenommen, auch wenn die ArchivistaBox bis hin zu m\u00e4chtigen Clustern betrieben werden kann.<\/p>\n<p>Nun hat sich die Welt seit 2005 technologisch betrachtet massiv weiterentwickelt. Immer \u00f6fter werden Informationen \u00fcber Ton und Videos vermittelt. Diese Informationen k\u00f6nnen bislang &#8222;nur&#8220; \u00fcber den Umweg der Zip-Dateien ins Archiv transportiert werden. In dieser Hinsicht kann die ArchivistaBox nicht ganz mit den neusten Errungenschaften mithalten.<\/p>\n<div style=\"width: 625px;\" class=\"wp-video\"><video class=\"wp-video-shortcode\" id=\"video-5734-2\" width=\"625\" height=\"352\" poster=\"https:\/\/archivista.ch\/cms\/wp-content\/uploads\/2019\/05\/avdesktop..jpg\" preload=\"metadata\" controls=\"controls\"><source type=\"video\/mp4\" src=\"https:\/\/archivista.ch\/cms\/wp-content\/uploads\/file\/avdesktop.mp4?_=2\" \/><a href=\"https:\/\/archivista.ch\/cms\/wp-content\/uploads\/file\/avdesktop.mp4\">https:\/\/archivista.ch\/cms\/wp-content\/uploads\/file\/avdesktop.mp4<\/a><\/video><\/div>\n<h2>Die Zukunft ist AVMultimedia<\/h2>\n<p>Neu wird die ArchivistaBox in modernerem Kleid daherkommen. Die Basis der zuk\u00fcnftigen ArchivistaBoxen bildet AVMultimedia. Dabei ergeben sich viele neue M\u00f6glichkeiten. Unz\u00e4hlige Sound- und Video-Formate werden fester Bestandteil der ArchivistaBox sein. Die neue ArchivistaBox wird zudem in der Lage sein, diese Dateien nicht nur abzulegen, sondern diese k\u00f6nnen direkt auf jeder ArchivistaBox auch bearbeitet werden.<\/p>\n<p>Dabei gilt, die Core-Applikationen bleiben zu 100 Prozent webbasiert. Niemand wird mit dem neuen AVMultimedia-Desktop arbeiten m\u00fcssen, noch wird ist es notwendig sein, zus\u00e4tzliche Software auf den Clients, die mit einer ArchivistaBox kommunizieren, zu installieren.<\/p>\n<p>Neu wird einfach sein, dass die ArchivistaBoxen f\u00fcr die Verarbeitung der Informationen viele neue multimedialen M\u00f6glichkeiten erhalten, die bislang nicht vorhanden sind. Neu wird weiter sein, dass die ArchivistaBox auf Notebooks wie Tablets laufen wird &#8212; auch hier ergeben sich viele zus\u00e4tzliche Einsatzzwecke.<\/p>\n<h2>Archivista Power-Champion<\/h2>\n<p>Die ArchivistaBox steht im Dienste unserer Kunden. Daher m\u00f6chten wir alle bisherigen Nutzer\/innen herzlich einladen, AVMultimedia zu testen und dabei Power-Champion zu werden.<\/p>\n<p>Wer bis zum 31. August 2018 ein Video zur ArchivistaBox oder zu AVMultimedia erstellt, wird als Archivista-Power-Champion gek\u00fcrt (1. Platz unter allen Einsendungen). Als Lohn wirkt entweder ein AVMultimedia-Tablet oder eine Gutschrift in gleicher H\u00f6he.<\/p>\n<p>Teilnehmen k\u00f6nnen alle, die bisher mit der ArchivistaBox arbeiten. Wichtig ist, dass die Firma einverstanden ist, dass der Beitrag zu Werbezwecken verwendet werden darf &#8212; und selbstverst\u00e4ndlich ja, das Video darf nicht zulasten der Arbeitszeit erstellt werden.<\/p>\n<div style=\"width: 625px;\" class=\"wp-video\"><video class=\"wp-video-shortcode\" id=\"video-5734-3\" width=\"625\" height=\"352\" poster=\"https:\/\/archivista.ch\/cms\/wp-content\/uploads\/2015\/06\/avstick.jpg\" preload=\"metadata\" controls=\"controls\"><source type=\"video\/mp4\" src=\"https:\/\/archivista.ch\/cms\/wp-content\/uploads\/file\/avstick.mp4?_=3\" \/><a href=\"https:\/\/archivista.ch\/cms\/wp-content\/uploads\/file\/avstick.mp4\">https:\/\/archivista.ch\/cms\/wp-content\/uploads\/file\/avstick.mp4<\/a><\/video><\/div>\n<h2>Archivista Newcomer-Champion<\/h2>\n<p>Wer die ArchivistaBox noch nicht im Einsatz hat, sich eine Anschaffung aktuell aber \u00fcberlegt, kann ein AVMultimedia-Tablet bestellen. Er erh\u00e4lt dabei eine ArchivistaBox Bachtel oder aber eine Gutschrift \u00fcber den vollen Betrag des Tablets f\u00fcr jede andere ArchivistaBox, sofern er zu AVMultimedia ein Video einreicht. Das Angebot gilt bis zum 31. August 2019. Das <strong><a href=\"https:\/\/azurgo.ch\/produkt\/avmultimedia\/\">AVMultimedia-Tablet kann hier bestellt werden.<\/a><\/strong><\/p>\n<p>Gleichzeitig wird aus allen Einsendungen der Archivista-Newcomer-Champion gek\u00fcrt. In diesem Falle erh\u00e4lt er entweder ein zweites AVMultimedia-Tablet oder aber den Betrag f\u00fcr das bezahlte Ger\u00e4t gutgeschrieben.<\/p>\n<h2>Archivista English-Champion<\/h2>\n<p>All jene, die Interesse an AVMultimedia haben, aktuell aber (noch) kein Interesse an einer ArchivistaBox haben, k\u00f6nnen ebenfalls Archivista-Champion werden. Einfach bis zum 31. August 2019 ein Video zu AVMultimedia in Englisch erstellen und einsenden. Die beste Einsendung erh\u00e4lt kostenfrei ein AVMultimedia-Tablet.<\/p>\n<h2>So wirst Du Archivista-Champion<\/h2>\n<p>Alle Videos m\u00fcssen bis zum 31. August 2019 eingereicht werden. Die Beitr\u00e4ge k\u00f6nnen per USB-Stick zugeschickt oder aber in die ArchivistaClound hochgeladen werden. Kunden k\u00f6nnen Beitr\u00e4ge auch im Temp-Order der ArchivistaBox hinterlegen (sofern es eine Fernwartung per SSH gibt). Zus\u00e4tzlich ist eine Mail an <strong><a href=\"mailto:webmaster@archivista.ch\">webmaster@archivista.ch<\/a><\/strong> zu senden, bei dem die Teilnahme bzw. insbesondere die Kategorie mitgeteilt wird.<\/p>\n<p>Die Gewinner werden (inkl. der Beitr\u00e4ge) auf der Homepage ver\u00f6ffentlicht und per Mail oder Telefon benachrichtigt. Mindestalter f\u00fcr die Teilnahme ist das 10. Altersjahr, Mitarbeiter der Archivista GmbH und deren Familien sind von der Teilnahme ausgeschlossen. Die Beitr\u00e4ge m\u00fcssen zwischen einer und drei Minuten lang sein und d\u00fcrfen eine Gr\u00f6sse von 128 MByte nicht \u00fcberschreiten. Alle Beitr\u00e4ge sind in FullHD (1920&#215;1080 Pixel) zu erstellen. Einsendungen in mehreren Kategorien sind m\u00f6glich.<\/p>\n<div style=\"width: 625px;\" class=\"wp-video\"><video class=\"wp-video-shortcode\" id=\"video-5734-4\" width=\"625\" height=\"352\" poster=\"https:\/\/archivista.ch\/cms\/wp-content\/uploads\/2019\/05\/avdesktop..jpg\" preload=\"metadata\" controls=\"controls\"><source type=\"video\/mp4\" src=\"https:\/\/archivista.ch\/cms\/wp-content\/uploads\/file\/avapps.mp4?_=4\" \/><a href=\"https:\/\/archivista.ch\/cms\/wp-content\/uploads\/file\/avapps.mp4\">https:\/\/archivista.ch\/cms\/wp-content\/uploads\/file\/avapps.mp4<\/a><\/video><\/div>\n\n\n\n\t<div class=\"dkpdf-button-container\" style=\"            text-align:right \">\n\n\t\t<a class=\"dkpdf-button\" href=\"\/cms\/wp-json\/wp\/v2\/pages\/5734?pdf=5734\" target=\"_blank\"><span class=\"dkpdf-button-icon\"><i class=\"fa fa-file-pdf-o\"><\/i><\/span> PDF Button<\/a>\n\n\t<\/div>\n\n\n\n\n\n","protected":false},"excerpt":{"rendered":"<p>AVMultimedia testen und gewinnen! Egg, 22. Mai 2019: Wer unsere Webseite aktuell besucht, findet viele Informationen zum neuen Linux-Desktop AVMultimedia, zu unseren Core Produkten der ArchivistaBox finden sich aktuell dagegen nur wenige Informationen. Der nachfolgende Blog zeigt auf, warum dies kein Gegensatz ist. Zudem bietet sich die M\u00f6glichkeit an, bis zum 31. August in drei [&hellip;]<\/p>\n","protected":false},"author":1,"featured_media":0,"parent":6274,"menu_order":170,"comment_status":"closed","ping_status":"closed","template":"","meta":{"_acf_changed":false,"footnotes":""},"class_list":["post-5734","page","type-page","status-publish","hentry"],"acf":[],"_links":{"self":[{"href":"https:\/\/archivista.ch\/cms\/wp-json\/wp\/v2\/pages\/5734","targetHints":{"allow":["GET"]}}],"collection":[{"href":"https:\/\/archivista.ch\/cms\/wp-json\/wp\/v2\/pages"}],"about":[{"href":"https:\/\/archivista.ch\/cms\/wp-json\/wp\/v2\/types\/page"}],"author":[{"embeddable":true,"href":"https:\/\/archivista.ch\/cms\/wp-json\/wp\/v2\/users\/1"}],"replies":[{"embeddable":true,"href":"https:\/\/archivista.ch\/cms\/wp-json\/wp\/v2\/comments?post=5734"}],"version-history":[{"count":6,"href":"https:\/\/archivista.ch\/cms\/wp-json\/wp\/v2\/pages\/5734\/revisions"}],"predecessor-version":[{"id":5738,"href":"https:\/\/archivista.ch\/cms\/wp-json\/wp\/v2\/pages\/5734\/revisions\/5738"}],"up":[{"embeddable":true,"href":"https:\/\/archivista.ch\/cms\/wp-json\/wp\/v2\/pages\/6274"}],"wp:attachment":[{"href":"https:\/\/archivista.ch\/cms\/wp-json\/wp\/v2\/media?parent=5734"}],"curies":[{"name":"wp","href":"https:\/\/api.w.org\/{rel}","templated":true}]}}