{"id":5933,"date":"2019-11-03T23:26:58","date_gmt":"2019-11-03T22:26:58","guid":{"rendered":"http:\/\/archivista.ch\/cms\/?page_id=5933"},"modified":"2019-12-20T16:27:42","modified_gmt":"2019-12-20T15:27:42","slug":"hdmi-tv-stick-mit-avmultimedia","status":"publish","type":"page","link":"https:\/\/archivista.ch\/cms\/de\/aktuell-blog\/jahre-2008-2019\/blogs-2019\/hdmi-tv-stick-mit-avmultimedia\/","title":{"rendered":"HDMI-TV-Stick mit AVMultimedia"},"content":{"rendered":"<h1>Fernseher und Desktop aus einem Guss<\/h1>\n<p><em><strong>Egg, 4. November 2019:<\/strong> Ein nicht einmal 100 Gramm schwerer Stick beherbergt einen vollwertigen Fernseher und Desktop. Geht das? Braucht es das? Welche Vorteile bietet ein solches System? Wie funktioniert es? Auf all diese Fragen bietet der nachfolgende Blog Antworten.<\/em><\/p>\n<p><a href=\"https:\/\/archivista.ch\/cms\/wp-content\/uploads\/2019\/11\/bielersee.jpg\"><img decoding=\"async\" class=\"alignnone size-full wp-image-5935\" src=\"https:\/\/archivista.ch\/cms\/wp-content\/uploads\/2019\/11\/bielersee.jpg\" alt=\"\" width=\"600\" srcset=\"https:\/\/archivista.ch\/cms\/wp-content\/uploads\/2019\/11\/bielersee.jpg 1920w, https:\/\/archivista.ch\/cms\/wp-content\/uploads\/2019\/11\/bielersee-300x170.jpg 300w, https:\/\/archivista.ch\/cms\/wp-content\/uploads\/2019\/11\/bielersee-768x435.jpg 768w, https:\/\/archivista.ch\/cms\/wp-content\/uploads\/2019\/11\/bielersee-1024x580.jpg 1024w, https:\/\/archivista.ch\/cms\/wp-content\/uploads\/2019\/11\/bielersee-600x340.jpg 600w, https:\/\/archivista.ch\/cms\/wp-content\/uploads\/2019\/11\/bielersee-624x354.jpg 624w\" sizes=\"(max-width: 1920px) 100vw, 1920px\" \/><\/a><\/p>\n<h2>Wo steht der gr\u00f6sste Bildschirm im ganzen \u00abLand\u00bb?<\/h2>\n<p>In fast allen Haushalten d\u00fcrfte der gr\u00f6sste Bildchirm im Wohnzimmer stehen. Meistens wird das\u00a0Ger\u00e4t wohl prim\u00e4r zum Fernsehen verwendet, doch was liegt n\u00e4her, als daraus einen vollwertigen Desktop mit integriertem Medien-Center zu machen?<\/p>\n<p>Genau dies ist mit AVMultimedia und den Intel Compute Sticks m\u00f6glich. Diese Sticks sind zwar etwas teurer als die reinen TV-Sticks mit Android, daf\u00fcr bietet ein solcher Stick mit AVMultimedia Privatsph\u00e4re pur. Eine portable Tastatur mit integriertem Touchpad arbeitet effizient und passgenau, keine Verbindung zur Cloud, keine \u00dcberwachungskamera, kein Mikrophon, das (allf\u00e4llig) mith\u00f6rt, keine Zwangsregistrierung, um nur einige Vorz\u00fcge zu nennen.<\/p>\n<p>Daf\u00fcr gibt es alle Apps von AVMultimedia direkt im Kinoformat und wohnzimmertauglich. Wer mag, kann selbstverst\u00e4ndlich eigene Apps installieren. Doch was w\u00e4re ein HDMI-Stick mit AVMultimedia ohne Video?<\/p>\n<div style=\"width: 625px;\" class=\"wp-video\"><!--[if lt IE 9]><script>document.createElement('video');<\/script><![endif]-->\n<video class=\"wp-video-shortcode\" id=\"video-5933-1\" width=\"625\" height=\"352\" poster=\"https:\/\/archivista.ch\/cms\/wp-content\/uploads\/2019\/09\/avmultimedia-d.jpg\" preload=\"metadata\" controls=\"controls\"><source type=\"video\/mp4\" src=\"https:\/\/archivista.ch\/cms\/wp-content\/uploads\/file\/hdmistick2.mp4?_=1\" \/><a href=\"https:\/\/archivista.ch\/cms\/wp-content\/uploads\/file\/hdmistick2.mp4\">https:\/\/archivista.ch\/cms\/wp-content\/uploads\/file\/hdmistick2.mp4<\/a><\/video><\/div>\n<h2>Anschluss \u00fcber <span style=\"font-family: arial, helvetica, sans-serif;\">USB-Ports<\/span> des Monitors<\/h2>\n<p>Wem dies zu kompliziert ist, kann den Intel-Compute-Stick auf Anfrage bei uns bestellen. Fertig\u00a0 konfiguriert kostet der HDMI-Stick 200 Franken. Falls das heimische Ger\u00e4t \u00fcber USB-Ports verf\u00fcgt, kann der Stick direkt \u00fcber diese USB-Anschl\u00fcsse mit Strom versorgt werden. Dies hat den Vorteil, dass der Stick \u00fcber den Stromanschluss des Monitors ein- und auch ausgeschaltet werden kann.<\/p>\n<p><a href=\"https:\/\/archivista.ch\/cms\/wp-content\/uploads\/2017\/09\/avmultimedia_stick.jpg\"><img loading=\"lazy\" decoding=\"async\" class=\"size-full wp-image-5913\" src=\"https:\/\/archivista.ch\/cms\/wp-content\/uploads\/2017\/09\/avmultimedia_stick.jpg\" alt=\"\" width=\"1500\" height=\"986\" srcset=\"https:\/\/archivista.ch\/cms\/wp-content\/uploads\/2017\/09\/avmultimedia_stick.jpg 1500w, https:\/\/archivista.ch\/cms\/wp-content\/uploads\/2017\/09\/avmultimedia_stick-300x197.jpg 300w, https:\/\/archivista.ch\/cms\/wp-content\/uploads\/2017\/09\/avmultimedia_stick-768x505.jpg 768w, https:\/\/archivista.ch\/cms\/wp-content\/uploads\/2017\/09\/avmultimedia_stick-1024x673.jpg 1024w, https:\/\/archivista.ch\/cms\/wp-content\/uploads\/2017\/09\/avmultimedia_stick-600x394.jpg 600w, https:\/\/archivista.ch\/cms\/wp-content\/uploads\/2017\/09\/avmultimedia_stick-624x410.jpg 624w\" sizes=\"auto, (max-width: 1500px) 100vw, 1500px\" \/><\/a><\/p>\n<p>Wer mehr Informationen zu AVMultimedia erhalten m\u00f6chte, findet im <strong><a href=\"https:\/\/archivista.ch\/cms\/wp-content\/uploads\/2019\/11\/avmultimedia2.pdf\">Skript zum diesj\u00e4hrigen linuxday.at-Vortrag weitere Informationen.<\/a><\/strong> Betr. des HDMI-Sticks und anderer <strong><a href=\"https:\/\/archivista.ch\/cms\/de\/support\/avmultimedia\/\">Fragestellungen gibt es zudem ausf\u00fchrliche FAQs.<\/a><\/strong><\/p>\n<p><em>P.S: All jenen, die sehnlichst auf neue Informationen zur ArchivistaBox warten, sei an dieser Stellte gesagt, die Arbeiten daran schreiten voran. Mittlerweile l\u00e4uft die gesamte ArchivistaBox auf dem AVMultimedia-Desktop, ausstehende sind einzig noch die Update-Tools, um die kundenspezifischen ISO-Dateien erstellen zu k\u00f6nnen.<\/em><\/p>\n\n\n\n\t<div class=\"dkpdf-button-container\" style=\"            text-align:right \">\n\n\t\t<a class=\"dkpdf-button\" href=\"\/cms\/wp-json\/wp\/v2\/pages\/5933?pdf=5933\" target=\"_blank\"><span class=\"dkpdf-button-icon\"><i class=\"fa fa-file-pdf-o\"><\/i><\/span> PDF Button<\/a>\n\n\t<\/div>\n\n\n\n\n\n","protected":false},"excerpt":{"rendered":"<p>Fernseher und Desktop aus einem Guss Egg, 4. November 2019: Ein nicht einmal 100 Gramm schwerer Stick beherbergt einen vollwertigen Fernseher und Desktop. Geht das? Braucht es das? Welche Vorteile bietet ein solches System? Wie funktioniert es? Auf all diese Fragen bietet der nachfolgende Blog Antworten. Wo steht der gr\u00f6sste Bildschirm im ganzen \u00abLand\u00bb? In [&hellip;]<\/p>\n","protected":false},"author":1,"featured_media":0,"parent":6274,"menu_order":171,"comment_status":"closed","ping_status":"closed","template":"","meta":{"_acf_changed":false,"footnotes":""},"class_list":["post-5933","page","type-page","status-publish","hentry"],"acf":[],"_links":{"self":[{"href":"https:\/\/archivista.ch\/cms\/wp-json\/wp\/v2\/pages\/5933","targetHints":{"allow":["GET"]}}],"collection":[{"href":"https:\/\/archivista.ch\/cms\/wp-json\/wp\/v2\/pages"}],"about":[{"href":"https:\/\/archivista.ch\/cms\/wp-json\/wp\/v2\/types\/page"}],"author":[{"embeddable":true,"href":"https:\/\/archivista.ch\/cms\/wp-json\/wp\/v2\/users\/1"}],"replies":[{"embeddable":true,"href":"https:\/\/archivista.ch\/cms\/wp-json\/wp\/v2\/comments?post=5933"}],"version-history":[{"count":20,"href":"https:\/\/archivista.ch\/cms\/wp-json\/wp\/v2\/pages\/5933\/revisions"}],"predecessor-version":[{"id":6184,"href":"https:\/\/archivista.ch\/cms\/wp-json\/wp\/v2\/pages\/5933\/revisions\/6184"}],"up":[{"embeddable":true,"href":"https:\/\/archivista.ch\/cms\/wp-json\/wp\/v2\/pages\/6274"}],"wp:attachment":[{"href":"https:\/\/archivista.ch\/cms\/wp-json\/wp\/v2\/media?parent=5933"}],"curies":[{"name":"wp","href":"https:\/\/api.w.org\/{rel}","templated":true}]}}