{"id":6463,"date":"2020-05-20T01:07:30","date_gmt":"2020-05-19T23:07:30","guid":{"rendered":"http:\/\/archivista.ch\/cms\/?page_id=6463"},"modified":"2020-12-28T10:36:35","modified_gmt":"2020-12-28T09:36:35","slug":"archivistabox-2020-v","status":"publish","type":"page","link":"https:\/\/archivista.ch\/cms\/de\/aktuell-blog\/blogs-2020\/archivistabox-2020-v\/","title":{"rendered":"ArchivistaBox 2020\/V"},"content":{"rendered":"<h1>Ein bunter Strauss an Neuerungen<\/h1>\n<p><em><strong>Egg, 20. Mail 2020:<\/strong> Mit der aktuellen Version gestaltet sich das Archivieren und Management <\/em><em>von multimedialen Inhalten nochmals wesentlich einfacher. Warum dies so ist, davon handelt dieser Blog.<\/em><\/p>\n<p><a href=\"https:\/\/archivista.ch\/cms\/wp-content\/uploads\/2020\/05\/archivista-4554-20.jpg\"><img loading=\"lazy\" decoding=\"async\" class=\"alignnone size-full wp-image-6474\" src=\"https:\/\/archivista.ch\/cms\/wp-content\/uploads\/2020\/05\/archivista-4554-20.jpg\" alt=\"\" width=\"798\" height=\"448\" srcset=\"https:\/\/archivista.ch\/cms\/wp-content\/uploads\/2020\/05\/archivista-4554-20.jpg 798w, https:\/\/archivista.ch\/cms\/wp-content\/uploads\/2020\/05\/archivista-4554-20-300x168.jpg 300w, https:\/\/archivista.ch\/cms\/wp-content\/uploads\/2020\/05\/archivista-4554-20-768x431.jpg 768w, https:\/\/archivista.ch\/cms\/wp-content\/uploads\/2020\/05\/archivista-4554-20-600x337.jpg 600w, https:\/\/archivista.ch\/cms\/wp-content\/uploads\/2020\/05\/archivista-4554-20-624x350.jpg 624w\" sizes=\"auto, (max-width: 798px) 100vw, 798px\" \/><\/a><\/p>\n<h2>Multimediale Metadaten<\/h2>\n<p>Mit dem neuen Release k\u00f6nnen die wichtigsten Metadaten (L\u00e4nge, Frames, Gr\u00f6sse, etc) automatisch im Archiv erfasst werden. Die entsprechenden Felder k\u00f6nnen \u00fcber das Skript <strong>&#8218;Multimediale Datenbank einrichten&#8216;<\/strong> unter <strong>&#8218;ArchivistaSetup&#8216;<\/strong> jedem bisherigen Archiv hinzugef\u00fcgt werden. Nach dem Aktivieren der Felder darf nicht vergessen werden, diese den Masken-Definitionen (ebenfalls WebAdmin) hinzuzuf\u00fcgen.<\/p>\n<h2>Bis zu 20&#8217;000 Stunden<\/h2>\n<p>Aktuell k\u00f6nnen in ArchivistaDMS Dateien bis zu 64 GByte verwaltet werden. Per Default werden alle Daten in der Datenbank selber gespeichert. Dies f\u00fchrt dazu, dass das Material nur \u00fcber den WebClient bearbeitet werden kann.<\/p>\n<p>Mit der Option &#8218;Quelldateien extern&#8216; (Archiv verwalten in WebAdmin) ist es neu m\u00f6glich, die origin\u00e4ren Dateien extern zu &#8222;lagern&#8220;. Bei aktivierter Option finden sich die origin\u00e4ren Daten unter &#8218;\/home\/data\/archivista\/archmulti&#8216;.<\/p>\n<p><a href=\"https:\/\/archivista.ch\/cms\/wp-content\/uploads\/2020\/05\/av-2020-v-1.jpg\"><img loading=\"lazy\" decoding=\"async\" class=\"alignnone size-full wp-image-6470\" src=\"https:\/\/archivista.ch\/cms\/wp-content\/uploads\/2020\/05\/av-2020-v-1.jpg\" alt=\"\" width=\"600\" height=\"338\" srcset=\"https:\/\/archivista.ch\/cms\/wp-content\/uploads\/2020\/05\/av-2020-v-1.jpg 600w, https:\/\/archivista.ch\/cms\/wp-content\/uploads\/2020\/05\/av-2020-v-1-300x169.jpg 300w\" sizes=\"auto, (max-width: 600px) 100vw, 600px\" \/><\/a><\/p>\n<p>Selbstverst\u00e4ndlich bleiben die so gelagerten Dateien \u00fcber ArchivistaDMS voll im Zugriff. Zus\u00e4tzlich ist es aber m\u00f6glich, diese Dateien z.B. auch \u00fcber Kodi direkt aufzurufen.<\/p>\n<p><a href=\"https:\/\/archivista.ch\/cms\/wp-content\/uploads\/2020\/05\/av-2020-v-4.jpg\"><img loading=\"lazy\" decoding=\"async\" class=\"alignnone size-full wp-image-6478\" src=\"https:\/\/archivista.ch\/cms\/wp-content\/uploads\/2020\/05\/av-2020-v-4.jpg\" alt=\"\" width=\"600\" height=\"338\" srcset=\"https:\/\/archivista.ch\/cms\/wp-content\/uploads\/2020\/05\/av-2020-v-4.jpg 600w, https:\/\/archivista.ch\/cms\/wp-content\/uploads\/2020\/05\/av-2020-v-4-300x169.jpg 300w\" sizes=\"auto, (max-width: 600px) 100vw, 600px\" \/><\/a><\/p>\n<p>Erfreuliche Neuigkeiten gibt es bei der Lizenzierung. Da bei multimedialen Inhalten immense Datenmengen anfallen, haben wir uns entschieden, die extern gelagerten Quelldateien (ca. 95 bis 98 Prozent der Daten) nicht f\u00fcr die Limite der jeweiligen ArchivistaBox zu z\u00e4hlen.<\/p>\n<p>Es ist daher z.B. m\u00f6glich, eine Archivista K2 oder Everest mit der Lizenz einer ArchivistaBox S\u00e4ntis zu betreiben. Die 50 GByte der ArchivitaBox S\u00e4ntis reichen plus\/minus f\u00fcr ca. 2 TByte Filmmaterial. Weiteres Beispiel: Bei der ArchivistaBox Eiger (400 GByte Strukturdateien) k\u00f6nnen bis zu 14 TByte archiviert werden. Dies entspricht in etwa 1&#8217;200 Stunden Material in 4K-Qualit\u00e4t bzw. ca. 5000 Stunden in FullHD Qualit\u00e4t.<\/p>\n<p>L\u00f6sungen jenseits von ca. 30 TByte k\u00f6nnen optional auch mit einer rackbasierten Box realisiert werden. Bei 2 H\u00f6heneinheiten (2HE) k\u00f6nnen multimediale Archive mit bis zu 4 TByte Strukturdaten sowie 140 TByte Kapazit\u00e4t f\u00fcr Filme aufgebaut werden. Dies entspricht in 4K ca. 12&#8217;000, in FullHD gute 48&#8217;000 Stunden Kapazit\u00e4t.<\/p>\n<p><a href=\"https:\/\/archivista.ch\/cms\/wp-content\/uploads\/2020\/05\/archivista-4642-3.jpg\"><img loading=\"lazy\" decoding=\"async\" class=\"alignnone size-full wp-image-6472\" src=\"https:\/\/archivista.ch\/cms\/wp-content\/uploads\/2020\/05\/archivista-4642-3.jpg\" alt=\"\" width=\"798\" height=\"448\" srcset=\"https:\/\/archivista.ch\/cms\/wp-content\/uploads\/2020\/05\/archivista-4642-3.jpg 798w, https:\/\/archivista.ch\/cms\/wp-content\/uploads\/2020\/05\/archivista-4642-3-300x168.jpg 300w, https:\/\/archivista.ch\/cms\/wp-content\/uploads\/2020\/05\/archivista-4642-3-768x431.jpg 768w, https:\/\/archivista.ch\/cms\/wp-content\/uploads\/2020\/05\/archivista-4642-3-600x337.jpg 600w, https:\/\/archivista.ch\/cms\/wp-content\/uploads\/2020\/05\/archivista-4642-3-624x350.jpg 624w\" sizes=\"auto, (max-width: 798px) 100vw, 798px\" \/><\/a><\/p>\n<h2>Dubletten herausfiltern<\/h2>\n<p>Viele multimediale Sammlungen beginnen mit Speicherkonzepten auf SD-Karten und Festplatten. Die Anzahl der Datentr\u00e4ger wandert dabei kontinuierlich im Laufe der Zeit in die H\u00f6he (im sprichw\u00f6rtlichsten Sinne).<\/p>\n<p>Mit der Zeit gibt es eine Unmenge an Datentr\u00e4gern, die teilweise auch die gleichen Dateien (Sicherungen) enthalten. Damit diese Dubletten nicht m\u00fchsam herausgesucht werden m\u00fcssen, \u00fcbernimmt ArchivistaDMS diese Aufgabe.<\/p>\n<p>Mit der Option &#8218;Doppelte Daten ignorieren&#8216; werden Dubletten automatisch herausgefiltert. Will heissen, gleiche Dateien werden nur einmal im Archiv erfasst, da bei jedem Import immer \u00fcberpr\u00fcft wird, ob nicht bereits eine gleiche Datei schon im Archiv vorhanden ist. Trifft dies zu, wird die zweite Datei in einem separaten Verzeichnis (zur Nachkontrolle) abgelegt.<\/p>\n<h2>Schnelle Thumbnail-Ansicht<\/h2>\n<p>F\u00fcr eine effiziente Voransicht der Clips werden ab Version 2020\/V von allen Dateien kleine Vorschaubilder (Thumbs) erstellt. Diese werden f\u00fcr die Ansicht im Photomodus (drittes Icons von links) verwendet. Bisher wurden diese Thumbs immer on-the-fly erstellt, was bei gr\u00f6sseren Archiven zu einer relativ langsamen Anzeige der Vorschaubilder f\u00fchrte.<\/p>\n<p><a href=\"https:\/\/archivista.ch\/cms\/wp-content\/uploads\/2020\/05\/av2020-v-5.jpg\"><img loading=\"lazy\" decoding=\"async\" class=\"alignnone size-full wp-image-6480\" src=\"https:\/\/archivista.ch\/cms\/wp-content\/uploads\/2020\/05\/av2020-v-5.jpg\" alt=\"\" width=\"600\" height=\"338\" srcset=\"https:\/\/archivista.ch\/cms\/wp-content\/uploads\/2020\/05\/av2020-v-5.jpg 600w, https:\/\/archivista.ch\/cms\/wp-content\/uploads\/2020\/05\/av2020-v-5-300x169.jpg 300w\" sizes=\"auto, (max-width: 600px) 100vw, 600px\" \/><\/a><\/p>\n<p>F\u00fcr bestehende Archive k\u00f6nnen die Vorschaubilder mit dem Skript <strong>&#8218;createthumbsfirst.pl&#8216;<\/strong> im Ordner &#8218;\/home\/cvs\/archivista\/jobs&#8216; nachtr\u00e4glich erstellt werden. Die Ansicht im Fotomodus kann damit um einige hundert Prozent gesteigert werden.<\/p>\n<h2>Import und Bearbeiten von RAW-Dateien<\/h2>\n<p>Ambitionierte Fotografen speichern Bilder nicht im JPEG- sondern im RAW-Format. Damit diese RAW-Bilder dennoch mit ArchivistaDMS verarbeitet werden k\u00f6nnen, gibt es auf der ArchivistaBox (ebenso auf AVMultimedia) das RAW-Tool Darktable.<\/p>\n<p><a href=\"https:\/\/archivista.ch\/cms\/wp-content\/uploads\/2020\/05\/av-2020-v-2.jpg\"><img loading=\"lazy\" decoding=\"async\" class=\"alignnone size-full wp-image-6469\" src=\"https:\/\/archivista.ch\/cms\/wp-content\/uploads\/2020\/05\/av-2020-v-2.jpg\" alt=\"\" width=\"600\" height=\"338\" srcset=\"https:\/\/archivista.ch\/cms\/wp-content\/uploads\/2020\/05\/av-2020-v-2.jpg 600w, https:\/\/archivista.ch\/cms\/wp-content\/uploads\/2020\/05\/av-2020-v-2-300x169.jpg 300w\" sizes=\"auto, (max-width: 600px) 100vw, 600px\" \/><\/a><\/p>\n<p>F\u00fcr den Import nach ArchivistaDMS wird &#8218;darktable-cli&#8216; verwendet. Damit werden von den RAW-Bildern f\u00fcr die Vorschau JPEG-Dateien erstellt, die origin\u00e4ren RAW-Dateien sind \u00fcber den Link &#8218;Datei&#8216; verf\u00fcgbar.<\/p>\n<h2>Export von Quelldateien<\/h2>\n<p>Der Export von einzelnen Quelldateien \u00fcber das Web-Interface von ArchivistaDMS ist praktisch, bei z.T. hunderten von Clips f\u00fcr ein Projekt w\u00e4re es aber doch arg m\u00fchsam, m\u00fcssten diese Daten einzeln heruntergeladen werden. Darum ist es neu m\u00f6glich, von einer jeden Auswahl einen Export der Quelldateien vorzunehmen. Die generierten Dateien finden sich darauf im Freigabeordner bzw. dort im &#8218;temp&#8216;-Verzeichnis der ArchivistaBox.<\/p>\n<h2>Kdenlive in Version 20.04 an Board<\/h2>\n<p>Sowohl bei der ArchivistaBox als auch bei AVMultimedia steht neu Kdenlive 20.04 zur Verf\u00fcgung. Speziell hervorgehoben sei das neue OTIO-Austauschformat. Damit k\u00f6nnen Projekte mit Final Cut 7 XML, Final Cut Pro X XML und Adobe Premiere ausgetauscht werden.<\/p>\n<p><a href=\"https:\/\/archivista.ch\/cms\/wp-content\/uploads\/2020\/05\/av-2020-v-3.jpg\"><img loading=\"lazy\" decoding=\"async\" class=\"alignnone size-full wp-image-6468\" src=\"https:\/\/archivista.ch\/cms\/wp-content\/uploads\/2020\/05\/av-2020-v-3.jpg\" alt=\"\" width=\"600\" height=\"338\" srcset=\"https:\/\/archivista.ch\/cms\/wp-content\/uploads\/2020\/05\/av-2020-v-3.jpg 600w, https:\/\/archivista.ch\/cms\/wp-content\/uploads\/2020\/05\/av-2020-v-3-300x169.jpg 300w\" sizes=\"auto, (max-width: 600px) 100vw, 600px\" \/><\/a><\/p>\n<p>Zum Abschluss ein Tipp f\u00fcr all jene, welche mit bescheidener Hardware effizient mit Kdenlive arbeiten m\u00f6chten. Es lohnt sich, \u00fcber <strong>&#8218;Projekt&#8216;<\/strong> und <strong>&#8218;Projekteinstellungen&#8216;<\/strong> im Tab <strong>&#8218;Proxy&#8216;<\/strong> die Option <strong>&#8218;Proxy-Clips&#8216;<\/strong> aktivieren&#8216;. Dabei werden verkleinerte Vorschau-Kopien der Clips erstellt, mit denen sehr effizient in den Projekten gearbeitet werden kann.<\/p>\n\n\n\n\t<div class=\"dkpdf-button-container\" style=\"            text-align:right \">\n\n\t\t<a class=\"dkpdf-button\" href=\"\/cms\/wp-json\/wp\/v2\/pages\/6463?pdf=6463\" target=\"_blank\"><span class=\"dkpdf-button-icon\"><i class=\"fa fa-file-pdf-o\"><\/i><\/span> PDF Button<\/a>\n\n\t<\/div>\n\n\n\n\n\n","protected":false},"excerpt":{"rendered":"<p>Ein bunter Strauss an Neuerungen Egg, 20. Mail 2020: Mit der aktuellen Version gestaltet sich das Archivieren und Management von multimedialen Inhalten nochmals wesentlich einfacher. Warum dies so ist, davon handelt dieser Blog. Multimediale Metadaten Mit dem neuen Release k\u00f6nnen die wichtigsten Metadaten (L\u00e4nge, Frames, Gr\u00f6sse, etc) automatisch im Archiv erfasst werden. Die entsprechenden Felder [&hellip;]<\/p>\n","protected":false},"author":1,"featured_media":0,"parent":6768,"menu_order":87,"comment_status":"closed","ping_status":"closed","template":"","meta":{"_acf_changed":false,"footnotes":""},"class_list":["post-6463","page","type-page","status-publish","hentry"],"acf":[],"_links":{"self":[{"href":"https:\/\/archivista.ch\/cms\/wp-json\/wp\/v2\/pages\/6463","targetHints":{"allow":["GET"]}}],"collection":[{"href":"https:\/\/archivista.ch\/cms\/wp-json\/wp\/v2\/pages"}],"about":[{"href":"https:\/\/archivista.ch\/cms\/wp-json\/wp\/v2\/types\/page"}],"author":[{"embeddable":true,"href":"https:\/\/archivista.ch\/cms\/wp-json\/wp\/v2\/users\/1"}],"replies":[{"embeddable":true,"href":"https:\/\/archivista.ch\/cms\/wp-json\/wp\/v2\/comments?post=6463"}],"version-history":[{"count":9,"href":"https:\/\/archivista.ch\/cms\/wp-json\/wp\/v2\/pages\/6463\/revisions"}],"predecessor-version":[{"id":6485,"href":"https:\/\/archivista.ch\/cms\/wp-json\/wp\/v2\/pages\/6463\/revisions\/6485"}],"up":[{"embeddable":true,"href":"https:\/\/archivista.ch\/cms\/wp-json\/wp\/v2\/pages\/6768"}],"wp:attachment":[{"href":"https:\/\/archivista.ch\/cms\/wp-json\/wp\/v2\/media?parent=6463"}],"curies":[{"name":"wp","href":"https:\/\/api.w.org\/{rel}","templated":true}]}}