{"id":6491,"date":"2020-06-15T05:00:18","date_gmt":"2020-06-15T03:00:18","guid":{"rendered":"http:\/\/archivista.ch\/cms\/?page_id=6491"},"modified":"2020-12-28T10:36:31","modified_gmt":"2020-12-28T09:36:31","slug":"avmultiphone","status":"publish","type":"page","link":"https:\/\/archivista.ch\/cms\/de\/aktuell-blog\/blogs-2020\/avmultiphone\/","title":{"rendered":"AVMultiPhone"},"content":{"rendered":"<h1>Telefon und Linux-Desktop zugleich<\/h1>\n<p><em><strong>Egg, 15. Juni 2020:<\/strong> AVMultimedia hat &#8222;Nachwuchs&#8220; bekommen. Mit AVMultiPhone steht ab sofort eine neue Version der AVMultimedia-Distribution zur Verf\u00fcgung, die Smartphone und Linux-Desktop zugleich ist. Warum dies viel Sinn ergibt und wie es dazu kam, davon handelt dieser Blog.<\/em><\/p>\n<p><a href=\"https:\/\/archivista.ch\/cms\/wp-content\/uploads\/2020\/06\/avphone-desktop.jpg\"><img loading=\"lazy\" decoding=\"async\" class=\"alignnone size-full wp-image-6498\" src=\"https:\/\/archivista.ch\/cms\/wp-content\/uploads\/2020\/06\/avphone-desktop.jpg\" alt=\"\" width=\"1440\" height=\"720\" srcset=\"https:\/\/archivista.ch\/cms\/wp-content\/uploads\/2020\/06\/avphone-desktop.jpg 1440w, https:\/\/archivista.ch\/cms\/wp-content\/uploads\/2020\/06\/avphone-desktop-300x150.jpg 300w, https:\/\/archivista.ch\/cms\/wp-content\/uploads\/2020\/06\/avphone-desktop-768x384.jpg 768w, https:\/\/archivista.ch\/cms\/wp-content\/uploads\/2020\/06\/avphone-desktop-1024x512.jpg 1024w, https:\/\/archivista.ch\/cms\/wp-content\/uploads\/2020\/06\/avphone-desktop-600x300.jpg 600w, https:\/\/archivista.ch\/cms\/wp-content\/uploads\/2020\/06\/avphone-desktop-624x312.jpg 624w\" sizes=\"auto, (max-width: 1440px) 100vw, 1440px\" \/><\/a><\/p>\n<h2>AVMultiPhone: Das erste &#8222;echte&#8220; Linux-Smartphone<\/h2>\n<p>Vor einigen Monaten wurde an dieser Stelle berichtet, wie <a href=\"https:\/\/archivista.ch\/cms\/de\/aktuell-blog\/frei-mit-android\/\"><strong>Android-Smartphones m\u00f6glichst &#8222;frei&#8220; (d.h. mit Open Source)<\/strong><\/a> best\u00fcckt werden k\u00f6nnen. Dieser Vorgang ist alles andere als\u00a0 einfach. Entscheidender aber ist, dass das Android-\u00d6kosystem (analog zum Apfel-Kosmos) generell nicht offen ist, um Smartphones nach eigenen Anforderungen best\u00fccken zu k\u00f6nnen.<\/p>\n<p>Vor mehr als zehn Jahren kam zwar das <strong><a href=\"https:\/\/archivista.ch\/cms\/de\/aktuell-blog\/blogs-2010\/scannen-mit-handy\/\">Nokia N900 als Linux-Handy auf den Markt (siehe dazu hier),<\/a><\/strong> doch wirklich frei war das Teil nicht. Ein erheblicher Teil der Software wurde von Nokia unter Verschluss behalten.<\/p>\n<p>Das N900 war damals technisch gesehen allen anderen Smartphones weit \u00fcberlegen. Nur leider kam das N900 einige Jahre zu sp\u00e4t, insbesondere der Apfel-Konzern agierte mit dem Anbieten der Apps weit gl\u00fccklicher als dies bei Nokia der Fall war. 2011\/12 wurde Nokia durch Microsoft \u00fcbernommen. Das N900 war zwar ausgereift, aber Microsoft hatte keine Lust, ein Linux-Ger\u00e4t zu vermarkten.<\/p>\n<p>Danach wurde es f\u00fcr fast ein Jahrzehnt still um native Linux-Smartphones. Es gab zwar Ger\u00e4te wie <strong><a href=\"http:\/\/openmoko.com\">OpenMonko,<\/a><\/strong> doch waren die Eckdaten derart &#8222;schwach&#8220;, dass es nie wirklich \u00fcber die Projektierungsphase hinwegkam.<\/p>\n<p>In der Zwischenzeit konnte Android ungehindert seinen Siegeszug antreten. Damit arbeitet zwar ein Linux-Kernel im Unterbau, doch ist Android derart mit den \u00fcbrigen Diensten des Suchgiganten verzahnt, dass von einem offenen Smartphone nicht die Rede sein kann.<\/p>\n<p>Zwischen 2011 und 2017 gab es einen Versuch von Ubuntu, Linux mit <strong><a href=\"https:\/\/ubuntu-touch.io\">UbuntuTouch<\/a><\/strong> auf das Smartphone zu portieren, doch wurde das Projekt im Jahre 2017 aufgegeben bzw. an die Community \u00fcbergeben, ohne dass es dazu mehr als ein zwei Nischenger\u00e4te gab. Ende 2017 wurde mit dem <strong><a href=\"https:\/\/puri.sm\/products\/librem-5\/\">Librem5 von Purism<\/a><\/strong> ein weiterer Versuch gestartet, der bis heute nicht abgeschlossen ist.<\/p>\n<p><a href=\"https:\/\/archivista.ch\/cms\/wp-content\/uploads\/2020\/06\/avphone-call.jpg\"><img loading=\"lazy\" decoding=\"async\" class=\"alignnone wp-image-6500 size-medium\" src=\"https:\/\/archivista.ch\/cms\/wp-content\/uploads\/2020\/06\/avphone-call-150x300.jpg\" alt=\"\" width=\"150\" height=\"300\" srcset=\"https:\/\/archivista.ch\/cms\/wp-content\/uploads\/2020\/06\/avphone-call-150x300.jpg 150w, https:\/\/archivista.ch\/cms\/wp-content\/uploads\/2020\/06\/avphone-call-300x600.jpg 300w, https:\/\/archivista.ch\/cms\/wp-content\/uploads\/2020\/06\/avphone-call-512x1024.jpg 512w, https:\/\/archivista.ch\/cms\/wp-content\/uploads\/2020\/06\/avphone-call-600x1200.jpg 600w, https:\/\/archivista.ch\/cms\/wp-content\/uploads\/2020\/06\/avphone-call-624x1248.jpg 624w, https:\/\/archivista.ch\/cms\/wp-content\/uploads\/2020\/06\/avphone-call.jpg 720w\" sizes=\"auto, (max-width: 150px) 100vw, 150px\" \/><\/a><a href=\"https:\/\/archivista.ch\/cms\/wp-content\/uploads\/2020\/06\/avphone-call2.jpg\"> \u00a0\u00a0 <img loading=\"lazy\" decoding=\"async\" class=\"alignnone wp-image-6499 size-medium\" src=\"https:\/\/archivista.ch\/cms\/wp-content\/uploads\/2020\/06\/avphone-call2-150x300.jpg\" alt=\"\" width=\"150\" height=\"300\" srcset=\"https:\/\/archivista.ch\/cms\/wp-content\/uploads\/2020\/06\/avphone-call2-150x300.jpg 150w, https:\/\/archivista.ch\/cms\/wp-content\/uploads\/2020\/06\/avphone-call2-300x600.jpg 300w, https:\/\/archivista.ch\/cms\/wp-content\/uploads\/2020\/06\/avphone-call2-512x1024.jpg 512w, https:\/\/archivista.ch\/cms\/wp-content\/uploads\/2020\/06\/avphone-call2-600x1200.jpg 600w, https:\/\/archivista.ch\/cms\/wp-content\/uploads\/2020\/06\/avphone-call2-624x1248.jpg 624w, https:\/\/archivista.ch\/cms\/wp-content\/uploads\/2020\/06\/avphone-call2.jpg 720w\" sizes=\"auto, (max-width: 150px) 100vw, 150px\" \/><\/a><\/p>\n<p>Und doch gibt es 2020 eine Chance, dass sich der Markt ver\u00e4ndern k\u00f6nnte. Mit dem <a href=\"https:\/\/www.pine64.org\/pinephone\/\"><strong>PinePhone,<\/strong><\/a> das 2019 angek\u00fcndigt und anfangs 2020 erstmalig ausgeliefert wurde, steht ein Smartphone zur Verf\u00fcgung, das frei mit Linux best\u00fcckt werden kann. Wichtiger f\u00fcr den Erfolg von PinePhone d\u00fcrfte allerdings sein, dass das Smartphone mit ca. 150 Franken (149 USD) preiswert ist.<\/p>\n<p>Aktuell wird das PinePhone mit <strong><a href=\"https:\/\/ubuntu-touch.io\">UBPorts (dem offenen Nachfolger von UbuntuTouch)<\/a><\/strong> ausgeliefert. UBPorts ist recht ausgereift und verf\u00fcgt \u00fcber einen erstaunlich grossen App-Store. Allerdings k\u00f6nnen &#8222;Normalsterbliche&#8220; \u00fcbliche Linux-Programme unter UBPorts nicht nachr\u00fcsten.<\/p>\n<p>Daneben gibt es mehrere Versuche, die Software des Librem mit einem anderen Linux-Unterbau auszuliefern, die bekanntesten Varianten sind <a href=\"https:\/\/mobian-project.org\/\"><strong>Mobian Phosh<\/strong><\/a> und <a href=\"http:\/\/postmarketos.org\/\"><strong>PostmarketOS Phosh.<\/strong><\/a> So sehr die &#8222;Phosh&#8220;-Vertreter einen normalen Linux-Unterbau haben, so wenig ist es m\u00f6glich, mit Desktop-Software darauf zu arbeiten. Dies deshalb, weil Phosh beim Bildschirm-Management eine Saklierung auf 1:2 vornimmt.<\/p>\n<p>Das hat zwar den Vorteil, dass Icons und Schriftgr\u00f6sse gut lesbar sind, nur laufen bei einer Aufl\u00f6sung von 720 x 360 Pixeln \u00fcbliche Linux-Programme meist nicht. Dabei hat das PinePhone ja immerhin eine Aufl\u00f6sung von 1440&#215;720 Pixeln.<\/p>\n<p>F\u00fcr aktuelle Smartphones mag das &#8222;mager&#8220; erscheinen, doch erstens kostet das PinePhone ja auch nur ca. 150 Franken und zweitens reicht eine Aufl\u00f6sung von 1440&#215;720 Pixeln durchaus aus, um das PinePhone mit einem klassischen Linux-Desktop zu best\u00fccken.<\/p>\n<p>Und genau hier setzt AVMultiPhone an. Es geht bei AVMultiPhone nicht darum, s\u00e4mtliche Features der aktuellen Smartphones mit Linux nachzubildern, vielmehr bietet AVMultiPhone einen Linux-Desktop auf dem Smartphone, mit dem nat\u00fcrlich und selbstverst\u00e4ndlich auch Telefonate gef\u00fchrt und SMS versendet werden k\u00f6nnen. Und darum ist AVMultiPhone das erste echte Linux-Smartphone.<\/p>\n<p><a href=\"https:\/\/archivista.ch\/cms\/wp-content\/uploads\/2020\/06\/avphone-office.jpg\"><img loading=\"lazy\" decoding=\"async\" class=\"alignnone size-full wp-image-6496\" src=\"https:\/\/archivista.ch\/cms\/wp-content\/uploads\/2020\/06\/avphone-office.jpg\" alt=\"\" width=\"1440\" height=\"720\" srcset=\"https:\/\/archivista.ch\/cms\/wp-content\/uploads\/2020\/06\/avphone-office.jpg 1440w, https:\/\/archivista.ch\/cms\/wp-content\/uploads\/2020\/06\/avphone-office-300x150.jpg 300w, https:\/\/archivista.ch\/cms\/wp-content\/uploads\/2020\/06\/avphone-office-768x384.jpg 768w, https:\/\/archivista.ch\/cms\/wp-content\/uploads\/2020\/06\/avphone-office-1024x512.jpg 1024w, https:\/\/archivista.ch\/cms\/wp-content\/uploads\/2020\/06\/avphone-office-600x300.jpg 600w, https:\/\/archivista.ch\/cms\/wp-content\/uploads\/2020\/06\/avphone-office-624x312.jpg 624w\" sizes=\"auto, (max-width: 1440px) 100vw, 1440px\" \/><\/a><\/p>\n<h2>10 Gr\u00fcnde f\u00fcr den Linux-Desktop auf dem Smartphone<\/h2>\n<ul>\n<li>Erstens bin ich mit einem Linux-Smartphone komplett autark. Ich kann s\u00e4mtliche Desktop-Aufgaben direkt auf dem Ger\u00e4t ausf\u00fchren.<\/li>\n<li>Zweitens ben\u00f6tige ich daf\u00fcr keine Cloud, die Daten bleiben auf dem Ger\u00e4t und ich kann jederzeit eine Kopie auf einen zweiten Datentr\u00e4ger ziehen.<\/li>\n<li>Drittens kann ich jederzeit unterwegs die SD-Karte tauschen, ja AVMultiPhone l\u00e4uft aktuell direkt ab SD-Karte.<\/li>\n<li>Viertens kann ich \u00fcber USB und\/oder WLAN den Desktop jederzeit auf einen gr\u00f6sseren Bildschirm spiegeln-<\/li>\n<li>F\u00fcnftens stehen mir (fast) alle Linux-Programme zur Verf\u00fcgung, die ich jederzeit ohne Zwang zur Registrierung nutzen kann.<\/li>\n<li>Sechstens muss ich keine Daten mehr zwischen Smartphone und Desktop hin- und herkopieren, weil ich alles auf einem Ger\u00e4t verf\u00fcgbar habe.<\/li>\n<li>Siebtens ist es einfach nur cool, auf einem ganz normalen Linux-Desktop ganz normal zu telefonieren oder SMS zu empfangen oder zu erhalten.<\/li>\n<li>Achtens eignet sich AVMultiPhone f\u00fcr alle Altersstufen. Eltern sch\u00e4tzen ein Ger\u00e4t, dass keine Daten sammelt, Kids landen nicht in der App-Sucht und \u00e4ltere Menschen erhalten ein Ger\u00e4t, das sehr einfach zu bedienen ist.<\/li>\n<li>Neuntens ist AVMultiPhone Open Source und darf frei verwendet und auch erweitert werden.<\/li>\n<li>Zehntens ist AVMultiPhone sehr schlank. Mit ca. 1 GByte an Software sind alle g\u00e4ngigen Desktop-Applikationen enthalten: LibreOffice, GIMP, Inkscape, Paint, Kodi sowie VLC\/MPV (Medienplayer), um nur die wichtigsten Programme zu nennen.<\/li>\n<\/ul>\n<h2>AVMultiPhone ist portabel und schlank wie rank<\/h2>\n<p>AVMultiPhone basiert auf <strong><a href=\"http:\/\/postmarketos.org\/\">PostmarketOS,<\/a><\/strong> das wiederum auf <strong><a href=\"https:\/\/www.alpinelinux.org\/\">Alpine Linux<\/a><\/strong> basiert. Alpine Linux arbeitet mit BusyBox und Musl. &#8222;Normalsterbliche&#8220; d\u00fcrften bei diesen Begriffen nur &#8222;Bahnhof&#8220; verstehen. Gesagt sei an dieser Stelle, dass Programme unter Alpine Linux massiv weniger Speicher ben\u00f6tigen, weil die verwendeten Bibliotheken (BusyBox wie Musl) sparsamer mit den Ressourcen umgehen.<\/p>\n<p>Dazu ein Vergleich: AVMultiPhone ben\u00f6tigt ca. 1 GByte (inkl. aller Desktop-Applikationen). Diese Gr\u00f6sse erreicht Mobian alleine schon mit dem Basis-System. Der Unterschied im Speed von AVMultiPhone zu Mobian ist erklecklich. Obwohl bei Mobian eine drei bis viermal schnellere SD-Karte verwendet wurde, dauert das Starten von LibreOffice weit \u00fcber 20 Sekunden, bei AVMultiPhone sind es ca. 6 Sekunden.<\/p>\n<p>Dadurch, dass AVMultiPhone auf PostmarketOS aufbaut, l\u00e4sst sich AVMultiPhone auf aktuell \u00fcber 200 Ger\u00e4te portieren. Mobian l\u00e4uft aktuell genau auf dem PinePhone. Ein Blick zu <strong><a href=\"https:\/\/lineageos.org\/\">LinageOS<\/a><\/strong> und <strong><a href=\"https:\/\/e.foundation\">System \/e\/<\/a><\/strong> zeigt, dass beide freien Android-Vertreter nicht einmal die H\u00e4ltfe an Anzahl Ger\u00e4ten unterst\u00fctzen.<\/p>\n<p><a href=\"https:\/\/archivista.ch\/cms\/wp-content\/uploads\/2020\/06\/avphone-menu.jpg\"><img loading=\"lazy\" decoding=\"async\" class=\"alignnone wp-image-6497 size-medium\" src=\"https:\/\/archivista.ch\/cms\/wp-content\/uploads\/2020\/06\/avphone-menu-150x300.jpg\" alt=\"\" width=\"150\" height=\"300\" srcset=\"https:\/\/archivista.ch\/cms\/wp-content\/uploads\/2020\/06\/avphone-menu-150x300.jpg 150w, https:\/\/archivista.ch\/cms\/wp-content\/uploads\/2020\/06\/avphone-menu-300x600.jpg 300w, https:\/\/archivista.ch\/cms\/wp-content\/uploads\/2020\/06\/avphone-menu-512x1024.jpg 512w, https:\/\/archivista.ch\/cms\/wp-content\/uploads\/2020\/06\/avphone-menu-600x1200.jpg 600w, https:\/\/archivista.ch\/cms\/wp-content\/uploads\/2020\/06\/avphone-menu-624x1248.jpg 624w, https:\/\/archivista.ch\/cms\/wp-content\/uploads\/2020\/06\/avphone-menu.jpg 720w\" sizes=\"auto, (max-width: 150px) 100vw, 150px\" \/> \u00a0\u00a0 <\/a><a href=\"https:\/\/archivista.ch\/cms\/wp-content\/uploads\/2020\/06\/avphone-wlan.jpg\"><img loading=\"lazy\" decoding=\"async\" class=\"alignnone wp-image-6494 size-medium\" src=\"https:\/\/archivista.ch\/cms\/wp-content\/uploads\/2020\/06\/avphone-wlan-150x300.jpg\" alt=\"\" width=\"150\" height=\"300\" srcset=\"https:\/\/archivista.ch\/cms\/wp-content\/uploads\/2020\/06\/avphone-wlan-150x300.jpg 150w, https:\/\/archivista.ch\/cms\/wp-content\/uploads\/2020\/06\/avphone-wlan-300x600.jpg 300w, https:\/\/archivista.ch\/cms\/wp-content\/uploads\/2020\/06\/avphone-wlan-512x1024.jpg 512w, https:\/\/archivista.ch\/cms\/wp-content\/uploads\/2020\/06\/avphone-wlan-600x1200.jpg 600w, https:\/\/archivista.ch\/cms\/wp-content\/uploads\/2020\/06\/avphone-wlan-624x1248.jpg 624w, https:\/\/archivista.ch\/cms\/wp-content\/uploads\/2020\/06\/avphone-wlan.jpg 720w\" sizes=\"auto, (max-width: 150px) 100vw, 150px\" \/><\/a><\/p>\n<h2>In zehn Schritten zum Start mit dem AVMultiPhone<\/h2>\n<p>Um mit AVMultiPhone arbeiten zu k\u00f6nnen, sind aktuell folgende Punkte zu empfehlen.<\/p>\n<ol>\n<li>Datei ab <strong><a href=\"https:\/\/sourceforge.net\/projects\/archivista\/files\/pinephone\/\">sourceforge.net<\/a><\/strong> oder <strong><a href=\"https:\/\/de.osdn.net\/projects\/avmultimedia\/releases\/73167\">osdn.net<\/a><\/strong> beziehen. Die Datei findet sich im PinePhone-Order (aktueller Name postav_200616final.img.gz).<\/li>\n<li>Linux-Konsole \u00f6ffnen und folgenden Befehl eingeben: <strong>gunzip -c | dd of=\/dev\/sdx bs=64M<\/strong> (sdx ist durch den Buchstaben der SD-Karte zu ersetzen).<\/li>\n<li>SD-Karte bei ausgeschaltetem PinePhone einlegen und das Ger\u00e4t starten<\/li>\n<li>Beim Startscreen ist das Default-Passwort f\u00fcr den Benutzer &#8218;archivista&#8216; einzugeben. Aktuell ist dies: <strong>1234 (root-Passwort ebenfalls: 1234).<\/strong><\/li>\n<li>Nach dem Anmelden erfolgt die Abfrage des SIM-Passwortes (sofern eine Karte eingelegt ist).<\/li>\n<li>Bildschirm wird \u00fcber blaues Icon oben rechts gedreht zwischen Hoch- und Querformat.<\/li>\n<li>\u00a0Alle Programme finden sich im Men\u00fc-Icon ganz links.<\/li>\n<li>WiFi und andere Netzwerkverbindungen werden \u00fcber das vierte Icon von Links (Netzwerk-Manager) eingerichtet.<\/li>\n<li>Die Lautst\u00e4rke des Tons l\u00e4sst sich direkt \u00fcber die Tasten des Telefons steuern.<\/li>\n<li>Ein Klick auf den Ausschalt-Button f\u00fchrt zum Abmelden (danach kann mit nochmaligem Klick auf den Button wieder angemeldet werden).<\/li>\n<\/ol>\n<h2>AVMultiPhone: Fazit und Ausblick<\/h2>\n<p>AVMultiPhone bietet auf dem PinePhone einen vollwertigen Linux-Desktop mit integriertem Telefon. AVMultiPhone ist entstanden, weil es bislang keinen Linux-Desktop auf dem Smartphone gibt. Die Entwicklung auf dem PinePhone ist nicht abgeschlossen (dies gilt f\u00fcr s\u00e4mtliche PinePhone-Distributionen). Aktuell nicht so toll ist, dass es keine Unterst\u00fctzung f\u00fcr die Kamera gibt. Es darf damit gerechnet werden, dass diese Funktionalit\u00e4t in n\u00e4chster Zeit verf\u00fcgbar sein wird (erste User schildern erfolgreiche Aktivierung).<\/p>\n<p><a href=\"https:\/\/archivista.ch\/cms\/wp-content\/uploads\/2020\/06\/avphone-surf.jpg\"><img loading=\"lazy\" decoding=\"async\" class=\"alignnone size-full wp-image-6495\" src=\"https:\/\/archivista.ch\/cms\/wp-content\/uploads\/2020\/06\/avphone-surf.jpg\" alt=\"\" width=\"1440\" height=\"720\" srcset=\"https:\/\/archivista.ch\/cms\/wp-content\/uploads\/2020\/06\/avphone-surf.jpg 1440w, https:\/\/archivista.ch\/cms\/wp-content\/uploads\/2020\/06\/avphone-surf-300x150.jpg 300w, https:\/\/archivista.ch\/cms\/wp-content\/uploads\/2020\/06\/avphone-surf-768x384.jpg 768w, https:\/\/archivista.ch\/cms\/wp-content\/uploads\/2020\/06\/avphone-surf-1024x512.jpg 1024w, https:\/\/archivista.ch\/cms\/wp-content\/uploads\/2020\/06\/avphone-surf-600x300.jpg 600w, https:\/\/archivista.ch\/cms\/wp-content\/uploads\/2020\/06\/avphone-surf-624x312.jpg 624w\" sizes=\"auto, (max-width: 1440px) 100vw, 1440px\" \/><\/a><\/p>\n<p>Im Grundumfang wird aktuell die englische Version ausgeliefert. Andere Sprachen k\u00f6nnen nachger\u00fcstet werden. Dazu ist das Paket-Management von Alpine Linux zu verwenden. Konsole starten und mit &#8218;apk search xyz&#8216; nach Paketen suchen und mit &#8218;apk add xyz&#8216; die gew\u00fcnschte Software installieren.<\/p>\n<p>Wie schnell und ausgiebig AVMultiPhone weiterentwickelt wird, h\u00e4ngt vom Interesse der User\/innen ab. Anfragen f\u00fcr spezielle Implementierungen werden gerne (nach M\u00f6glichkeit, prim\u00e4r Zeit) umgesetzt.<\/p>\n<p>Abschliessend sei gesagt, dass AVMultiPhone eindr\u00fccklich zeigt, mit wie wenig Aufwand mit Open Source mehr als nur gute\u00a0 Ergebnisse erzielt werden k\u00f6nnen. Oder anders herum gesagt, wie etwas in einer Woche entstehen kann, worauf zuvor zehn Jahre gewartet werden musste.<\/p>\n\n\n\n\t<div class=\"dkpdf-button-container\" style=\"            text-align:right \">\n\n\t\t<a class=\"dkpdf-button\" href=\"\/cms\/wp-json\/wp\/v2\/pages\/6491?pdf=6491\" target=\"_blank\"><span class=\"dkpdf-button-icon\"><i class=\"fa fa-file-pdf-o\"><\/i><\/span> PDF Button<\/a>\n\n\t<\/div>\n\n\n\n\n\n","protected":false},"excerpt":{"rendered":"<p>Telefon und Linux-Desktop zugleich Egg, 15. Juni 2020: AVMultimedia hat &#8222;Nachwuchs&#8220; bekommen. Mit AVMultiPhone steht ab sofort eine neue Version der AVMultimedia-Distribution zur Verf\u00fcgung, die Smartphone und Linux-Desktop zugleich ist. Warum dies viel Sinn ergibt und wie es dazu kam, davon handelt dieser Blog. AVMultiPhone: Das erste &#8222;echte&#8220; Linux-Smartphone Vor einigen Monaten wurde an dieser [&hellip;]<\/p>\n","protected":false},"author":1,"featured_media":0,"parent":6768,"menu_order":88,"comment_status":"closed","ping_status":"closed","template":"","meta":{"_acf_changed":false,"footnotes":""},"class_list":["post-6491","page","type-page","status-publish","hentry"],"acf":[],"_links":{"self":[{"href":"https:\/\/archivista.ch\/cms\/wp-json\/wp\/v2\/pages\/6491","targetHints":{"allow":["GET"]}}],"collection":[{"href":"https:\/\/archivista.ch\/cms\/wp-json\/wp\/v2\/pages"}],"about":[{"href":"https:\/\/archivista.ch\/cms\/wp-json\/wp\/v2\/types\/page"}],"author":[{"embeddable":true,"href":"https:\/\/archivista.ch\/cms\/wp-json\/wp\/v2\/users\/1"}],"replies":[{"embeddable":true,"href":"https:\/\/archivista.ch\/cms\/wp-json\/wp\/v2\/comments?post=6491"}],"version-history":[{"count":3,"href":"https:\/\/archivista.ch\/cms\/wp-json\/wp\/v2\/pages\/6491\/revisions"}],"predecessor-version":[{"id":6501,"href":"https:\/\/archivista.ch\/cms\/wp-json\/wp\/v2\/pages\/6491\/revisions\/6501"}],"up":[{"embeddable":true,"href":"https:\/\/archivista.ch\/cms\/wp-json\/wp\/v2\/pages\/6768"}],"wp:attachment":[{"href":"https:\/\/archivista.ch\/cms\/wp-json\/wp\/v2\/media?parent=6491"}],"curies":[{"name":"wp","href":"https:\/\/api.w.org\/{rel}","templated":true}]}}