{"id":6506,"date":"2020-06-30T13:10:31","date_gmt":"2020-06-30T11:10:31","guid":{"rendered":"http:\/\/archivista.ch\/cms\/?page_id=6506"},"modified":"2020-12-28T22:58:10","modified_gmt":"2020-12-28T21:58:10","slug":"preisgeld-1000-euro","status":"publish","type":"page","link":"https:\/\/archivista.ch\/cms\/de\/aktuell-blog\/blogs-2020\/preisgeld-1000-euro\/","title":{"rendered":"Preisgeld 1000 Euro"},"content":{"rendered":"<h1>AVMultiPhone verbessern und gewinnen<\/h1>\n<p><em><strong>Egg, 30. Juni 2020:<\/strong> Im nachfolgenden Blog geht es darum, was die neue Version von AVMultiPhone bietet. Weiter wird aufgezeigt, wie AVMultiPhone an eigene Bed\u00fcrfnisse angepasst werden kann und zudem gibt es f\u00fcr zwei Funktionen, die aktuell fehlen, je 500 Euro zu gewinnen.<br \/>\n<\/em><\/p>\n<p><a href=\"https:\/\/archivista.ch\/cms\/wp-content\/uploads\/2020\/06\/sattelegg1.jpg\"><img loading=\"lazy\" decoding=\"async\" class=\"alignnone size-full wp-image-6510\" src=\"https:\/\/archivista.ch\/cms\/wp-content\/uploads\/2020\/06\/sattelegg1.jpg\" alt=\"\" width=\"798\" height=\"448\" srcset=\"https:\/\/archivista.ch\/cms\/wp-content\/uploads\/2020\/06\/sattelegg1.jpg 798w, https:\/\/archivista.ch\/cms\/wp-content\/uploads\/2020\/06\/sattelegg1-300x168.jpg 300w, https:\/\/archivista.ch\/cms\/wp-content\/uploads\/2020\/06\/sattelegg1-768x431.jpg 768w, https:\/\/archivista.ch\/cms\/wp-content\/uploads\/2020\/06\/sattelegg1-600x337.jpg 600w, https:\/\/archivista.ch\/cms\/wp-content\/uploads\/2020\/06\/sattelegg1-624x350.jpg 624w\" sizes=\"auto, (max-width: 798px) 100vw, 798px\" \/><\/a><\/p>\n<h2>Bis zu 20 Stunden Laufzeit mit neuer Version<\/h2>\n<p>In der neuen Version von 30. Juni ist der Schlafmodus (deep sleep) enthalten. Damit l\u00e4uft das AVMultiPhone ohne Nachladen bis zu 20 Stunden. Der Schlafmodus wird durch Dr\u00fccken der Power-Taste aktiviert. Dies im \u00fcbrigen nur dann, wenn das AVMutliPhone im Batteriemodus l\u00e4uft. Wird das AVMultiPhone \u00fcber USB geladen, ergibt der Schlafmodus keinen Sinn, da gen\u00fcgend Energie zur Verf\u00fcgung steht.<\/p>\n<p>Durch nochmaliges Dr\u00fccken auf die Power-Taste erwacht das Telefon wieder aus dem Tiefschlaf. Dabei steht direkt der Desktop zur Verf\u00fcgung. Wer AVMultiPhone entsperren m\u00f6chte, erreicht dies damit, indem zuvor der Schirm gesperrt wird (Lock-Screen im Hauptmen\u00fc). Abh\u00e4ngig von der L\u00e4nge des &#8222;Tiefschlafs&#8220; kann es notwendig sein, WLAN erneut freizuschalten (viertes Icon von links). Und noch etwas, wer den Tiefschlaf \u00fcber die Konsole ausl\u00f6sen m\u00f6chte, kann dies \u00fcber &#8218;pm-suspend&#8216; tun.<\/p>\n<h2>Kamera &#8222;obscura&#8220;<\/h2>\n<p>Ebenfalls im aktuellen Release enthalten sind die notwendigen Kernel-Module f\u00fcr die Hauptkamera. \u00dcber das Men\u00fc &#8218;Graphics&#8216; und &#8218;Camera&#8216; l\u00e4sst sich jederzeit ein Foto machen. Allerdings geht im Moment einzig die Aufl\u00f6sung 1280&#215;720 Pixel, und eine Vorschau gibt es ebenfalls nicht. Das mag wenig erscheinen, doch l\u00e4uft die Kamera aktuell auf keiner anderen PhinePhone-Distribution.<\/p>\n<p>Das aktuelle Kamera-Skript sei hier publiziert:<\/p>\n<pre>#!\/bin\/bash\r\n\r\npfad=\"\/home\/archivista\/Desktop\"\r\ndat=`date +'%Y-%m-%d-%T'`\r\nfile=\"$pfad\/camera-$dat.jpg\"\r\n\/usr\/bin\/media-ctl -d \/dev\/media1 --set-v4l2 '\"ov5640 3-004c\":0[fmt:UYVY8_2X8\/1280x720]'\r\n\/usr\/bin\/ffmpeg -s 1280x720 -f video4linux2 -i \/dev\/video1 -vframes 1 $file\r\nchown archivista.archivista $file<\/pre>\n<p>Die Kamera selber ist in der Lage, Bilder mit 5 Mio. Pixeln aufzuzeichnen, doch fehlen dazu aktuell die entsprechenden Informationen. Leider lassen sich die Parameter nicht einfach mit anderen Pixelzahlen anpassen und eine \u00dcbergabe wie &#8222;ov5640 3-004c&#8220;:0[fmt:UYVY8&#8230;] ist nur nicht selbsterkl\u00e4rend.<\/p>\n<p><a href=\"https:\/\/archivista.ch\/cms\/wp-content\/uploads\/2020\/06\/sattelegg3.jpg\"><img loading=\"lazy\" decoding=\"async\" class=\"alignnone size-full wp-image-6512\" src=\"https:\/\/archivista.ch\/cms\/wp-content\/uploads\/2020\/06\/sattelegg3.jpg\" alt=\"\" width=\"798\" height=\"448\" srcset=\"https:\/\/archivista.ch\/cms\/wp-content\/uploads\/2020\/06\/sattelegg3.jpg 798w, https:\/\/archivista.ch\/cms\/wp-content\/uploads\/2020\/06\/sattelegg3-300x168.jpg 300w, https:\/\/archivista.ch\/cms\/wp-content\/uploads\/2020\/06\/sattelegg3-768x431.jpg 768w, https:\/\/archivista.ch\/cms\/wp-content\/uploads\/2020\/06\/sattelegg3-600x337.jpg 600w, https:\/\/archivista.ch\/cms\/wp-content\/uploads\/2020\/06\/sattelegg3-624x350.jpg 624w\" sizes=\"auto, (max-width: 798px) 100vw, 798px\" \/><\/a><\/p>\n<h2>AVMultiPhone an eigene Bed\u00fcrfnisse anpassen<\/h2>\n<p>Zun\u00e4chst, AVMultiPhone kann beliebig an eigene Bed\u00fcrfnisse angepasst werden. Die Frage stellt sich eher, wie kann verhindert werden, aus Versehen das System zu besch\u00e4digen bzw. Sicherungen anzulegen. Zun\u00e4chst aber, um effizient zu arbeiten, wird aufgezeigt, wie mit Linux-Standard-Tools auf AVMultiPhone zugegriffen werden kann.<\/p>\n<h3>Zugriff \u00fcber SSH und VNC<\/h3>\n<p>Im Unterschied zu anderen PinePhone-Distributionen ist der Zugriff zun\u00e4chst nicht beschr\u00e4nkt. Es stehen sowohl SSH wie VNC zur Verf\u00fcgung. Am einfachsten ist der Zugriff \u00fcber das USB-Kabel. Sobald das AVMultiPhone angeh\u00e4ngt wird, wird in AVMultiPhone die interne IP-Adresse 172.16.42.1 festgelegt. Idealerweise (sprich auf dem Hauptrechner) kann einfach usb0 aktiviert werden, und der SSH-Zugang steht. Befehl dazu:<\/p>\n<pre><strong>ifconfig usb0 172.16.42.2 up\r\nssh root@172.16.42.1<\/strong><\/pre>\n<p>Das &#8218;root&#8216;-Passwort lautet 1234. Ebenfalls m\u00f6glich ist der Zugriff mit dem Benutzer &#8218;archivista&#8216;. Dieser Benutzer kannverwendet werden, um grafische Programme zu starten. Dabei einzig darauf achten, dass &#8218;export DISPLAY=:0&#8216; jeweils gesetzt wird. Beispiel f\u00fcr das Einrichten des VNC-Servers (archivista-User):<\/p>\n<pre><strong>export DISPLAY=:0\r\nx11vnc -passwd archivista<\/strong><\/pre>\n<p>Danach kann vom Hostrechner aus die Verbindung aufgebaut werden:<\/p>\n<pre><strong>vncviewer -encodings 'tight copyrect' 172.16.42.1<\/strong><\/pre>\n<p>Selbstverst\u00e4ndlich k\u00f6nnen auch andere VNC-Programme verwendet werden und auch der Zugriff \u00fcber WLAN ist m\u00f6glich. Aus diesem Grunde darf gerne empfohlen werden, die Default-Passw\u00f6rter zu \u00e4ndern bzw. den Dienst ssh unterwegs auch abzuschalten. Dazu kann der Befehl &#8218;\/etc\/init.d\/ssh stop&#8216; verwendet werden bzw. &#8218;rc-update del ssh default&#8216;, um SSH permanent zu deaktivieren.<\/p>\n<h3>Software installieren<\/h3>\n<p>AVMultiPhone basiert auf pmOS (postmarketOS) bzw. Alpine Linux. Damit stehen alle Pakete zur Verf\u00fcgung, die es dort auch gibt. Diese werden mit dem &#8218;apk&#8216;-Paketmanager verwaltet. Folgende Befehle sind dabei n\u00fctzlich:<\/p>\n<p><strong>apk info<\/strong> Listet alle installierten Pakete auf<br \/>\n<strong>apk list &#8211;verbose<\/strong> Auflisten aller verf\u00fcgbaren Pakete<br \/>\n<strong>apk search xxx<\/strong> Suchen nach dem Paket xxxx<br \/>\n<strong>apk add &#8211;force &#8211;allow-untrusted xxx<\/strong> Installieren des Paktes xxx (auch lokal)<br \/>\n<strong>apk del xxx<\/strong> Entfernen des Paketes<br \/>\n<strong>apk update<\/strong> Paketquellen aktualisieren<br \/>\n<strong>apk upgrade<\/strong> Neu verf\u00fcgbare Pakete installieren (auf eigenes Risiko)<\/p>\n<h3>System sichern<\/h3>\n<p>Der Befehl &#8218;apk upgrade&#8216; kann leider zum Teil- oder Gesamtverlust des Systems f\u00fchren, weil nicht immer alle Pakete aufeinander abgestimmt sind. Besonders heikel ist dies bei &#8218;u-boot-pinephone&#8216; und beim Kernel &#8218;linux-postmarketos-allwinner&#8216;. Beide \u00fcberschreiben die Datei &#8218;\/boot\/sun50i-a64-pinephone-1.1.dtb&#8216;. Dies kann dazu f\u00fchren, dass danach z.B. kein Ton oder keine SIM-Karte mehr verf\u00fcgbar ist. Abhilfe verschafft aktuell das R\u00fcckkopieren der ausglieferten &#8218;dtb&#8216;-Datei:<\/p>\n<pre><strong>cp \/boot\/sun50i-a64-pinephone-1.1.old cp \/boot\/sun50i-a64-pinephone-1.1.dtb<\/strong><\/pre>\n<p>Danach ist ein Neustart durchzuf\u00fchren, Ton und SIM-Karte sollten nun wieder arbeiten. Nebenbemerkung zur Problematik: Sofern die Sachlage richtig verstanden wurde, m\u00fcsste es beim PinePhone f\u00fcr jede Hardwareversion eine eigene &#8218;dtb&#8216;-Datei geben, doch fehlt dieses Feature aktuell unter pmOS.<\/p>\n<h3>Master-Image erstellen<\/h3>\n<p>Das Aufspielen eines neuen Images auf eine SD-Karte ist einfach. Abgesehen von <strong><a href=\"http:\/\/etcher.io\">etcher.io,<\/a><\/strong> das den Job grafisch erledigt, sei hier nochmals der Befehl f\u00fcr die Konsole vorgestellt:<\/p>\n<pre><strong>gunzip -c postav_200630.img.gz | dd of=\/dev\/sdX bs=64M<\/strong><\/pre>\n<p><strong>Achtung: Dabei ist \/dev\/sdX durch den richtigen Buchstaben der SD-Karte zu ersetzen (z.B. \/dev\/sdh). Ein falscher Buchstabe zerst\u00f6rt das eigene System!<\/strong><\/p>\n<p>Etwas schwieriger wird es, wenn ein aktuelles Image gesichert werden soll. Das Kopieren des Datentr\u00e4gers mit &#8218;dd if=\/dev\/sdX of=eins.img bs=64M&#8216; funktioniert zwar, f\u00fchrt aber zu unendlich grossen Dateien. Dazu wurde ein kleines Skript erstellt:<\/p>\n<pre>#!\/bin\/bash\r\n\r\numount \/media\/archivista\/*\r\ndevice=\"\/dev\/sdX\"\r\nmkdir -p \/sdin\r\nmount ${device}2 \/sdin\r\nrm -f \/sdin\/etc\/NetworkManager\/system-connections\/*\r\necho \"\" &gt;\/sdin\/root\/.ssh\/known_hosts\r\necho \"\" &gt;\/sdin\/home\/archivista\/.ssh\/known_hosts\r\nrm -f \/sdin\/home\/archivista\/.local\/share\/calls\/*\r\nrm -f \/sdin\/root\/.local\/share\/calls\/*\r\nrm \/sdin\/var\/log\/Xorg*\r\necho \"\" &gt;\/sdin\/root\/.ash_history\r\necho \"\" &gt;\/sdin\/home\/archivista\/.ash_history\r\numount \/sdin\r\nzerofree ${device}2\r\ndd if=$device of=$1 bs=512 count=14880767\r\ngzip $1<\/pre>\n<p>Damit wird ein neues Master-Image erstellt. Auch hier gilt, dass \/dev\/sdX durch den richtigen Buchstaben ersetzt werden muss. Wichtig ist ferner, das die Profile f\u00fcr WLAN, Telefonate und SMS dabei gel\u00f6scht werden. Wer dies nicht m\u00f6chte, kann die entsprechenden Befehle auskommentieren.<\/p>\n<p><a href=\"https:\/\/archivista.ch\/cms\/wp-content\/uploads\/2020\/06\/sattelegg2.jpg\"><img loading=\"lazy\" decoding=\"async\" class=\"alignnone size-full wp-image-6511\" src=\"https:\/\/archivista.ch\/cms\/wp-content\/uploads\/2020\/06\/sattelegg2.jpg\" alt=\"\" width=\"798\" height=\"448\" srcset=\"https:\/\/archivista.ch\/cms\/wp-content\/uploads\/2020\/06\/sattelegg2.jpg 798w, https:\/\/archivista.ch\/cms\/wp-content\/uploads\/2020\/06\/sattelegg2-300x168.jpg 300w, https:\/\/archivista.ch\/cms\/wp-content\/uploads\/2020\/06\/sattelegg2-768x431.jpg 768w, https:\/\/archivista.ch\/cms\/wp-content\/uploads\/2020\/06\/sattelegg2-600x337.jpg 600w, https:\/\/archivista.ch\/cms\/wp-content\/uploads\/2020\/06\/sattelegg2-624x350.jpg 624w\" sizes=\"auto, (max-width: 798px) 100vw, 798px\" \/><\/a><\/p>\n<h3>Entwickeln mit pmbootstrap<\/h3>\n<p>Wer AVMultiPhone tiefergreifend anpassen m\u00f6chte, wird fr\u00fcher oder sp\u00e4ter zur Entwicklungsumgebung von postmarektOS greifen. Dabei handelt es sich um Python3-Skripte. Leider funktioniert der Installationsbefehl &#8218;pip3 install pmbootstrap&#8216; nicht immer. Daher wurde f\u00fcr AVMultimedia ein kleines Skript erstellt:<\/p>\n<pre>#!\/bin\/bash\r\n\r\ncp -f sudoers \/etc\r\napt-get update\r\napt-get -y install python3-pip\r\napt-get -y install git-core\r\napt-get -y install binfmt-support\r\npip3 install pmbootstrap\r\nexport PATH=\/home\/archivista\/.local\/pmbootstrap\/bin:$PATH<\/pre>\n<p>Nachdem die Umgebung verhanden ist, kann mit <strong>pmbootstrap init<\/strong> gestartet werden. Falls alles klappt, sind einige Fragen zu beantworten, falls nicht, erfolgen Fehlermeldungen. Bei erfolgreichem Vorgang kann danach ein Image erstellt werden:<\/p>\n<p><strong>pmbootstrap install &#8211;sdcard=\/dev\/sdX<\/strong><\/p>\n<p>Auch hier gilt, einzusetzen ist der richtige Buchstabe. Weitere Befehle, die in der Entwicklungsumgebung hilfreich sind:<\/p>\n<p><strong>pmbootstrap aportgen &#8211;fork-alpine xxx<\/strong> Lokale Kopie f\u00fcr Anpassungen erstellen<br \/>\n<strong>pmbootstrap kconfig edit linux-postmarketos-allwinner<\/strong> Kernel-Datei ver\u00e4ndern<br \/>\n<strong>pmbootstrap checksum linux-postmarketos-allwinner<\/strong> Pr\u00fcfung durchf\u00fchren<br \/>\n<strong>pmbootstrap build linux-postmarketos-allwinner &#8211;force<\/strong> Kernel neu erstellen<\/p>\n<p>Die Optionen <strong>checksum<\/strong> und <strong>build<\/strong> lassen sich auf beliebige Pakete anwenden, Die Pakete selber werden \u00fcber die Datei &#8218;APKBUILD&#8216; verwaltet. Beim Kernel liegt diese Datei im Unterordner des pmOS-Hauptordners:<\/p>\n<pre><strong>~\/pmOS\/cache_git\/pmaports\/main\/linux-postmarektos-allwinner<\/strong><\/pre>\n<p>Allenfalls gibt es auch (f\u00fcr geforkte und neue Pakete) Kopien im temp-Ordner:<\/p>\n<pre><strong>~\/pmOS\/cache_git\/pmaports\/temp\/xxx<\/strong><\/pre>\n<p>Wenn immer ein neues Paket erstellt werden soll, ist die Release-Nummer in APKBUILD zu erh\u00f6hen. Sofern der &#8218;build&#8216;-Befehl erfolgreich ist, kann das Paket in untenstehendem Order bezogen werden:<\/p>\n<pre><strong>~\/pmos\/packages\/edge\/aarch64<\/strong><\/pre>\n<p>Wer Hilfe ben\u00f6tigt, kann sein Gl\u00fcck im\u00a0 IRC-Channel #postmarketos versuchen. Ein webbasierte Zugriff ist \u00fcber <strong><a href=\"https:\/\/freenode.net\">https:\/\/freenode.net<\/a><\/strong> (ohne Registrierung) m\u00f6glich. Ebenfalls l\u00e4sst sich der Kanal \u00fcber <strong><a href=\"https:\/\/riot.im\">https:\/\/riot.im<\/a><\/strong> (mit Registrierung) abrufen. Wichtig dabei zu wissen ist, dass die Hilfestellung immer auf freiwilliger Basis beruht, d.h. es gibt keine Garantie auf Unterst\u00fctzung.<\/p>\n<p><a href=\"https:\/\/archivista.ch\/cms\/wp-content\/uploads\/2020\/06\/sattelegg4.jpg\"><img loading=\"lazy\" decoding=\"async\" class=\"alignnone size-full wp-image-6513\" src=\"https:\/\/archivista.ch\/cms\/wp-content\/uploads\/2020\/06\/sattelegg4.jpg\" alt=\"\" width=\"798\" height=\"448\" srcset=\"https:\/\/archivista.ch\/cms\/wp-content\/uploads\/2020\/06\/sattelegg4.jpg 798w, https:\/\/archivista.ch\/cms\/wp-content\/uploads\/2020\/06\/sattelegg4-300x168.jpg 300w, https:\/\/archivista.ch\/cms\/wp-content\/uploads\/2020\/06\/sattelegg4-768x431.jpg 768w, https:\/\/archivista.ch\/cms\/wp-content\/uploads\/2020\/06\/sattelegg4-600x337.jpg 600w, https:\/\/archivista.ch\/cms\/wp-content\/uploads\/2020\/06\/sattelegg4-624x350.jpg 624w\" sizes=\"auto, (max-width: 798px) 100vw, 798px\" \/><\/a><\/p>\n<h2>Mitmachen und gewinnen<\/h2>\n<p>Aktuell fehlen AVMultiPhone zwei Funktionen, die das Arbeiten deutlich angenehmer machen w\u00fcrden. Darum werden hier je 500 Euro Pr\u00e4mien ausgesetzt, um die beiden Funktionen zu erhalten.<\/p>\n<h3>Aufwachen aus Tiefschlaf aufgrund Anruf<\/h3>\n<p>Anrufe aus dem Tiefschlaf sind derzeit problemlos aus Mobian und UBPorts m\u00f6glich. Bei AVMultiPhone bzw. pmOS ist dies aktuell nicht m\u00f6glich. Gem\u00e4ss einem UBPorts-Entwickler erfolgt das Aktivieren \u00fcber die folgenden beiden Befehle:<\/p>\n<pre><strong>echo \"AT+QDAI=1,0,0,2,0,1,1,1\" | atinout - \/dev\/EG25.AT -\r\necho 'AT+QCFG=\"risignaltype\",\"physical\"' | atinout - \/dev\/EG25.AT -<\/strong><\/pre>\n<p>Diese Befehle arbeiten aktuell auch unter AVMultiPhone, es wird &#8218;OK&#8216; zur\u00fcckgemeldet. Telefonanrufe werden im Tiefschlaf auch angenommen, nur wird der Tiefschlaf nicht erfolgreich beendet (d.h. der Anruf kann nicht bemerkt werden). Vielmehr verharrt AVMultiPhone bis zum Dr\u00fccken der Power-Taste im Tiefschlaf und klingelt danach kurz (der Anruf kommt daher im Teifschlaf an, es gibt im Moment einfach keine M\u00f6glichkeit, das Gespr\u00e4ch direkt aus dem Tiefschlaf anzunehmen.<\/p>\n<p>F\u00fcr die Pr\u00e4mie ist entweder ein AVMultiPhone-Image anzuliefern, bei dem das Aufwachen aus dem Tiefschlaf im Batteriemodus funktioniert oder es ist reproduzierbar zu dokumentieren, wie dies nachger\u00fcstet werden kann.<\/p>\n<h3>Befehle, um Kamera-Modi anzusprechen<\/h3>\n<p>Die Hauptkamera wird \u00fcber das Kernel-Modul &#8218;ov5640&#8216; realisiert. In den Sourcen dazu sind folgende Modi dokumentiert:<\/p>\n<pre>OV5640_MODE_QVGA_176_144,\r\nOV5640_MODE_QVGA_320_240,\r\nOV5640_MODE_VGA_640_480,\r\nOV5640_MODE_NTSC_720_480,\r\nOV5640_MODE_PAL_720_576,\r\nOV5640_MODE_XGA_1024_768,\r\nOV5640_MODE_720P_1280_720,\r\nOV5640_MODE_1080P_1920_1080,\r\nOV5640_MODE_QSXGA_2592_1944,<\/pre>\n<p>Diese Aufl\u00f6sungen m\u00fcssen sowohl als Bild als auch als Video mit 15, 30 und 60 Bildern pro Sekunde verf\u00fcgbar sein. Selbstvert\u00e4ndlich nur, sofern die Aufl\u00f6sung dies zul\u00e4sst (z.B. kann der ov5640-Sensor nur HD mit 1920&#215;1080 und 30 fps aufnehmen).<\/p>\n<p>Auch hier gilt, entweder kann ein Image mit AVMultiPhone zur Verf\u00fcgung gestellt werden oder es ist mit nachvollziehbaren Schritten aufzuzeigen, wie die Funktionalit\u00e4t in AVMultiPhone realisiert werden kann.<\/p>\n<p>Alternativ k\u00f6nnen auch Offerten f\u00fcr die obigen oder anderen Jobs eingereicht werden. Angebote an <a href=\"mailto:webmaster@archivista.ch\"><strong>webmaster@archivista.ch<\/strong><\/a> werden gerne wohlwollend und z\u00fcgig bearbeitet.<\/p>\n<p><em><strong>Update vom 30. Juni 2020:<\/strong> Die Pr\u00e4mie f\u00fcr das Ansprechen der Kamera ist vergeben, unter der Seite <a href=\"https:\/\/blog.brixit.nl\/camera-on-the-pinephone\/\"><strong>https:\/\/blog.brixit.nl\/camera-on-the-pinephone<\/strong><\/a> finden sich alle notwendigen Informationen. Herzlichen Dank an den Entwickler Martijn Braam. Weitere Arbeiten f\u00fcr ein grafisches User-Interface f\u00fcr die Kamera d\u00fcrfen gerne gemeldet werden, eine weitere Honorierung kann zwar nicht zugesichert werden, wird aber gerne gepr\u00fcft.<br \/>\n<\/em><\/p>\n<p><em><strong>Update vom 2. Juli 2020:<\/strong> Mit <strong><a href=\"https:\/\/de.osdn.net\/projects\/avmultimedia\/downloads\/73167\/postav_200701final.img.gz\">postav_200701final.img.gz<\/a><\/strong> werden Anrufe neu aus dem Schlafmodus entgegengenommen, allerdings betr\u00e4gt die Laufzeit &#8222;nur&#8220; ca. 10 Stunden. Bis zu 20 Stunden gibt es aktull nur, ohne Auswachen aus dem Tiefschlaf, dazu gibt es <strong><a href=\"https:\/\/de.osdn.net\/projects\/avmultimedia\/downloads\/73167\/postav_200701deeptest.img.gz\">postav_200701deeptest.img.gz. <\/a><\/strong>Mit anderen Worten, das Problems des Aufwachens besteht aktuell darin, dass der &#8218;deep&#8216;-Modus nicht (zuverl\u00e4ssig) arbeittet. Das &#8222;Preisgeld&#8220; f\u00fcr den deep-Modus bleibt offen.<\/em><\/p>\n<p><em><strong>Update vom 28. Dezember 2020:<\/strong> Leider bestehen bei pmOS (und damit aktuell auch bei AVMultiPhone) nach wie vor Probleme mit dem Tiefschlaf-Modus. Und weil die Entwickler von pmOS auch im Dezember 2020 weder wissen, woran es liegt, noch einen Zeitplan f\u00fcr die Behebung der Probleme haben, musste der Entscheid gef\u00e4llt werden, dass AVMultiPhone aktuell nicht mehr weiterentwickelt wird.<\/em><\/p>\n\n\n\n\t<div class=\"dkpdf-button-container\" style=\"            text-align:right \">\n\n\t\t<a class=\"dkpdf-button\" href=\"\/cms\/wp-json\/wp\/v2\/pages\/6506?pdf=6506\" target=\"_blank\"><span class=\"dkpdf-button-icon\"><i class=\"fa fa-file-pdf-o\"><\/i><\/span> PDF Button<\/a>\n\n\t<\/div>\n\n\n\n\n\n","protected":false},"excerpt":{"rendered":"<p>AVMultiPhone verbessern und gewinnen Egg, 30. Juni 2020: Im nachfolgenden Blog geht es darum, was die neue Version von AVMultiPhone bietet. Weiter wird aufgezeigt, wie AVMultiPhone an eigene Bed\u00fcrfnisse angepasst werden kann und zudem gibt es f\u00fcr zwei Funktionen, die aktuell fehlen, je 500 Euro zu gewinnen. Bis zu 20 Stunden Laufzeit mit neuer Version [&hellip;]<\/p>\n","protected":false},"author":1,"featured_media":0,"parent":6768,"menu_order":91,"comment_status":"closed","ping_status":"closed","template":"","meta":{"_acf_changed":false,"footnotes":""},"class_list":["post-6506","page","type-page","status-publish","hentry"],"acf":[],"_links":{"self":[{"href":"https:\/\/archivista.ch\/cms\/wp-json\/wp\/v2\/pages\/6506","targetHints":{"allow":["GET"]}}],"collection":[{"href":"https:\/\/archivista.ch\/cms\/wp-json\/wp\/v2\/pages"}],"about":[{"href":"https:\/\/archivista.ch\/cms\/wp-json\/wp\/v2\/types\/page"}],"author":[{"embeddable":true,"href":"https:\/\/archivista.ch\/cms\/wp-json\/wp\/v2\/users\/1"}],"replies":[{"embeddable":true,"href":"https:\/\/archivista.ch\/cms\/wp-json\/wp\/v2\/comments?post=6506"}],"version-history":[{"count":16,"href":"https:\/\/archivista.ch\/cms\/wp-json\/wp\/v2\/pages\/6506\/revisions"}],"predecessor-version":[{"id":6808,"href":"https:\/\/archivista.ch\/cms\/wp-json\/wp\/v2\/pages\/6506\/revisions\/6808"}],"up":[{"embeddable":true,"href":"https:\/\/archivista.ch\/cms\/wp-json\/wp\/v2\/pages\/6768"}],"wp:attachment":[{"href":"https:\/\/archivista.ch\/cms\/wp-json\/wp\/v2\/media?parent=6506"}],"curies":[{"name":"wp","href":"https:\/\/api.w.org\/{rel}","templated":true}]}}