{"id":6558,"date":"2020-09-13T01:12:38","date_gmt":"2020-09-12T23:12:38","guid":{"rendered":"http:\/\/archivista.ch\/cms\/?page_id=6558"},"modified":"2020-12-28T10:35:45","modified_gmt":"2020-12-28T09:35:45","slug":"searx-integration","status":"publish","type":"page","link":"https:\/\/archivista.ch\/cms\/de\/aktuell-blog\/blogs-2020\/searx-integration\/","title":{"rendered":"SearX-Integration"},"content":{"rendered":"<h1>Rote Karte f\u00fcr den Suchgiganten<\/h1>\n<p><em><strong>Egg, 14. September 2020:<\/strong> \u00dcber unsere Linux-Distribution AVMultimedia, welche im Hauptspeicher (RAM) l\u00e4uft, wurde bereits vielfach berichtet. Neben vielen Vorteilen (z.B. schnelles Starten von Programmen) f\u00fchrt ein Neustart des Systems dazu, dass alle gespeicherten Cookies gel\u00f6scht werden. Das passt leider nicht allen, und davon handelt dieser Blog. Wem dieser zu lange ist, findet in nachfolgendem Video auf gute zwei Minuten verk\u00fcrzt den wesentlichen Inhalt ebenfalls. Viel Spass!<\/em><\/p>\n<div style=\"width: 625px;\" class=\"wp-video\"><!--[if lt IE 9]><script>document.createElement('video');<\/script><![endif]-->\n<video class=\"wp-video-shortcode\" id=\"video-6558-1\" width=\"625\" height=\"352\" poster=\"https:\/\/archivista.ch\/cms\/wp-content\/uploads\/2020\/09\/searx1.png\" preload=\"metadata\" controls=\"controls\"><source type=\"video\/mp4\" src=\"https:\/\/archivista.ch\/cms\/wp-content\/uploads\/file\/avmultimedia-searx.mp4?_=1\" \/><a href=\"https:\/\/archivista.ch\/cms\/wp-content\/uploads\/file\/avmultimedia-searx.mp4\">https:\/\/archivista.ch\/cms\/wp-content\/uploads\/file\/avmultimedia-searx.mp4<\/a><\/video><\/div>\n<h2>Wenn Google jede Arbeit verweigert<\/h2>\n<p>Seit l\u00e4ngerer Zeit erfragt der Suchgigant beim ersten Aufruf seiner Homepage nach der Zustimmung zu Cookies. Das sind kleine Datenfragmente im eigenen Browser, die meist dazu verwendet werden, eine eindeutige Identit\u00e4t des Webbrowsers und damit der Nutzer\/innen festzuhalten. Das Cookie dient dazu einzig als Ortungsnummer. Die f\u00fcr die Auswertung der Suchabfragen und des Surfverhaltens interessanten Informationen werden dabei auf den Seiten der Anbieter, hier Google gespeichert.<\/p>\n<p>Bislang war es m\u00f6glich, diese Zustimmung erst nach einer gewissen Nutzung zu erteilen. Das reichte bei der Arbeit mit AVMultimedia meist aus, um einige Tage die Suchmaschine sporadisch und sehr selektiv zu nutzen oder verlinkte YouTube-Videos aufzurufen. Die voreingestellte Suchmaschine bei AVMultimedia verweist auf DuckDuckGo. Dabei werden keine Cookies gespeichert. Und ja, selbstverst\u00e4ndlich k\u00f6nnen auch andere Anbieter zum Zuge kommen. Namentlich erw\u00e4hnt seien hier die franz\u00f6sische Suchmaschine <strong><a href=\"http:\/\/qwant.com\">qwant.com<\/a><\/strong> sowie die Schweizer L\u00f6sung <strong><a href=\"http:\/\/swisscows.ch\">swisscows.ch.<\/a><\/strong> Beide liefern gute Treffer.<\/p>\n<p><a href=\"https:\/\/archivista.ch\/cms\/wp-content\/uploads\/2020\/09\/searx4.jpg\"><img loading=\"lazy\" decoding=\"async\" class=\"alignnone size-full wp-image-6569\" src=\"https:\/\/archivista.ch\/cms\/wp-content\/uploads\/2020\/09\/searx4.jpg\" alt=\"\" width=\"1920\" height=\"1080\" srcset=\"https:\/\/archivista.ch\/cms\/wp-content\/uploads\/2020\/09\/searx4.jpg 1920w, https:\/\/archivista.ch\/cms\/wp-content\/uploads\/2020\/09\/searx4-300x169.jpg 300w, https:\/\/archivista.ch\/cms\/wp-content\/uploads\/2020\/09\/searx4-768x432.jpg 768w, https:\/\/archivista.ch\/cms\/wp-content\/uploads\/2020\/09\/searx4-1024x576.jpg 1024w, https:\/\/archivista.ch\/cms\/wp-content\/uploads\/2020\/09\/searx4-600x338.jpg 600w, https:\/\/archivista.ch\/cms\/wp-content\/uploads\/2020\/09\/searx4-624x351.jpg 624w\" sizes=\"auto, (max-width: 1920px) 100vw, 1920px\" \/><\/a><\/p>\n<p>Leider erfordert der Suchgigant seit einigen Tagen immer eine Zustimmung, nur schon um \u00fcberhaupt die Seite aufrufen zu d\u00fcrfen. Wer dabei z.B. keine personenbezogene Werbung eingeblendet erhalten m\u00f6chte, muss sich m\u00fchsam durch viele Seiten klicken, das einleitende Video veranschaulicht dies sehr gut.\u00a0Kurz und gut, f\u00fcr ein paar gelegentliche YouTube-Videos, die sich kaum beim Surfen vermeiden lassen, wird der Klickaufwand mittlerweile unertr\u00e4glich.<\/p>\n<h2>SearX, die dezentrale Alternative<\/h2>\n<p>Bei der Suche nach einer L\u00f6sung, diese &#8222;Klickorgien&#8220; zu vermeiden, trat die dezentrale Open Source Meta-Suchmaschine SearX in Erscheinung. Dezentral bedeutet, es gibt viele Instanzen von SearX, eine Liste findet sich unter <strong><a href=\"http:\/\/searx.me\">searx.me.<\/a><\/strong> Dort kann aus einer Liste von \u00fcber 100 Servern ein Anbieter herausgesucht werden, um mit der Suchmaschine zu arbeiten.<\/p>\n<p>Nun ist SearX Open Source, d.h. der Quellcode ist offengelegt, und so wurde versucht SearX lokal zu installieren. Unter Linux kann dabei der Befehl <strong>&#8218;pip3 install searx&#8216;<\/strong> verwendet werden. Anschliessend muss <strong>&#8217;searx-run&#8216;<\/strong> gestartet werden. Wow, so einfach steht damit eine lokale Instanz von SearX auf dem eigenen Linux-Rechner zur Verf\u00fcgung.<\/p>\n<p><a href=\"https:\/\/archivista.ch\/cms\/wp-content\/uploads\/2020\/09\/searx5.jpg\"><img loading=\"lazy\" decoding=\"async\" class=\"alignnone size-full wp-image-6571\" src=\"https:\/\/archivista.ch\/cms\/wp-content\/uploads\/2020\/09\/searx5.jpg\" alt=\"\" width=\"1920\" height=\"1080\" srcset=\"https:\/\/archivista.ch\/cms\/wp-content\/uploads\/2020\/09\/searx5.jpg 1920w, https:\/\/archivista.ch\/cms\/wp-content\/uploads\/2020\/09\/searx5-300x169.jpg 300w, https:\/\/archivista.ch\/cms\/wp-content\/uploads\/2020\/09\/searx5-768x432.jpg 768w, https:\/\/archivista.ch\/cms\/wp-content\/uploads\/2020\/09\/searx5-1024x576.jpg 1024w, https:\/\/archivista.ch\/cms\/wp-content\/uploads\/2020\/09\/searx5-600x338.jpg 600w, https:\/\/archivista.ch\/cms\/wp-content\/uploads\/2020\/09\/searx5-624x351.jpg 624w\" sizes=\"auto, (max-width: 1920px) 100vw, 1920px\" \/><\/a><\/p>\n<p>Gekl\u00e4rt muss an dieser Stelle noch der Begriff Meta-Suchmaschine. W\u00fcrde SearX eigene Such-Verzeichnisse anlegen, m\u00fcsste sehr viel Speicher und Zeit aufgewendet werden, um diese zu pflegen. Meta-Suchmaschinen wie SearX erstellen keine eigenen Verzeichnisse, vielmehr suchen sie \u00fcber Dritte (z.B. Bing, DuckDuckGo und viele mehr, selbst Google ist dabei).<\/p>\n<h2>SearX lokal bei AVMultimedia und der ArchivistaBox<\/h2>\n<p>Auf den ersten Blick erscheint der Nutzen von SearX marginal, was sollte ein Dienst bringen, der in anderen Suchmaschinen sucht und Ergebnisse pr\u00e4sentiert? Wer jedoch einmal mit SearX arbeitet, wird SearX sehr schnell ins Herzen schliessen. Dies vor allem deshalb, weil SearX sehr einfach aufgebaut ist und die Resultate sehr \u00fcbersichtlich darstellt. Zwei Punkte, die bei vielen Suchmaschinen heute eher ein Fremdwort zu sein scheint.<\/p>\n<p><a href=\"https:\/\/archivista.ch\/cms\/wp-content\/uploads\/2020\/09\/searx2.png\"><img loading=\"lazy\" decoding=\"async\" class=\"alignnone size-full wp-image-6574\" src=\"https:\/\/archivista.ch\/cms\/wp-content\/uploads\/2020\/09\/searx2.png\" alt=\"\" width=\"1920\" height=\"1080\" srcset=\"https:\/\/archivista.ch\/cms\/wp-content\/uploads\/2020\/09\/searx2.png 1920w, https:\/\/archivista.ch\/cms\/wp-content\/uploads\/2020\/09\/searx2-300x169.png 300w, https:\/\/archivista.ch\/cms\/wp-content\/uploads\/2020\/09\/searx2-768x432.png 768w, https:\/\/archivista.ch\/cms\/wp-content\/uploads\/2020\/09\/searx2-1024x576.png 1024w, https:\/\/archivista.ch\/cms\/wp-content\/uploads\/2020\/09\/searx2-600x338.png 600w, https:\/\/archivista.ch\/cms\/wp-content\/uploads\/2020\/09\/searx2-624x351.png 624w\" sizes=\"auto, (max-width: 1920px) 100vw, 1920px\" \/><\/a><\/p>\n<p>SearX erledigt die Arbeit derart gut, dass sofort und ultimativ der Entschluss reifte, AVMultimedia eine lokale SearX-Instanz zu spendieren. Gesagt getan, ab heutigem Release lasst sich SearX auf AVMultimedia wie auf der ArchivistaBox mit <strong>&#8218;localhost:8&#8216;<\/strong> aufrufen. Ebenfalls direkt SearX wird aufgerufen, wer beim Vivaldi-Browser eine Suchabfrage direkt in der Adresszeile eingibt.<\/p>\n<p>Bei der ArchivistaBox besteht zus\u00e4tzlich die M\u00f6glichkeit, SearX im Intranet zu betreiben oder SearX zu deaktivieren. Dazu gibt es auf dem Desktop bei <strong>&#8218;ArchivistaSetup&#8216;<\/strong> den neuen Eintrag <strong>&#8218;SearX konfigurieren&#8216;.<\/strong> Wird bei der ArchivistaBox SearX als Web-Dienst betrieben, kann die Abfrage direkt mit der IP-Adresse oder dem DNS-Namen (sofern verf\u00fcgbar) und dem Zusatz \/search oder \/searx erfolgen. <strong>Beispiel: http:\/\/192.168.0.177\/search<\/strong><\/p>\n<h2>Mit SearX Suchmaschinen vergleichen<\/h2>\n<p>Bei AVMultimedia bzw. der ArchivistaBox sind im Standard DuckDuckGo und Wikipedia voreingestellt. \u00dcber Einstellungen und Suchmaschinen kann sehr effizient festgelegt werden, welche Dienste zum Einsatz kommen sollen. Dabei lassen sich mehrere Anbieter miteinander verkn\u00fcpfen. Wer z.B. gleichzeitig mit Bing und DuckDuckGo arbeiten m\u00f6chte, kein Problem.<\/p>\n<p><a href=\"https:\/\/archivista.ch\/cms\/wp-content\/uploads\/2020\/09\/searx3.png\"><img loading=\"lazy\" decoding=\"async\" class=\"alignnone size-full wp-image-6573\" src=\"https:\/\/archivista.ch\/cms\/wp-content\/uploads\/2020\/09\/searx3.png\" alt=\"\" width=\"1920\" height=\"1080\" srcset=\"https:\/\/archivista.ch\/cms\/wp-content\/uploads\/2020\/09\/searx3.png 1920w, https:\/\/archivista.ch\/cms\/wp-content\/uploads\/2020\/09\/searx3-300x169.png 300w, https:\/\/archivista.ch\/cms\/wp-content\/uploads\/2020\/09\/searx3-768x432.png 768w, https:\/\/archivista.ch\/cms\/wp-content\/uploads\/2020\/09\/searx3-1024x576.png 1024w, https:\/\/archivista.ch\/cms\/wp-content\/uploads\/2020\/09\/searx3-600x338.png 600w, https:\/\/archivista.ch\/cms\/wp-content\/uploads\/2020\/09\/searx3-624x351.png 624w\" sizes=\"auto, (max-width: 1920px) 100vw, 1920px\" \/><\/a><\/p>\n<p>Ebenso einfach ist es herauszufinden, wie gut die verschiedenen Suchmaschinen arbeiten. Und dabei gab es \u00dcberraschungen. Der Suchprimat schneidet l\u00e4ngst nicht immer am besten ab. Letztlich spuckt der Gigant wohl prim\u00e4r jene Homepages aus, welche die Optimierung der Schl\u00fcsselw\u00f6rter (Keywords) am besten implementiert haben.<\/p>\n<h2>Warum scheitert Google bei &#8218;Island einmal um die Insel&#8216;?<\/h2>\n<p>An einem konkreten Beispiel soll die Problematik veranschaulicht werden. Einleitend sei dazu gesagt, dass die Familie des Gesch\u00e4ftsf\u00fchrers im Sommer \u00fcber drei Wochen die Insel Island umrundete. Daraus ist ein nicht ganz kleiner Film entstanden. Nat\u00fcrlich darf \u00fcber Inhalt und Qualit\u00e4t des Werkes gestritten werden, wer sich seine eigene Meinung bilden m\u00f6chte, findet die Seite unter <strong><a href=\"https:\/\/azurgo.ch\/aktuell\/island-einmal-um-die-insel\">https:\/\/azurgo.ch\/aktuell\/island-einmal-um-die-insel<\/a><\/strong> (Film mit 72 Minuten L\u00e4nge, mit oder ohne Untertitel).<\/p>\n<p>Spannend wurde es, als der Island-Film auf einer Drittseite empfohlen und bei Google gelistet wurde, nicht aber die Seite mit dem Island-Film selber. Bei den anderen Anbietern erschien die Seite mit gleicher Abfrage l\u00e4ngst auf der ersten Seite.<\/p>\n<p><a href=\"https:\/\/archivista.ch\/cms\/wp-content\/uploads\/2020\/09\/searx6.jpg\"><img loading=\"lazy\" decoding=\"async\" class=\"alignnone size-full wp-image-6572\" src=\"https:\/\/archivista.ch\/cms\/wp-content\/uploads\/2020\/09\/searx6.jpg\" alt=\"\" width=\"1920\" height=\"1080\" srcset=\"https:\/\/archivista.ch\/cms\/wp-content\/uploads\/2020\/09\/searx6.jpg 1920w, https:\/\/archivista.ch\/cms\/wp-content\/uploads\/2020\/09\/searx6-300x169.jpg 300w, https:\/\/archivista.ch\/cms\/wp-content\/uploads\/2020\/09\/searx6-768x432.jpg 768w, https:\/\/archivista.ch\/cms\/wp-content\/uploads\/2020\/09\/searx6-1024x576.jpg 1024w, https:\/\/archivista.ch\/cms\/wp-content\/uploads\/2020\/09\/searx6-600x338.jpg 600w, https:\/\/archivista.ch\/cms\/wp-content\/uploads\/2020\/09\/searx6-624x351.jpg 624w\" sizes=\"auto, (max-width: 1920px) 100vw, 1920px\" \/><\/a><\/p>\n<p>Ebenfalls erhellend ist, wenn beim &#8222;Suchmeister&#8220; die Abfrage mit Video verfeinert wird. Es tauchen viele Videos auf, die mit &#8218;Island, einmal um die Insel&#8216; oft nicht viel gemein haben. Meist geht es darum, (meist teure) Reise anzupreisen. Oft sind es Angebote zu Island, nicht selten aber gibt es auch Angebote all over the world. Zwar lassen sich interessante Inhalte finden, nur gibt es dabei viel Werbung und einen hohen Klickaufwand.<\/p>\n<p>Schon erstaunlich, da liefern kleine Anbieter wie DuckDuckGo, swisscows.ch oder qwant.com erstaunlich gute Resultate. Warum ist dies beim Suchriesen oft seltener der Fall? K\u00f6nnte es nicht sein, dass es bei 90% Marktanteil ganz einfach zu lukrativ ist, die Suchenden etwas l\u00e4nger bei Stange zu halten als notwendig? Was hat Google davon, wenn bei guten Treffern schnell weitergeklickt wird?<\/p>\n<p><a href=\"https:\/\/archivista.ch\/cms\/wp-content\/uploads\/2020\/09\/searx7.jpg\"><img loading=\"lazy\" decoding=\"async\" class=\"alignnone size-full wp-image-6568\" src=\"https:\/\/archivista.ch\/cms\/wp-content\/uploads\/2020\/09\/searx7.jpg\" alt=\"\" width=\"1920\" height=\"1080\" srcset=\"https:\/\/archivista.ch\/cms\/wp-content\/uploads\/2020\/09\/searx7.jpg 1920w, https:\/\/archivista.ch\/cms\/wp-content\/uploads\/2020\/09\/searx7-300x169.jpg 300w, https:\/\/archivista.ch\/cms\/wp-content\/uploads\/2020\/09\/searx7-768x432.jpg 768w, https:\/\/archivista.ch\/cms\/wp-content\/uploads\/2020\/09\/searx7-1024x576.jpg 1024w, https:\/\/archivista.ch\/cms\/wp-content\/uploads\/2020\/09\/searx7-600x338.jpg 600w, https:\/\/archivista.ch\/cms\/wp-content\/uploads\/2020\/09\/searx7-624x351.jpg 624w\" sizes=\"auto, (max-width: 1920px) 100vw, 1920px\" \/><\/a><\/p>\n<h2>Die Macht der Konformit\u00e4t durchbrechen<\/h2>\n<p>Weit einschneidender ist die Macht des Giganten f\u00fcr jene, die Inhalte anbieten. Nicht offengelegte Mechanismen eines Anbieters entscheiden zu 90% \u00fcber Sein oder Nicht Sein. Zwar bietet der Suchgigant an, die Inhalte spezifisch aufzubereiten, doch ohne Fehl und Tadel ist dies nicht.<\/p>\n<p>Wenn es nur noch darum geht, etwas suchmaschinengerecht f\u00fcr einen Anbieter abzufassen, dann bleiben die Inhalte auf der Strecke. Das geht mittlerweile soweit, dass bei Webseiten-L\u00f6sungen Tools mahnen, noch ein paar S\u00e4tze zu schreiben, weil die Inhalte ansonsten nicht gelistet w\u00fcrden.<\/p>\n<p>Umso spezifischer die Inhalte aber f\u00fcr einen Anbieter aufbereitet werden, umso weniger kann dabei Vielfalt entstehen. Und daher ist es Zeit, dem Suchgiganten die rote Karte zu zeigen. F\u00fcr diese Homepage heisst dies, dass die Inhalte nicht l\u00e4nger &#8222;googlekonform&#8220; aufbereitet werden. F\u00fcr AVMultimedia und die ArchivistaBox bedeutet dies, dass mit der neuen lokalen Suchmaschine SearX ein neues Zeitalter beim Suchen im Netz beginnt.<\/p>\n\n\n\n\t<div class=\"dkpdf-button-container\" style=\"            text-align:right \">\n\n\t\t<a class=\"dkpdf-button\" href=\"\/cms\/wp-json\/wp\/v2\/pages\/6558?pdf=6558\" target=\"_blank\"><span class=\"dkpdf-button-icon\"><i class=\"fa fa-file-pdf-o\"><\/i><\/span> PDF Button<\/a>\n\n\t<\/div>\n\n\n\n\n\n","protected":false},"excerpt":{"rendered":"<p>Rote Karte f\u00fcr den Suchgiganten Egg, 14. September 2020: \u00dcber unsere Linux-Distribution AVMultimedia, welche im Hauptspeicher (RAM) l\u00e4uft, wurde bereits vielfach berichtet. Neben vielen Vorteilen (z.B. schnelles Starten von Programmen) f\u00fchrt ein Neustart des Systems dazu, dass alle gespeicherten Cookies gel\u00f6scht werden. Das passt leider nicht allen, und davon handelt dieser Blog. Wem dieser zu [&hellip;]<\/p>\n","protected":false},"author":1,"featured_media":0,"parent":6768,"menu_order":147,"comment_status":"closed","ping_status":"closed","template":"","meta":{"_acf_changed":false,"footnotes":""},"class_list":["post-6558","page","type-page","status-publish","hentry"],"acf":[],"_links":{"self":[{"href":"https:\/\/archivista.ch\/cms\/wp-json\/wp\/v2\/pages\/6558","targetHints":{"allow":["GET"]}}],"collection":[{"href":"https:\/\/archivista.ch\/cms\/wp-json\/wp\/v2\/pages"}],"about":[{"href":"https:\/\/archivista.ch\/cms\/wp-json\/wp\/v2\/types\/page"}],"author":[{"embeddable":true,"href":"https:\/\/archivista.ch\/cms\/wp-json\/wp\/v2\/users\/1"}],"replies":[{"embeddable":true,"href":"https:\/\/archivista.ch\/cms\/wp-json\/wp\/v2\/comments?post=6558"}],"version-history":[{"count":12,"href":"https:\/\/archivista.ch\/cms\/wp-json\/wp\/v2\/pages\/6558\/revisions"}],"predecessor-version":[{"id":6594,"href":"https:\/\/archivista.ch\/cms\/wp-json\/wp\/v2\/pages\/6558\/revisions\/6594"}],"up":[{"embeddable":true,"href":"https:\/\/archivista.ch\/cms\/wp-json\/wp\/v2\/pages\/6768"}],"wp:attachment":[{"href":"https:\/\/archivista.ch\/cms\/wp-json\/wp\/v2\/media?parent=6558"}],"curies":[{"name":"wp","href":"https:\/\/api.w.org\/{rel}","templated":true}]}}