{"id":6595,"date":"2020-10-21T11:10:21","date_gmt":"2020-10-21T09:10:21","guid":{"rendered":"http:\/\/archivista.ch\/cms\/?page_id=6595"},"modified":"2020-12-28T10:35:30","modified_gmt":"2020-12-28T09:35:30","slug":"archivistabox-2020-x-mit-200-tbyte","status":"publish","type":"page","link":"https:\/\/archivista.ch\/cms\/de\/aktuell-blog\/blogs-2020\/archivistabox-2020-x-mit-200-tbyte\/","title":{"rendered":"ArchivistaBox 2020\/X mit 200 TByte"},"content":{"rendered":"<h1>Multimedia Management System f\u00fcr Shotcut und Kdenlive<\/h1>\n<p><em><strong>Egg, 21. Oktober 2020:<\/strong> Zugegeben, der Begriff Multimedia Managment System (MMS) d\u00fcrfte den wenigsten gel\u00e4ufig sein. Bei einem &#8222;normalen&#8220; DMS (Document Management System) geht es um das effiziente Verwalten von einzelnen Dokumenten. Bei multimedialen Inhalten bzw. Projekten reicht dies nicht, da ein Projekt gut und gerne aus mehreren Hundert Dateien bestehen kann. Im Unterschied zu einem DMS lassen sich mit einem Multimedia Managment System (MMS) viele auch sehr grosse Dateien mit direkter Verkn\u00fcpfung zu Schnittprogrammen <\/em>effizient verarbeiten und archivieren. <em>Im nachfolgenden Blog wird aufgezeigt, wie einfach dies mit der ArchivistaBox 2020\/X funktioniert.<br \/>\n<\/em><\/p>\n<p><a href=\"https:\/\/archivista.ch\/cms\/wp-content\/uploads\/2020\/10\/archivista_2020x.jpg\"><img loading=\"lazy\" decoding=\"async\" class=\"alignnone size-full wp-image-6609\" src=\"https:\/\/archivista.ch\/cms\/wp-content\/uploads\/2020\/10\/archivista_2020x.jpg\" alt=\"\" width=\"798\" height=\"448\" srcset=\"https:\/\/archivista.ch\/cms\/wp-content\/uploads\/2020\/10\/archivista_2020x.jpg 798w, https:\/\/archivista.ch\/cms\/wp-content\/uploads\/2020\/10\/archivista_2020x-300x168.jpg 300w, https:\/\/archivista.ch\/cms\/wp-content\/uploads\/2020\/10\/archivista_2020x-768x431.jpg 768w, https:\/\/archivista.ch\/cms\/wp-content\/uploads\/2020\/10\/archivista_2020x-600x337.jpg 600w, https:\/\/archivista.ch\/cms\/wp-content\/uploads\/2020\/10\/archivista_2020x-624x350.jpg 624w\" sizes=\"auto, (max-width: 798px) 100vw, 798px\" \/><\/a><\/p>\n<h2>Shotcut neu auf jeder ArchivistaBox<\/h2>\n<p>Ab Version 2020\/X steht auf jeder ArchivistaBox (bei AVMultimedia nat\u00fcrlich ebenso) neu Shotcut zur Verf\u00fcgung. Mit Shotcut lassen sich Video-Projekte \u00e4usserst einfach realisieren. Dabei arbeitet Shotcut auch auf beschaulicher Hardware \u00e4usserst effizient.<\/p>\n<p>Zwar m\u00f6gen andere Programme (z.B. Kdenlive) leistungsf\u00e4higer sein. Daf\u00fcr aber ist Showcut einfacher in der Bedienung. Dies f\u00fchrt letztlich zu einem schnelleren Arbeiten, denn wo weniger Men\u00fcs, Formulare und Optionen zur Verf\u00fcgung stehen, l\u00e4sst sich die Arbeit speditiver erledigen.<\/p>\n<h2>Problematik bei der Archivierung von Video-Projekten<\/h2>\n<p>Eine klassische Video-Produktion besteht gut und gerne aus Hunderten von Dateien, die zu einem Gesamtwerk (Projekt) zusammengef\u00fcgt werden. Dabei gibt es eine zentrale Projekt-Datei, welche in einer Art Drehbuch die einzelnen Dateien zusammentr\u00e4gt.<\/p>\n<p>Vereinfacht gesagt enth\u00e4lt die Projekt-Datei Anweisungen wie z.B. Video-Datei Y ab Position 24 Sekunden f\u00fcr 15 Sekunden auf Spur 1 abspielen und dazu auf Spur 2 mit 50 Prozent Gr\u00f6sse die Video-Datei Z ab Sekunde 20 f\u00fcr 5 Sekunden einblenden. Unhandlich dabei ist, dass die eingebunden Dateien \u00fcber verschiedene Verzeichnisse und oder Festplatten verteilt sein k\u00f6nnen.<\/p>\n<p><a href=\"https:\/\/archivista.ch\/cms\/wp-content\/uploads\/2020\/10\/shotcut1l.jpg\"><img loading=\"lazy\" decoding=\"async\" class=\"alignnone size-full wp-image-6606\" src=\"https:\/\/archivista.ch\/cms\/wp-content\/uploads\/2020\/10\/shotcut1l.jpg\" alt=\"\" width=\"1920\" height=\"1080\" srcset=\"https:\/\/archivista.ch\/cms\/wp-content\/uploads\/2020\/10\/shotcut1l.jpg 1920w, https:\/\/archivista.ch\/cms\/wp-content\/uploads\/2020\/10\/shotcut1l-300x169.jpg 300w, https:\/\/archivista.ch\/cms\/wp-content\/uploads\/2020\/10\/shotcut1l-768x432.jpg 768w, https:\/\/archivista.ch\/cms\/wp-content\/uploads\/2020\/10\/shotcut1l-1024x576.jpg 1024w, https:\/\/archivista.ch\/cms\/wp-content\/uploads\/2020\/10\/shotcut1l-600x338.jpg 600w, https:\/\/archivista.ch\/cms\/wp-content\/uploads\/2020\/10\/shotcut1l-624x351.jpg 624w\" sizes=\"auto, (max-width: 1920px) 100vw, 1920px\" \/><\/a><\/p>\n<p>Werden dabei eingebundene Dateien sp\u00e4ter verschoben und oder gel\u00f6scht, oder befindet sich eine externe Festplatte mit Dateien nicht im Direktzugriff, so ist es nahezu unm\u00f6glich, ein Projekt nachzubearbeiten, weil die Projektdatei die eingebundenen Dateien nicht mehr findet bzw. abspielen kann.<\/p>\n<p>Ebenfalls schwierig wird es, wenn z.B. Video- oder Audio-Dateien in mehreren Projekten verwendet werden sollen bzw. m\u00fcssen. Oft werden die ben\u00f6tigten Dateien dabei einfach mehrfach in unterschiedlichen Projekt-Ordnern gespeichert. Dies f\u00fchrt zu einem erheblichen Mehrverbrauch an Speicher.<\/p>\n<h2>ArchivistaBox f\u00fcr Shotcut und Kdenlive<\/h2>\n<p>Hier setzt die ArchivistaBox 2020\/X ein. Neu k\u00f6nnen sowohl Shotcut- als auch Kdenlive-Projekte mit einem Tool automatisiert in die ArchivistaBox \u00fcbertragen werden. Die in der Projektdatei enthaltenen Links werden dabei analysiert. Gefundene Dateien werden ins Archiv \u00fcbertragen. Dabei wird bei jeder Datei \u00fcberpr\u00fcft, ob sie sich nicht archiviert ist.<\/p>\n<p>Archivierte Video-Projekte lassen sich \u00fcber die Funktion &#8218;Quelldateien exportieren&#8216; in ArchivistaDMS jederzeit wieder als Projekt in einen neuen Projekt-Ordner exportieren. Bei ge\u00e4nderten Projekten gen\u00fcgt es, die neue Projekt-Datei erneut ins Archiv (MMS) hochzuladen. Verarbeitet bzw. hinzugef\u00fcgt werden dabei nur jene Dateien, die neu hinzugef\u00fcgt wurden bzw. sich noch nicht im Archiv befinden.<\/p>\n<h2>ArchivistaBox 2020\/X bietet Unterst\u00fctzung f\u00fcr bis zu 200 TByte<\/h2>\n<p>Bei Video-Projekten fallen erkleckliche Datenmengen an. Pro Stunde sind dies bei 4K gut und gerne 10 GByte. Damit k\u00f6nnen bei 4K mit einer Festplatte mit 18 TByte immerhin bis zu 1800 Stunden Aufnahmen verwaltet werden, bei FullHD sind es immerhin bis zu 7200 Stunden.<\/p>\n<p><a href=\"https:\/\/archivista.ch\/cms\/wp-content\/uploads\/2020\/10\/archivistak2_lothsel.jpg\"><img loading=\"lazy\" decoding=\"async\" class=\"alignnone wp-image-6608 size-large\" src=\"https:\/\/archivista.ch\/cms\/wp-content\/uploads\/2020\/10\/archivistak2_lothsel-1024x732.jpg\" alt=\"\" width=\"625\" height=\"447\" srcset=\"https:\/\/archivista.ch\/cms\/wp-content\/uploads\/2020\/10\/archivistak2_lothsel-1024x732.jpg 1024w, https:\/\/archivista.ch\/cms\/wp-content\/uploads\/2020\/10\/archivistak2_lothsel-300x215.jpg 300w, https:\/\/archivista.ch\/cms\/wp-content\/uploads\/2020\/10\/archivistak2_lothsel-768x549.jpg 768w, https:\/\/archivista.ch\/cms\/wp-content\/uploads\/2020\/10\/archivistak2_lothsel-600x429.jpg 600w, https:\/\/archivista.ch\/cms\/wp-content\/uploads\/2020\/10\/archivistak2_lothsel-624x446.jpg 624w, https:\/\/archivista.ch\/cms\/wp-content\/uploads\/2020\/10\/archivistak2_lothsel.jpg 1295w\" sizes=\"auto, (max-width: 625px) 100vw, 625px\" \/><\/a><\/p>\n<p>Das ist nicht nichts. Da aber ein jeder Tag bekanntlich 24 Stunden umfasst und ein jedes Jahr 365 bzw. 366 Tage umfasst, ergeben sich pro Jahr 8760 Stunden. Damit w\u00e4re die ArchivistaBox bereits nach weniger als 10 Monaten ausgelastet. Mit dem Release 2020\/X k\u00f6nnen daher zus\u00e4tzliche Festplatten fast beliebig und sehr flexibel eingebunden werden.<\/p>\n<p>Die ArchivistaBox 2020\/X ist dabei neu in der Lage, bis zu 200 TByte an multimedialen Inhalten zu verwalten. Bei 4K ergeben sich dabei immerhin ca. 20&#8217;000, bei FullHD gar 80&#8217;000 Stunden. Um in derartige Gr\u00f6ssenordnungen &#8222;vorzudringen&#8220;, kann eine jede ArchivistaK2 oder ArchivistaEverest-L\u00f6sung um einen externen Disk-Array (ArchivistaBox Lhotse) mit bis zu 10 zus\u00e4tzlichen Festplatten erweitert werden. Der Preis f\u00fcr die ArchivistaBox Lhotse betr\u00e4gt (Richtpreis) sFr. 800.&#8211;.<\/p>\n<h2>Via Stockalper: Shotcut-Beispiel unter azurgo.ch<\/h2>\n<p>Dank ArchivistaBox 2020\/X konnte ein ca. 20 min\u00fctiger Film zur Wanderung von Brig nach Domodossola auf der Via Stockalper deutlich effizienter realisiert werden. Das Resultat l\u00e4sst findet sich unter: <strong><a href=\"https:\/\/azurgo.ch\/aktuelle-touren\/via-stockalper\">https:\/\/azurgo.ch\/aktuelle-touren\/via-stockalper<\/a><\/strong> (Version in FullHD).<\/p>\n<p>Das Projekt umfasst um die 440 4K-Video-Dateien mit einem Umfang von guten 60 GByte (ca. 3 Stunden Aufnahmen). F\u00fcr das Erstellen der fertigen Produktion standen zwei Tage Zeit (Wochenende) zur Verf\u00fcgung.<\/p>\n\n\n\n\t<div class=\"dkpdf-button-container\" style=\"            text-align:right \">\n\n\t\t<a class=\"dkpdf-button\" href=\"\/cms\/wp-json\/wp\/v2\/pages\/6595?pdf=6595\" target=\"_blank\"><span class=\"dkpdf-button-icon\"><i class=\"fa fa-file-pdf-o\"><\/i><\/span> PDF Button<\/a>\n\n\t<\/div>\n\n\n\n\n\n","protected":false},"excerpt":{"rendered":"<p>Multimedia Management System f\u00fcr Shotcut und Kdenlive Egg, 21. Oktober 2020: Zugegeben, der Begriff Multimedia Managment System (MMS) d\u00fcrfte den wenigsten gel\u00e4ufig sein. Bei einem &#8222;normalen&#8220; DMS (Document Management System) geht es um das effiziente Verwalten von einzelnen Dokumenten. Bei multimedialen Inhalten bzw. Projekten reicht dies nicht, da ein Projekt gut und gerne aus mehreren [&hellip;]<\/p>\n","protected":false},"author":1,"featured_media":0,"parent":6768,"menu_order":149,"comment_status":"closed","ping_status":"closed","template":"","meta":{"_acf_changed":false,"footnotes":""},"class_list":["post-6595","page","type-page","status-publish","hentry"],"acf":[],"_links":{"self":[{"href":"https:\/\/archivista.ch\/cms\/wp-json\/wp\/v2\/pages\/6595","targetHints":{"allow":["GET"]}}],"collection":[{"href":"https:\/\/archivista.ch\/cms\/wp-json\/wp\/v2\/pages"}],"about":[{"href":"https:\/\/archivista.ch\/cms\/wp-json\/wp\/v2\/types\/page"}],"author":[{"embeddable":true,"href":"https:\/\/archivista.ch\/cms\/wp-json\/wp\/v2\/users\/1"}],"replies":[{"embeddable":true,"href":"https:\/\/archivista.ch\/cms\/wp-json\/wp\/v2\/comments?post=6595"}],"version-history":[{"count":9,"href":"https:\/\/archivista.ch\/cms\/wp-json\/wp\/v2\/pages\/6595\/revisions"}],"predecessor-version":[{"id":6610,"href":"https:\/\/archivista.ch\/cms\/wp-json\/wp\/v2\/pages\/6595\/revisions\/6610"}],"up":[{"embeddable":true,"href":"https:\/\/archivista.ch\/cms\/wp-json\/wp\/v2\/pages\/6768"}],"wp:attachment":[{"href":"https:\/\/archivista.ch\/cms\/wp-json\/wp\/v2\/media?parent=6595"}],"curies":[{"name":"wp","href":"https:\/\/api.w.org\/{rel}","templated":true}]}}