{"id":6613,"date":"2020-10-26T15:43:11","date_gmt":"2020-10-26T14:43:11","guid":{"rendered":"http:\/\/archivista.ch\/cms\/?page_id=6613"},"modified":"2020-12-28T10:35:24","modified_gmt":"2020-12-28T09:35:24","slug":"avmultimedia-2020-x-ryzen-4000u","status":"publish","type":"page","link":"https:\/\/archivista.ch\/cms\/de\/aktuell-blog\/blogs-2020\/avmultimedia-2020-x-ryzen-4000u\/","title":{"rendered":"AVMultimedia 2020\/X f\u00fcr Ryzen 4000U"},"content":{"rendered":"<h1>4K-Videobearbeitung mit Lenovo-Ultrabook<\/h1>\n<p><em><strong>Egg, 26. Oktober 2020:<\/strong> Bislang war es eher m\u00fchsam, 4K-Videos mit einem Note- oder Ultrabook zu bearbeiten, zumindest unter Linux bzw. mit AVMultimedia. Mit AVMultimedia 2020\/X geh\u00f6rt dies der Vergangenheit an. Warum dies einfach und doch schwer(er) als gedacht ist, davon handelt der nachfolgende Blog.<\/em><\/p>\n<p><em><a href=\"https:\/\/archivista.ch\/cms\/wp-content\/uploads\/2020\/10\/herbst.jpg\"><img loading=\"lazy\" decoding=\"async\" class=\"alignnone size-full wp-image-6618\" src=\"https:\/\/archivista.ch\/cms\/wp-content\/uploads\/2020\/10\/herbst.jpg\" alt=\"\" width=\"798\" height=\"448\" srcset=\"https:\/\/archivista.ch\/cms\/wp-content\/uploads\/2020\/10\/herbst.jpg 798w, https:\/\/archivista.ch\/cms\/wp-content\/uploads\/2020\/10\/herbst-300x168.jpg 300w, https:\/\/archivista.ch\/cms\/wp-content\/uploads\/2020\/10\/herbst-768x431.jpg 768w, https:\/\/archivista.ch\/cms\/wp-content\/uploads\/2020\/10\/herbst-600x337.jpg 600w, https:\/\/archivista.ch\/cms\/wp-content\/uploads\/2020\/10\/herbst-624x350.jpg 624w\" sizes=\"auto, (max-width: 798px) 100vw, 798px\" \/><\/a><\/em><\/p>\n<h2>Mobiler Ryzen 4800U Prozessor mit 8 CPU-Kernen und 16 Threads<\/h2>\n<p>Im Januar k\u00fcndigte AMD neue leistungsstarke Prozessoren f\u00fcr mobile Ger\u00e4te an. Von besonderem Interesse sind dabei die Varianten mit einem U am Ende, da diese Serie besonders sparsam im Verbrauch ist. Damit k\u00f6nnen diese CPUs in leichten Ger\u00e4ten (unter 1.4 Kilogramm) verbaut werden.<\/p>\n<p>Leider waren entsprechende Ultrabooks bislang nur schwer erh\u00e4ltlich. Am letzten Mittwoch tauchte beim Lieferanten ein Kandidat mit einer 4800U-CPU auf. Das Lenovo Yoga Slim 7 14ARE05 wird mit einer solchen CPU ausgeliefert. Mit 14 Zoll und 1,35 Kilogramm Gewicht passt es wunderbar in jede Tasche.<\/p>\n<p><a href=\"https:\/\/archivista.ch\/cms\/wp-content\/uploads\/2020\/10\/avlenovo1l.jpg\"><img loading=\"lazy\" decoding=\"async\" class=\"size-full wp-image-6620\" src=\"https:\/\/archivista.ch\/cms\/wp-content\/uploads\/2020\/10\/avlenovo1l.jpg\" alt=\"\" width=\"600\" height=\"591\" srcset=\"https:\/\/archivista.ch\/cms\/wp-content\/uploads\/2020\/10\/avlenovo1l.jpg 600w, https:\/\/archivista.ch\/cms\/wp-content\/uploads\/2020\/10\/avlenovo1l-100x100.jpg 100w, https:\/\/archivista.ch\/cms\/wp-content\/uploads\/2020\/10\/avlenovo1l-300x296.jpg 300w\" sizes=\"auto, (max-width: 600px) 100vw, 600px\" \/><\/a><\/p>\n<h2>Aufwachen mit AVMultimedia<\/h2>\n<p>Am Donnerstag wurde das Ger\u00e4t geliefert, doch leider musste festgestellt werden, AVMultimedia l\u00e4sst sich nicht aufspielen. Ein Blick bei <strong><a href=\"https:\/\/ubuntu.com\/\">Ubuntu<\/a><\/strong> und <strong><a href=\"https:\/\/manjaro.org\/\">Manjaro<\/a><\/strong> zeigte, ohne aktualisierten Kernel wird es nichts mit der mobilen 4K-Schnittmaschine.<\/p>\n<p>\u00dcber das vergangene Wochenende wurde AVMultimedia daher erweitert und fit f\u00fcr die neuen Ryzen 4000 Ger\u00e4te gemacht. Dazu waren einmal Kernel 5.8.16 notwendig, weiter aber auch aktualisierte Firmware-Dateien.<\/p>\n<h2>Kernel 5.8.x und 5.4.x parallel ab AVMultimedia 2020\/X<\/h2>\n<p>Weil bisherige Erfahrungen zeigen, dass neue Kernel nicht zwingend bedeuten, dass alle bisherigen Ger\u00e4te ohne Friktionen weiterlaufen, gibt es bei AVMultimedia neu den stabilen 5.4er (Long-Term) sowie parallel dazu den Linux-Kernel 5.8.16, der f\u00fcr die neuen Ryzen-Prozessoren notwendig ist.<\/p>\n<p>Damit l\u00e4uft AVMultimedia neu auf deutlich mehr Rechnern als bisher. Ebenfalls neu wurden alle m\u00f6glichen Stromsparm\u00f6glichkeiten gesetzt. Da neu deutlich mehr Firmware und zwei Kernel (weitere k\u00f6nnten jederzeit hinzugef\u00fcgt werden) parallel zur Verf\u00fcgung stehen, wurden die ISO-Dateien ca. 250 MByte gr\u00f6sser.<\/p>\n<div style=\"width: 625px;\" class=\"wp-video\"><!--[if lt IE 9]><script>document.createElement('video');<\/script><![endif]-->\n<video class=\"wp-video-shortcode\" id=\"video-6613-1\" width=\"625\" height=\"352\" poster=\"https:\/\/archivista.ch\/cms\/wp-content\/uploads\/2020\/10\/avlenovo3l.jpg\" preload=\"metadata\" controls=\"controls\"><source type=\"video\/mp4\" src=\"https:\/\/archivista.ch\/cms\/wp-content\/uploads\/file\/avmultimedia_2020.mp4?_=1\" \/><a href=\"https:\/\/archivista.ch\/cms\/wp-content\/uploads\/file\/avmultimedia_2020.mp4\">https:\/\/archivista.ch\/cms\/wp-content\/uploads\/file\/avmultimedia_2020.mp4<\/a><\/video><\/div>\n<h2>4K-Videos bequem verarbeiten, oder doch nicht?<\/h2>\n<p>Erste Tests mit dem Lenovo-Ultrabook und AVMultimedia 2020\/X zeigen, dass die Leistung stimmt. 4K-Videos k\u00f6nnen in der Preview im Schnittprogramm praktisch ruckelfrei in 4K dargestellt werden. Beim Rendern wird in aller Regel etwa Faktor 1:2 erreicht. Dies bedeutet, dass 5 Minuten 4K in etwa 10 Minuten gerastert werden k\u00f6nnen.<\/p>\n<p>Positiv vermerkt werden kann, dass beim Lenovo-Ultrabook eine Standby-Zeit von \u00fcber 30 Stunden (!) gemessen werden konnte. Weniger positiv erscheint dagegen das aktuelle Verkaufsverbot der Lenovo-Ger\u00e4te f\u00fcr Deutschland. Dabei geht es um einen Streit um Lizenzgeb\u00fchren bei der in der in der AMD-Grafikkarte eingebauten Videokomprimierung H.264.<\/p>\n<p>Die Situation erscheint einem umso absurder, als dass AMD die Grafikkarte mit H.264 an Lenovo ausliefern darf, Lenovo diese auch in die Ger\u00e4te einbauen kann, daf\u00fcr aber nochmals Linzenzgeb\u00fchren entrichten muss und es hier einen Streit gibt, wie hoch diese Geb\u00fchren anzusetzen sind. Gem\u00e4ss Lenovo werde diese Technologie nicht zu fairen, vern\u00fcnftigen und nicht diskriminierenden (FRAND) Bedingungen geliefert.<\/p>\n<p>Eine Einsch\u00e4tzung ist schwierig. Wer ganz auf der sicheren Seite sein m\u00f6chte, verarbeitet und speichert seine Videos einfach mit dem Format WebM VP9 (sowohl bei <strong><a href=\"http:\/\/shotcut.org\/\">Shotcut<\/a><\/strong> als auch Kdenlive enthalten). Der Exportvorgang dauert dabei zwar merklich l\u00e4nger und auch die Filme werden etwas gr\u00f6sser, doch handelt es sich bei WebM VP9 um ein offenes Format. Im \u00fcbrigen sei f\u00fcr deutsche Konsumenten noch hinzugef\u00fcgt, dass Lenovo-Ger\u00e4te legal bei jedem Shop im Ausland erworben werden k\u00f6nnen.<\/p>\n<p><em><strong>Update November 2020:<\/strong> Das Verkaufsverbot f\u00fcr die Lenovo-Ger\u00e4te in Deutschland ist wieder aufgehoben. Zudem sei angef\u00fcgt, dass die 4800U CPU sich nicht vor dem neuen Apple M1 Prozessor &#8222;verstecken&#8220; muss. Gem\u00e4ss <strong><a href=\"https:\/\/hexus.net\/tech\/news\/cpu\/146878-apple-m1-cinebench-r23-benchmark-scores-revealed\/\">hexus.net<\/a><\/strong> erreicht der M1 im Multi-Threading-Cinebench-Test etwa 80% der 4800-er-Serie von AMD (5000er w\u00e4re noch st\u00e4rker). Die M1-Leistung ist f\u00fcr eine ARM-CPU eine tolle Leistung, aber weltbewegend ist es nicht. Das <strong><a href=\"https:\/\/gizmodo.com\/amd-finally-proves-its-laptop-prowess-with-the-incredib-1845014631\">Lenovo-Ger\u00e4t l\u00e4uft zudem l\u00e4nger<\/a><\/strong> und kostet bei gleicher Ausstattung die H\u00e4lfte, passend dazu bei <strong><a href=\"https:\/\/www.heise.de\/forum\/heise-online\/Kommentare\/Rekordquartal-AMD-kratzt-mit-Ryzen-Epyc-und-Konsolen-an-der-3-Milliarden-Marke\/Erfahrungen-mit-AMD-und-Linux\/posting-37680964\/show\/\">heise.de<\/a><\/strong> die fast &#8222;ungl\u00e4ubigen&#8220; Kommentare. War da nicht zu AVMultimedia greift, ist echt selber schuld.<br \/>\n<\/em><\/p>\n\n\n\n\t<div class=\"dkpdf-button-container\" style=\"            text-align:right \">\n\n\t\t<a class=\"dkpdf-button\" href=\"\/cms\/wp-json\/wp\/v2\/pages\/6613?pdf=6613\" target=\"_blank\"><span class=\"dkpdf-button-icon\"><i class=\"fa fa-file-pdf-o\"><\/i><\/span> PDF Button<\/a>\n\n\t<\/div>\n\n\n\n\n\n","protected":false},"excerpt":{"rendered":"<p>4K-Videobearbeitung mit Lenovo-Ultrabook Egg, 26. Oktober 2020: Bislang war es eher m\u00fchsam, 4K-Videos mit einem Note- oder Ultrabook zu bearbeiten, zumindest unter Linux bzw. mit AVMultimedia. Mit AVMultimedia 2020\/X geh\u00f6rt dies der Vergangenheit an. Warum dies einfach und doch schwer(er) als gedacht ist, davon handelt der nachfolgende Blog. Mobiler Ryzen 4800U Prozessor mit 8 CPU-Kernen [&hellip;]<\/p>\n","protected":false},"author":1,"featured_media":0,"parent":6768,"menu_order":151,"comment_status":"closed","ping_status":"closed","template":"","meta":{"_acf_changed":false,"footnotes":""},"class_list":["post-6613","page","type-page","status-publish","hentry"],"acf":[],"_links":{"self":[{"href":"https:\/\/archivista.ch\/cms\/wp-json\/wp\/v2\/pages\/6613","targetHints":{"allow":["GET"]}}],"collection":[{"href":"https:\/\/archivista.ch\/cms\/wp-json\/wp\/v2\/pages"}],"about":[{"href":"https:\/\/archivista.ch\/cms\/wp-json\/wp\/v2\/types\/page"}],"author":[{"embeddable":true,"href":"https:\/\/archivista.ch\/cms\/wp-json\/wp\/v2\/users\/1"}],"replies":[{"embeddable":true,"href":"https:\/\/archivista.ch\/cms\/wp-json\/wp\/v2\/comments?post=6613"}],"version-history":[{"count":14,"href":"https:\/\/archivista.ch\/cms\/wp-json\/wp\/v2\/pages\/6613\/revisions"}],"predecessor-version":[{"id":6744,"href":"https:\/\/archivista.ch\/cms\/wp-json\/wp\/v2\/pages\/6613\/revisions\/6744"}],"up":[{"embeddable":true,"href":"https:\/\/archivista.ch\/cms\/wp-json\/wp\/v2\/pages\/6768"}],"wp:attachment":[{"href":"https:\/\/archivista.ch\/cms\/wp-json\/wp\/v2\/media?parent=6613"}],"curies":[{"name":"wp","href":"https:\/\/api.w.org\/{rel}","templated":true}]}}