{"id":6648,"date":"2020-11-09T18:51:03","date_gmt":"2020-11-09T17:51:03","guid":{"rendered":"http:\/\/archivista.ch\/cms\/?page_id=6648"},"modified":"2020-12-28T10:35:21","modified_gmt":"2020-12-28T09:35:21","slug":"design-filme-und-mehr","status":"publish","type":"page","link":"https:\/\/archivista.ch\/cms\/de\/aktuell-blog\/blogs-2020\/design-filme-und-mehr\/","title":{"rendered":"Design, Filme und mehr"},"content":{"rendered":"<h1>ArchivistaBox 2020\/XI mit neuem Kleid (Thema) und erweitertem Multimedia-Workflow<\/h1>\n<p><em><strong>Egg, 9. November 2020:<\/strong> Seit bald einem Jahr ist die ArchivistaBox in der Lage, multimediale Dateien zu verarbeiten. Im Rahmen eines Kundenprojektes wurden Ende Oktober zwei ArchivistaK2-Boxen ausgeliefert, mit denen ein beachtliches Pressearchiv um multimediale Inhalte erg\u00e4nzt wird. Dabei wurden sowohl der Unterbau AVMultimedia als auch ArchivistaDMS kr\u00e4ftig weiterentwickelt. Dieser Blog stellt die wichtigsten Neuerungen vor.<\/em><\/p>\n<div style=\"width: 625px;\" class=\"wp-video\"><!--[if lt IE 9]><script>document.createElement('video');<\/script><![endif]-->\n<video class=\"wp-video-shortcode\" id=\"video-6648-1\" width=\"625\" height=\"352\" poster=\"https:\/\/archivista.ch\/cms\/wp-content\/uploads\/2020\/11\/av2020xi0.jpg\" preload=\"metadata\" controls=\"controls\"><source type=\"video\/mp4\" src=\"https:\/\/archivista.ch\/cms\/wp-content\/uploads\/file\/av2020xi.mp4?_=1\" \/><a href=\"https:\/\/archivista.ch\/cms\/wp-content\/uploads\/file\/av2020xi.mp4\">https:\/\/archivista.ch\/cms\/wp-content\/uploads\/file\/av2020xi.mp4<\/a><\/video><\/div>\n<h2>Neue Designs und Rollen bei ArchivistaDMS<\/h2>\n<p>Bislang diente ArchivistaDMS prim\u00e4r als Dokumenten Management System f\u00fcr Schriftgut. Urspr\u00fcnglich wurden fast alle Inhalte gescannt, aktuell k\u00f6nnen und werden vermehrt rein digital angelegte Informationen verwaltet. Seien dies PDF-Dateien, seien es Office-Dateien oder EMails, mit ArchivistaDMS lassen sich hunderte von Dateiformaten verwalten.<\/p>\n<p>Seit einigen Jahren lassen sich mit der ArchivistaBox auch umfangreiche Fotoarchive managen und seit guten 10 Monaten gibt es die M\u00f6glichkeit, multimediale Inhalte in Archive zu stellen. Die bisherige ArchivistaBox hatte ihre St\u00e4rken bei Dokumenten. Mit Version 2020\/XI gibt es neu drei Schwerpunkte. Neben Schriftgut sind dies Foto- und Video-Archive. Die entsprechende Option findet sich in <strong>WebAdmin<\/strong> unter <strong>&#8218;Archiv verwalten&#8216;<\/strong> bzw. dort unter <strong>&#8218;Prim\u00e4re Archivnutzung&#8216;.<\/strong><strong><br \/>\n<\/strong><\/p>\n<p>Bevor die Optionen &#8218;Dokumente&#8216;, &#8218;Fotos&#8216; und &#8218;Filme&#8216; vorgestellt werden, sei erw\u00e4hnt, dass an gleicher Stelle in WebAdmin neu das gew\u00fcnschte Design gew\u00e4hlt werden kann. Dabei geht es darum, ob mit dem bisherigen (hellen) Thema oder neu mit einem dunklen Interface gearbeitet werden soll.<\/p>\n<p>Nun zur Voreinstellung des prim\u00e4ren Archivzwecks. Bei &#8218;Dokumente&#8216; erfolgt der Start mit einer tabellarischen Ansicht (bisherige Voreinstellung).<\/p>\n<p><a href=\"https:\/\/archivista.ch\/cms\/wp-content\/uploads\/2020\/11\/moviestar6.jpg\"><img loading=\"lazy\" decoding=\"async\" class=\"alignnone size-full wp-image-6658\" src=\"https:\/\/archivista.ch\/cms\/wp-content\/uploads\/2020\/11\/moviestar6.jpg\" alt=\"\" width=\"960\" height=\"540\" srcset=\"https:\/\/archivista.ch\/cms\/wp-content\/uploads\/2020\/11\/moviestar6.jpg 960w, https:\/\/archivista.ch\/cms\/wp-content\/uploads\/2020\/11\/moviestar6-300x169.jpg 300w, https:\/\/archivista.ch\/cms\/wp-content\/uploads\/2020\/11\/moviestar6-768x432.jpg 768w, https:\/\/archivista.ch\/cms\/wp-content\/uploads\/2020\/11\/moviestar6-600x338.jpg 600w, https:\/\/archivista.ch\/cms\/wp-content\/uploads\/2020\/11\/moviestar6-624x351.jpg 624w\" sizes=\"auto, (max-width: 960px) 100vw, 960px\" \/><\/a><\/p>\n<p>Bei &#8218;Foto&#8216; wird direkt der &#8222;Bildmodus&#8220; gestartet. Dabei wird verkleinert jeweils die erste Seite jeder Akte dargestellt.<\/p>\n<p><a href=\"https:\/\/archivista.ch\/cms\/wp-content\/uploads\/2020\/11\/moviestar4.jpg\"><img loading=\"lazy\" decoding=\"async\" class=\"alignnone size-full wp-image-6660\" src=\"https:\/\/archivista.ch\/cms\/wp-content\/uploads\/2020\/11\/moviestar4.jpg\" alt=\"\" width=\"960\" height=\"540\" srcset=\"https:\/\/archivista.ch\/cms\/wp-content\/uploads\/2020\/11\/moviestar4.jpg 960w, https:\/\/archivista.ch\/cms\/wp-content\/uploads\/2020\/11\/moviestar4-300x169.jpg 300w, https:\/\/archivista.ch\/cms\/wp-content\/uploads\/2020\/11\/moviestar4-768x432.jpg 768w, https:\/\/archivista.ch\/cms\/wp-content\/uploads\/2020\/11\/moviestar4-600x338.jpg 600w, https:\/\/archivista.ch\/cms\/wp-content\/uploads\/2020\/11\/moviestar4-624x351.jpg 624w\" sizes=\"auto, (max-width: 960px) 100vw, 960px\" \/><\/a><\/p>\n<p>Bei &#8218;Video&#8216; erfolgt der Start ebenfalls in diesem Modus. Zus\u00e4tzlich wird bei jedem Klick \u00fcberpr\u00fcft, ob es sich um eine Video- oder Audio-Datei handelt. Ist dies der Fall, wird der interne Medien-Player gestartet. Der bisherige Download der Audio- und Videodateien kann entfallen, muss aber nicht. Zus\u00e4tzlich wird im Film-Modus das Archiv mit vergr\u00f6sserten Icons (mobiler Modus f\u00fcr Smartphones) gestartet. Diese Variante eignet sich auch zum Arbeiten mit grossen Bildschirmen (4K und mehr).<\/p>\n<p><a href=\"https:\/\/archivista.ch\/cms\/wp-content\/uploads\/2020\/11\/moviestar1.jpg\"><img loading=\"lazy\" decoding=\"async\" class=\"alignnone size-full wp-image-6663\" src=\"https:\/\/archivista.ch\/cms\/wp-content\/uploads\/2020\/11\/moviestar1.jpg\" alt=\"\" width=\"960\" height=\"540\" srcset=\"https:\/\/archivista.ch\/cms\/wp-content\/uploads\/2020\/11\/moviestar1.jpg 960w, https:\/\/archivista.ch\/cms\/wp-content\/uploads\/2020\/11\/moviestar1-300x169.jpg 300w, https:\/\/archivista.ch\/cms\/wp-content\/uploads\/2020\/11\/moviestar1-768x432.jpg 768w, https:\/\/archivista.ch\/cms\/wp-content\/uploads\/2020\/11\/moviestar1-600x338.jpg 600w, https:\/\/archivista.ch\/cms\/wp-content\/uploads\/2020\/11\/moviestar1-624x351.jpg 624w\" sizes=\"auto, (max-width: 960px) 100vw, 960px\" \/><\/a><\/p>\n<p>Angemerkt kann, dass in allen Modi s\u00e4mtliche Optionen zur Verf\u00fcgung stehen. Filme k\u00f6nnen auch \u00fcber den neuen Link &#8218;Video&#8216; gestartet werden und f\u00fcr das Umschalten vom Tabellen in den Fotomodus gibt es der Button-Knopf (Icon) links mit den sechs Punkten. Zudem l\u00e4sst sich die vergr\u00f6sserte mobile Ansicht jederzeit mit dem Flag &#8218;mobile=off&#8216; deaktivieren bzw. mit &#8218;mobile=on&#8216; in der Navigationsleiste wieder aktivieren (Beispei: https:\/\/localhost\/perl\/avclient\/index.pl?mobile=0).<\/p>\n<h2>Medien-Player direkt in ArchivistaDMS<\/h2>\n<p>Mit dem neuen internen Medien-Player k\u00f6nnen Filme und Musikdateien direkt \u00fcber das Web-Interface von ArchivistaDMS abgespielt werden. Unterst\u00fctzt werden dabei die g\u00e4ngigen HTML5-Browser.<\/p>\n<p><a href=\"https:\/\/archivista.ch\/cms\/wp-content\/uploads\/2020\/11\/mediaplayer2.jpg\"><img loading=\"lazy\" decoding=\"async\" class=\"alignnone size-full wp-image-6665\" src=\"https:\/\/archivista.ch\/cms\/wp-content\/uploads\/2020\/11\/mediaplayer2.jpg\" alt=\"\" width=\"960\" height=\"540\" srcset=\"https:\/\/archivista.ch\/cms\/wp-content\/uploads\/2020\/11\/mediaplayer2.jpg 960w, https:\/\/archivista.ch\/cms\/wp-content\/uploads\/2020\/11\/mediaplayer2-300x169.jpg 300w, https:\/\/archivista.ch\/cms\/wp-content\/uploads\/2020\/11\/mediaplayer2-768x432.jpg 768w, https:\/\/archivista.ch\/cms\/wp-content\/uploads\/2020\/11\/mediaplayer2-600x338.jpg 600w, https:\/\/archivista.ch\/cms\/wp-content\/uploads\/2020\/11\/mediaplayer2-624x351.jpg 624w\" sizes=\"auto, (max-width: 960px) 100vw, 960px\" \/><\/a><\/p>\n<p>So konnte ArchivistaDMS mit aktuellem Firefox mit WindowsXP gestartet werden. Da WindowsXP intern nur virtualisiert verf\u00fcgbar ist, und die Audio-Ausgabe nie eingerichtet wurde, konnte nicht getestet werden, ob der Meden-Player laufen w\u00fcrde. Getestet wurde dies dagegen unter Windows7 sowohl mit Vivaldi als auch Firefox. Damit ist eine hohe Abw\u00e4rtskompatiblit\u00e4t sichergestellt.<\/p>\n<p><a href=\"https:\/\/archivista.ch\/cms\/wp-content\/uploads\/2020\/11\/windowsxp1.jpg\"><img loading=\"lazy\" decoding=\"async\" class=\"alignnone size-full wp-image-6657\" src=\"https:\/\/archivista.ch\/cms\/wp-content\/uploads\/2020\/11\/windowsxp1.jpg\" alt=\"\" width=\"600\" height=\"482\" srcset=\"https:\/\/archivista.ch\/cms\/wp-content\/uploads\/2020\/11\/windowsxp1.jpg 600w, https:\/\/archivista.ch\/cms\/wp-content\/uploads\/2020\/11\/windowsxp1-300x241.jpg 300w\" sizes=\"auto, (max-width: 600px) 100vw, 600px\" \/><\/a><\/p>\n<p>Das Layout des Medien-Players ist einfach gehalten. Videos und Audio-Dateien werden geladen, aber nicht gestartet. Dies nach dem Motto, dass im Business-Alltag automatisch startende Videos wohl kaum gefragt sind. Der Zugriff auf die Videos erfolgt \u00fcber tempor\u00e4re Dateilinks. Dritte erhalten keinen Zugriff, es sei denn der generierte Link wird \u00f6ffentlich gemacht. Sobald das Fenster des Medien-Players nicht mehr existiert, werden die Links zu den Dateien entfernt. Alternativ kann weiter mit dem Datei-Download gearbeitet werden.<\/p>\n<p>Wenig bekannt bei Kunden ist, dass ArchivistaDMS auch auf dem Smartphone oder Tablet l\u00e4uft. Daher zur Erinnerung, der neue Medien-PLayer arbeitet nat\u00fcrlich auch im Browserfenster der mobilen Betriebssysteme. Und weil ArchivistaDMS eine Web-App ist, l\u00e4uft ArchivistaDMS komplett ohne Apps.<\/p>\n<p><a href=\"https:\/\/archivista.ch\/cms\/wp-content\/uploads\/2020\/11\/mediathek1-1.jpg\"><img loading=\"lazy\" decoding=\"async\" class=\"alignnone size-full wp-image-6752\" src=\"https:\/\/archivista.ch\/cms\/wp-content\/uploads\/2020\/11\/mediathek1-1.jpg\" alt=\"\" width=\"1920\" height=\"1080\" srcset=\"https:\/\/archivista.ch\/cms\/wp-content\/uploads\/2020\/11\/mediathek1-1.jpg 1920w, https:\/\/archivista.ch\/cms\/wp-content\/uploads\/2020\/11\/mediathek1-1-300x169.jpg 300w, https:\/\/archivista.ch\/cms\/wp-content\/uploads\/2020\/11\/mediathek1-1-768x432.jpg 768w, https:\/\/archivista.ch\/cms\/wp-content\/uploads\/2020\/11\/mediathek1-1-1024x576.jpg 1024w, https:\/\/archivista.ch\/cms\/wp-content\/uploads\/2020\/11\/mediathek1-1-600x338.jpg 600w, https:\/\/archivista.ch\/cms\/wp-content\/uploads\/2020\/11\/mediathek1-1-624x351.jpg 624w\" sizes=\"auto, (max-width: 1920px) 100vw, 1920px\" \/><\/a><\/p>\n<h2>Videomaterial mit MediathekView erfassen<\/h2>\n<p>Viele TV- und Radiosender stellen Inhalte in einer Mediathek zur Verf\u00fcgung. Dort k\u00f6nnen sie zeitunabh\u00e4ngig bezogen werden. Allerdings sind viele Sendungen nur f\u00fcr eine gewisse Zeit verf\u00fcgbar. Da die Auswahl an Angeboten riesig ist, wird es zuweilen schwierig, den \u00dcberblick zu behalten. Dazu kommt, dass die Anbieter die Mediathek-Angebote immer wieder \u00e4ndern. Wer Links speichert, wird sp\u00e4ter feststellen, dass diese schon nach kurzer Zeit nicht mehr g\u00fcltig sind.<\/p>\n<p>Hier setzt ein Audio- und Video-Archiv ein. Die Inhalte werden gesichtet und die &#8222;Perlen&#8220; lokal gesichert. Um diesen Prozess zu vereinfachen, gibt es Programme, mit denen in den Mediatheken gezielt nach Sendungen gesucht werden k\u00f6nnen.<\/p>\n<p>Ab Version 2020\/XI steht MediathekView sowohl f\u00fcr AVMultimedia als auch f\u00fcr die ArchivistaBox zur Verf\u00fcgung. Da MediathekView zu allen verf\u00fcgbaren Sendungen auch Beschreibungsdateien liefert (Sender, Thema, Ausstrahlung, etc) k\u00f6nnen diese automatisiert nach ArchivistaDMS \u00fcbernommen werden.<\/p>\n<p>MediathekView hat sich in der Praxis als robust und zuverl\u00e4ssig erwiesen. Einen Nachteil hat MediathekView. Wer mit grossen Bildschirmen (4K und mehr) arbeitet, findet zu kleine Schriften. Zwar kann die Bildschirmaufl\u00f6sung \u00fcber die Steuerzentrale ge\u00e4ndert werden, einfacher geht es mit Ctrl+Alt+F11 (kleinere Aufl\u00f6sung) bzw. mit Ctrl+Alt+F12 (h\u00f6here Aufl\u00f6sung).<\/p>\n<p><a href=\"https:\/\/archivista.ch\/cms\/wp-content\/uploads\/2020\/11\/jdownloader1.jpg\"><img loading=\"lazy\" decoding=\"async\" class=\"alignnone size-full wp-image-6667\" src=\"https:\/\/archivista.ch\/cms\/wp-content\/uploads\/2020\/11\/jdownloader1.jpg\" alt=\"\" width=\"960\" height=\"540\" srcset=\"https:\/\/archivista.ch\/cms\/wp-content\/uploads\/2020\/11\/jdownloader1.jpg 960w, https:\/\/archivista.ch\/cms\/wp-content\/uploads\/2020\/11\/jdownloader1-300x169.jpg 300w, https:\/\/archivista.ch\/cms\/wp-content\/uploads\/2020\/11\/jdownloader1-768x432.jpg 768w, https:\/\/archivista.ch\/cms\/wp-content\/uploads\/2020\/11\/jdownloader1-600x338.jpg 600w, https:\/\/archivista.ch\/cms\/wp-content\/uploads\/2020\/11\/jdownloader1-624x351.jpg 624w\" sizes=\"auto, (max-width: 960px) 100vw, 960px\" \/><\/a><\/p>\n<h2>JDownloader f\u00fcr &#8222;besondere&#8220; F\u00e4lle<\/h2>\n<p>Manchmal fehlt bei multimedialen Inhalten der Link zum Download. Dies kann rechtliche Gr\u00fcnde haben, muss aber nicht. Hier setzt JDownloader ein. Mit diesem Programm lassen sich die Download-Links einer bestimmten Web-Seite heraussuchen. Danach k\u00f6nne Inhalte, die online verf\u00fcgbar sind, auf die lokale Platte gespeichert werden.<\/p>\n<p>An dieser Stelle drei Hinweise: Erstens speichert die ArchivistaBox s\u00e4mtliche Inhalte so, dass sie nur dann zum Download zur Verf\u00fcgung stehen, wenn Benutzer die entsprechende Datei in ArchivitsaDMS abrufen k\u00f6nnen. Wer im Rahmen von Privatkopien Inhalte mit der ArchivistaBox speichert, riskiert selbst dann nicht, dass die Daten &#8222;abgesaugt&#8220; werden, wenn eine ArchivistaBox im Internet verf\u00fcgbar ist. Dies unter der Bedingung, dass sichere Passw\u00f6rter gew\u00e4hlt wurden und der Zugriff verschl\u00fcsselt \u00fcber HTTPS erfolgt.<\/p>\n<p>Zweitens d\u00fcrfen im Rahmen von Privatkopien keine Inhalte bezogen werden, die \u00fcber illegale Tauschb\u00f6rsen &#8222;angeboten&#8220; oder &#8222;gehandelt&#8220; werden. Auch wenn es verlockend sein k\u00f6nnte, solche Filme oder Musik zu beziehen, gilt es immer zu bedenken, dass aufgrund der IP-Adressen jederzeit r\u00fcckverfolgt werden kann, wer was wann und wie heruntergeladen hat.<\/p>\n<p>Drittens sei angef\u00fcgt, dieser Blog ist keine juristische Abhandlung \u00fcber die Rechte von multimedialen Inhalten. Solange Anbieter wie Teleboy oder Wilmaa einen lokalen Download anbieten, d\u00fcrfte das Speichern (wichtig!) f\u00fcr private Zwecke legal sein. Auch eine sehr beschr\u00e4nkte Weitergabe im privaten Rahmen ist zul\u00e4ssig. Gem\u00e4ss deutscher Lesung (BGH, GRUR 1978, 474) liegt die Obergrenze bei sieben Kopien. Dies reicht f\u00fcr ein Archiv mit der ArchivistaBox (inkl. Sicherung), nicht aber z.B. f\u00fcr eine Tauschb\u00f6rse.<\/p>\n<p><a href=\"https:\/\/archivista.ch\/cms\/wp-content\/uploads\/2020\/11\/lossless1.jpg\"><img loading=\"lazy\" decoding=\"async\" class=\"alignnone size-full wp-image-6668\" src=\"https:\/\/archivista.ch\/cms\/wp-content\/uploads\/2020\/11\/lossless1.jpg\" alt=\"\" width=\"960\" height=\"540\" srcset=\"https:\/\/archivista.ch\/cms\/wp-content\/uploads\/2020\/11\/lossless1.jpg 960w, https:\/\/archivista.ch\/cms\/wp-content\/uploads\/2020\/11\/lossless1-300x169.jpg 300w, https:\/\/archivista.ch\/cms\/wp-content\/uploads\/2020\/11\/lossless1-768x432.jpg 768w, https:\/\/archivista.ch\/cms\/wp-content\/uploads\/2020\/11\/lossless1-600x338.jpg 600w, https:\/\/archivista.ch\/cms\/wp-content\/uploads\/2020\/11\/lossless1-624x351.jpg 624w\" sizes=\"auto, (max-width: 960px) 100vw, 960px\" \/><\/a><\/p>\n<h2>LosslessCut f\u00fcr den schnellen Schnitt<\/h2>\n<p>Oft geht es darum, nicht ganze Sendungen, sondern nur Teile davon f\u00fcr die private Kopie zu behalten. Nat\u00fcrlich k\u00f6nnte eine Filmdatei mit jedem Video-Schittprogramm entsprechend zurechtgestutzt werden. Allerdings ist dieser Vorgang zeitaufw\u00e4ndig, da bei \u00c4nderungen die gesamte Datei neu gerastert werden muss. LosslessCut erledigt den Job einfacher, weil bei LosslessCut beliebige Stellen ohne Rastern in neue Dateien kopiert werden k\u00f6nnen.<\/p>\n<p>LosslessCut vollbringt ebenfalls einen guten Job, wenn es darum geht, eigene Aufnahmen zu sichten und eine Vorauswahl zu treffen. Wenn z.B. die Kamera nach einer Aufnahme \u00fcber eine Minute unbeabsichtigt 10 Minuten weiterl\u00e4uft, so kann diese Minute mit LosslessCut elegant herausgeschnitten werden.<\/p>\n<h2><a href=\"https:\/\/archivista.ch\/cms\/wp-content\/uploads\/2020\/11\/moviestar3.jpg\"><img loading=\"lazy\" decoding=\"async\" class=\"alignnone size-full wp-image-6661\" src=\"https:\/\/archivista.ch\/cms\/wp-content\/uploads\/2020\/11\/moviestar3.jpg\" alt=\"\" width=\"960\" height=\"540\" srcset=\"https:\/\/archivista.ch\/cms\/wp-content\/uploads\/2020\/11\/moviestar3.jpg 960w, https:\/\/archivista.ch\/cms\/wp-content\/uploads\/2020\/11\/moviestar3-300x169.jpg 300w, https:\/\/archivista.ch\/cms\/wp-content\/uploads\/2020\/11\/moviestar3-768x432.jpg 768w, https:\/\/archivista.ch\/cms\/wp-content\/uploads\/2020\/11\/moviestar3-600x338.jpg 600w, https:\/\/archivista.ch\/cms\/wp-content\/uploads\/2020\/11\/moviestar3-624x351.jpg 624w\" sizes=\"auto, (max-width: 960px) 100vw, 960px\" \/><\/a><\/h2>\n<h2>Darum ist die ArchivistaBox die beste Wahl<\/h2>\n<p>Applikationen wie MediathekView, JDownloader und LosslessCut werden nicht zwingend f\u00fcr das Archivieren von multimedialen Inhalten ben\u00f6tigt. Trotzdem zeichnete sich im Rahmen des Kundenprojektes bald ab, dass ohne solche Programme ein effizientes Arbeiten bzw. ein guter Workflow nahezu unm\u00f6glich ist. Leider waren die Programmanpassungen deutlich umfangreicher als geplant.<\/p>\n<p>Selbst f\u00fcr die bestehenden Kunden, die keine multimedialen Inhalte verwalten, resultieren daraus viele Erweiterungen, welche das Arbeiten angenehmer und produktiver gestalten. Sei es mit dem neuen Design, dem rundum erneuerten Fotomodus (beliebiges Scrollen), sei es beim Suchen\/Ersetzen (Arbeiten mit *NULL*-Werten) oder sei es mit dem rundum angepassten Smartphone-Modus (inkl. Touchscreen f\u00fcr das Scrollen in der Tabellen bzw. Fotoansicht), all neuen Funktionen stehen allen Kunden zur Verf\u00fcgung.<\/p>\n<p><a href=\"https:\/\/archivista.ch\/cms\/wp-content\/uploads\/2020\/11\/moviestar2.jpg\"><img loading=\"lazy\" decoding=\"async\" class=\"alignnone size-full wp-image-6662\" src=\"https:\/\/archivista.ch\/cms\/wp-content\/uploads\/2020\/11\/moviestar2.jpg\" alt=\"\" width=\"960\" height=\"540\" srcset=\"https:\/\/archivista.ch\/cms\/wp-content\/uploads\/2020\/11\/moviestar2.jpg 960w, https:\/\/archivista.ch\/cms\/wp-content\/uploads\/2020\/11\/moviestar2-300x169.jpg 300w, https:\/\/archivista.ch\/cms\/wp-content\/uploads\/2020\/11\/moviestar2-768x432.jpg 768w, https:\/\/archivista.ch\/cms\/wp-content\/uploads\/2020\/11\/moviestar2-600x338.jpg 600w, https:\/\/archivista.ch\/cms\/wp-content\/uploads\/2020\/11\/moviestar2-624x351.jpg 624w\" sizes=\"auto, (max-width: 960px) 100vw, 960px\" \/><\/a><\/p>\n<h2>Darum bitten wir um Verzeihung<\/h2>\n<p>Die F\u00fclle an Erweiterungen erforderte mehrere Monate an Programmierung und Testen &#8212; und ja, dabei gab es leider Verz\u00f6gerungen f\u00fcr andere Projekte. Ein interner Audio- und Video-Player war nicht geplant, und doch \u00fcberzeugte das Argument des Kunden, dass das cool w\u00e4re. Geplant war, das multimediale Kundenprojekt, Mitte September auszuliefern. Daraus wurde Ende Oktober. Daraus ergeben sich Verz\u00f6gerungen f\u00fcr mehrere Projekte, die allesamt erst um einige Wochen sp\u00e4ter abgewickelt werden k\u00f6nnen.<\/p>\n<p>In den n\u00e4chsten Tagen und Wochen k\u00f6nnen die ausstehenden Auftr\u00e4ge nun abgearbeitet werden. F\u00fcr die Verz\u00f6gerung sei hier in aller Form um Verzeihung gebeten. Angemerkt sei hier noch, dass neue kundenspezifischen Projekte erst im Januar 2021 m\u00f6glich sein werden. Neue ArchivistaBoxen dagegen k\u00f6nnen selbstverst\u00e4ndlich jederzeit bestellt und ausgeliefert werden.<\/p>\n\n\n\n\t<div class=\"dkpdf-button-container\" style=\"            text-align:right \">\n\n\t\t<a class=\"dkpdf-button\" href=\"\/cms\/wp-json\/wp\/v2\/pages\/6648?pdf=6648\" target=\"_blank\"><span class=\"dkpdf-button-icon\"><i class=\"fa fa-file-pdf-o\"><\/i><\/span> PDF Button<\/a>\n\n\t<\/div>\n\n\n\n\n\n","protected":false},"excerpt":{"rendered":"<p>ArchivistaBox 2020\/XI mit neuem Kleid (Thema) und erweitertem Multimedia-Workflow Egg, 9. November 2020: Seit bald einem Jahr ist die ArchivistaBox in der Lage, multimediale Dateien zu verarbeiten. Im Rahmen eines Kundenprojektes wurden Ende Oktober zwei ArchivistaK2-Boxen ausgeliefert, mit denen ein beachtliches Pressearchiv um multimediale Inhalte erg\u00e4nzt wird. Dabei wurden sowohl der Unterbau AVMultimedia als auch [&hellip;]<\/p>\n","protected":false},"author":1,"featured_media":0,"parent":6768,"menu_order":153,"comment_status":"closed","ping_status":"closed","template":"","meta":{"_acf_changed":false,"footnotes":""},"class_list":["post-6648","page","type-page","status-publish","hentry"],"acf":[],"_links":{"self":[{"href":"https:\/\/archivista.ch\/cms\/wp-json\/wp\/v2\/pages\/6648","targetHints":{"allow":["GET"]}}],"collection":[{"href":"https:\/\/archivista.ch\/cms\/wp-json\/wp\/v2\/pages"}],"about":[{"href":"https:\/\/archivista.ch\/cms\/wp-json\/wp\/v2\/types\/page"}],"author":[{"embeddable":true,"href":"https:\/\/archivista.ch\/cms\/wp-json\/wp\/v2\/users\/1"}],"replies":[{"embeddable":true,"href":"https:\/\/archivista.ch\/cms\/wp-json\/wp\/v2\/comments?post=6648"}],"version-history":[{"count":20,"href":"https:\/\/archivista.ch\/cms\/wp-json\/wp\/v2\/pages\/6648\/revisions"}],"predecessor-version":[{"id":6753,"href":"https:\/\/archivista.ch\/cms\/wp-json\/wp\/v2\/pages\/6648\/revisions\/6753"}],"up":[{"embeddable":true,"href":"https:\/\/archivista.ch\/cms\/wp-json\/wp\/v2\/pages\/6768"}],"wp:attachment":[{"href":"https:\/\/archivista.ch\/cms\/wp-json\/wp\/v2\/media?parent=6648"}],"curies":[{"name":"wp","href":"https:\/\/api.w.org\/{rel}","templated":true}]}}