{"id":6768,"date":"2020-12-18T10:08:26","date_gmt":"2020-12-18T09:08:26","guid":{"rendered":"http:\/\/archivista.ch\/cms\/?page_id=6768"},"modified":"2020-12-28T16:06:58","modified_gmt":"2020-12-28T15:06:58","slug":"blogs-2020","status":"publish","type":"page","link":"https:\/\/archivista.ch\/cms\/de\/aktuell-blog\/blogs-2020\/","title":{"rendered":"Blogs 2020"},"content":{"rendered":"<h1>Ein Pr\u00e4sent, ein Angebot und ein Geschenk<\/h1>\n<p><em><strong>Egg, 18. Dezember 2020:<\/strong> In diesem Jahr geht es beim Jahresr\u00fcckblick um ein Pr\u00e4sent, ein Angebot und ein Geschenk. Das <strong><a href=\"https:\/\/archivista.ch\/cms\/wp-content\/uploads\/file\/leitfad20.pdf\">Pr\u00e4sent, ein komplett aktualisierter DMS-Leitfaden,<\/a><\/strong> richtet sich dabei an Verantwortliche in Unternehmen. Das <strong>Angebot<\/strong> richtet sich an jene, die auf der Suche nach einem <strong>kosteng\u00fcnstigen Scanner<\/strong> zur ArchivistaBox sind und beim <strong>MP3toCD-Geschenk<\/strong> k\u00f6nnen gerne all jene profitieren, die bereits mit AVMultimedia arbeiten oder sich aus der Abh\u00e4ngigkeit der Musik-Streaming-Dienste begeben m\u00f6chten.<\/em><\/p>\n<p><a href=\"https:\/\/archivista.ch\/cms\/wp-content\/uploads\/2020\/12\/archivista2020_12_1.jpg\"><img loading=\"lazy\" decoding=\"async\" class=\"size-full wp-image-6776\" src=\"https:\/\/archivista.ch\/cms\/wp-content\/uploads\/2020\/12\/archivista2020_12_1.jpg\" alt=\"\" width=\"600\" height=\"338\" srcset=\"https:\/\/archivista.ch\/cms\/wp-content\/uploads\/2020\/12\/archivista2020_12_1.jpg 600w, https:\/\/archivista.ch\/cms\/wp-content\/uploads\/2020\/12\/archivista2020_12_1-300x169.jpg 300w\" sizes=\"auto, (max-width: 600px) 100vw, 600px\" \/><\/a><\/p>\n<h2><a href=\"https:\/\/archivista.ch\/cms\/wp-content\/uploads\/file\/leitfad20.pdf\">Das Pr\u00e4sent: DMS-Leitfaden in Version 20.12<\/a><\/h2>\n<p>In Zeiten, wo sich Ereignisse zu \u00fcberst\u00fcrzen scheinen, bleibt wenig Zeit f\u00fcr Grunds\u00e4tzliches. Der extrem kurze Blick zur Gegenwart sollte aber nicht dar\u00fcber hinwegt\u00e4uschen, dass es ein Davor und ein Danach gibt. Vor mehr als 20 Jahren kam die Archivista-L\u00f6sung auf den Markt. Damals waren drei Punkte wichtig.<\/p>\n<p><strong>Erstens, ein DMS muss preislich in eine KMU-Landschaft passen.<\/strong> Nach mehr als zwei Jahrzehnten darf festgestellt werden, bei einem Startpreis von 360 Franken (inkl. Hardware) passt die ArchivistaBox in jedes Budget. Die ArchivistaBox ist aber aktuell derart flexibel, dass f\u00fcr weit weniger als zwei Nullen mehr auch Archive bis in den Bereich von mehreren Hundert TByte m\u00f6glich sind.<\/p>\n<p><strong>Zweitens, ein DMS, das nicht langfristig ausgelegt ist, bringt wenig.<\/strong> Gerade in dieser Zeit erstaunt, wie &#8222;naiv&#8220; zuweilen das Management mit Daten umgeht, sei es weil keine langfristige Strategie besteht oder sei es, weil alle Informationen in der Cloud liegen. Bei der ArchivistaBox werden minimal 30 Jahre Lesbarkeit der Daten gew\u00e4hrt. Dies ist m\u00f6glich, weil von allen Dokumenten Bildkopien erstellt werden. Sp\u00e4tere Darstellungsprobleme wie z.B. fehlende Zeichen oder ganze Schriften sind damit ausgeschlossen. Wenn aber Gesch\u00e4ftsleitung oder die Informatik den Unterschied einer Bild- zu einer PDF-Datei nicht kennt, k\u00f6nnen auch die Vorz\u00fcge einer Bild-Kopie nicht erkannt werden.<\/p>\n<p><strong>Drittens, dieses Jahr wurde der M-Disk-Standard in unsere L\u00f6sungen implementiert.<\/strong> Damit k\u00f6nnen die Daten auf nicht wiederbeschreibbare Datentr\u00e4ger, die immerhin 100 GByte aufnehmen, f\u00fcr viele Jahrzehnte, ja gar \u00fcber 100 Jahre, ausgelagert werden. Eine derartige Lebensdauer ist weder mit Festplatten noch Bandlaufwerken m\u00f6glich. Wie aber soll sp\u00e4ter festgestellt werden, ob origin\u00e4re Daten vorliegen, wenn diese einzig auf ver\u00e4nderbaren Datentr\u00e4gern gespeichert werden? Letztlich helfen da auch keine Signaturen, ver\u00e4nderbar bleibt ver\u00e4nderbar.<\/p>\n<p>Diese drei Eckpfeiler sind heute noch immer gleich zentral, aber villeicht gerade etwas weniger in Mode. Trotzdem, all diese und viele weiteren Punkte behandelt unser <strong><a href=\"https:\/\/archivista.ch\/cms\/wp-content\/uploads\/file\/leitfad20.pdf\">DMS-Leitfaden, der aktualisiert in der Fassung Dezember 2020<\/a><\/strong> vorliegt. Der Leitfaden richtet sich prim\u00e4r an jene, die in einem Unternehmen f\u00fchren. Das darin enthaltene Basis-Wissen bietet jedoch eine gute Anlaufstelle f\u00fcr alle Beteiligten, die an DMS- und an Informatikprojekten beteiligt sind.<\/p>\n<h2>Das Angebot: Neuer Netzwerk-Scanner f\u00fcr ArchivistaBox<\/h2>\n<p>Seit fast einem Jahrzehnt setzen wir f\u00fcr fast alle Projekte Scanner der Marke Fujitsu ein. Damals waren diese Ger\u00e4te im Vergleich zu anderen Ger\u00e4ten sehr g\u00fcnstig. Zusammen mit der ArchivistaBox Albis k\u00f6nnen so netzwerkf\u00e4hige Scan-Stationen im dreistelligen Franken- bzw. Euro-Bereich realisieren.<\/p>\n<div style=\"width: 625px;\" class=\"wp-video\"><!--[if lt IE 9]><script>document.createElement('video');<\/script><![endif]-->\n<video class=\"wp-video-shortcode\" id=\"video-6768-1\" width=\"625\" height=\"352\" poster=\"https:\/\/archivista.ch\/cms\/wp-content\/uploads\/2020\/12\/archivistadms_brother.jpg\" preload=\"metadata\" controls=\"controls\"><source type=\"video\/mp4\" src=\"https:\/\/archivista.ch\/cms\/wp-content\/uploads\/file\/archivistabox_brotherads2400n.mp4?_=1\" \/><a href=\"https:\/\/archivista.ch\/cms\/wp-content\/uploads\/file\/archivistabox_brotherads2400n.mp4\">https:\/\/archivista.ch\/cms\/wp-content\/uploads\/file\/archivistabox_brotherads2400n.mp4<\/a><\/video><\/div>\n<p>Netzwerkf\u00e4hige Ger\u00e4te sind schnell entweder viel teurer oder aber in der Verwaltung umso anspurchsvoller. Schon vor zehn Jahren war es &#8222;l\u00e4stig&#8220;, Windows-Scanner-Treiber zu installieren, heute ist dies nicht anders. Seit einiger Zeit verfolgen wir die netzwerkf\u00e4higen Brother-Scanner und nun, nach einer Testphase, freuen wir uns, den Brother ADS-2400N f\u00fcr die ArchivistaBox empfehlen zu k\u00f6nnen.<\/p>\n<p>Einmal sind die Ger\u00e4te sehr g\u00fcnstig. Bei etwa 330 Franken darf geradezu von einem &#8222;Schn\u00e4ppchen&#8220; gesprochen werden. Weiter ist aber auch die Scan-Geschwindigkeit von beinahe 60 Bl\u00e4ttern pro Minute sehr gut und nicht unwichtig, die Scanner k\u00f6nnen mit vergleichbar wenig Aufwand \u00fcber das Intranet eingerichtet werden, d.h. es m\u00fcssen keine zus\u00e4tzlichen Treiber installiert werden. F\u00fcr unsere Kunden bieten wir die Konfiguration zu einer Pauschale von 110 sFr. bzw 100.&#8211; Euro an.<\/p>\n<p>Angemerkt werden darf, dass der Brother ADS-2400N insbesondere eine gute Wahl im kleineren Umfeld darstellt. Die Kombination ArchivistaBox Albis mit den Fujitsu-Scannern dagegen ist flexibler, denn im Unterschied zum Brother-Ger\u00e4t, wo maximal drei Scan-Definitionen m\u00f6glich sind, ist die Anzahl der Scan-Definitionen bei der Albis-Box nicht limitiert. Weiter werden bei der Albis-Box die Seiten direkt beim Scannen \u00fcbermittelt, beim Brother-Ger\u00e4t werden alle Seiten gescannt, dann lokal auf dem Scanner in eine PDF-Datei geschrieben und erst danach erfolgt der Transfer zur ArchivistaBox. Trotzdem bleibt, gemessen am Preis stellt der Brother ADS-2400N eine gute Wahl dar.<\/p>\n<p><a href=\"https:\/\/archivista.ch\/cms\/wp-content\/uploads\/2020\/12\/archivista2020_12_2.jpg\"><img loading=\"lazy\" decoding=\"async\" class=\"size-full wp-image-6777\" src=\"https:\/\/archivista.ch\/cms\/wp-content\/uploads\/2020\/12\/archivista2020_12_2.jpg\" alt=\"\" width=\"600\" height=\"338\" srcset=\"https:\/\/archivista.ch\/cms\/wp-content\/uploads\/2020\/12\/archivista2020_12_2.jpg 600w, https:\/\/archivista.ch\/cms\/wp-content\/uploads\/2020\/12\/archivista2020_12_2-300x169.jpg 300w\" sizes=\"auto, (max-width: 600px) 100vw, 600px\" \/><\/a><\/p>\n<h2>Das Geschenk: MP3toCD mit AVMultimedia<\/h2>\n<p>\u00dcber die <strong><a href=\"https:\/\/archivista.ch\/cms\/de\/aktuell-blog\/design-filme-und-mehr\/\">multimedialen F\u00e4higkeiten der ArchivistaBox<\/a><\/strong> wurde dieses Jahr ausf\u00fchrlich berichtet. Wer h\u00e4tte noch vor einem Jahr gedacht, dass die ArchivistaBox in der Lage sein wird, <a href=\"https:\/\/archivista.ch\/cms\/de\/aktuell-blog\/archivistabox-2020-x-mit-200-tbyte\/\"><strong>Archive mit mehreren zehntausend Stunden Video-Material zu verwalten.<\/strong><\/a> Wer h\u00e4tte gedacht, dass es einen internen <a href=\"https:\/\/archivista.ch\/cms\/de\/aktuell-blog\/streaming-und-audio\/\"><strong>Video- und Audio-Player gibt<\/strong><\/a> und dass all unsere L\u00f6sungen auf der allermodernsten Hardware (inkl. der schnellsten Work-Station der Welt) laufen w\u00fcrde? Das ist nicht nichts.<\/p>\n<p>Zu verdanken sind all diese Errungenschaften dem <a href=\"https:\/\/archivista.ch\/cms\/de\/aktuell-blog\/avmultimedia-2020-x-ryzen-4000u\/\"><strong>Open Source Linux Desktop AVMultimedia. <\/strong><\/a>Stellvertretend f\u00fcr viele neue Funktionen, die in der aktuellen AVMultimedia-Version enthalten sind, sei nochmals das Tool MP3toCD kurz vorgestellt. Worum geht es dabei?<\/p>\n<p>Streng genommen geht es auch hier um lokale Hoheit versus outgesourcter Abh\u00e4ngigkeit beim H\u00f6ren von Musik. Nat\u00fcrlich will heute niemand mehr eine ganze Sammlung von CD-Datentr\u00e4gern von Hand verwalten. Hier setzen Streaming-Angebote ein. F\u00fcr einen monatlichen Betrag von ca. 10 Euro (Einzelpreson) bzw. guten 20 Euro (Familie) kann ein fast grenzenloses Angebot an Musiktitel &#8222;angemietet&#8220; werden.<\/p>\n<p>F\u00fcr diesen Betrag kann pro Monat mittlerweile eine CD erworben werden. Allerdings, im Unterschied zur eigenen CD-Sammlung, wo die Datentr\u00e4ger privat kopiert und\/oder weiterverkauft werden k\u00f6nnen, so ist es bei den Streaming-Anbietern erst mal nicht angedacht, die Musik ausserhalb einer App abzuspielen.<\/p>\n<p>Die Nutzung h\u00e4ngt davon, ob das Netz verf\u00fcgbar ist, ob die App auf einem bestimmten Ger\u00e4t l\u00e4uft und zudem &#8222;unterwirft&#8220; sich der\/die Konsument\/in einer allumfassenden \u00dcberwachung, welche Musik, wann, wo und wie geh\u00f6rt wird. Diese Daten wiederum verwerten die Anbieter zu Marketing- und Werbezwecken.<\/p>\n<p>Das alles muss nicht sein. Mit AVMultimedia bzw. Audacity lassen sich die Streams legal aufzeichnen. Das Tool MP3toCD erstellt danach anhand einer MP3-Datei und einer CSV-Datei (eine Art Excel-Datei mit den Titel-Informationen) einen Ordner, der die entsprechenden Musiktitel als MP3-Dateien speichert. Danach kann die Musik ger\u00e4teunabh\u00e4ngig abgespielt werden.<\/p>\n<p><a href=\"https:\/\/archivista.ch\/cms\/wp-content\/uploads\/2020\/12\/archivista2020_12_3.jpg\"><img loading=\"lazy\" decoding=\"async\" class=\"size-full wp-image-6783\" src=\"https:\/\/archivista.ch\/cms\/wp-content\/uploads\/2020\/12\/archivista2020_12_3.jpg\" alt=\"\" width=\"600\" height=\"338\" srcset=\"https:\/\/archivista.ch\/cms\/wp-content\/uploads\/2020\/12\/archivista2020_12_3.jpg 600w, https:\/\/archivista.ch\/cms\/wp-content\/uploads\/2020\/12\/archivista2020_12_3-300x169.jpg 300w\" sizes=\"auto, (max-width: 600px) 100vw, 600px\" \/><\/a><\/p>\n<h2>Betriebsferien: 21. Dezember 2020 bis 3. Januar 2021<\/h2>\n<p>Wie in jedem Jahr gilt, w\u00e4hrend der Weihnachtszeit bleiben unsere B\u00fcros geschlossen. Kunden mit Wartungsvertr\u00e4gen erhalten an den Werktagen selbstverst\u00e4ndlich Support. Allen zusammen w\u00fcnschen wir frohe Festtage und schon jetzt einen guten Rutsch ins 2021.<\/p>\n\n\n\n\t<div class=\"dkpdf-button-container\" style=\"            text-align:right \">\n\n\t\t<a class=\"dkpdf-button\" href=\"\/cms\/wp-json\/wp\/v2\/pages\/6768?pdf=6768\" target=\"_blank\"><span class=\"dkpdf-button-icon\"><i class=\"fa fa-file-pdf-o\"><\/i><\/span> PDF Button<\/a>\n\n\t<\/div>\n\n\n\n\n\n","protected":false},"excerpt":{"rendered":"<p>Ein Pr\u00e4sent, ein Angebot und ein Geschenk Egg, 18. Dezember 2020: In diesem Jahr geht es beim Jahresr\u00fcckblick um ein Pr\u00e4sent, ein Angebot und ein Geschenk. Das Pr\u00e4sent, ein komplett aktualisierter DMS-Leitfaden, richtet sich dabei an Verantwortliche in Unternehmen. Das Angebot richtet sich an jene, die auf der Suche nach einem kosteng\u00fcnstigen Scanner zur ArchivistaBox [&hellip;]<\/p>\n","protected":false},"author":1,"featured_media":0,"parent":168,"menu_order":186,"comment_status":"closed","ping_status":"closed","template":"","meta":{"_acf_changed":false,"footnotes":""},"class_list":["post-6768","page","type-page","status-publish","hentry"],"acf":[],"_links":{"self":[{"href":"https:\/\/archivista.ch\/cms\/wp-json\/wp\/v2\/pages\/6768","targetHints":{"allow":["GET"]}}],"collection":[{"href":"https:\/\/archivista.ch\/cms\/wp-json\/wp\/v2\/pages"}],"about":[{"href":"https:\/\/archivista.ch\/cms\/wp-json\/wp\/v2\/types\/page"}],"author":[{"embeddable":true,"href":"https:\/\/archivista.ch\/cms\/wp-json\/wp\/v2\/users\/1"}],"replies":[{"embeddable":true,"href":"https:\/\/archivista.ch\/cms\/wp-json\/wp\/v2\/comments?post=6768"}],"version-history":[{"count":20,"href":"https:\/\/archivista.ch\/cms\/wp-json\/wp\/v2\/pages\/6768\/revisions"}],"predecessor-version":[{"id":6800,"href":"https:\/\/archivista.ch\/cms\/wp-json\/wp\/v2\/pages\/6768\/revisions\/6800"}],"up":[{"embeddable":true,"href":"https:\/\/archivista.ch\/cms\/wp-json\/wp\/v2\/pages\/168"}],"wp:attachment":[{"href":"https:\/\/archivista.ch\/cms\/wp-json\/wp\/v2\/media?parent=6768"}],"curies":[{"name":"wp","href":"https:\/\/api.w.org\/{rel}","templated":true}]}}