{"id":6814,"date":"2021-01-12T17:50:48","date_gmt":"2021-01-12T16:50:48","guid":{"rendered":"http:\/\/archivista.ch\/cms\/?page_id=6814"},"modified":"2023-04-13T21:27:46","modified_gmt":"2023-04-13T19:27:46","slug":"archivistadom-mit-10-tbyte","status":"publish","type":"page","link":"https:\/\/archivista.ch\/cms\/de\/aktuell-blog\/blogs-2021\/archivistadom-mit-10-tbyte\/","title":{"rendered":"ArchivstaDom mit 10 TByte"},"content":{"rendered":"<h1>Private Medienarchive f\u00fcr das kleine Budget<\/h1>\n<p><em><strong>Egg, 12. Januar 2020:<\/strong> Im heutigen Blog geht es etwas famili\u00e4r zu und her, denn es gibt einen Einblick in den privaten Bereich. Konkret geht es um ein privates Medienarchiv, welches in den letzten beiden Monaten enstanden ist. Dazu passend gibt es die neue Box ArchivistaDom. Diese neue Medien-L\u00f6sung bietet f\u00fcr solide 1190 Franken immerhin 10 TByte Speicherplatz. Und wer lieber noch etwas mehr m\u00f6chte, f\u00fcr 1490 Franken gibt es das gleiche Ger\u00e4t mit 14 TByte. In der neuen ArchivistaDom enthalten ist ArchivistaDMS in der Ausbaustufe Rigi, mit der bis zu 30&#8217;000 Dateien verwaltet werden k\u00f6nnen.<\/em><\/p>\n<p><a href=\"https:\/\/archivista.ch\/cms\/wp-content\/uploads\/2021\/01\/dom2.jpg\"><img loading=\"lazy\" decoding=\"async\" class=\"alignnone size-full wp-image-6820\" src=\"https:\/\/archivista.ch\/cms\/wp-content\/uploads\/2021\/01\/dom2.jpg\" alt=\"\" width=\"1920\" height=\"1080\" srcset=\"https:\/\/archivista.ch\/cms\/wp-content\/uploads\/2021\/01\/dom2.jpg 1920w, https:\/\/archivista.ch\/cms\/wp-content\/uploads\/2021\/01\/dom2-300x169.jpg 300w, https:\/\/archivista.ch\/cms\/wp-content\/uploads\/2021\/01\/dom2-768x432.jpg 768w, https:\/\/archivista.ch\/cms\/wp-content\/uploads\/2021\/01\/dom2-1024x576.jpg 1024w, https:\/\/archivista.ch\/cms\/wp-content\/uploads\/2021\/01\/dom2-600x338.jpg 600w, https:\/\/archivista.ch\/cms\/wp-content\/uploads\/2021\/01\/dom2-624x351.jpg 624w\" sizes=\"auto, (max-width: 1920px) 100vw, 1920px\" \/><\/a><\/p>\n<h2>Darum braucht und gibt es ArchivistaDom<\/h2>\n<p>Vor einigen Jahren war geplant, das private Medienarchiv mit Kodi zu realisieren. Das Interface ist grafisch sehr ansprechend gehalten, die Bedienung ist einfach und der Zugang l\u00e4sst sich mit Konten regeln. Bald schon musste festgestellt werden, Kodi bietet (von Ordner- bzw. Dateinamen abgesehen) keine M\u00f6glichkeiten, die Inhalte zu beschlagworten. Wenn z.B. gewisse Filme nur Kindern zur Verf\u00fcgung gestellt werden sollen, so mussten daf\u00fcr eigene Ordner erstellt und zugewiesen werden. Kurz und gut, so sch\u00f6n und schick Kodi aussieht, so unpraktisch ist und bleibt das Handling beim Aufbau eines Medienservers.<\/p>\n<div style=\"width: 625px;\" class=\"wp-video\"><!--[if lt IE 9]><script>document.createElement('video');<\/script><![endif]-->\n<video class=\"wp-video-shortcode\" id=\"video-6814-1\" width=\"625\" height=\"352\" poster=\"https:\/\/archivista.ch\/cms\/wp-content\/uploads\/2021\/01\/dom_title.jpg\" preload=\"metadata\" controls=\"controls\"><source type=\"video\/mp4\" src=\"https:\/\/archivista.ch\/cms\/wp-content\/uploads\/file\/privates_medien_archiv_archivistadom.mp4?_=1\" \/><a href=\"https:\/\/archivista.ch\/cms\/wp-content\/uploads\/file\/privates_medien_archiv_archivistadom.mp4\">https:\/\/archivista.ch\/cms\/wp-content\/uploads\/file\/privates_medien_archiv_archivistadom.mp4<\/a><\/video><\/div>\n<p>Mit der Zeit reifte der Entschluss, daf\u00fcr ArchivistaDMS zu verwenden. Ende Oktober 2020 war es soweit, die ArchivistaBox verf\u00fcgte sowohl \u00fcber einen interen Video- aus auch Audio-Player. Zun\u00e4chst einmal ging es darum, die privaten DVDs und CDs zu erfassen. F\u00fcr die DVDs wurde <strong><a href=\"https:\/\/www.makemkv.com\/\">makemkv<\/a><\/strong> verwendet, f\u00fcr die Audio-CDs <strong><a href=\"https:\/\/de.wikipedia.org\/wiki\/Asunder\">Asunder<\/a><\/strong> im Zusammenspiel von <strong><a href=\"http:\/\/gnudb.org\/\">gnudb.org.<\/a><\/strong><\/p>\n<h3>Erfassen von &#8222;Altbest\u00e4nden&#8220;<\/h3>\n<p>Makemkv liegt zwar erst in einer Beta vor, doch konnten alle je erworbenen DVDs eingelesen\u00a0 werden. Wichtig zu erw\u00e4hnen ist, dass nur Kopien f\u00fcr dne Privatgebrauch erstellt werden d\u00fcrfen, siehe dazu <strong><a href=\"https:\/\/praxistipps.chip.de\/kopiergeschuetzte-dvds-legal-kopieren_29960\">https:\/\/praxistipps.chip.de\/kopiergeschuetzte-dvds-legal-kopieren_29960<\/a>.\u00a0<\/strong>Die erstellten mkv-Dateien sind sehr gross, sie k\u00f6nnen mit dem nachfolgenden Skript in eine MP4-Datei umgewandelt werden:<\/p>\n<pre><strong>#!\/usr\/bin\/perl<\/strong>\r\n<strong>use strict;<\/strong>\r\n<strong>my @folders = &lt;.\/*&gt;;<\/strong>\r\n<strong>foreach my $folder (@folders) {<\/strong>\r\n<strong>my @files = &lt;$folder\/*.mkv&gt;;<\/strong>\r\n<strong>foreach my $in (@files) {<\/strong>\r\n<strong>\u00a0 next if -d $in;<\/strong>\r\n<strong>\u00a0 my $out = $in;<\/strong>\r\n<strong>\u00a0 $out =~ s\/\\\/\/_\/g;<\/strong>\r\n<strong>\u00a0 $out =~ s\/^(\\.\\_)\/\/g;<\/strong>\r\n<strong>\u00a0 $out =~ s\/(.mkv)$\/.mp4\/g;<\/strong>\r\n<strong>\u00a0 my $cmd = \"ffmpeg -i \\\"$in\\\" -map 0:v -map 0:a \".<\/strong>\r\n<strong>\u00a0 \u00a0 \"-disposition:a:0 0 -disposition:a:0 default -c:v libx264 \\\"$out\\\"\";<\/strong>\r\n<strong>\u00a0 my $res = system($cmd);<\/strong>\r\n<strong>\u00a0 print \"$res=&gt;$cmd\\n\";<\/strong>\r\n<strong> }<\/strong>\r\n<strong>}<\/strong><\/pre>\n<p>Wem der &#8222;Konsolenansatz&#8220; zu kompliziert ist, kann alternativ auch <strong><a href=\"https:\/\/www.videolan.org\/vlc\/\">VLC<\/a><\/strong> verwenden. Das Erfassen der Audio-CDs ist mit ASunder einfach. CD einlegen, ASunder sucht in der Online-Datenbank gnudb.org nach den passenden Titeln und findet diese meist auch. Sollte dies einmal nicht der Fall sein, so k\u00f6nnen die Dateien manuell beschlagwortet werden.\u00a0Die erstellten Dateien k\u00f6nnen anschliessend in den Office-Ordner von ArchivistaDMS kopiert bzw. automatisiert eingelesen werden.<\/p>\n<h3>Inhalte ab dem Internet<\/h3>\n<p>Die Tools <strong><a href=\"https:\/\/archivista.ch\/cms\/de\/aktuell-blog\/blogs-2020\/design-filme-und-mehr\/\">MediathekView und JDownloader bzw. MP3toCD<\/a><\/strong> wurden bereits im letzten Jahr vorgestellt. Um aktuelle Filme aufzuzeichnen, wurde vorliegend der Streaming-Dienst <strong><a href=\"http:\/\/wilmaa.ch\">wilmaa.ch<\/a><\/strong> verwendet. Damit k\u00f6nnen Inhalte einiger Hundert Sender aufgezeichnet und auf die lokale Festplatte kopiert werden.<\/p>\n<p><a href=\"https:\/\/archivista.ch\/cms\/wp-content\/uploads\/2021\/01\/dom4.jpg\"><img loading=\"lazy\" decoding=\"async\" class=\"alignnone size-full wp-image-6822\" src=\"https:\/\/archivista.ch\/cms\/wp-content\/uploads\/2021\/01\/dom4.jpg\" alt=\"\" width=\"1920\" height=\"1080\" srcset=\"https:\/\/archivista.ch\/cms\/wp-content\/uploads\/2021\/01\/dom4.jpg 1920w, https:\/\/archivista.ch\/cms\/wp-content\/uploads\/2021\/01\/dom4-300x169.jpg 300w, https:\/\/archivista.ch\/cms\/wp-content\/uploads\/2021\/01\/dom4-768x432.jpg 768w, https:\/\/archivista.ch\/cms\/wp-content\/uploads\/2021\/01\/dom4-1024x576.jpg 1024w, https:\/\/archivista.ch\/cms\/wp-content\/uploads\/2021\/01\/dom4-600x338.jpg 600w, https:\/\/archivista.ch\/cms\/wp-content\/uploads\/2021\/01\/dom4-624x351.jpg 624w\" sizes=\"auto, (max-width: 1920px) 100vw, 1920px\" \/><\/a><\/p>\n<p>Da bei vielen Privatsendern Spielfilme oft unterbrochen werden, empfiehlt sich <strong><a href=\"https:\/\/www.mifi.no\/losslesscut\/\">LossLessCut,<\/a><\/strong> um die Werbung zu entfernen. Daneben gibt es ein weiteres kleines &#8222;Problemchen&#8220;. Die Dateinahmen bei <strong><a href=\"http:\/\/Wilmaa.ch\">Wilmaa.ch<\/a><\/strong> beginnen mit Datum und enthalten Unterstriche, erst danach erfolgt der Titel der Sendung. F\u00fcr die Sortierung auf der Festplatte ist dies ideal, f\u00fcr den sp\u00e4teren Import bzw. ein einfaches Suchen weniger. Darum wurde ein zweites Skript erstellt, dass die Dateinamen &#8222;veredelt&#8220; in die Titelzeile kopiert.<\/p>\n<pre><strong>#!\/usr\/bin\/perl\r\nuse strict;\r\nuse lib qw(\/home\/cvs\/archivista\/jobs);\r\nuse AVJobs;\r\nmy $db = \"moviestar\";\r\nmy $titel = \"\";\r\nmy $subtitle = \"\";\r\nmy $thema = \"\";\r\nmy $dbh = MySQLOpen();\r\nif ($dbh) {\r\n  if (HostIsSlave($dbh)==0) {\r\n    $dbh-&gt;do(\"use $db\");\r\n    my $sql = \"select MediaName,Laufnummer from $db.archiv \".\r\n      \"where Titel is null or Titel=''\";\r\n    my $prow = $dbh-&gt;selectall_arrayref($sql);\r\n    foreach my $prow1 (@$prow) {\r\n      $titel=\"\";\r\n      $subtitle=\"\";\r\n      $thema=\"\";\r\n      my $genre=\"\";\r\n      my $genre2=\"\";\r\n      my $eigentuemer=\"\";\r\n      my $moviename = $$prow1[0];\r\n      my $lnr = $$prow1[1];\r\n      next if $lnr&lt;=0;\r\n      my @parts = split(\/\\.\/,$moviename);\r\n      my $mext = pop @parts;\r\n      my $mbase = join('.',@parts);\r\n      $titel = $mbase;\r\n      if (lc($mext) ne \"ogg\" &amp;&amp; lc($mext) ne \"mp3\") {\r\n\t@parts = split('-',$mbase);\r\n\tmy $anz = @parts-1;\r\n\twhile ($anz&gt;0) {\r\n\t  if ($parts[$anz]&gt;0) {\r\n\t    pop @parts;\r\n\t    $anz--;\r\n          } elsif ($parts[$anz] eq \"merged\") {\r\n\t    pop @parts;\r\n\t    $anz--;\r\n\t  } elsif ($parts[$anz] eq \"cut\") {\r\n            pop @parts;\r\n\t    $anz--;\r\n          } else {\r\n            $anz=0;\r\n          }\r\n        }\r\n\tshift @parts if $parts[0]&gt;0;\r\n\tshift @parts if $parts[0]&gt;0;\r\n\tshift @parts if $parts[0]&gt;0;\r\n\tshift @parts if $parts[0]&gt;0;\r\n\t$titel = join('-',@parts);\r\n      } else {\r\n\t$genre = \"Musik\";\r\n\t$genre2 = \"Kinder\";\r\n\t$eigentuemer = \"kinder\";\r\n\tmy ($titel1,$subtitle1,$thema1) = split(' -- ',$titel);\r\n        if ($titel1 ne \"\" &amp;&amp; $subtitle1 ne \"\" &amp;&amp; $thema1 ne \"\") {\r\n\t  $titel=$titel1;\r\n\t  $subtitle=$subtitle1;\r\n          $thema=$thema1;\r\n\t}\r\n      }\r\n      $titel =~ s\/(\\_)\/ \/g;\r\n      $sql = \"update $db.archiv set Titel=\".$dbh-&gt;quote($titel);\r\n      $sql.=\",Subtitel=\".$dbh-&gt;quote($subtitle) if $subtitle ne \"\";\r\n      $sql.=\",Thema=\".$dbh-&gt;quote($thema) if $thema ne \"\";\r\n      $sql.=\",Genre1=\".$dbh-&gt;quote($genre) if $genre ne \"\";\r\n      $sql.=\",Genre2=\".$dbh-&gt;quote($genre2) if $genre2 ne \"\";\r\n      $sql.=\",Eigentuemer=\".$dbh-&gt;quote($eigentuemer) if $eigentuemer ne \"\";\r\n      $sql.=\"  where Laufnummer=$lnr\";\r\n      $dbh-&gt;do($sql);\r\n      logit(\"$moviename goes to $titel in $lnr\");\r\n    }\r\n  }\r\n<strong>}\r\n<\/strong><\/strong><\/pre>\n<p>Das Skript kann entwder zeitgesteuert \u00fcber einen wiederkehrenden Job gestartet werden oder dann direkt beim Hinzuf\u00fcgen jeder Akte. Das kleine Programm erledigt nebenher noch einige andere Dinge. Insbesondere stellt es s\u00e4mtliche Audio-Dateien f\u00fcr alle User (Gruppe &#8218;kinder&#8216;) zur Verf\u00fcgung. Damit kann elegant zu einem weiteren Thema \u00fcbergeleitet werden, dem Rechte-System.<\/p>\n<p><a href=\"https:\/\/archivista.ch\/cms\/wp-content\/uploads\/2021\/01\/dom3.jpg\"><img loading=\"lazy\" decoding=\"async\" class=\"alignnone size-full wp-image-6821\" src=\"https:\/\/archivista.ch\/cms\/wp-content\/uploads\/2021\/01\/dom3.jpg\" alt=\"\" width=\"1920\" height=\"1080\" srcset=\"https:\/\/archivista.ch\/cms\/wp-content\/uploads\/2021\/01\/dom3.jpg 1920w, https:\/\/archivista.ch\/cms\/wp-content\/uploads\/2021\/01\/dom3-300x169.jpg 300w, https:\/\/archivista.ch\/cms\/wp-content\/uploads\/2021\/01\/dom3-768x432.jpg 768w, https:\/\/archivista.ch\/cms\/wp-content\/uploads\/2021\/01\/dom3-1024x576.jpg 1024w, https:\/\/archivista.ch\/cms\/wp-content\/uploads\/2021\/01\/dom3-600x338.jpg 600w, https:\/\/archivista.ch\/cms\/wp-content\/uploads\/2021\/01\/dom3-624x351.jpg 624w\" sizes=\"auto, (max-width: 1920px) 100vw, 1920px\" \/><\/a><\/p>\n<h3>Medienarchiv mit Rechte-Verwaltung und Beschlagwortung<\/h3>\n<p>Im privaten Medienarchiv gibt es aktuell vier Gruppen: Erwachsen, Teenie, Kinder und Gast. Dies deshalb, weil gewisse Filme weder f\u00fcr Teenies noch f\u00fcr Kinder geeignet sind. Die Rechtevergabe in ArchivistaDMS erfolgt \u00fcber das Feld &#8218;Eigentuemer&#8216;. Selbstverst\u00e4ndlich k\u00f6nnte auch eine feinere Rechtevergabe erfolgen (z.B. U6, U10, U14, U18).<\/p>\n<p>\u00dcber die letzten zwei Monate wurden einige Tausend Videos erfasst. Viele Sendungen wurden dabei <strong><a href=\"https:\/\/mediathekview.de\/\">MediathekView<\/a><\/strong> entnommen. <strong><a href=\"http:\/\/Wilmaa.ch\">Wilmaa.ch<\/a><\/strong> dagegen wurde prim\u00e4r f\u00fcr Spielfilme verwendet. Um eine bequeme Auswahl zu erm\u00f6glichen, gibt es in der moviestar-Datenbank die Felder &#8218;Genre1&#8216;, &#8218;Genre2&#8216; und &#8218;Genre3&#8216; (m\u00f6glich w\u00e4ren bis zu f\u00fcnf Schlagworte). Damit kann zun\u00e4chst die Art des Videos (z.B. Spielfilm) festgehalten werden, weiter aber auch, ob es sich um einen Klassiker, einen Thriller oder eine Kom\u00f6die handelt. Im Unterschied zu anderen L\u00f6sungen (eben z.B. zu Kodi) k\u00f6nnen die Schlagwortfelder beliebig bzw. frei definiert werden.<\/p>\n<h3>Zertifikate mit LetsEncrypt<\/h3>\n<p>Ebenfalls im Unterschied zu Kodi arbeitet ArchivistaDMS komplett webbasiert. Falls die ArchivistaBox \u00fcber eine \u00f6ffentliche IP-Adresse und einen DNS-Namen (z.B. example.com) verf\u00fcgbar ist, kann mit Certboot passend dazu ein Zertifikat eingerichtet werden:<\/p>\n<pre><strong>certbot certonly --standalone --preferred-challenges <span class=\"highlight\">http<\/span> -d <\/strong><span class=\"highlight\"><strong>example.com<\/strong>\r\n<\/span><\/pre>\n<p><strong>Wichtig: Bevor das Zertifikat auf diese Weise eingerichtet wird, muss der Web-Server deaktiviert werden (\/etc\/init.d\/apache2 stop).<\/strong> Bei Erfolg erscheint eine Meldung mit &#8218;Congrutaltions&#8230;&#8216;. Das Zertifikat muss in der Apache-Konfiguration aufgenommen werden. Die Datei findet sich unter \/etc\/apache\/sites-availabe\/pve.conf (nachfolgend der entscheidende Auszug);<\/p>\n<pre><strong>&lt;VirtualHost *:443&gt;<\/strong>\r\n<strong>...<\/strong>\r\n<strong>SSLCertificateFile \/etc\/pve\/pve-ssl.pem<\/strong>\r\n<strong>SSLCertificateKeyFile \/etc\/pve\/pve-ssl.key<\/strong>\r\n<strong>...<\/strong>\r\n<strong>&lt;\/VirtualHost&gt;<\/strong><\/pre>\n<p>Dort ist der Verweis auf die Zertifikate einzutragen:<\/p>\n<pre><strong>&lt;VirtualHost *:443&gt;<\/strong>\r\n<strong>...<\/strong>\r\n<strong>SSLCertificateFile \/etc\/letsencrypt\/live\/example.com\/fullchain.pem<\/strong>\r\n<strong>SSLCertificateKeyFile \/etc\/letsencrypt\/live\/example.com\/privkey.pem<\/strong>\r\n<strong>...<\/strong>\r\n<strong>&lt;\/VirtualHost&gt;<\/strong><\/pre>\n<p>Weiter sind die generierten Schl\u00fcssel sind in den destkop-Ordner zu kopieren:<\/p>\n<pre><strong>cp -rp \/etc\/letsencrypt \/home\/data\/archivista\/cust\/desktop<\/strong><\/pre>\n<p>Nun m\u00fcsen die Schl\u00fcssel korrekt beim Hochfahren aktiviert werden. Dazu werden die folgenden Befehle der Datei desktop.sh in \/home\/data\/archivista\/cust\/desktop hinzugef\u00fcgt:<\/p>\n<pre><strong>#!\/bin\/bash\r\nfp=\"\/home\/data\/archivista\/cust\/desktop\"\r\ncp -rpf $fp\/index.htm \/usr\/share\/pve-manager\/root\r\ncp -rpf $fp\/letsencrypt \/etc\r\ncp -pf $fp\/pve.conf \/etc\/apache2\/sites-available\r\n\/etc\/init.d\/apache2 restart<\/strong><\/pre>\n<p>Die Datei desktop.sh muss ausf\u00fchrbar sein (chmod a+x desktop.sh), da sie ansonsten beim Neustart nicht ausgef\u00fchrt werden kann. Wem dies zu kompliziert ist, kann dies auch an einen Profi delegieren. Am Ende dieser Prozedur kann mit einem \u00f6ffentlichen Zertifikat verschl\u00fcsselt auf das Meidenarchiv zugegriffen werden (die Meldung, die Seite sei unsicher, erscheint bei s\u00e4mtlichen Browsern nicht mehr).<\/p>\n<p><a href=\"https:\/\/archivista.ch\/cms\/wp-content\/uploads\/2021\/01\/dom1.jpg\"><img loading=\"lazy\" decoding=\"async\" class=\"alignnone size-full wp-image-6819\" src=\"https:\/\/archivista.ch\/cms\/wp-content\/uploads\/2021\/01\/dom1.jpg\" alt=\"\" width=\"1920\" height=\"1080\" srcset=\"https:\/\/archivista.ch\/cms\/wp-content\/uploads\/2021\/01\/dom1.jpg 1920w, https:\/\/archivista.ch\/cms\/wp-content\/uploads\/2021\/01\/dom1-300x169.jpg 300w, https:\/\/archivista.ch\/cms\/wp-content\/uploads\/2021\/01\/dom1-768x432.jpg 768w, https:\/\/archivista.ch\/cms\/wp-content\/uploads\/2021\/01\/dom1-1024x576.jpg 1024w, https:\/\/archivista.ch\/cms\/wp-content\/uploads\/2021\/01\/dom1-600x338.jpg 600w, https:\/\/archivista.ch\/cms\/wp-content\/uploads\/2021\/01\/dom1-624x351.jpg 624w\" sizes=\"auto, (max-width: 1920px) 100vw, 1920px\" \/><\/a><\/p>\n<h2>ArchivistaDom mit 10 bis 32 TByte<\/h2>\n<p>Das aktuelle Privatarchiv umfasst ca. 5 TByte. In diesem Bereich sind SSD-Festplatten, die \u00fcblicherweise mit der ArchivistaBox ausgeliefert werden, aktuell etwas gar teuer. Deshalb wurde die ArchivistaDom konzipiert. Zwar ist die ArchivistaDom etwas gr\u00f6sser (30x40x10 cm), daf\u00fcr aber k\u00f6nnen bis zu zwei konventionelle 3.5&#8243;-Festplatten mit bis zu 32 TByte verbaut werden.<\/p>\n<h3>Erweiterbarkeit bei ArchivistaDom<\/h3>\n<p><a href=\"https:\/\/archivista.ch\/cms\/wp-content\/uploads\/2021\/01\/archivista_dom.jpg\"><img loading=\"lazy\" decoding=\"async\" class=\"alignright wp-image-6823 size-medium\" src=\"https:\/\/archivista.ch\/cms\/wp-content\/uploads\/2021\/01\/archivista_dom-265x300.jpg\" alt=\"\" width=\"265\" height=\"300\" srcset=\"https:\/\/archivista.ch\/cms\/wp-content\/uploads\/2021\/01\/archivista_dom-265x300.jpg 265w, https:\/\/archivista.ch\/cms\/wp-content\/uploads\/2021\/01\/archivista_dom-300x339.jpg 300w, https:\/\/archivista.ch\/cms\/wp-content\/uploads\/2021\/01\/archivista_dom.jpg 600w\" sizes=\"auto, (max-width: 265px) 100vw, 265px\" \/><\/a>Die erste Festplatte wird mitgeliefert, f\u00fcr eine zweite Platte besteht ein Hot-Swap-Einschub. Alternativ zum Ausbau kann der Einschaub auch f\u00fcr die Sicherung verwendet werden. 10 TByte reichen in etwa f\u00fcr 5000 Filme in HD-Qualit\u00e4t.\u00a0Die ArchivistaDom enth\u00e4lt eine Ryzen CPU von AMD, genauso wie hochwertige Festplatten von WesternDigital (Gold-Standard) verbaut werden. Mit einer optionalen Festplatte (14 TB intern und 18 TB HotSwap) k\u00f6nnen bis zu 32 TByte erreicht werden.<\/p>\n<p>Die ArchivistaDom ist uneingeschr\u00e4nkt in der Lage, 4K-Videos zu bearbeiten bzw. abzuspielen. Dabei stehen s\u00e4mtliche Applikationen von AVMultimedia und der ArchivistaBox zur Verf\u00fcgung. Beim Speicher sind zwischen 4 und 64 GByte diverse Ausbaustufen m\u00f6glich. Im Grundumfang mit 10 TByte kostet die ArchivistaDom 1190.&#8211; Franken, mit 14 TByte sind es 1490 Franken (beide Angaben ohne MwSt). Bestehende ArchivistaBox-Kunden k\u00f6nnen ausgehend von der vorhandenen ArchivistaBox &#8222;upgraden&#8220;. Die genauen Konditionen werden anhand des Alters der bisherigen Box berechnet.<\/p>\n<p>Die ArchivistaDom wird ausschliesslich in der Schweiz verkauft. Kunden aus anderen L\u00e4ndern erwerben die ArchivistaBox Rigi Virtualisiert und installieren diese auf einem eigenen Rechner. Bei der Bestellung bitte Medien-Archiv oder ArchivistaDom anmerken. Sie erhalten danach die Eckwerte f\u00fcr den Erwerb einer eigenen passenden Hardware sowie einen Gutschein f\u00fcr zwei Stunden Support, der innert 90 Tagen nach Erwerb der L\u00f6sung eingel\u00f6st werden kann.<\/p>\n<p>Angemerkt an dieser Stelle darf, dass die ArchivistaBox an sich ja problemlos virtualisiert (Box-in-Box) betrieben werden kann. Bei einem multimedialen Archiv im h\u00f6heren TByte-Bereich empfiehlt es sich allerdings nicht, dies auch zu tun. Da die ArchivistaBox ganz allgemein extrem &#8222;wartungsarm&#8220; arbeitet, und dar\u00fcber hinaus einen ausgewachsener Multimedia-Desktop darstellt, ergibt ein nativer Betrieb in jeder Hinsicht sehr viel mehr Sinn. Die <strong><a href=\"http:\/\/shop.archivista.ch\/oscommunity\/catalog\/product_info.php?cPath=28&amp;products_id=72&amp;language=de\">ArchivistaDom kann im Web-Shop<\/a><\/strong> bestellt werden.<\/p>\n\n\n\n\t<div class=\"dkpdf-button-container\" style=\"            text-align:right \">\n\n\t\t<a class=\"dkpdf-button\" href=\"\/cms\/wp-json\/wp\/v2\/pages\/6814?pdf=6814\" target=\"_blank\"><span class=\"dkpdf-button-icon\"><i class=\"fa fa-file-pdf-o\"><\/i><\/span> PDF Button<\/a>\n\n\t<\/div>\n\n\n\n\n\n","protected":false},"excerpt":{"rendered":"<p>Private Medienarchive f\u00fcr das kleine Budget Egg, 12. Januar 2020: Im heutigen Blog geht es etwas famili\u00e4r zu und her, denn es gibt einen Einblick in den privaten Bereich. Konkret geht es um ein privates Medienarchiv, welches in den letzten beiden Monaten enstanden ist. Dazu passend gibt es die neue Box ArchivistaDom. Diese neue Medien-L\u00f6sung [&hellip;]<\/p>\n","protected":false},"author":1,"featured_media":0,"parent":9255,"menu_order":0,"comment_status":"closed","ping_status":"closed","template":"","meta":{"_acf_changed":false,"footnotes":""},"class_list":["post-6814","page","type-page","status-publish","hentry"],"acf":[],"_links":{"self":[{"href":"https:\/\/archivista.ch\/cms\/wp-json\/wp\/v2\/pages\/6814","targetHints":{"allow":["GET"]}}],"collection":[{"href":"https:\/\/archivista.ch\/cms\/wp-json\/wp\/v2\/pages"}],"about":[{"href":"https:\/\/archivista.ch\/cms\/wp-json\/wp\/v2\/types\/page"}],"author":[{"embeddable":true,"href":"https:\/\/archivista.ch\/cms\/wp-json\/wp\/v2\/users\/1"}],"replies":[{"embeddable":true,"href":"https:\/\/archivista.ch\/cms\/wp-json\/wp\/v2\/comments?post=6814"}],"version-history":[{"count":21,"href":"https:\/\/archivista.ch\/cms\/wp-json\/wp\/v2\/pages\/6814\/revisions"}],"predecessor-version":[{"id":9763,"href":"https:\/\/archivista.ch\/cms\/wp-json\/wp\/v2\/pages\/6814\/revisions\/9763"}],"up":[{"embeddable":true,"href":"https:\/\/archivista.ch\/cms\/wp-json\/wp\/v2\/pages\/9255"}],"wp:attachment":[{"href":"https:\/\/archivista.ch\/cms\/wp-json\/wp\/v2\/media?parent=6814"}],"curies":[{"name":"wp","href":"https:\/\/api.w.org\/{rel}","templated":true}]}}