{"id":8,"date":"2015-06-08T09:48:24","date_gmt":"2015-06-08T07:48:24","guid":{"rendered":"https:\/\/localhost\/erp\/wp3\/?page_id=8"},"modified":"2025-11-28T13:24:42","modified_gmt":"2025-11-28T12:24:42","slug":"homd","status":"publish","type":"page","link":"https:\/\/archivista.ch\/cms\/de\/homd\/","title":{"rendered":"Dokumenten Management Systeme (DMS) und mehr"},"content":{"rendered":"<p>Business-L\u00f6sungen m\u00fcssen weder komplex noch kompliziert sein. Dank unserem einzigartigen ArchivistaBox-Konzept k\u00f6nnen Sie <strong>fixfertig konfigurierte Dokumenten Management Systeme (DMS)<\/strong> im Nu in Betrieb nehmen. W\u00e4hlen Sie zwischen unseren <strong><a href=\"https:\/\/archivista.ch\/cms\/de\/produkte\/dms-erp\/\">DMS- und ERP-Boxen<\/a><\/strong> (Enterprise-Resource-Planning) sowie den<a href=\"https:\/\/archivista.ch\/cms\/de\/produkte\/mediavm\/\"> <strong>MediaVM-Boxen,<\/strong><\/a> die sich f\u00fcr multimediale Anwendungen und Server-Virtualisierung eignen.<\/p>\n<p style=\"padding-top: 1pt;\"><div id=\"metaslider-id-10234\" style=\"max-width: 640px;\" class=\"ml-slider-3-96-0 metaslider metaslider-flex metaslider-10234 ml-slider ms-theme-simply-dark nav-hidden\" role=\"region\" aria-roledescription=\"Slideshow\" aria-label=\"ArchivistaDMS\">\n    <div id=\"metaslider_container_10234\">\n        <div id=\"metaslider_10234\">\n            <ul class='slides'>\n                <li style=\"display: block; width: 100%;\" class=\"slide-10300 ms-image \" aria-roledescription=\"slide\" aria-label=\"slide-10300\" data-date=\"2024-03-24 11:24:44\"><img loading=\"lazy\" decoding=\"async\" src=\"https:\/\/archivista.ch\/cms\/wp-content\/uploads\/2018\/06\/greifensee1-640x360.jpg\" height=\"360\" width=\"640\" alt=\"\" class=\"slider-10234 slide-10300\" title=\"greifensee1\" \/><div class=\"caption-wrap\"><div class=\"caption\"><div>Swiss Made: Die ArchivistaBox wird in der Schweiz entwickelt und produziert. Die Systeme sind weltweit in den Sprachen Deutsch, Englisch, Franz\u00f6sisch und Italienisch erh\u00e4ltlich.<\/div><\/div><\/div><\/li>\n                <li style=\"display: none; width: 100%;\" class=\"slide-10246 ms-image \" aria-roledescription=\"slide\" aria-label=\"slide-10246\" data-date=\"2024-03-24 05:20:42\"><img loading=\"lazy\" decoding=\"async\" src=\"https:\/\/archivista.ch\/cms\/wp-content\/uploads\/2024\/03\/avdms1-640x360.jpg\" height=\"360\" width=\"640\" alt=\"\" class=\"slider-10234 slide-10246\" title=\"avdms1\" \/><div class=\"caption-wrap\"><div class=\"caption\"><div>ArchivistaDMS bildet die Schaltzentrale f\u00fcr all ihre Informationen. Von s\u00e4mtlichen Dateiformaten gibt es Vorschaubilder f\u00fcr die schnelle Navigation.<\/div><\/div><\/div><\/li>\n                <li style=\"display: none; width: 100%;\" class=\"slide-10245 ms-image \" aria-roledescription=\"slide\" aria-label=\"slide-10245\" data-date=\"2024-03-24 05:20:12\"><img loading=\"lazy\" decoding=\"async\" src=\"https:\/\/archivista.ch\/cms\/wp-content\/uploads\/2024\/03\/avdms2-640x360.jpg\" height=\"360\" width=\"640\" alt=\"\" class=\"slider-10234 slide-10245\" title=\"avdms2\" \/><div class=\"caption-wrap\"><div class=\"caption\"><div>ArchivistaDMS kann beliebige Meta-Felder f\u00fcr die Beschlagwortung enthalten und die Listenansicht bietet jederzeit eine informative \u00dcbersicht.<\/div><\/div><\/div><\/li>\n                <li style=\"display: none; width: 100%;\" class=\"slide-10244 ms-image \" aria-roledescription=\"slide\" aria-label=\"slide-10244\" data-date=\"2024-03-24 05:20:04\"><img loading=\"lazy\" decoding=\"async\" src=\"https:\/\/archivista.ch\/cms\/wp-content\/uploads\/2024\/03\/avdms3-640x360.jpg\" height=\"360\" width=\"640\" alt=\"\" class=\"slider-10234 slide-10244\" title=\"avdms3\" \/><div class=\"caption-wrap\"><div class=\"caption\"><div>Neben herk\u00f6mmlichen Daten (Bilder, Office etc) verarbeitet ArchivistaDMS s\u00e4mtliche multimedialen Inhalte. Videos k\u00f6nnen dabei direkt in ArchivistaDMS abgespielt werden.<\/div><\/div><\/div><\/li>\n                <li style=\"display: none; width: 100%;\" class=\"slide-10243 ms-image \" aria-roledescription=\"slide\" aria-label=\"slide-10243\" data-date=\"2024-03-24 05:19:53\"><img loading=\"lazy\" decoding=\"async\" src=\"https:\/\/archivista.ch\/cms\/wp-content\/uploads\/2024\/03\/avdms4-640x360.jpg\" height=\"360\" width=\"640\" alt=\"\" class=\"slider-10234 slide-10243\" title=\"avdms4\" \/><div class=\"caption-wrap\"><div class=\"caption\"><div>Selbstverst\u00e4ndlich steht auch f\u00fcr Audio-Dateien ein leistungsf\u00e4higer Player direkt in ArchivistaDMS zur Verf\u00fcgung.<\/div><\/div><\/div><\/li>\n                <li style=\"display: none; width: 100%;\" class=\"slide-10247 ms-image \" aria-roledescription=\"slide\" aria-label=\"slide-10247\" data-date=\"2024-03-24 05:20:54\"><img loading=\"lazy\" decoding=\"async\" src=\"https:\/\/archivista.ch\/cms\/wp-content\/uploads\/2024\/03\/avmulti24e1-640x360.jpg\" height=\"360\" width=\"640\" alt=\"\" class=\"slider-10234 slide-10247\" title=\"avmulti24e1\" \/><div class=\"caption-wrap\"><div class=\"caption\"><div>Die ArchivistaBox arbeitet webbasiert. F\u00fcr den Workflow steht zus\u00e4tzlich ein leistungsf\u00e4higer Desktop auf der Basis der Open Source Linux Distribution AVMultimedia zur Verf\u00fcgung.<\/div><\/div><\/div><\/li>\n                <li style=\"display: none; width: 100%;\" class=\"slide-10240 ms-image \" aria-roledescription=\"slide\" aria-label=\"slide-10240\" data-date=\"2024-03-24 05:19:10\"><img loading=\"lazy\" decoding=\"async\" src=\"https:\/\/archivista.ch\/cms\/wp-content\/uploads\/2024\/03\/scannen-640x360.jpg\" height=\"360\" width=\"640\" alt=\"\" class=\"slider-10234 slide-10240\" title=\"scannen\" \/><div class=\"caption-wrap\"><div class=\"caption\"><div>Treiber f\u00fcr Scanner sind direkt auf der ArchivistaBox enthalten, genauso wie eine leistungsf\u00e4hige Texterkennung (OCR) sowie (optional) die Spracherkennung Vosk.<\/div><\/div><\/div><\/li>\n                <li style=\"display: none; width: 100%;\" class=\"slide-10241 ms-image \" aria-roledescription=\"slide\" aria-label=\"slide-10241\" data-date=\"2024-03-24 05:19:10\"><img loading=\"lazy\" decoding=\"async\" src=\"https:\/\/archivista.ch\/cms\/wp-content\/uploads\/2024\/03\/avdms5-640x360.jpg\" height=\"360\" width=\"640\" alt=\"\" class=\"slider-10234 slide-10241\" title=\"avdms5\" \/><div class=\"caption-wrap\"><div class=\"caption\"><div>Inhalte k\u00f6nnen in der Seitenansicht beliebig dargestellt werden. Dabei sind keine Plugins (z.B. WordView) erforderlich, ArchivistaDMS erstellt immer Vorschaubilder.<\/div><\/div><\/div><\/li>\n                <li style=\"display: none; width: 100%;\" class=\"slide-10248 ms-image \" aria-roledescription=\"slide\" aria-label=\"slide-10248\" data-date=\"2024-03-24 05:21:04\"><img loading=\"lazy\" decoding=\"async\" src=\"https:\/\/archivista.ch\/cms\/wp-content\/uploads\/2024\/03\/steamdeck-640x360.jpg\" height=\"360\" width=\"640\" alt=\"\" class=\"slider-10234 slide-10248\" title=\"steamdeck\" \/><div class=\"caption-wrap\"><div class=\"caption\"><div>Die ArchivistaBox kann auf (fast) jeder Hardware betrieben werden, hier auf der SteamDeck.<\/div><\/div><\/div><\/li>\n                <li style=\"display: none; width: 100%;\" class=\"slide-10249 ms-image \" aria-roledescription=\"slide\" aria-label=\"slide-10249\" data-date=\"2024-03-24 05:25:22\"><img loading=\"lazy\" decoding=\"async\" src=\"https:\/\/archivista.ch\/cms\/wp-content\/uploads\/2023\/01\/fujitsu0-640x360.jpg\" height=\"360\" width=\"640\" alt=\"\" class=\"slider-10234 slide-10249\" title=\"fujitsu0\" \/><div class=\"caption-wrap\"><div class=\"caption\"><div>Hunderte von Dokumenten-Scannern werden durch die ArchivistaBox unterst\u00fctzt.<\/div><\/div><\/div><\/li>\n                <li style=\"display: none; width: 100%;\" class=\"slide-10250 ms-image \" aria-roledescription=\"slide\" aria-label=\"slide-10250\" data-date=\"2024-03-24 05:26:23\"><img loading=\"lazy\" decoding=\"async\" src=\"https:\/\/archivista.ch\/cms\/wp-content\/uploads\/2022\/06\/qrcode3e-640x360.jpg\" height=\"360\" width=\"640\" alt=\"\" class=\"slider-10234 slide-10250\" title=\"qrcode3e\" \/><div class=\"caption-wrap\"><div class=\"caption\"><div>Neben der Texterkennung steht jederzeit eine 1D und 2D-Barcode-Erkennung (optionales Modul) direkt in ArchivistaDMS zur Verf\u00fcgung.<\/div><\/div><\/div><\/li>\n                <li style=\"display: none; width: 100%;\" class=\"slide-10252 ms-image \" aria-roledescription=\"slide\" aria-label=\"slide-10252\" data-date=\"2024-03-24 05:28:53\"><img loading=\"lazy\" decoding=\"async\" src=\"https:\/\/archivista.ch\/cms\/wp-content\/uploads\/2020\/10\/avlenovo1l-600x337.jpg\" height=\"360\" width=\"640\" alt=\"\" class=\"slider-10234 slide-10252\" title=\"DCIM100GOPROG0028213.JPG\" \/><div class=\"caption-wrap\"><div class=\"caption\"><div>Alle ArchivistaBox-Systeme enthalten immer auch die dazu passende Hardware. Optional kann aber auch die eigene Hardware (BYOD) zum Einsatz kommen, bereits f\u00fcr uner 100 sFr.\/Euro.<\/div><\/div><\/div><\/li>\n                <li style=\"display: none; width: 100%;\" class=\"slide-10253 ms-image \" aria-roledescription=\"slide\" aria-label=\"slide-10253\" data-date=\"2024-03-24 05:31:19\"><img loading=\"lazy\" decoding=\"async\" src=\"https:\/\/archivista.ch\/cms\/wp-content\/uploads\/2020\/03\/archivistak2low-592x333.jpg\" height=\"360\" width=\"640\" alt=\"\" class=\"slider-10234 slide-10253\" title=\"archivistak2low\" \/><div class=\"caption-wrap\"><div class=\"caption\"><div>Die ArchivistaBox gibt es sowohl als kleinste Desktop-Box als auch als ausgewachsene Workstations. ArchivistaMediaVM-Server z.B. enthalten bis zu 128 CPUs bzw. 256 Threads.<\/div><\/div><\/div><\/li>\n                <li style=\"display: none; width: 100%;\" class=\"slide-10254 ms-image \" aria-roledescription=\"slide\" aria-label=\"slide-10254\" data-date=\"2024-03-24 05:32:03\"><img loading=\"lazy\" decoding=\"async\" src=\"https:\/\/archivista.ch\/cms\/wp-content\/uploads\/2020\/10\/archivistak2_lothsel-640x360.jpg\" height=\"360\" width=\"640\" alt=\"\" class=\"slider-10234 slide-10254\" title=\"DCIM100GOPROG0028150.JPG\" \/><div class=\"caption-wrap\"><div class=\"caption\"><div>Die ArchivistaBox kann beliebig erweitert werden, dabei sind bereits in der Standardausf\u00fchrung Dokumenten-Management Systeme und Server-Virtualisierung mit bis zu 200 TByte erh\u00e4ltlich.<\/div><\/div><\/div><\/li>\n                <li style=\"display: none; width: 100%;\" class=\"slide-10255 ms-image \" aria-roledescription=\"slide\" aria-label=\"slide-10255\" data-date=\"2024-03-24 05:38:18\"><img loading=\"lazy\" decoding=\"async\" src=\"https:\/\/archivista.ch\/cms\/wp-content\/uploads\/2021\/12\/akten_2000_3-640x360.jpg\" height=\"360\" width=\"640\" alt=\"\" class=\"slider-10234 slide-10255\" title=\"akten_2000_3\" \/><div class=\"caption-wrap\"><div class=\"caption\"><div>Dank den besten Open Source Komponenten kann ArchivistaDMS in 24 Stunden Inhalte im TByte Bereich verarbeiten, dies ergibt mehrere Millionen Seiten pro Tag.<\/div><\/div><\/div><\/li>\n                <li style=\"display: none; width: 100%;\" class=\"slide-10256 ms-image \" aria-roledescription=\"slide\" aria-label=\"slide-10256\" data-date=\"2024-03-24 05:40:13\"><img loading=\"lazy\" decoding=\"async\" src=\"https:\/\/archivista.ch\/cms\/wp-content\/uploads\/2020\/04\/avbox_new2-549x309.jpg\" height=\"360\" width=\"640\" alt=\"\" class=\"slider-10234 slide-10256\" title=\"avbox_new2\" \/><div class=\"caption-wrap\"><div class=\"caption\"><div>Ein leistungsf\u00e4higes DMS muss nicht teuer sein, die ArchivistaBox gibt es bereits ab ca. 500 Franken\/Euro (inkl. Hardware und installierter Software ready-to-use).<\/div><\/div><\/div><\/li>\n                <li style=\"display: none; width: 100%;\" class=\"slide-10262 ms-image \" aria-roledescription=\"slide\" aria-label=\"slide-10262\" data-date=\"2024-03-24 05:51:15\"><img loading=\"lazy\" decoding=\"async\" src=\"https:\/\/archivista.ch\/cms\/wp-content\/uploads\/2024\/03\/averp1-640x360.jpg\" height=\"360\" width=\"640\" alt=\"\" class=\"slider-10234 slide-10262\" title=\"averp1\" \/><div class=\"caption-wrap\"><div class=\"caption\"><div>Neben ArchivistaDMS enth\u00e4lt die ArchivistaBox ArchivistaERP. Damit kann eine einfache webbasierte ERP-L\u00f6sung (Enterprise Resourcing Planing) auf Knopfdruck aktiviert werden.<\/div><\/div><\/div><\/li>\n                <li style=\"display: none; width: 100%;\" class=\"slide-10261 ms-image \" aria-roledescription=\"slide\" aria-label=\"slide-10261\" data-date=\"2024-03-24 05:51:14\"><img loading=\"lazy\" decoding=\"async\" src=\"https:\/\/archivista.ch\/cms\/wp-content\/uploads\/2024\/03\/averp2-640x360.jpg\" height=\"360\" width=\"640\" alt=\"\" class=\"slider-10234 slide-10261\" title=\"averp2\" \/><div class=\"caption-wrap\"><div class=\"caption\"><div>Die Bedienung ist einfach. Im Grundumfang gibt es die Module Verkauf, Einkauf, Lager, Produktion und Finanzbuchhaltung. ArchivistaERP l\u00e4sst sich \u00fcber Batch-Jobs beliebig erweitern.<\/div><\/div><\/div><\/li>\n                <li style=\"display: none; width: 100%;\" class=\"slide-10264 ms-image \" aria-roledescription=\"slide\" aria-label=\"slide-10264\" data-date=\"2024-03-24 05:51:15\"><img loading=\"lazy\" decoding=\"async\" src=\"https:\/\/archivista.ch\/cms\/wp-content\/uploads\/2024\/03\/archivistavm1-640x360.jpg\" height=\"360\" width=\"640\" alt=\"\" class=\"slider-10234 slide-10264\" title=\"archivistavm1\" \/><div class=\"caption-wrap\"><div class=\"caption\"><div>Ebenfalls ist auf jeder ArchivistaBox ArchivistaVM enthalten. Damit k\u00f6nnen beleibige Betriebsysteme virtuell (Box-in-Box) betrieben werden.<\/div><\/div><\/div><\/li>\n                <li style=\"display: none; width: 100%;\" class=\"slide-10263 ms-image \" aria-roledescription=\"slide\" aria-label=\"slide-10263\" data-date=\"2024-03-24 05:51:15\"><img loading=\"lazy\" decoding=\"async\" src=\"https:\/\/archivista.ch\/cms\/wp-content\/uploads\/2024\/03\/archivistavm2-640x360.jpg\" height=\"360\" width=\"640\" alt=\"\" class=\"slider-10234 slide-10263\" title=\"archivistavm2\" \/><div class=\"caption-wrap\"><div class=\"caption\"><div>Dank unseren ArchivistaMediaVM-Servern k\u00f6nnen mehrere ArchivistaBoxen in einem Cluster-Verbund (inkl. Spiegelung der Festplatten in Echtzeit) betrieben werden.<\/div><\/div><\/div><\/li>\n            <\/ul>\n        <\/div>\n        \n    <\/div>\n<\/div><\/p>\n<p>All unsere L\u00f6sungen arbeiten webbasiert, vom Smartphone \u00fcber das Tablet hin zu Windows, Mac und Linux werden alle Plattformen unterst\u00fctzt.<\/p>\n<h2>Archivista DMS &amp; ERP<\/h2>\n<p><strong><a href=\"\/cms\/wp-content\/uploads\/file\/leitfad21.pdf\">Leitfaden f\u00fcr das perfekte Dokumenten Management<\/a><br \/>\n<\/strong><strong><a href=\"https:\/\/archivista.ch\/cms\/de\/produkte\/dms-erp\/\">ArchivistaBox im \u00dcberblick (DMS &amp; ERP)<\/a><\/strong><\/p>\n<h2>Online Demo und kostenlose Cloud-Edition<\/h2>\n<p><a href=\"https:\/\/downloads.archivista.ch\/perl\/avclient\/index.pl?target=_top&amp;host=localhost&amp;db=gutenberg&amp;uid=demo&amp;pwd=demo&amp;lang=de&amp;redirect=1\" target=\"_blank\" rel=\"noopener noreferrer\"><strong>Demo-Archiv mit 5 Mio Seiten<\/strong><\/a><br \/>\n<a href=\"https:\/\/archivista.ch\/cms\/de\/support\/community\/\"><strong>Angebot: Frei verf\u00fcgbare ArchivistaBox in der Cloud<\/strong><\/a><\/p>\n<h2>Archivista MediaVM-Server<\/h2>\n<p><a href=\"https:\/\/archivista.ch\/cms\/de\/produkte\/mediavm\/\"><strong>Virtualisierung und multimediale Workstations<\/strong><\/a><br \/>\n<strong><a href=\"http:\/\/213.160.42.151\/oscommerce\/catalog\">Preisliste (WebShop)<\/a><\/strong><\/p>\n<h1>Open Source Linux Desktop AVMultimedia<\/h1>\n<p>Neben den kommerziellen Produkten wird von der Firma ArchivistaBox die Open Source Linux-Distribution AVMultimedia entwickelt. Diese bildet die Grundlage f\u00fcr die Produkte der ArchivistaBox.<\/p>\n<div style=\"width: 625px;\" class=\"wp-video\"><!--[if lt IE 9]><script>document.createElement('video');<\/script><![endif]-->\n<video class=\"wp-video-shortcode\" id=\"video-8-1\" width=\"625\" height=\"352\" poster=\"https:\/\/archivista.ch\/cms\/wp-content\/uploads\/2019\/05\/avdesktop..jpg\" preload=\"metadata\" controls=\"controls\"><source type=\"video\/mp4\" src=\"https:\/\/archivista.ch\/cms\/wp-content\/uploads\/file\/avdesktop.mp4?_=1\" \/><a href=\"https:\/\/archivista.ch\/cms\/wp-content\/uploads\/file\/avdesktop.mp4\">https:\/\/archivista.ch\/cms\/wp-content\/uploads\/file\/avdesktop.mp4<\/a><\/video><\/div>\n<p><strong><a href=\"https:\/\/archivista.ch\/cms\/de\/support\/avmultimedia\/\">Zu AVMultimedia gibt es neu ausf\u00fchrliche Antworten auf viele Fragestellungen (FAQs)<\/a><\/strong><\/p>\n<h3>\u00dcbersicht \u00fcber Apps bei AVMultimedia<\/h3>\n<div style=\"width: 625px;\" class=\"wp-video\"><video class=\"wp-video-shortcode\" id=\"video-8-2\" width=\"625\" height=\"352\" poster=\"https:\/\/archivista.ch\/cms\/wp-content\/uploads\/2019\/05\/avapps.jpg\" preload=\"metadata\" controls=\"controls\"><source type=\"video\/mp4\" src=\"https:\/\/archivista.ch\/cms\/wp-content\/uploads\/file\/avapps.mp4?_=2\" \/><a href=\"https:\/\/archivista.ch\/cms\/wp-content\/uploads\/file\/avapps.mp4\">https:\/\/archivista.ch\/cms\/wp-content\/uploads\/file\/avapps.mp4<\/a><\/video><\/div>\n<h3>USB-Stick zu AVMultimedia erstellen<\/h3>\n<div style=\"width: 625px;\" class=\"wp-video\"><video class=\"wp-video-shortcode\" id=\"video-8-3\" width=\"625\" height=\"352\" poster=\"https:\/\/archivista.ch\/cms\/wp-content\/uploads\/2015\/06\/avstick.jpg\" preload=\"metadata\" controls=\"controls\"><source type=\"video\/mp4\" src=\"https:\/\/archivista.ch\/cms\/wp-content\/uploads\/file\/avstick.mp4?_=3\" \/><a href=\"https:\/\/archivista.ch\/cms\/wp-content\/uploads\/file\/avstick.mp4\">https:\/\/archivista.ch\/cms\/wp-content\/uploads\/file\/avstick.mp4<\/a><\/video><\/div>\n<h3><a href=\"https:\/\/www.youtube.com\/watch?v=KrFP0Otxp2w&amp;feature=player_embedded\">Video Vortrag AVMulltimedia, Augsburg, 6. April 2019<\/a><\/h3>\n<p><a href=\"https:\/\/www.youtube.com\/watch?v=KrFP0Otxp2w&amp;feature=player_embedded\"><img loading=\"lazy\" decoding=\"async\" class=\"alignnone size-full wp-image-5662\" src=\"https:\/\/archivista.ch\/cms\/wp-content\/uploads\/2019\/04\/avmultimedia.png\" width=\"600\" height=\"391\" srcset=\"https:\/\/archivista.ch\/cms\/wp-content\/uploads\/2019\/04\/avmultimedia.png 1223w, https:\/\/archivista.ch\/cms\/wp-content\/uploads\/2019\/04\/avmultimedia-300x195.png 300w, https:\/\/archivista.ch\/cms\/wp-content\/uploads\/2019\/04\/avmultimedia-768x500.png 768w, https:\/\/archivista.ch\/cms\/wp-content\/uploads\/2019\/04\/avmultimedia-1024x666.png 1024w, https:\/\/archivista.ch\/cms\/wp-content\/uploads\/2019\/04\/avmultimedia-600x391.png 600w, https:\/\/archivista.ch\/cms\/wp-content\/uploads\/2019\/04\/avmultimedia-624x406.png 624w\" sizes=\"auto, (max-width: 600px) 100vw, 600px\" \/><\/a><\/p>\n\n\n\n\t<div class=\"dkpdf-button-container\" style=\"            text-align:right \">\n\n\t\t<a class=\"dkpdf-button\" href=\"\/cms\/wp-json\/wp\/v2\/pages\/8?pdf=8\" target=\"_blank\"><span class=\"dkpdf-button-icon\"><i class=\"fa fa-file-pdf-o\"><\/i><\/span> PDF Button<\/a>\n\n\t<\/div>\n\n\n\n\n\n","protected":false},"excerpt":{"rendered":"<p>Business-L\u00f6sungen m\u00fcssen weder komplex noch kompliziert sein. Dank unserem einzigartigen ArchivistaBox-Konzept k\u00f6nnen Sie fixfertig konfigurierte Dokumenten Management Systeme (DMS) im Nu in Betrieb nehmen. W\u00e4hlen Sie zwischen unseren DMS- und ERP-Boxen (Enterprise-Resource-Planning) sowie den MediaVM-Boxen, die sich f\u00fcr multimediale Anwendungen und Server-Virtualisierung eignen. All unsere L\u00f6sungen arbeiten webbasiert, vom Smartphone \u00fcber das Tablet hin zu [&hellip;]<\/p>\n","protected":false},"author":1,"featured_media":0,"parent":0,"menu_order":456,"comment_status":"closed","ping_status":"closed","template":"","meta":{"_acf_changed":false,"footnotes":""},"class_list":["post-8","page","type-page","status-publish","hentry"],"acf":[],"_links":{"self":[{"href":"https:\/\/archivista.ch\/cms\/wp-json\/wp\/v2\/pages\/8","targetHints":{"allow":["GET"]}}],"collection":[{"href":"https:\/\/archivista.ch\/cms\/wp-json\/wp\/v2\/pages"}],"about":[{"href":"https:\/\/archivista.ch\/cms\/wp-json\/wp\/v2\/types\/page"}],"author":[{"embeddable":true,"href":"https:\/\/archivista.ch\/cms\/wp-json\/wp\/v2\/users\/1"}],"replies":[{"embeddable":true,"href":"https:\/\/archivista.ch\/cms\/wp-json\/wp\/v2\/comments?post=8"}],"version-history":[{"count":107,"href":"https:\/\/archivista.ch\/cms\/wp-json\/wp\/v2\/pages\/8\/revisions"}],"predecessor-version":[{"id":11330,"href":"https:\/\/archivista.ch\/cms\/wp-json\/wp\/v2\/pages\/8\/revisions\/11330"}],"wp:attachment":[{"href":"https:\/\/archivista.ch\/cms\/wp-json\/wp\/v2\/media?parent=8"}],"curies":[{"name":"wp","href":"https:\/\/api.w.org\/{rel}","templated":true}]}}