{"id":8983,"date":"2021-03-25T15:39:04","date_gmt":"2021-03-25T14:39:04","guid":{"rendered":"https:\/\/archivista.ch\/cms\/?page_id=8983"},"modified":"2021-12-17T00:20:24","modified_gmt":"2021-12-16T23:20:24","slug":"byod-ab-version-2021-iii","status":"publish","type":"page","link":"https:\/\/archivista.ch\/cms\/de\/aktuell-blog\/blogs-2021\/byod-ab-version-2021-iii\/","title":{"rendered":"BYOD ab Version 2021\/III"},"content":{"rendered":"<h1>ArchivistaBox auf dem eigenen Rechner<\/h1>\n<p><em><strong>Egg, 25. M\u00e4rz 2021:<\/strong> In den vergangenen Wochen wurde die <strong><a href=\"http:\/\/archivista.ch\/d2\/help\/\">Dokumentation der ArchivistaBox auf den aktuellen Stand<\/a><\/strong> gebracht. Gleichzeitig konnten die letzten Arbeiten abgeschlossen werden, um die bislang unterschiedlichen Versionen (ArchivistaVM und\u00a0 ArchivistaDMS) zu vereinen. Ab Version 2021\/III werden alle\u00a0 ArchivistaBox-Systeme mit dem &#8222;Fundament&#8220; der Open Source Linux Distribution AVMultimedia ausgeliefert. Mit diesem Schritt einher geht, dass die ArchivistaBox neu auch auf einer eigenen Hardware betrieben werden kann, dies ganz nach dem Motto &#8218;Bring your own Device (BYOD).<\/em><\/p>\n<h2><a href=\"https:\/\/archivista.ch\/cms\/wp-content\/uploads\/2021\/03\/zueri7.jpg\"><img loading=\"lazy\" decoding=\"async\" class=\"alignnone wp-image-8995 size-large\" src=\"https:\/\/archivista.ch\/cms\/wp-content\/uploads\/2021\/03\/zueri7-1024x576.jpg\" alt=\"\" width=\"625\" height=\"352\" srcset=\"https:\/\/archivista.ch\/cms\/wp-content\/uploads\/2021\/03\/zueri7-1024x576.jpg 1024w, https:\/\/archivista.ch\/cms\/wp-content\/uploads\/2021\/03\/zueri7-300x169.jpg 300w, https:\/\/archivista.ch\/cms\/wp-content\/uploads\/2021\/03\/zueri7-768x432.jpg 768w, https:\/\/archivista.ch\/cms\/wp-content\/uploads\/2021\/03\/zueri7-600x338.jpg 600w, https:\/\/archivista.ch\/cms\/wp-content\/uploads\/2021\/03\/zueri7-1536x864.jpg 1536w, https:\/\/archivista.ch\/cms\/wp-content\/uploads\/2021\/03\/zueri7-624x351.jpg 624w, https:\/\/archivista.ch\/cms\/wp-content\/uploads\/2021\/03\/zueri7.jpg 1920w\" sizes=\"auto, (max-width: 625px) 100vw, 625px\" \/><\/a><\/h2>\n<h2>ArchivistaBox 2005 und 2021<\/h2>\n<p>Als die erste ArchivistaBox Ende 2005 auf dem Markt erschien, gab es diese einzig auf daf\u00fcr bestimmten Rechnern. Die L\u00f6sungen wurden auf kleinen Embedded-Boxen ausgeliefert. Der Einsatz der ArchivistaBox auf eigenen Rechnern wurde in den vergangenen 15 Jahren zwar immer wieder in Erw\u00e4gung gezogen, letztlich aber verworfen, weil es bei der F\u00fclle der auf dem Markt erh\u00e4ltlichen Hardware als zu schwierig erachtet wurde, daf\u00fcr Support zu erbringen.<\/p>\n<p>In den letzten 15 Jahren hat die Verbreitung von Linux stetig zugenommen, zwar nicht prim\u00e4r auf den Desktop, daf\u00fcr umso mehr auf Servern. War es fr\u00fcher oft schwierig, Linux mit einer aktuellen Hardware zu betreiben, so stellt sich diese Frage aktuell\u00a0 nur noch insofern, als dass heute f\u00fcr neuere Hardware prim\u00e4r aktuellere Linux-Kernel (sprich Treiber) notwendig sind.<\/p>\n<p>Mit der aktuellen ArchivistaBox 2021\/III ist es neu m\u00f6glich, dem flexibel nachzukommen. Einmal ist mit dem Linux Kernel 5.10.x ein sehr aktueller Unterbau verf\u00fcgbar, sodass der Einsatz auf sehr aktueller Hardware nichts im Wege steht. Und f\u00fcr all jene, die nicht mit der neusten Hardware bzw. Technologie unterwegs sein m\u00f6chten, steht mit dem Kernel 5.4.x ebenfalls die passende Software zur Verf\u00fcgung.<\/p>\n<p>Hinzu kommt, dass mit dem Open Source Linux Desktop AVMultimedia eine zu verwendende Hardware jederzeit vor dem Einsatz f\u00fcr die ArchivistaBox ausgiebig getestet werden kann. Etwas vereinfacht kann hier angemerkt werden, wer AVMultimedia in Betrieb nehmen kann, der wird auch eine jede ArchivistaBox &#8222;managen&#8220; k\u00f6nnen. Und darum gibt es die ArchivistaBoxen neu auch ohne mitgelieferte Hardware.<\/p>\n<p><a href=\"https:\/\/archivista.ch\/cms\/wp-content\/uploads\/2021\/03\/zueri6.jpg\"><img loading=\"lazy\" decoding=\"async\" class=\"alignnone wp-image-8989 size-large\" src=\"https:\/\/archivista.ch\/cms\/wp-content\/uploads\/2021\/03\/zueri6-1024x576.jpg\" alt=\"\" width=\"625\" height=\"352\" srcset=\"https:\/\/archivista.ch\/cms\/wp-content\/uploads\/2021\/03\/zueri6-1024x576.jpg 1024w, https:\/\/archivista.ch\/cms\/wp-content\/uploads\/2021\/03\/zueri6-300x169.jpg 300w, https:\/\/archivista.ch\/cms\/wp-content\/uploads\/2021\/03\/zueri6-768x432.jpg 768w, https:\/\/archivista.ch\/cms\/wp-content\/uploads\/2021\/03\/zueri6-600x338.jpg 600w, https:\/\/archivista.ch\/cms\/wp-content\/uploads\/2021\/03\/zueri6-1536x864.jpg 1536w, https:\/\/archivista.ch\/cms\/wp-content\/uploads\/2021\/03\/zueri6-624x351.jpg 624w, https:\/\/archivista.ch\/cms\/wp-content\/uploads\/2021\/03\/zueri6.jpg 1920w\" sizes=\"auto, (max-width: 625px) 100vw, 625px\" \/><\/a><\/p>\n<h2>Die eigene ArchivistaBox f\u00fcr unter 100 Franken oder Euro<\/h2>\n<p>Ab sofort gibt es mit der <strong><a href=\"http:\/\/shop.archivista.ch\/oscommunity\/catalog\/product_info.php?cPath=21&amp;products_id=75\">ArchivistaBox Dolder<\/a><\/strong> die M\u00f6glichkeit, unsere L\u00f6sung auf eigenen Rechnern zu betreiben. Dies im \u00fcbrigen zu einem sehr attraktiven Preis. Ganze 90 Franken bzw. (aktuell) 81.81 Euro kostet die <strong><a href=\"http:\/\/shop.archivista.ch\/oscommunity\/catalog\/product_info.php?cPath=21&amp;products_id=75\">ArchivistaBox Dolder.<\/a><\/strong> Darin ist die Mehrwertsteuer noch nicht enthalten, doch selbst mit dieser (7,7% in der Schweiz, 19% in Deutschland bzw. 20% in \u00d6sterreich) betr\u00e4gt der Preis keine 100 Franken oder Euro. Darin enthalten ist das erste Jahr des Wartungsvertrages.<\/p>\n<p>Die genauen <strong><a href=\"http:\/\/shop.archivista.ch\/oscommunity\/catalog\/product_info.php?cPath=21&amp;products_id=75\">Eckdaten der ArchivistaBox Dolder k\u00f6nnen unserem Web-Shop<\/a><\/strong> entnommen werden. Wichtig zu erw\u00e4hnen ist, dass es auf der ArchivistaBox keine Einschr\u00e4nkungen bei der Verwendung der Hardware gibt. Offiziell unterst\u00fctzt (das gilt f\u00fcr alle ArchivistaBox-Systeme) werden dabei alle g\u00e4ngigen 64-Bit AMD\/Intel-Prozessoren (bis zu 64 CPUs bzw. 128 Threads) mit bis zu 256 GByte RAM sowie Festplattenverb\u00fcnde mit bis zu 12 Platten bzw. bis zu 200 TByte.<\/p>\n<p>Unterst\u00fctzt werden s\u00e4mtliche unter Linux verf\u00fcgbaren Netzwerkkarten bis zu 40 GBit, selbst der Einsatz auf einem Notebook oder Tablet ist m\u00f6glich, solange die aktuell ausgelieferte AVMultimedia-Version auf dem entsprechenden Ger\u00e4t l\u00e4uft. Bei den Grafikkarten werden all jene Modelle unterst\u00fctzt, f\u00fcr die es offene Linux-Treiber gibt. Damit ist auch gesagt, dass darin kein Support f\u00fcr den Einsatz propriet\u00e4ren Linux-Treiber enthalten ist.<\/p>\n<p><a href=\"https:\/\/archivista.ch\/cms\/wp-content\/uploads\/2021\/03\/zueri2.jpg\"><img loading=\"lazy\" decoding=\"async\" class=\"alignnone wp-image-8993 size-large\" src=\"https:\/\/archivista.ch\/cms\/wp-content\/uploads\/2021\/03\/zueri2-1024x576.jpg\" alt=\"\" width=\"625\" height=\"352\" srcset=\"https:\/\/archivista.ch\/cms\/wp-content\/uploads\/2021\/03\/zueri2-1024x576.jpg 1024w, https:\/\/archivista.ch\/cms\/wp-content\/uploads\/2021\/03\/zueri2-300x169.jpg 300w, https:\/\/archivista.ch\/cms\/wp-content\/uploads\/2021\/03\/zueri2-768x432.jpg 768w, https:\/\/archivista.ch\/cms\/wp-content\/uploads\/2021\/03\/zueri2-600x338.jpg 600w, https:\/\/archivista.ch\/cms\/wp-content\/uploads\/2021\/03\/zueri2-1536x864.jpg 1536w, https:\/\/archivista.ch\/cms\/wp-content\/uploads\/2021\/03\/zueri2-624x351.jpg 624w, https:\/\/archivista.ch\/cms\/wp-content\/uploads\/2021\/03\/zueri2.jpg 1920w\" sizes=\"auto, (max-width: 625px) 100vw, 625px\" \/><\/a><\/p>\n<h2>Neuerungen der Version 2021\/III<\/h2>\n<p>Die ArchivistaBox 2021\/III enth\u00e4lt zun\u00e4chst einmal einige neue Tools, um das Arbeiten mit dem Linux-Desktop angenehmer zu machen. Festplatten (z.B. f\u00fcr die Datensicherung) k\u00f6nnen neu direkt mit GParted auf jeder ArchivistaBox eingerichtet werden, ebenso gibt es im Datei-Manager neu die Option, einen Ordner mit &#8218;root&#8216;-Rechten zu \u00f6ffnen bzw. zu bearbeiten.<\/p>\n<p>Die ArchivistaBox 2021\/III verf\u00fcgt \u00fcber eine <strong><a href=\"http:\/\/archivista.ch\/d2\/help\/\">komplett \u00fcberarbeitete Dokumentation.<\/a><\/strong> Darin sind nun s\u00e4mtliche neuen Funktionen sauber dokumentiert. Das Handbuch ist durchsuchbar und steht unter <strong><a href=\"https:\/\/archivista.ch\/d2\/help\">https:\/\/archivista.ch\/d2\/help<\/a><\/strong> zur Verf\u00fcgung. Kunden der ArchivistaBox erhalten zudem das Handbuch in der Form einer PDF-Datei. Das neue Handbuch ist etwas kleiner, weil diverse fr\u00fchere Hilfsprogramme aktuell keinen Sinn mehr ergeben. Der integrierte Druck-Server (CUPS) ist zu leistungsf\u00e4hig, als dass der Einsatz z.B. des Tools PDFCreator noch empfohlen werden kann.<\/p>\n<p>Mit der Version 2021\/III gibt es keine unterschiedlichen Versionen mehr f\u00fcr ArchivistaVM und ArchivistaDMS\/ERP. Dies bedeutet, auf jeder ArchivistaBox finden sich die gleichen Applikationen. Musste z.B. bisher bei ArchivistaVM (Server-Virtualisierung) Software nachinstalliert werden, um die Datensicherung \u00fcber einen Windows-Freigabeordner zu bewerkstelligen, so steht diese Software neu im Grundumfang zur Verf\u00fcgung. Zudem davon kann jede ArchivistaBox mit DEB-Paketen (Synaptic), AppImage und\/oder Flatpack erweitert werden.<\/p>\n<p><a href=\"https:\/\/archivista.ch\/cms\/wp-content\/uploads\/2021\/03\/zueri1.jpg\"><img loading=\"lazy\" decoding=\"async\" class=\"alignnone wp-image-8994 size-large\" src=\"https:\/\/archivista.ch\/cms\/wp-content\/uploads\/2021\/03\/zueri1-1024x576.jpg\" alt=\"\" width=\"625\" height=\"352\" srcset=\"https:\/\/archivista.ch\/cms\/wp-content\/uploads\/2021\/03\/zueri1-1024x576.jpg 1024w, https:\/\/archivista.ch\/cms\/wp-content\/uploads\/2021\/03\/zueri1-300x169.jpg 300w, https:\/\/archivista.ch\/cms\/wp-content\/uploads\/2021\/03\/zueri1-768x432.jpg 768w, https:\/\/archivista.ch\/cms\/wp-content\/uploads\/2021\/03\/zueri1-600x338.jpg 600w, https:\/\/archivista.ch\/cms\/wp-content\/uploads\/2021\/03\/zueri1-1536x864.jpg 1536w, https:\/\/archivista.ch\/cms\/wp-content\/uploads\/2021\/03\/zueri1-624x351.jpg 624w, https:\/\/archivista.ch\/cms\/wp-content\/uploads\/2021\/03\/zueri1.jpg 1920w\" sizes=\"auto, (max-width: 625px) 100vw, 625px\" \/><\/a><\/p>\n<h2>Digitale Nachhaltigkeit seit 1998<\/h2>\n<p>Vor ziemlich genau drei Jahren erschien die erste Version des mutlimedialen Desktops AVMultimedia, dies fast punktgenau zum 20j\u00e4hrigen Firmenjubil\u00e4um. In zwei Jahren wird es die Archivista-Produkte 25 Jahre geben. Oder anders herum gesagt, in knapp sieben Jahren ist das &#8222;Versprechen&#8220; eingel\u00f6st, dass es auf die von der ArchivistaBox verwendeten Datenstrukturen minimal 30 Jahre Gew\u00e4hrleistung f\u00fcr die Verf\u00fcgbarkeit der Daten gibt.<\/p>\n<p>Als 1998 die erste Archivista-L\u00f6sung zum Archivieren von Papierbelegen erschien (noch heute im <a href=\"\/1998_10\/\"><strong>Web-Museum<\/strong><\/a> zu finden), findet in der ArchivistaBox 2021\/III eine evolution\u00e4re Weiterentwicklung. Nat\u00fcrlich konnte 1998 niemand voraussehen, dass z.B. wenige Jahre sp\u00e4ter die analoge Fotografie ein abruptes Ende finden w\u00fcrde. Absehbar war jedoch, dass Informationen zuk\u00fcnftig digital vorhanden sein werden.<\/p>\n<p>Wenn aktuell die ganze Welt nach Digitalisierung &#8222;schreit&#8220;, so geht dabei vergessen, dass diese alleine nicht das zu halten im Stande sein wird, was davon erwartet wird. Das Verfallsdatum von digitaler Daten sinkt mit der zunehmenden Menge dieser, wenn es nicht gleichzeitig gelingt, die (unsere) Informationen strukturiert(er) verf\u00fcgbar zu halten. Die ArchivistaBox bietet genau dies seit 1998 an. Waren es damals mehrheitlich gescannte Papierbelege, so sind es heute prim\u00e4r digitale Daten, dies daf\u00fcr in einer beinahe beliebigen F\u00fclle.<\/p>\n<p>Daf\u00fcr war die erste Archivista-L\u00f6sung gemacht, daf\u00fcr ist die aktuelle ArchivistaBox besser denn je pr\u00e4destiniert. Dieser Kernfokus auf digitale Nachhaltigkeit, gerade weil es f\u00fcr die Datenstrukturen 30 Jahre Gew\u00e4hrleistung gibt, bildet das R\u00fcckgrat einer jeden ArchivistaBox, heute und in Zukunft. Der neue Einsatz bereits bestehender Rechner f\u00fcr die ArchivistaBox erweitert die Nachhaltigkeit umso mehr.<\/p>\n<p>Erstens, weil die Anforderungen an eine ArchivistaBox minimal sind (4 GByte Hauptspeicher sowie eine Festplatte ab 32 GByte). Zweitens vor allem aber,\u00a0 weil dadurch ganz viele Rechner zum Einsatz kommen k\u00f6nnen, die ansonsten l\u00e4ngst &#8222;entsorgt&#8220; werden m\u00fcssten. Sei es, weil andere Betriebssysteme darauf zu langsam laufen, sei es weil es daf\u00fcr keinen Support mehr gibt.<\/p>\n<p>Und wenn heute noch immer Cloud-L\u00f6sungen als das Mass der Dinge hingestellt werden, obwohl mittlerweile l\u00e4ngst klar sein muss, dass externe Wolken-Speicher weder einfach noch langfristig nachhaltig sind, geschweige denn, dass niemand garantieren mag\/kann, dass die Informationen dort nur schon in f\u00fcnf Jahren verf\u00fcgbar sein werden, so stellt die ArchivistaBox gerade mit dem Einsatz einer eigenen Hardware die Alternative dar, um die Datenhoheit \u00fcber eigene Daten (wieder) zu erlangen.<\/p>\n\n\n\n\t<div class=\"dkpdf-button-container\" style=\"            text-align:right \">\n\n\t\t<a class=\"dkpdf-button\" href=\"\/cms\/wp-json\/wp\/v2\/pages\/8983?pdf=8983\" target=\"_blank\"><span class=\"dkpdf-button-icon\"><i class=\"fa fa-file-pdf-o\"><\/i><\/span> PDF Button<\/a>\n\n\t<\/div>\n\n\n\n\n\n","protected":false},"excerpt":{"rendered":"<p>ArchivistaBox auf dem eigenen Rechner Egg, 25. M\u00e4rz 2021: In den vergangenen Wochen wurde die Dokumentation der ArchivistaBox auf den aktuellen Stand gebracht. Gleichzeitig konnten die letzten Arbeiten abgeschlossen werden, um die bislang unterschiedlichen Versionen (ArchivistaVM und\u00a0 ArchivistaDMS) zu vereinen. Ab Version 2021\/III werden alle\u00a0 ArchivistaBox-Systeme mit dem &#8222;Fundament&#8220; der Open Source Linux Distribution AVMultimedia [&hellip;]<\/p>\n","protected":false},"author":1,"featured_media":0,"parent":9255,"menu_order":69,"comment_status":"closed","ping_status":"closed","template":"","meta":{"_acf_changed":false,"footnotes":""},"class_list":["post-8983","page","type-page","status-publish","hentry"],"acf":[],"_links":{"self":[{"href":"https:\/\/archivista.ch\/cms\/wp-json\/wp\/v2\/pages\/8983","targetHints":{"allow":["GET"]}}],"collection":[{"href":"https:\/\/archivista.ch\/cms\/wp-json\/wp\/v2\/pages"}],"about":[{"href":"https:\/\/archivista.ch\/cms\/wp-json\/wp\/v2\/types\/page"}],"author":[{"embeddable":true,"href":"https:\/\/archivista.ch\/cms\/wp-json\/wp\/v2\/users\/1"}],"replies":[{"embeddable":true,"href":"https:\/\/archivista.ch\/cms\/wp-json\/wp\/v2\/comments?post=8983"}],"version-history":[{"count":15,"href":"https:\/\/archivista.ch\/cms\/wp-json\/wp\/v2\/pages\/8983\/revisions"}],"predecessor-version":[{"id":9008,"href":"https:\/\/archivista.ch\/cms\/wp-json\/wp\/v2\/pages\/8983\/revisions\/9008"}],"up":[{"embeddable":true,"href":"https:\/\/archivista.ch\/cms\/wp-json\/wp\/v2\/pages\/9255"}],"wp:attachment":[{"href":"https:\/\/archivista.ch\/cms\/wp-json\/wp\/v2\/media?parent=8983"}],"curies":[{"name":"wp","href":"https:\/\/api.w.org\/{rel}","templated":true}]}}