{"id":9113,"date":"2021-07-03T16:03:05","date_gmt":"2021-07-03T14:03:05","guid":{"rendered":"https:\/\/archivista.ch\/cms\/?page_id=9113"},"modified":"2021-12-17T00:20:44","modified_gmt":"2021-12-16T23:20:44","slug":"2021-vii-mehr-als-optimierung","status":"publish","type":"page","link":"https:\/\/archivista.ch\/cms\/de\/aktuell-blog\/blogs-2021\/2021-vii-mehr-als-optimierung\/","title":{"rendered":"2021\/VII: Mehr als Optimierung"},"content":{"rendered":"<h1>Videos automatisiert nach bearbeiten<\/h1>\n<p><em><strong>Egg, 3. Juli 2021:<\/strong> Das private Filmarchiv des Gesch\u00e4ftf\u00fchrers hat mittlerweile eine stattliche Gr\u00f6sse angenommen. Bei 6 TByte stellte sich die Frage: Ausbau, Stopp bzw. Stillstand oder Optimierung. In diesem Blog wird aufgezeigt, warum die Variante Optimierung gew\u00e4hlt wurde. Am Ende des Beitrags gibt es eine Anleitung, um eine jede ArchivistaBox oder AVMultimedia in den Tiefschlaf zu bef\u00f6rdern bzw. \u00fcber das Netzwerk auch wieder aufzuwecken.<br \/>\n<\/em><\/p>\n<p><a href=\"https:\/\/archivista.ch\/cms\/wp-content\/uploads\/2021\/07\/island-0.jpg\"><img loading=\"lazy\" decoding=\"async\" class=\"alignnone wp-image-9127 size-large\" src=\"https:\/\/archivista.ch\/cms\/wp-content\/uploads\/2021\/07\/island-0-1024x576.jpg\" alt=\"\" width=\"625\" height=\"352\" srcset=\"https:\/\/archivista.ch\/cms\/wp-content\/uploads\/2021\/07\/island-0-1024x576.jpg 1024w, https:\/\/archivista.ch\/cms\/wp-content\/uploads\/2021\/07\/island-0-300x169.jpg 300w, https:\/\/archivista.ch\/cms\/wp-content\/uploads\/2021\/07\/island-0-768x432.jpg 768w, https:\/\/archivista.ch\/cms\/wp-content\/uploads\/2021\/07\/island-0-600x338.jpg 600w, https:\/\/archivista.ch\/cms\/wp-content\/uploads\/2021\/07\/island-0-1536x864.jpg 1536w, https:\/\/archivista.ch\/cms\/wp-content\/uploads\/2021\/07\/island-0-624x351.jpg 624w, https:\/\/archivista.ch\/cms\/wp-content\/uploads\/2021\/07\/island-0.jpg 1920w\" sizes=\"auto, (max-width: 625px) 100vw, 625px\" \/><\/a><\/p>\n<h2>Einfach mehr Festplattenplatz f\u00fchrt nicht zur L\u00f6sung<\/h2>\n<p>Die ArchivistaBox ist aktuell im Standardumfang auf bis zu 200 TByte ausgelegt. Daher w\u00e4re es an sich einfach gewesen, das Archiv mit zus\u00e4tzlichen Festplatten zu erweitern. Allerdings muss dabei beachtet werden, dass damit erst der prim\u00e4re Platz f\u00fcr die Speicherung auf Festplatten geschaffen wird. Erst mit dem Auslagern der Materialien auf einmal beschreibbare Datentr\u00e4ger bestehen langfristige Datentr\u00e4ger.<\/p>\n<p>Dabei stehen die Formate M-Disk und das propriet\u00e4re Sony-Pro zur Verf\u00fcgung. M-Disk-Laufwerke sind preiswert (ca. 120 Franken\/Euro), die Medien dagegen kosten aktuell ca. 25 Franken\/Euro und fassen 100 GByte. Bei 6 TByte w\u00fcrden bei zwei Archivkopien bereits 120 Medien ben\u00f6tigt. Damit entst\u00fcnden Kosten \u00fcber 3120 Franken\/Euro (120*25+120). Beim propriet\u00e4ren Sony-Format sind zwar die Kosten der Medien tiefer (ca. 250 Franken\/Euro f\u00fcr 5.5 TByte), jedoch kostet das Laufwerk ca. 4000 bis 5000 Franken\/Euro.<\/p>\n<p>Bei einer Verdoppelung der Kapazit\u00e4t auf 12 TByte w\u00fcrden folglich f\u00fcr die saubere Archivierung der Daten auf nicht wieder beschreibbare Datentr\u00e4ger Kosten von 6120 Franken (240*25+120) entstehen. Offen gestanden, dies erscheint etwas viel f\u00fcr ein privates Medienarchiv. Zumal, der Aufwand f\u00fcr das Erstellen der Medien ist dabei noch nicht einmal enthalten. Ein Ausbau der Kapazit\u00e4t war deshalb keine Option.<\/p>\n<p><a href=\"https:\/\/archivista.ch\/cms\/wp-content\/uploads\/2021\/07\/island-1.jpg\"><img loading=\"lazy\" decoding=\"async\" class=\"alignnone wp-image-9126 size-large\" src=\"https:\/\/archivista.ch\/cms\/wp-content\/uploads\/2021\/07\/island-1-1024x576.jpg\" alt=\"\" width=\"625\" height=\"352\" srcset=\"https:\/\/archivista.ch\/cms\/wp-content\/uploads\/2021\/07\/island-1-1024x576.jpg 1024w, https:\/\/archivista.ch\/cms\/wp-content\/uploads\/2021\/07\/island-1-300x169.jpg 300w, https:\/\/archivista.ch\/cms\/wp-content\/uploads\/2021\/07\/island-1-768x432.jpg 768w, https:\/\/archivista.ch\/cms\/wp-content\/uploads\/2021\/07\/island-1-600x338.jpg 600w, https:\/\/archivista.ch\/cms\/wp-content\/uploads\/2021\/07\/island-1-1536x864.jpg 1536w, https:\/\/archivista.ch\/cms\/wp-content\/uploads\/2021\/07\/island-1-624x351.jpg 624w, https:\/\/archivista.ch\/cms\/wp-content\/uploads\/2021\/07\/island-1.jpg 1920w\" sizes=\"auto, (max-width: 625px) 100vw, 625px\" \/><\/a><\/p>\n<h2>Stillstand w\u00fcrde bedeuten, wer rastet, der rostet<\/h2>\n<p>Das Projekt des privaten Medienarchivs ist ja gerade deshalb entstanden, weil die Angebote der Streaming-Anbieter mittel- bis langfristig nicht nur h\u00f6here monatlichen Kosten zur Folge gehabt h\u00e4tten, sondern weil das Streamen letztlich nicht mehr als einem sehr einseitiges Mietverh\u00e4ltnis entspricht.<\/p>\n<p>Das private Archiv wurde auf ca. 8 TByte ausgelegt (entspricht plus\/minus der ArchivistaDom). In den letzten acht Monaten zeigte sich, dass sowohl \u00fcber <strong><a href=\"https:\/\/mediathekview.de\/\">MediathekView<\/a><\/strong> als auch \u00fcber <strong><a href=\"https:\/\/www.wilmaa.com\/\">wilmaa.ch<\/a><\/strong> derart viele Angebote verf\u00fcgbar sind, dass das Archiv viel schneller als kalkuliert anwuchs. Mit ein Grund war \u00fcbrigens auch, dass beim St\u00f6bern im eigenen Keller noch viele CDs und DVDs gefunden wurden, die ebenfalls erfasst wurden.<\/p>\n<p>Gleichzeitig konnte festgestellt werden, dass aktuell viele DVD-Sammlungen zum &#8222;Spottpreis&#8220; erworben werden k\u00f6nnen, da ja offensichtlich niemand mehr DVDs kaufen und einlegen mag. Nach Schweizer Recht d\u00fcrfen diese DVDs selbst dann als Privatkopie auf die Festplatte kopiert werden, wenn sie mit einem Kopierschutz ausgeliefert werden. Um DVDs zu &#8218;rippen&#8216;, daf\u00fcr gibt es entsprechende Programme.<\/p>\n<p><a href=\"https:\/\/archivista.ch\/cms\/wp-content\/uploads\/2021\/07\/island-2.jpg\"><img loading=\"lazy\" decoding=\"async\" class=\"alignnone wp-image-9125 size-large\" src=\"https:\/\/archivista.ch\/cms\/wp-content\/uploads\/2021\/07\/island-2-1024x576.jpg\" alt=\"\" width=\"625\" height=\"352\" srcset=\"https:\/\/archivista.ch\/cms\/wp-content\/uploads\/2021\/07\/island-2-1024x576.jpg 1024w, https:\/\/archivista.ch\/cms\/wp-content\/uploads\/2021\/07\/island-2-300x169.jpg 300w, https:\/\/archivista.ch\/cms\/wp-content\/uploads\/2021\/07\/island-2-768x432.jpg 768w, https:\/\/archivista.ch\/cms\/wp-content\/uploads\/2021\/07\/island-2-600x338.jpg 600w, https:\/\/archivista.ch\/cms\/wp-content\/uploads\/2021\/07\/island-2-1536x864.jpg 1536w, https:\/\/archivista.ch\/cms\/wp-content\/uploads\/2021\/07\/island-2-624x351.jpg 624w, https:\/\/archivista.ch\/cms\/wp-content\/uploads\/2021\/07\/island-2.jpg 1920w\" sizes=\"auto, (max-width: 625px) 100vw, 625px\" \/><\/a><\/p>\n<p><em><strong>Aber:<\/strong> Auch wenn DVDs in der Schweiz legal &#8222;gerippt&#8220; werden k\u00f6nnen, gratis ist es nicht. Gem\u00e4ss <strong><a href=\"https:\/\/www.suissimage.ch\/download-faq-mb\">Suisseimage.ch<\/a><\/strong> werden Kopien \u00fcber die <strong><a href=\"https:\/\/www.suissimage.ch\/fileadmin\/content\/pdf\/8_Download_Merkblaetter\/privatgebrauch_d.pdf\">Leermedienabgabe<\/a><\/strong> finanziert. Bei den M-Disks betr\u00e4gt die Geb\u00fchr gem\u00e4ss <strong><a href=\"https:\/\/www.suisa.ch\/de\/kunden\/leertraegerverguetung\/leertraegertarife\/gemeinsamer-tarif-4.html\">Suisa.ch<\/a><\/strong> etwas<strong><a href=\"https:\/\/www.suisa.ch\/fileadmin\/user_upload\/downloadcenter\/tarife\/Tarife_2021_neu\/GT4_2017-2022_GER.pdf\"> \u00fcber 1 Franken.<\/a><\/strong> Paradox mutet dabei die <strong><a href=\"https:\/\/www.suissimage.ch\/fileadmin\/content\/pdf\/8_Download_Merkblaetter\/privatgebrauch_d.pdf\">FAQ von Suissimage.ch an,<\/a><\/strong> da einerseits auf den Leermedien Geb\u00fchren erhoben werden, auf der anderen Seite das Anbieten von Programme zum DVD-Kopieren nach <strong><a href=\"https:\/\/fedlex.data.admin.ch\/filestore\/fedlex.data.admin.ch\/eli\/cc\/1993\/1798_1798_1798\/20200401\/de\/pdf-a\/fedlex-data-admin-ch-eli-cc-1993-1798_1798_1798-20200401-de-pdf-a.pdf\">Art. 39a Abs. 3 URG<\/a><\/strong> verboten ist. Immerhin, nach Art. 39a Abs. 4 ist das Umgehen des Kopierschutzes bei der Privatkopie legal. Die L\u00e4nge dieses Absatzes zeigt, das Thema ist nicht einfach, eine Diskussion zum Thema findet sich im <strong><a href=\"https:\/\/forum.makemkv.com\/forum\/viewtopic.php?t=4701\">MakeMKV-Forum (in Englisch).<\/a><\/strong><\/em><\/p>\n<p>Mit neu erworbenen DVDs im zweistelligen Frankenbereich kamen nochmals ca. 150 Stunden Filmmaterial hinzu. Dabei wurde weniger Geld ausgegeben, als ein entsprechendes Abo \u00fcber acht Monate beim marktf\u00fchrenden Streaming-Anbieter gekostet h\u00e4tte. Nur eben, auch dadurch wuchs der Umfang des Archivs deutlich schneller als geplant an.<\/p>\n<p>Da ein Ausbau der Festplatten nicht in Frage kam (siehe oben), w\u00e4re die zweite Option gewesen, das Medienarchiv quasi mit bestehendem Umfang &#8222;einzumotten&#8220;. Letztlich sollte es nicht dazu kommen zu rasten, denn dadurch h\u00e4tte das Archiv sinnbildlich gesprochen angefangen digital zu rosten.<\/p>\n<p><a href=\"https:\/\/archivista.ch\/cms\/wp-content\/uploads\/2021\/07\/island-3.jpg\"><img loading=\"lazy\" decoding=\"async\" class=\"alignnone wp-image-9124 size-large\" src=\"https:\/\/archivista.ch\/cms\/wp-content\/uploads\/2021\/07\/island-3-1024x576.jpg\" alt=\"\" width=\"625\" height=\"352\" srcset=\"https:\/\/archivista.ch\/cms\/wp-content\/uploads\/2021\/07\/island-3-1024x576.jpg 1024w, https:\/\/archivista.ch\/cms\/wp-content\/uploads\/2021\/07\/island-3-300x169.jpg 300w, https:\/\/archivista.ch\/cms\/wp-content\/uploads\/2021\/07\/island-3-768x432.jpg 768w, https:\/\/archivista.ch\/cms\/wp-content\/uploads\/2021\/07\/island-3-600x338.jpg 600w, https:\/\/archivista.ch\/cms\/wp-content\/uploads\/2021\/07\/island-3-1536x864.jpg 1536w, https:\/\/archivista.ch\/cms\/wp-content\/uploads\/2021\/07\/island-3-624x351.jpg 624w, https:\/\/archivista.ch\/cms\/wp-content\/uploads\/2021\/07\/island-3.jpg 1920w\" sizes=\"auto, (max-width: 625px) 100vw, 625px\" \/><\/a><\/p>\n<h2>L\u00f6sung: Optimieren der Video-Dateien<\/h2>\n<p>\u00dcber die letzten Monate konnte festgestellt werden, dass je nach Quelle die Video-Dateien in sehr unterschiedlicher Gr\u00f6sse vorliegen. So musste beim Download \u00fcber <strong><a href=\"https:\/\/mediathekview.de\/\">MediathekView<\/a><\/strong> festgestellt werden, dass die Inhalte zunehmend nicht mehr in HD-Qualit\u00e4t mit 25 Bildern, sondern mit FullHD und 50 Bildern zur Verf\u00fcgung gestellt werden. Dies f\u00fchrt dazu, dass ein einst\u00fcndiger Dokumentarfilm nicht mehr ca. 1 GByte, sondern irgendwo zwischen 4 und 5 GByte ben\u00f6tigt.<\/p>\n<p>Letztlich h\u00e4ngt die Dateigr\u00f6sse von MP4-Dateien prim\u00e4r damit zusammen, mit welcher Bandbreite gestreamt wird. Auch hier musste festgestellt werden, dass die Inhalte zunehmend &#8222;h\u00f6herwertig&#8220; ausgeliefert werden. Das mag technisch mit den h\u00f6heren Bandbreiten der Internet-Provider machbar sein. Bei einem privaten Medienarchiv dagegen ist dies auch kostentechnischen Gr\u00fcnden wenig hilfreich.<\/p>\n<p>Nun bietet die ArchivistaBox ja den gesamten Multimedia-Stack an. Folglich k\u00f6nnten die Video-Dateien z.B. mit <strong><a href=\"https:\/\/shotcut.org\/\">Shotcut<\/a><\/strong> einfach mit 25 Bildern und HD-Qualit\u00e4t neu gerendert werden. Doch letztlich w\u00fcrde dies bedeuten, dass viel Handarbeit notwendig wird. Die entsprechenden Prozesse lassen sich selbstverst\u00e4ndlich mit dem <strong><a href=\"https:\/\/ffmpeg.org\/\">Konsolenprogramm &#8218;ffmpeg&#8216;<\/a><\/strong> automatisieren. Hier setzt die ArchivistaBox 2021\/VII an, indem diese Prozesse automatisiert durchgef\u00fchrt werden k\u00f6nnen.<\/p>\n<p>Dazu besteht in <strong>WebConfig<\/strong> neu das Formular <strong>&#8218;Jobs verwalten&#8216;.<\/strong> Die ersten beiden Optionen &#8218;Externe Inhalte \u00fcberpr\u00fcfen&#8216; sowie &#8218;Interne Pr\u00fcfwerte bereinigen&#8216; dienen dazu, bereits erfasste Audio- und Video-Dateien auf Korrektheit zu \u00fcberpr\u00fcfen. Der Punkt <strong>&#8218;Video-Dateien optimieren&#8216;<\/strong> dagegen bringt die M\u00f6glichkeit, bereits bestehende MP4-Dateien zu optimeiren.<\/p>\n<p><a href=\"https:\/\/archivista.ch\/cms\/wp-content\/uploads\/2021\/07\/island-4.jpg\"><img loading=\"lazy\" decoding=\"async\" class=\"alignnone wp-image-9123 size-large\" src=\"https:\/\/archivista.ch\/cms\/wp-content\/uploads\/2021\/07\/island-4-1024x576.jpg\" alt=\"\" width=\"625\" height=\"352\" srcset=\"https:\/\/archivista.ch\/cms\/wp-content\/uploads\/2021\/07\/island-4-1024x576.jpg 1024w, https:\/\/archivista.ch\/cms\/wp-content\/uploads\/2021\/07\/island-4-300x169.jpg 300w, https:\/\/archivista.ch\/cms\/wp-content\/uploads\/2021\/07\/island-4-768x432.jpg 768w, https:\/\/archivista.ch\/cms\/wp-content\/uploads\/2021\/07\/island-4-600x338.jpg 600w, https:\/\/archivista.ch\/cms\/wp-content\/uploads\/2021\/07\/island-4-1536x864.jpg 1536w, https:\/\/archivista.ch\/cms\/wp-content\/uploads\/2021\/07\/island-4-624x351.jpg 624w, https:\/\/archivista.ch\/cms\/wp-content\/uploads\/2021\/07\/island-4.jpg 1920w\" sizes=\"auto, (max-width: 625px) 100vw, 625px\" \/><\/a><\/p>\n<h2>Erkenntnisse aus der Optimierung<\/h2>\n<p>Im letzten Monat wurden s\u00e4mtliche externen Materialien (die eigenen erstellten Videos wurden nicht optimiert) auf HD-Qualit\u00e4t mit 25 Bildern die Sekunde neu gerastert. Dadurch konnte der Umfang des Archivs von ca. 6 auf ca. 2.4 TByte reduziert werden, womit plus\/minus um den Faktor 2.5 weniger Daten vorliegen.<\/p>\n<p>Das ist nicht nichts. Denn anstelle von 120 M-Disk-Datentr\u00e4gern werden neu nicht einmal mehr 50 M-Disks (f\u00fcr jeweils 2 Kopien) ben\u00f6tigt, was einer &#8222;Ersparnis&#8220; von ca. 2000 Franken bei den Datentr\u00e4gern entspricht. Nat\u00fcrlich sind Kosten von ca. 1000 Franken f\u00fcr die langfristige Archivierung noch immer nicht nichts.<\/p>\n<p>Das M-Disk-Format verf\u00fcgt jedoch \u00fcber eine hohe physikalische Lebenserwartung \u00fcber viele Jahrzehnte (versprochen werden gar 1000 Jahre). Sofern auch 10 bis 20 Jahre reichen, k\u00f6nnten normale Blue-Ray-Datentr\u00e4ger verwendet werden. Die Kosten w\u00fcrden sich dabei auf ca. 60 Prozent reduzieren.<\/p>\n<p>Wer jetzt einwenden m\u00f6chte, f\u00fcr diesen Betrag kann jedes Streaming-Angebot finanziert werden, dem sei gesagt, die ca. 600 Franken mit normalen Blue-Ray-Datentr\u00e4gern sind beim Familien-Abo in weniger als drei Jahren dahingerafft. Dabei sind aktuell im Raum stehende Preiserh\u00f6hungen noch nicht einmal enthalten.<\/p>\n<p><a href=\"https:\/\/archivista.ch\/cms\/wp-content\/uploads\/2021\/07\/island-5.jpg\"><img loading=\"lazy\" decoding=\"async\" class=\"alignnone wp-image-9122 size-large\" src=\"https:\/\/archivista.ch\/cms\/wp-content\/uploads\/2021\/07\/island-5-1024x576.jpg\" alt=\"\" width=\"625\" height=\"352\" srcset=\"https:\/\/archivista.ch\/cms\/wp-content\/uploads\/2021\/07\/island-5-1024x576.jpg 1024w, https:\/\/archivista.ch\/cms\/wp-content\/uploads\/2021\/07\/island-5-300x169.jpg 300w, https:\/\/archivista.ch\/cms\/wp-content\/uploads\/2021\/07\/island-5-768x432.jpg 768w, https:\/\/archivista.ch\/cms\/wp-content\/uploads\/2021\/07\/island-5-600x338.jpg 600w, https:\/\/archivista.ch\/cms\/wp-content\/uploads\/2021\/07\/island-5-1536x864.jpg 1536w, https:\/\/archivista.ch\/cms\/wp-content\/uploads\/2021\/07\/island-5-624x351.jpg 624w, https:\/\/archivista.ch\/cms\/wp-content\/uploads\/2021\/07\/island-5.jpg 1920w\" sizes=\"auto, (max-width: 625px) 100vw, 625px\" \/><\/a><\/p>\n<h2>Blindtest und Geduld<\/h2>\n<p>Mit einem Blindtest in der Familie konnte im \u00fcbrigen festgestellt werden, dass niemand einen sichtbaren Qualit\u00e4tsverlust feststellen konnte. Entscheidend beim Abspielen ist eben nicht prim\u00e4r, ob jetzt 50 oder 25 Bilder mit HD die Sekunde in den Dateien verf\u00fcgbar sind, sondern wie gut der Video-Player die vorhandenen Daten abspielen kann bzw. wie gut der Monitor an sich ist. Da diese Komponenten nicht ge\u00e4ndert wurden, ergab sich visuell kein sichtbarer Qualit\u00e4tsunterschied.<\/p>\n<p>Das Optimieren von Video-Dateien erfordert erhebliche Ressourcen. Auf der ArchivistaDom w\u00e4ren f\u00fcr das Neurendern der ca. 3000 Stunden in etwa 60 Tage Zeit notwendig gewesen. Bei ArchivistaK2 w\u00e4ren wohl ca. 12 bis 15 Tage ben\u00f6tigt worden und bei ArchivistaEverest waren es letztlich weniger als 3 Tage. Oder anders herum gerechnet. Mit der ArchivistaDom k\u00f6nnen pro Tag ca. 80 bis 100 Stunden optimiert werden, bei ArchivistaK2 sind es ca. 250 Stunden und bei ArchivistaEverest sind es gute 1000 Stunden pro Tag.<\/p>\n<h2>Fazit: Optimierung lohnt sich immer<\/h2>\n<p>Das Optimieren von Video-Dateien ergibt gerade bei Privatarchiven extrem viel Sinn. Nicht nur k\u00f6nnen erhebliche monet\u00e4re Ressourcen eingespart werden, vielmehr f\u00fchrt ein kleinerer Datenbestand auch dazu, dass auch die \u00d6ko-Bilanz entsprechend besser ausf\u00e4llt. Gem\u00e4ss einem <strong><a href=\"https:\/\/blog.wdr.de\/digitalistan\/streamen-ist-besonders-klimaschaedlich\/\">WDR-Beitrag aus dem Jahre 2019 ist das Streamen gar extrem klimasch\u00e4digend.<\/a><\/strong> Wie im Artikel korrekterweise angef\u00fchrt wird, sind entsprechende Berechnungen zwar realtiv. Unbestritten ist aber, dass je gr\u00f6sser die Datenbest\u00e4nde sind, desto gr\u00f6sser die Umweltkosten sein werden, siehe dazu auch den Artikel bei <strong><a href=\"https:\/\/www.welt.de\/kmpkt\/article192120327\/Hingehoert-Warum-Musikstreaming-umweltschaedlicher-ist-als-CDs-und-Platten.html\">Welt.de.<\/a> <\/strong>In diesem Sinne ergeben die Optimierungen der Version 2021\/VII nicht nur \u00f6konomisch sondern auch \u00f6kologisch viel Sinn.<\/p>\n<p>Derartige Optimierungen ergeben selbstverst\u00e4ndlich auch im professionellen Umfeld einen hohen wirtschaftlichen Nutzen. Als Beispiel sei hier nur ein Schulmedienserver angef\u00fchrt, bei dem die Inhalte f\u00fcr den Unterricht um den Faktor drei verkleinert werden k\u00f6nnen, ehe mit diesen gearbeitet wird. Dabei geht es nicht nur um den dreimal kleineren Speicherbedarf, sondern auch die um den Faktor drei verringerte Bandbreite, die f\u00fcr das Abspielen der Inhalte notwendig ist.<\/p>\n<p><a href=\"https:\/\/archivista.ch\/cms\/wp-content\/uploads\/2021\/07\/island-6.jpg\"><img loading=\"lazy\" decoding=\"async\" class=\"alignnone wp-image-9121 size-large\" src=\"https:\/\/archivista.ch\/cms\/wp-content\/uploads\/2021\/07\/island-6-1024x576.jpg\" alt=\"\" width=\"625\" height=\"352\" srcset=\"https:\/\/archivista.ch\/cms\/wp-content\/uploads\/2021\/07\/island-6-1024x576.jpg 1024w, https:\/\/archivista.ch\/cms\/wp-content\/uploads\/2021\/07\/island-6-300x169.jpg 300w, https:\/\/archivista.ch\/cms\/wp-content\/uploads\/2021\/07\/island-6-768x432.jpg 768w, https:\/\/archivista.ch\/cms\/wp-content\/uploads\/2021\/07\/island-6-600x338.jpg 600w, https:\/\/archivista.ch\/cms\/wp-content\/uploads\/2021\/07\/island-6-1536x864.jpg 1536w, https:\/\/archivista.ch\/cms\/wp-content\/uploads\/2021\/07\/island-6-624x351.jpg 624w, https:\/\/archivista.ch\/cms\/wp-content\/uploads\/2021\/07\/island-6.jpg 1920w\" sizes=\"auto, (max-width: 625px) 100vw, 625px\" \/><\/a><\/p>\n<h2>Tipp des Monats: Tiefschlaf und Aufwachen<\/h2>\n<p>Passend zum Thema Stromverbrauch sei an dieser Stelle noch beschrieben, wie eine ArchivistaBox bzw. AVMultimedia in den Tiefschlaf versetzt werden kann bzw. \u00fcber das Netzwerk auch wieder angeworfen werden kann. Dazu m\u00fcssen zun\u00e4chst zwei Zeilen in der Datei <strong>\/etc\/network\/interfaces<\/strong> erfasst werden. Dazu nachfolgend ein Beispiel:<\/p>\n<pre>auto lo\r\niface lo inet loopback\r\n\r\nauto vmbr0\r\niface vmbr0 inet static\r\n  address 192.168.2.222\r\n  netmask 255.255.255.0\r\n  gateway 192.168.2.1\r\n<span style=\"color: #ff9900;\"><strong>    post-up \/sbin\/ethtool -s eth0 wol g<\/strong><\/span>\r\n<span style=\"color: #ff9900;\"><strong>    post-down \/sbin\/ethtool -s eth0 wol g<\/strong><\/span>\r\n  bridge_ports eth0\r\n  bridge_stp off\r\n  bridge_fd 0<\/pre>\n<p>Die beiden farbigen Zeilen sind hinzuzuf\u00fcgen. Danach muss die Netzwerkkarte neu initalisiert werden. Dazu kann der folgende Befehl verwendet werden:<\/p>\n<pre><strong>\/etc\/init.d\/networking restart<\/strong><\/pre>\n<p>Bevor die ArchivistaBox oder AVMultimedia in den Tiefschlaf versetzt werden kann, muss die Mac-Adresse des Rechner bekannt sein, da nur mit dieser Adresse sp\u00e4ter das Aufwecken aus dem Tiefschlaf m\u00f6glich ist. Dazu kann der Befehl <strong>&#8218;ifconfig eth0&#8216;<\/strong> verwendet werden. Dabei erfolgt in etwa die nachfolgende Ausgabe:<\/p>\n<pre>eth0: flags=4163&lt;UP,BROADCAST,RUNNING,MULTICAST&gt; mtu 1500\r\n  ether <span style=\"color: #ff9900;\"><strong>70:85:c2:db:70:b5<\/strong><\/span> txqueuelen 1000 (Ethernet)\r\n  .... (weitere Zeilen)<\/pre>\n<p>Der farbig markierte Bereich hinter &#8218;ether&#8216; wird ben\u00f6tigt, um die ArchivistaBox oder AVMultimedia aus dem Tiefschlaf zu erwecken.<\/p>\n<p>Zun\u00e4chst aber muss der Rechner in den Tiefschlaf versetzt werden. Dazu wird der folgende Befehl verwendet:<\/p>\n<pre><strong>echo mem &gt;\/sys\/power\/state<\/strong><\/pre>\n<p>Falls der Bildschirm nicht deaktivert wird, kann mit dem folgenden Befehl \u00fcberpr\u00fcft werden, ob der Schlafmodus \u00fcberhaupt zur Verf\u00fcgung steht:<\/p>\n<pre><strong>cat \/sys\/power\/state<\/strong><\/pre>\n<p><em>Hinweis: Sofern bei der Ausgabe &#8218;mem&#8216; fehlt, steht die Funktion von der verwendeten Hardware her nicht zur Verf\u00fcgung.<\/em><\/p>\n<p>Nun kann die ArchivistaBox oder AVMultimedia von einem anderen Rechner aus dem Tiefschlaf aufgeweckt werden. Dazu ist der folgende Befehl einzugeben:<\/p>\n<pre>wakeonlan <span style=\"color: #ff9900;\"><strong>70:85:c2:db:70:b5<\/strong><\/span><\/pre>\n<p><em><strong>Hinweis:<\/strong> Die Mac-Adresse ist auf jedem Computer verschieden. Selbstverst\u00e4ndlich muss daher jene Mac-Adresse verwendet werden, die auf der ArchivistaBox bzw. AVMultimedia verwendet wird. Im \u00fcbrigen ist das Programm wakeonlan erst seit Version 2021\/VII auf der ArchivistaBox bzw. AVMultimedia enthalten.<br \/>\n<\/em><\/p>\n<p><a href=\"https:\/\/archivista.ch\/cms\/wp-content\/uploads\/2021\/07\/island-7.jpg\"><img loading=\"lazy\" decoding=\"async\" class=\"alignnone wp-image-9120 size-large\" src=\"https:\/\/archivista.ch\/cms\/wp-content\/uploads\/2021\/07\/island-7-1024x576.jpg\" alt=\"\" width=\"625\" height=\"352\" srcset=\"https:\/\/archivista.ch\/cms\/wp-content\/uploads\/2021\/07\/island-7-1024x576.jpg 1024w, https:\/\/archivista.ch\/cms\/wp-content\/uploads\/2021\/07\/island-7-300x169.jpg 300w, https:\/\/archivista.ch\/cms\/wp-content\/uploads\/2021\/07\/island-7-768x432.jpg 768w, https:\/\/archivista.ch\/cms\/wp-content\/uploads\/2021\/07\/island-7-600x338.jpg 600w, https:\/\/archivista.ch\/cms\/wp-content\/uploads\/2021\/07\/island-7-1536x864.jpg 1536w, https:\/\/archivista.ch\/cms\/wp-content\/uploads\/2021\/07\/island-7-624x351.jpg 624w, https:\/\/archivista.ch\/cms\/wp-content\/uploads\/2021\/07\/island-7.jpg 1920w\" sizes=\"auto, (max-width: 625px) 100vw, 625px\" \/><\/a><\/p>\n<p>Nat\u00fcrlich funktioniert der Tiefschlaf bzw. das Aufwecken nur, sofern mindestens ein anderer Rechner im gleichen Netzwerk l\u00e4uft. Zur Anwendung gelange kann hier entweder die Firewall oder ein kleiner Einplatinen-Rechner (Odroid, Raspberry etc). Als Resultat dieser Bem\u00fchungen winkt ein Stromverbrauch (Standby) unter 1 Watt. Aktuell gibt es f\u00fcr den Tiefschlaf kein GUI, weder bei AVMultimedia noch bei der ArchivistaBox. Entsprechende W\u00fcnsche nehmen wir aber gerne entgegen.<\/p>\n<p><em>P.S: Die Bilder in diesem Blog entstammen dem Laugavegur-Wanderweg in Island. Wer mehr dazu erfahren m\u00f6chte, findet unter <strong><a href=\"https:\/\/azurgo.ch\/aktuell\/island-einmal-um-die-insel\">https:\/\/azurgo.ch\/aktuell\/island-einmal-um-die-insel<\/a><\/strong> einen gut 70 Minuten langen Film. Die Rohmaterialen zu diesem Werk umfassen um die 800 GByte an Daten. Alleine daraus wird ersichtlich, wie wertvoll Medien-Archive sind.<\/em><\/p>\n\n\n\n\t<div class=\"dkpdf-button-container\" style=\"            text-align:right \">\n\n\t\t<a class=\"dkpdf-button\" href=\"\/cms\/wp-json\/wp\/v2\/pages\/9113?pdf=9113\" target=\"_blank\"><span class=\"dkpdf-button-icon\"><i class=\"fa fa-file-pdf-o\"><\/i><\/span> PDF Button<\/a>\n\n\t<\/div>\n\n\n\n\n\n","protected":false},"excerpt":{"rendered":"<p>Videos automatisiert nach bearbeiten Egg, 3. Juli 2021: Das private Filmarchiv des Gesch\u00e4ftf\u00fchrers hat mittlerweile eine stattliche Gr\u00f6sse angenommen. Bei 6 TByte stellte sich die Frage: Ausbau, Stopp bzw. Stillstand oder Optimierung. In diesem Blog wird aufgezeigt, warum die Variante Optimierung gew\u00e4hlt wurde. Am Ende des Beitrags gibt es eine Anleitung, um eine jede ArchivistaBox [&hellip;]<\/p>\n","protected":false},"author":1,"featured_media":0,"parent":9255,"menu_order":74,"comment_status":"closed","ping_status":"closed","template":"","meta":{"_acf_changed":false,"footnotes":""},"class_list":["post-9113","page","type-page","status-publish","hentry"],"acf":[],"_links":{"self":[{"href":"https:\/\/archivista.ch\/cms\/wp-json\/wp\/v2\/pages\/9113","targetHints":{"allow":["GET"]}}],"collection":[{"href":"https:\/\/archivista.ch\/cms\/wp-json\/wp\/v2\/pages"}],"about":[{"href":"https:\/\/archivista.ch\/cms\/wp-json\/wp\/v2\/types\/page"}],"author":[{"embeddable":true,"href":"https:\/\/archivista.ch\/cms\/wp-json\/wp\/v2\/users\/1"}],"replies":[{"embeddable":true,"href":"https:\/\/archivista.ch\/cms\/wp-json\/wp\/v2\/comments?post=9113"}],"version-history":[{"count":15,"href":"https:\/\/archivista.ch\/cms\/wp-json\/wp\/v2\/pages\/9113\/revisions"}],"predecessor-version":[{"id":9154,"href":"https:\/\/archivista.ch\/cms\/wp-json\/wp\/v2\/pages\/9113\/revisions\/9154"}],"up":[{"embeddable":true,"href":"https:\/\/archivista.ch\/cms\/wp-json\/wp\/v2\/pages\/9255"}],"wp:attachment":[{"href":"https:\/\/archivista.ch\/cms\/wp-json\/wp\/v2\/media?parent=9113"}],"curies":[{"name":"wp","href":"https:\/\/api.w.org\/{rel}","templated":true}]}}