{"id":9189,"date":"2021-10-26T11:08:57","date_gmt":"2021-10-26T09:08:57","guid":{"rendered":"https:\/\/archivista.ch\/cms\/?page_id=9189"},"modified":"2021-12-17T00:20:53","modified_gmt":"2021-12-16T23:20:53","slug":"2021-x-mails-pdf","status":"publish","type":"page","link":"https:\/\/archivista.ch\/cms\/de\/aktuell-blog\/blogs-2021\/2021-x-mails-pdf\/","title":{"rendered":"2021\/X: Mails &#038; PDF"},"content":{"rendered":"<h1>Mail-Archivierung neu aufgelegt, PDF-Notizen und mehr<\/h1>\n<p><em><strong>Egg, 25. Oktober 2021:<\/strong> Mit dem neuen Release 2021\/X steht bei der ArchvistaBox eine aktualisierte Mail-Archivierung zur Verf\u00fcgung, die insbesondere auf die Microsoft-Cloud-Dienste abgestimmt ist. Sowohl f\u00fcr die ArchivistaBox als auch f\u00fcr AVMultimedia steht neu Xournal++ zur Verf\u00fcgung. Damit k\u00f6nnen in PDF-Dateien beliebige Notizen (auch handschriftlich) hinterlegt werden. Aktualisiert wurde weiter auch JDownloader2.<\/em><\/p>\n<p><a href=\"https:\/\/archivista.ch\/cms\/wp-content\/uploads\/2021\/10\/mendrisio1.jpg\"><img loading=\"lazy\" decoding=\"async\" class=\"alignnone wp-image-9202 size-large\" src=\"https:\/\/archivista.ch\/cms\/wp-content\/uploads\/2021\/10\/mendrisio1-1024x576.jpg\" alt=\"\" width=\"625\" height=\"352\" srcset=\"https:\/\/archivista.ch\/cms\/wp-content\/uploads\/2021\/10\/mendrisio1-1024x576.jpg 1024w, https:\/\/archivista.ch\/cms\/wp-content\/uploads\/2021\/10\/mendrisio1-300x169.jpg 300w, https:\/\/archivista.ch\/cms\/wp-content\/uploads\/2021\/10\/mendrisio1-768x432.jpg 768w, https:\/\/archivista.ch\/cms\/wp-content\/uploads\/2021\/10\/mendrisio1-600x338.jpg 600w, https:\/\/archivista.ch\/cms\/wp-content\/uploads\/2021\/10\/mendrisio1-1536x864.jpg 1536w, https:\/\/archivista.ch\/cms\/wp-content\/uploads\/2021\/10\/mendrisio1-624x351.jpg 624w, https:\/\/archivista.ch\/cms\/wp-content\/uploads\/2021\/10\/mendrisio1.jpg 1920w\" sizes=\"auto, (max-width: 625px) 100vw, 625px\" \/><\/a><\/p>\n<h2>T\u00fccken der Mail-Server in der Cloud<\/h2>\n<p>Bis vor einigen Jahren hatte fast jede KMU einen eigenen Mail-Server im Unternehmen stehen. Meist waren es Exchange-Server, aber auch Hardware-Appliances (z.B. von Synology oder QMAP) fanden ihren Weg in die Firmen. Dadurch, dass es vermehrt Probleme mit Spam und Viren bei Mails gab, wurden mit der Zeit gewisse Services ausgelagert (z.B. Spam-Check).<\/p>\n<p>Mit dem Aufkommen der Cloud-Dienstleister stellte sich bald die Frage, inhouse oder Wolke. Die letzten beiden Jahre zeigen einen starken Trend zu den Cloud-Anbietern. Gerade Microsoft scheint aktuell mit Office365 sehr zu punkten. Bei einem Preis von einigen Franken \/ Euro pro User und Monat darf das Angebot als sehr kompetitiv betrachtet werden.<\/p>\n<p>Ohne hier zu sehr ins Detail gehen zu wollen, muss Kunden, die auf eine externe Cloud setzen, bewusst sein, dass die Mails bei einer Cloud-L\u00f6sung eben nicht mehr lokal, sondern irgendwo (in der Wolke) weit zerstreut auf der Welt verteilt liegen. F\u00fcr die Archivierung der Mails bedeutet dies, beim Abruf der Nachrichten ist eine permanente Verbindung zum Internet notwendig, und zwar auch dann, wenn Tausende von Nachrichten (z.B. bei Altbest\u00e4nden) zu verarbeiten sind.<\/p>\n<p><a href=\"https:\/\/archivista.ch\/cms\/wp-content\/uploads\/2021\/10\/mendrisio3.jpg\"><img loading=\"lazy\" decoding=\"async\" class=\"alignnone wp-image-9200 size-large\" src=\"https:\/\/archivista.ch\/cms\/wp-content\/uploads\/2021\/10\/mendrisio3-1024x576.jpg\" alt=\"\" width=\"625\" height=\"352\" srcset=\"https:\/\/archivista.ch\/cms\/wp-content\/uploads\/2021\/10\/mendrisio3-1024x576.jpg 1024w, https:\/\/archivista.ch\/cms\/wp-content\/uploads\/2021\/10\/mendrisio3-300x169.jpg 300w, https:\/\/archivista.ch\/cms\/wp-content\/uploads\/2021\/10\/mendrisio3-768x432.jpg 768w, https:\/\/archivista.ch\/cms\/wp-content\/uploads\/2021\/10\/mendrisio3-600x338.jpg 600w, https:\/\/archivista.ch\/cms\/wp-content\/uploads\/2021\/10\/mendrisio3-1536x864.jpg 1536w, https:\/\/archivista.ch\/cms\/wp-content\/uploads\/2021\/10\/mendrisio3-624x351.jpg 624w, https:\/\/archivista.ch\/cms\/wp-content\/uploads\/2021\/10\/mendrisio3.jpg 1920w\" sizes=\"auto, (max-width: 625px) 100vw, 625px\" \/><\/a><\/p>\n<h2>Mehr Stabilit\u00e4t mit zweistufiger Verarbeitung<\/h2>\n<p>Bei der bestehenden Mail-Archivierung erfolgte die Archivierung just-in-time. Die Nachrichten wurden einzeln beim Mail-Server abgefragt, verarbeitet und anschliessend gel\u00f6scht. Mit zunehmendem Anteil von Kunden, bei denen die Mails in einer Cloud liegen, stellte sich heraus, dass bei h\u00f6herem Volumen oft aus ungekl\u00e4rten Gr\u00fcnden die Verbindung zum Web abbrach, wodurch die Mail-Archivierung blockiert wurde.<\/p>\n<p>Mit der neuen Version 2021\/X ist die Mail-Archivierung nun so implementiert, dass die Mails zun\u00e4chst alle vom Mail-Server bezogen und lokal gespeichert werden. Erst wenn dieser Prozess beendet ist, beginnt die Verarbeitung \/ Aufbereitung zur ArchivistaBox. Dies hat den Vorteil, das ein Abbruch der Internet-Verbindung keine Folgen f\u00fcr die Verarbeitung mehr hat. Zwar l\u00e4sst sich auch mit der neuen Engine nicht vermeiden, dass, wenn die Verbindung stockt, die Verarbeitung &#8222;nur&#8220; verz\u00f6gert erfolgt. Ein kurzfristiger Ausfall der Internet-Leitung bzw. des Zugriffs auf die externe Cloud f\u00fchrt aber nicht mehr dazu, dass die Verarbeitung selber gest\u00f6rt wird.<\/p>\n<p><a href=\"https:\/\/archivista.ch\/cms\/wp-content\/uploads\/2021\/10\/mendrisio2.jpg\"><img loading=\"lazy\" decoding=\"async\" class=\"alignnone wp-image-9204 size-large\" src=\"https:\/\/archivista.ch\/cms\/wp-content\/uploads\/2021\/10\/mendrisio2-1024x576.jpg\" alt=\"\" width=\"625\" height=\"352\" srcset=\"https:\/\/archivista.ch\/cms\/wp-content\/uploads\/2021\/10\/mendrisio2-1024x576.jpg 1024w, https:\/\/archivista.ch\/cms\/wp-content\/uploads\/2021\/10\/mendrisio2-300x169.jpg 300w, https:\/\/archivista.ch\/cms\/wp-content\/uploads\/2021\/10\/mendrisio2-768x432.jpg 768w, https:\/\/archivista.ch\/cms\/wp-content\/uploads\/2021\/10\/mendrisio2-600x338.jpg 600w, https:\/\/archivista.ch\/cms\/wp-content\/uploads\/2021\/10\/mendrisio2-1536x864.jpg 1536w, https:\/\/archivista.ch\/cms\/wp-content\/uploads\/2021\/10\/mendrisio2-624x351.jpg 624w, https:\/\/archivista.ch\/cms\/wp-content\/uploads\/2021\/10\/mendrisio2.jpg 1920w\" sizes=\"auto, (max-width: 625px) 100vw, 625px\" \/><\/a><\/p>\n<h2><a href=\"https:\/\/xournalpp.github.io\/\">Xournal++:<\/a> PDF-Notizen f\u00fcr Alle<\/h2>\n<p>Mit der neuen Generation der ArchivistaBoxen wird nicht nur ein DMS ausgeliefert, vielmehr steht ein moderner Desktop zur Verf\u00fcgung, auf dem sich s\u00e4mtliche Inhalte auch &#8222;aufmotzen&#8220; lassen. Gerade Video-Dateien m\u00fcssen oft aufbearbeitet werden (z.B. Entfernen der Werbung, Optimierung bzw. Verkleinerung der Dateien etc). PDF-Dateien waren lange Zeit recht &#8222;statisch&#8220;. Ein nachtr\u00e4gliches Ver\u00e4ndern der Inhalte ist zwar seit Urzeiten m\u00f6glich (eingebettete Formular), nur spielte diese Unterart bei den PDF-Dateien nie eine zentrale Rolle. Das Ausf\u00fcllen von Formularen erwies sich als zu starr.<\/p>\n<p>Mit dem zunehmendem Aufkommen von Touch-Displays und der M\u00f6glichkeit, Eingaben auf dem Bildschirm direkt mit einem Stift (digitaler Kugelschreiber) vorzunehmen, treten vermehrt PDF-Dokumente auf, die es zu bearbeiten gilt. Auch wenn das manuelle Ausf\u00fcllen mit einem Stift von Formularen, ein Missgriff zur\u00fcck in die alte Papierwelt erscheinen mag (und letztlich auch ist), die Anwender\/innen scheinen damit keine Probleme zu haben. PDF-Datei \u00f6ffnen, mit dem Stift die Inhalte reinkritzeln, und weg mit dem Formular.<\/p>\n<p>Auf der ArchivistaBox bzw. AVMultimedia gab es bislang daf\u00fcr keine eigenst\u00e4ndige Applikation, die den Job speditiv erledigen konnte. Mit <strong><a href=\"https:\/\/xournalpp.github.io\/\">Xournal++<\/a><\/strong> steht ein Tool zur Verf\u00fcgung, mit dem PDF-Dateien beliebig mit einem &#8222;Finger-Interface&#8220; nachbearbeitet werden k\u00f6nnen. Damit lassen sich neu PDF-Dateien direkt auf dem Desktop bearbeiten. Wer \u00fcber keinen Bildschirm mit Touch-Eigenschaften verf\u00fcgt, dem kann der Einsatz eines Grafiktablets (z.B. Wacom <span class=\"sc-jqo5ci-1 DVcGY\">Intuos S) sehr empfohlen werden. F\u00fcr einen moderaten zweistelligen Betrag erledigt das kleine handliche USB-Ger\u00e4t genau das, wof\u00fcr ansonsten ein neues Notebook gekauft werden m\u00fcsste. Zus\u00e4tzliche Treiber auf der ArchivistaBox bzw. AVMultimedia sind keine erforderlich. Einfach Tablet anschliessen und los geht es.<\/span><\/p>\n<p><a href=\"https:\/\/archivista.ch\/cms\/wp-content\/uploads\/2021\/10\/mendrisio4.jpg\"><img loading=\"lazy\" decoding=\"async\" class=\"alignnone wp-image-9203 size-large\" src=\"https:\/\/archivista.ch\/cms\/wp-content\/uploads\/2021\/10\/mendrisio4-1024x576.jpg\" alt=\"\" width=\"625\" height=\"352\" srcset=\"https:\/\/archivista.ch\/cms\/wp-content\/uploads\/2021\/10\/mendrisio4-1024x576.jpg 1024w, https:\/\/archivista.ch\/cms\/wp-content\/uploads\/2021\/10\/mendrisio4-300x169.jpg 300w, https:\/\/archivista.ch\/cms\/wp-content\/uploads\/2021\/10\/mendrisio4-768x432.jpg 768w, https:\/\/archivista.ch\/cms\/wp-content\/uploads\/2021\/10\/mendrisio4-600x338.jpg 600w, https:\/\/archivista.ch\/cms\/wp-content\/uploads\/2021\/10\/mendrisio4-1536x864.jpg 1536w, https:\/\/archivista.ch\/cms\/wp-content\/uploads\/2021\/10\/mendrisio4-624x351.jpg 624w, https:\/\/archivista.ch\/cms\/wp-content\/uploads\/2021\/10\/mendrisio4.jpg 1920w\" sizes=\"auto, (max-width: 625px) 100vw, 625px\" \/><\/a><\/p>\n<h2><a href=\"https:\/\/jdownloader.org\/jdownloader2\">JDownloader2:<\/a> &#8222;Kettens\u00e4ge&#8220; f\u00fcr einfache Downloads<\/h2>\n<p>Das World Wide Web war vor einigen Jahrzehnten ja gerade darum so revolution\u00e4r, dass \u00fcber die Hyperlinks von einem Dokument beliebig auf weitere Dokumente verwiesen werden konnte bzw. dass diese Inhalte sich einfach in ein Dokument einbinden liessen. Selbstverst\u00e4ndlich dachte damals noch niemand an Audio- und Video-Dateien. Der Siegeszug des Internets f\u00fchrte nun aber auch dazu, dass die Inhalte zwar publiziert werden wollten, dass es damit aber auch einfach wurde, Inhalte beliebig zu beziehen. Auf der Linux-Konsole gibt es dazu die Programme &#8218;wget&#8216; und &#8218;curl&#8216;. Beide k\u00f6nnen ganze Homepages auf die lokale Festplatte kopieren. Dies funktioniert allerdings nur bei statischen Inhalten.<\/p>\n<p>Wer heute multimediale Dateien (z.B. bei Youtube) konsumieren m\u00f6chte, hat dabei oft die Qual der Wahl. Entweder sind Klicks durch nervende Captcha-Anfragen (besonders nervig sind Puzzles, um z.B. alle Ampeln oder Schiffe zu w\u00e4hlen) oder Anmeldung notwendig. Doch selbst dann werden die Inhalte mit &#8222;Ketten&#8220; von JavaScript-Code pr\u00e4sentiert, dass es f\u00fcr Laien faktisch nicht mehr m\u00f6glich ist, eine Datei direkt zu beziehen. JDownloader2 versucht nun, in einer Art &#8222;Kettens\u00e4ge&#8220; den Download von eingebetteten Dateien f\u00fcr Laien trotzdem zug\u00e4nglich zu machen. Insgesamt funktioniert dies erstaunlich gut. Dies allerdings um den Preis, dass sobald neue &#8222;Verschleierungstechniken&#8220; auftreten, auf Seiten von <strong><a href=\"https:\/\/jdownloader.org\/jdownloader2\">JDownloader2<\/a><\/strong> neue Versionen notwendig werden. Aus diesem Grunde liegt <strong><a href=\"https:\/\/jdownloader.org\/jdownloader2\">JDownloader2<\/a><\/strong> nun in einer aktualisierten Version vor. Enjoy!<\/p>\n\n\n\n\t<div class=\"dkpdf-button-container\" style=\"            text-align:right \">\n\n\t\t<a class=\"dkpdf-button\" href=\"\/cms\/wp-json\/wp\/v2\/pages\/9189?pdf=9189\" target=\"_blank\"><span class=\"dkpdf-button-icon\"><i class=\"fa fa-file-pdf-o\"><\/i><\/span> PDF Button<\/a>\n\n\t<\/div>\n\n\n\n\n\n","protected":false},"excerpt":{"rendered":"<p>Mail-Archivierung neu aufgelegt, PDF-Notizen und mehr Egg, 25. Oktober 2021: Mit dem neuen Release 2021\/X steht bei der ArchvistaBox eine aktualisierte Mail-Archivierung zur Verf\u00fcgung, die insbesondere auf die Microsoft-Cloud-Dienste abgestimmt ist. Sowohl f\u00fcr die ArchivistaBox als auch f\u00fcr AVMultimedia steht neu Xournal++ zur Verf\u00fcgung. Damit k\u00f6nnen in PDF-Dateien beliebige Notizen (auch handschriftlich) hinterlegt werden. Aktualisiert [&hellip;]<\/p>\n","protected":false},"author":1,"featured_media":0,"parent":9255,"menu_order":75,"comment_status":"closed","ping_status":"closed","template":"","meta":{"_acf_changed":false,"footnotes":""},"class_list":["post-9189","page","type-page","status-publish","hentry"],"acf":[],"_links":{"self":[{"href":"https:\/\/archivista.ch\/cms\/wp-json\/wp\/v2\/pages\/9189","targetHints":{"allow":["GET"]}}],"collection":[{"href":"https:\/\/archivista.ch\/cms\/wp-json\/wp\/v2\/pages"}],"about":[{"href":"https:\/\/archivista.ch\/cms\/wp-json\/wp\/v2\/types\/page"}],"author":[{"embeddable":true,"href":"https:\/\/archivista.ch\/cms\/wp-json\/wp\/v2\/users\/1"}],"replies":[{"embeddable":true,"href":"https:\/\/archivista.ch\/cms\/wp-json\/wp\/v2\/comments?post=9189"}],"version-history":[{"count":12,"href":"https:\/\/archivista.ch\/cms\/wp-json\/wp\/v2\/pages\/9189\/revisions"}],"predecessor-version":[{"id":9212,"href":"https:\/\/archivista.ch\/cms\/wp-json\/wp\/v2\/pages\/9189\/revisions\/9212"}],"up":[{"embeddable":true,"href":"https:\/\/archivista.ch\/cms\/wp-json\/wp\/v2\/pages\/9255"}],"wp:attachment":[{"href":"https:\/\/archivista.ch\/cms\/wp-json\/wp\/v2\/media?parent=9189"}],"curies":[{"name":"wp","href":"https:\/\/api.w.org\/{rel}","templated":true}]}}