{"id":92,"date":"2010-09-27T15:32:38","date_gmt":"2010-09-27T13:32:38","guid":{"rendered":"http:\/\/schulenwegg.ch\/cms\/?page_id=92"},"modified":"2015-06-10T12:02:37","modified_gmt":"2015-06-10T10:02:37","slug":"support-foren","status":"publish","type":"page","link":"https:\/\/archivista.ch\/cms\/de\/aktuell-blog\/jahre-2008-2019\/blogs-2010\/support-foren\/","title":{"rendered":"Support-Foren"},"content":{"rendered":"<h1>Forum unter <a href=\"http:\/\/help.archivista.ch\/forum\/\" target=\"_blank\">http:\/\/help.archivista.ch\/forum\/<\/a><\/h1>\n<p><strong>Pfaffhausen, 3. April 2010:<\/strong> Endlich, endlich ist es soweit. Das neue Support-Forum kann in Betrieb genommen werden. Nach langer Vorbereitungszeit (notwendig waren ca. 20 Stunden Arbeit) freuen wir uns heute sehr, das neue Support-Forum freigeben zu d\u00fcrfen.<\/p>\n<p><img loading=\"lazy\" decoding=\"async\" border=\"0\" align=\"baseline\" width=\"600\" vspace=\"0\" hspace=\"0\" height=\"161\" alt=\"\" src=\"\/de\/media\/forum.jpg\" \/><\/p>\n<p>Das neue Support-Forum bietet viele tolle Funktionen und wird hoffentlich allen Benutzer\/innen eine gute Hilfe beim Arbeiten mit unseren Produkten sein.<\/p>\n<h2>Community-Support f\u00fcr Alle<\/h2>\n<p>Im Unterschied zum <a target=\"_blank\" href=\"http:\/\/shop.archivista.ch\"><strong>kommerziellen Support,<\/strong><\/a> wo Sie als Kunde jederzeit anrufen d\u00fcrfen, eine Mail senden bzw. uns oder unsere Vertriebspartner f\u00fcr Schulung und Support beauftragen k\u00f6nnen, gibt es f\u00fcr diejenigen, welche die ArchivistaBox unter der GPL-Lizenz verwenden m\u00f6chten, keinen direkten Support durch uns bzw. durch unsere Vertriebspartner.<\/p>\n<p>Wohl aber gibt es seit vielen Jahren <a target=\"_blank\" href=\"http:\/\/sourceforge.net\/projects\/archivista\/support\"><strong>Support-Foren bei sourceforge.net.<\/strong><\/a> Allerdings liess der Komfort dort etwas zu w\u00fcnschen \u00fcbrig. Mit dem neuen Support-Foren steht nun ein Mittel zur Verf\u00fcgung, dass up-to-date ist und viele, viele hilfreiche Funktionen bietet.<\/p>\n<p>Community-Support heisst aber auch, dass es ein Support-Forum von Benutzer\/innen f\u00fcr andere Benutzer\/innen sein soll bzw. wird. Offen gestanden haben wir selber weder die Zeit noch die Ressourcen, tagt\u00e4glich einige Stunden Community-Support zu leisten. Aber wir werden wohl ca. jede Woche ein bis zweimal vorbei schauen und auf die besten Postings versuchen, kurz eine Antwort zu geben.<\/p>\n<h2>Sourcen neu unter <a href=\"http:\/\/svn.archivista.ch\/websvn\" target=\"_blank\">http:\/\/svn.archivista.ch\/websvn<\/a><\/h2>\n<p>Wir werden oft gefragt, welche neuen Features neue Versionen enthalten. Am einfachsten l\u00e4sst sich dies in den Sourcen feststellen. Auch hier gilt, die alte L\u00f6sung war nicht sonderlich komfortabel. Mit der neuen L\u00f6sungen k\u00f6nnen die \u00c4nderungen gezielt abgefragt werden und so k\u00f6nnen Sie jederzeit nachvollziehen, was, wann, wo und warum ge\u00e4ndert wurde.<\/p>\n<p>Wir w\u00fcnschen viel Spass und Erfolg mit den beiden neuen Support-Optionen. Und noch etwas, falls jemand aktiv die Support-Foren moderieren m\u00f6chte, so darf er\/sie sich gerne <a href=\"mailto:webmaster@archivista.ch?subject=Bewerbung%20Moderator%20Support-Foren%20Archivista&#038;body=Ja%2C%20ich%20m%C3%B6chte%20mich%20als%20Moderator%20f%C3%BCr%20die%20Foren%20bewerben.%20Ich%20bringe%20folgende%20Erfahrung(en)%20mit%3A%0A%0A\"><strong>bei uns melden.<\/strong><\/a> Es gibt zwar keine Moneten, aber doch viele Meriten zu gewinnen.<\/p>\n<h2>Kein Platz f\u00fcr Protzk\u00f6pfe und Schlechtwetter-Gestalten<\/h2>\n<p>Und zum Abschluss noch dies. Support-Foren sind leider zuweilen auch ein Tummelplatz f\u00fcr Protzk\u00f6pfe und Schlechtwetter-Gestalten. Wir erwarten im Support-Forum einen sachlichen und freundlichen Umgangston. Es geht darum, ein Problem mit den Archivista-Produkten zu schildern bzw. dazu eine Hilfe zu erhalten. Das heisst nun nicht, dass keine Kritik erlaubt ist, aber sie muss konkret und angemessen sein. Wenn jemand die Archivista-Produkte nicht mag, dann braucht er dies in den Foren nicht kund zutun.<\/p>\n<p>Und falls jemand im Handbuch eine Hilfestellung vermisst, dann hilft es herzlich wenig zu schreiben, das Handbuch sei unbrauchbar (sorry, aber wir investieren ziemlich viel Zeit ins Handbuch und es steht frei zur Verf\u00fcgung!). Eine genaue Beschreibung, wo genau das Problem liegt, macht hier deutlich mehr Sinn, genauso wie in der klaren K\u00fcrze die richtige W\u00fcrze liegt. Und falls jemand ein Howto zu einem Problem hinterlegen m\u00f6chte, dann ist dies selbstverst\u00e4ndlich gerne willkommen.<\/p>\n<p>Und auch das sei hier klar angef\u00fcgt, sollte sich jemand nicht an die Spielregeln halten wollen, so s\u00e4hen wir uns gezwungen, subito einzuschreiten. Wie gesagt, Protzk\u00f6pfe und Schlechtwetter-Gestalten haben in unseren Foren keinen Platz. In diesem Sinne, <a target=\"_blank\" href=\"http:\/\/help.archivista.ch\/forum\"><strong>viel Spass mit den neuen Support-Foren.<\/strong><\/a><\/p><\/p>\n\n\n\n\t<div class=\"dkpdf-button-container\" style=\"            text-align:right \">\n\n\t\t<a class=\"dkpdf-button\" href=\"\/cms\/wp-json\/wp\/v2\/pages\/92?pdf=92\" target=\"_blank\"><span class=\"dkpdf-button-icon\"><i class=\"fa fa-file-pdf-o\"><\/i><\/span> PDF Button<\/a>\n\n\t<\/div>\n\n\n\n\n\n","protected":false},"excerpt":{"rendered":"<p>Forum unter http:\/\/help.archivista.ch\/forum\/ Pfaffhausen, 3. April 2010: Endlich, endlich ist es soweit. Das neue Support-Forum kann in Betrieb genommen werden. Nach langer Vorbereitungszeit (notwendig waren ca. 20 Stunden Arbeit) freuen wir uns heute sehr, das neue Support-Forum freigeben zu d\u00fcrfen. Das neue Support-Forum bietet viele tolle Funktionen und wird hoffentlich allen Benutzer\/innen eine gute Hilfe [&hellip;]<\/p>\n","protected":false},"author":1,"featured_media":0,"parent":224,"menu_order":328,"comment_status":"closed","ping_status":"closed","template":"","meta":{"_acf_changed":false,"footnotes":""},"class_list":["post-92","page","type-page","status-publish","hentry"],"acf":[],"_links":{"self":[{"href":"https:\/\/archivista.ch\/cms\/wp-json\/wp\/v2\/pages\/92","targetHints":{"allow":["GET"]}}],"collection":[{"href":"https:\/\/archivista.ch\/cms\/wp-json\/wp\/v2\/pages"}],"about":[{"href":"https:\/\/archivista.ch\/cms\/wp-json\/wp\/v2\/types\/page"}],"author":[{"embeddable":true,"href":"https:\/\/archivista.ch\/cms\/wp-json\/wp\/v2\/users\/1"}],"replies":[{"embeddable":true,"href":"https:\/\/archivista.ch\/cms\/wp-json\/wp\/v2\/comments?post=92"}],"version-history":[{"count":0,"href":"https:\/\/archivista.ch\/cms\/wp-json\/wp\/v2\/pages\/92\/revisions"}],"up":[{"embeddable":true,"href":"https:\/\/archivista.ch\/cms\/wp-json\/wp\/v2\/pages\/224"}],"wp:attachment":[{"href":"https:\/\/archivista.ch\/cms\/wp-json\/wp\/v2\/media?parent=92"}],"curies":[{"name":"wp","href":"https:\/\/api.w.org\/{rel}","templated":true}]}}