{"id":9216,"date":"2021-11-22T22:35:47","date_gmt":"2021-11-22T21:35:47","guid":{"rendered":"https:\/\/archivista.ch\/cms\/?page_id=9216"},"modified":"2021-12-17T00:20:58","modified_gmt":"2021-12-16T23:20:58","slug":"2021-xi-privatsphaere-und-mehr","status":"publish","type":"page","link":"https:\/\/archivista.ch\/cms\/de\/aktuell-blog\/blogs-2021\/2021-xi-privatsphaere-und-mehr\/","title":{"rendered":"2021\/XI: Privatsph\u00e4re und mehr"},"content":{"rendered":"<h1>Optimierter Desktop neu mit Tor-Browser<\/h1>\n<p><em><strong>Egg, 22. November 2021:<\/strong> AVMultimedia und die ArchivistaBox bieten in der neuen Version 2021\/XI noch mehr Schutz im Internet. Ganz grunds\u00e4tzlich bedeutet das Konzept, die gesamte Distribution im Speicher zu halten, ein hohes Mass an Sicherheit, denn ein Neustart bedeutet jeweils, dass der gesamte Browser-Cache gel\u00f6scht wird. Dennoch hinterl\u00e4sst das Aufrufen von Webseiten im Web Spuren. Nicht nur \u00fcber Cookies, sondern vielmehr \u00fcber viele weitere Parameter, welche sich mittels Javascript auf die Web-Server der Anbieter\/innen \u00fcbertragen lassen. Mit der Integration entsprechender Erweiterungen bei Firefox und der M\u00f6glichkeit, direkt den Tor-Browser in Deutsch oder Englisch zu nutzen, bietet die Version 2021\/XI ein hohes Mass an Privatsph\u00e4re im Internet.<\/em><em><br \/>\n<\/em><\/p>\n<p><a href=\"https:\/\/archivista.ch\/cms\/wp-content\/uploads\/2021\/11\/zeurisee1.jpg\"><img loading=\"lazy\" decoding=\"async\" class=\"alignnone wp-image-9222 size-large\" src=\"https:\/\/archivista.ch\/cms\/wp-content\/uploads\/2021\/11\/zeurisee1-1024x576.jpg\" alt=\"\" width=\"625\" height=\"352\" srcset=\"https:\/\/archivista.ch\/cms\/wp-content\/uploads\/2021\/11\/zeurisee1-1024x576.jpg 1024w, https:\/\/archivista.ch\/cms\/wp-content\/uploads\/2021\/11\/zeurisee1-300x169.jpg 300w, https:\/\/archivista.ch\/cms\/wp-content\/uploads\/2021\/11\/zeurisee1-768x432.jpg 768w, https:\/\/archivista.ch\/cms\/wp-content\/uploads\/2021\/11\/zeurisee1-600x338.jpg 600w, https:\/\/archivista.ch\/cms\/wp-content\/uploads\/2021\/11\/zeurisee1-1536x864.jpg 1536w, https:\/\/archivista.ch\/cms\/wp-content\/uploads\/2021\/11\/zeurisee1-624x351.jpg 624w, https:\/\/archivista.ch\/cms\/wp-content\/uploads\/2021\/11\/zeurisee1.jpg 1920w\" sizes=\"auto, (max-width: 625px) 100vw, 625px\" \/><\/a><\/p>\n<h2>Firefox neu mit Fingerprint-Erweiterung<\/h2>\n<p>Mittels Javascript k\u00f6nnen Web-Seiten viele Parameter \u00fcber die Browser-Umgebung abrufen. Was f\u00fcr eine optimale Ansicht der Daten hilfreich ist, bedeutet auf der anderen Seite leider, dass diese Informationen bei den Servern gespeichert werden k\u00f6nnen. Dabei wird von einer Art Fingerabdruck des Browsers gesprochen. Denn werden gen\u00fcgend Parameter eines Browsers abgerufen werden, so entsteht so etwas wie ein eindeutiger digitaler Fingerabdruck. Damit k\u00f6nnen Server-Betreiber uns auch dann &#8222;\u00fcberwachen&#8220;, wenn wir die Cookies l\u00e4ngst gel\u00f6scht haben.<\/p>\n<p>Die Fingerprint-Erweiterung in Firefox generiert bei jedem Aufruf einer Seite einen neuen digitalen Fingerabdruck. Dadurch ist es den Servern faktisch nicht m\u00f6glich, uns aufgrund eines eindeutigen &#8222;Fussabdruckes&#8220; zu \u00fcberwachen. Das neue Fingerprint-Addon befindet sich in Firefox oben ganz recht.<\/p>\n<p><a href=\"https:\/\/archivista.ch\/cms\/wp-content\/uploads\/2021\/11\/fingerprint.jpg\"><img loading=\"lazy\" decoding=\"async\" class=\"alignnone size-full wp-image-9219\" src=\"https:\/\/archivista.ch\/cms\/wp-content\/uploads\/2021\/11\/fingerprint.jpg\" alt=\"\" width=\"543\" height=\"229\" srcset=\"https:\/\/archivista.ch\/cms\/wp-content\/uploads\/2021\/11\/fingerprint.jpg 543w, https:\/\/archivista.ch\/cms\/wp-content\/uploads\/2021\/11\/fingerprint-300x127.jpg 300w\" sizes=\"auto, (max-width: 543px) 100vw, 543px\" \/><\/a><\/p>\n<p>Wer mitverfolgen m\u00f6chte, ob der Fingerprint abgerufen wird, kann bei &#8218;Show\/Hide-Desktop notifiactions&#8216; das H\u00e4kchen setzen.<\/p>\n<h2>IP-Adresse in Firefox festlegen<\/h2>\n<p>Die nachfolgende <strong>Firefox-Erweiterung Hide-IP<\/strong> ist bei der Auslieferung deaktiviert. Dies aus dem einfachen Grund, dass nicht letztlich gekl\u00e4rt ist, ob das Verbergen der IP-Adresse bzw. der Verweis auf ein anderes Land in jeder Hinsicht, insbesondere in s\u00e4mtlichen Staaten, legal ist. Zwar hat sich mittlerweile in vielen Staaten durchgesetzt, dass das Geo-Blocking zumindest nicht illegal ist. Dennoch k\u00f6nnen Anbieter von Inhalten in den AGBs festlegen, wo und wie die Inhalte genutzt werden d\u00fcrfen. In diesem Sinne muss jede\/r selber entscheiden, wann, wo und wie die Firefox-Erweiterung Hide-IP genutzt werden soll.<\/p>\n<p><a href=\"https:\/\/archivista.ch\/cms\/wp-content\/uploads\/2021\/11\/hideip.png\"><img loading=\"lazy\" decoding=\"async\" class=\"alignnone size-full wp-image-9247\" src=\"https:\/\/archivista.ch\/cms\/wp-content\/uploads\/2021\/11\/hideip.png\" alt=\"\" width=\"450\" height=\"422\" srcset=\"https:\/\/archivista.ch\/cms\/wp-content\/uploads\/2021\/11\/hideip.png 450w, https:\/\/archivista.ch\/cms\/wp-content\/uploads\/2021\/11\/hideip-300x281.png 300w\" sizes=\"auto, (max-width: 450px) 100vw, 450px\" \/><\/a><\/p>\n<p>Um die eigene IP-Adresse mit einer anderen Adresse zu tauschen, kann auf das Icon oben rechts geklickt werden. Danach l\u00e4sst sich eine (nur innerhalb von Firefox g\u00fcltige) IP-Adresse aus der Liste ausw\u00e4hlen und aktivieren. Bei jedem Neustart des Browsers wird die Einstellung zur\u00fcckgesetzt.<\/p>\n<h2>Mac-Adresse auf der Konsole ver\u00e4ndern<\/h2>\n<p>Beim Surfen im Web verbleiben noch immer gewisse Hardware-Informationen, insbesondere die Internet-Adresse (IP) und die Mac-Adresse. Erstere kann \u00fcber das Netzwerk-Tool (Startmen\u00fc im Desktop) jederzeit ver\u00e4ndert werden. Letztere l\u00e4sst sich bei AVMultimedia bzw. der ArchivistaBox ebenfalls mit wenig Aufwand ver\u00e4ndern. Dazu kann ein Terminal aufgerufen. Danach mit &#8217;su&#8216; unter Eingabe des Passwortes (bei AVMultimedia ist dies im Default &#8218;archivista&#8216;) zum root-User wechseln und danach mit folgendem Befehl zun\u00e4chst die aktuelle Mac-Adresse abrufen:<\/p>\n<pre><strong>ifconfig eth0\r\neth0: flags=4163&lt;UP,BROADCAST,RUNNING,MULTICAST&gt; mtu 1500\r\nether <span style=\"color: #ff6600;\">70:a1:a1:a1:a1:a1<\/span> txqueuelen 1000 (Ethernet)\r\nRX packets 5389577 bytes 2836127286 (2.6 GiB)\r\nRX errors 0 dropped 0 overruns 0 frame 0\r\nTX packets 8148543 bytes 11008206621 (10.2 GiB)\r\nTX errors 0 dropped 0<\/strong><\/pre>\n<p>Mit dem folgenden Befehl kann die Mac-Adresse ge\u00e4ndert werden:<\/p>\n<pre><strong>ifconfig eth0 hw ether 70:a2:a2:a2:a2:a2<\/strong><\/pre>\n<p>Danach zur Kontrolle die Mac-Adresse nochmals abfragen:<\/p>\n<pre><strong>ifconfig eth0\r\neth0: flags=4163&lt;UP,BROADCAST,RUNNING,MULTICAST&gt; mtu 1500\r\nether <span style=\"color: #ff6600;\">70:a2:a2:a2:a2:a2<\/span> txqueuelen 1000 (Ethernet)\r\nRX packets 5389577 bytes 2836127286 (2.6 GiB)\r\nRX errors 0 dropped 0 overruns 0 frame 0\r\nTX packets 8148543 bytes 11008206621 (10.2 GiB)\r\nTX errors 0 dropped 0<\/strong><\/pre>\n<p>Damit ist die Mac-Adresse im laufenden Betrieb ge\u00e4ndert. Selbstverst\u00e4ndlich k\u00f6nnte dies im Skript unter \/home\/data\/archivista\/cust\/desktop\/desktop.sh so hinterlegt werden, dass bereits beim Hochfahren eine gew\u00fcnschte Mac-Adresse festgelegt wird.<\/p>\n<p><em><strong>Hinweis:<\/strong> Bei der ArchivistaBox sollte dieser Befehl nur mit viel Vorsicht angewandt werden, da ansonsten die ArchivistaBox-Dienste nicht mehr korrekt arbeiten.<\/em><\/p>\n<h2>Weitere Neuerungen in Version 2021\/XI<\/h2>\n<p>Ein weiteres Schmankerl gibt es mit dem <strong>Firefox AddOn &#8218;RightClick Enabled&#8216;.<\/strong> Dieses findet sich links von den Lesezeichen. \u00dcblicherweise erscheint das Icon mit rotem Rand:<\/p>\n<p><a href=\"https:\/\/archivista.ch\/cms\/wp-content\/uploads\/2021\/11\/click1.jpg\"><img loading=\"lazy\" decoding=\"async\" class=\"alignnone size-full wp-image-9236\" src=\"https:\/\/archivista.ch\/cms\/wp-content\/uploads\/2021\/11\/click1.jpg\" alt=\"\" width=\"318\" height=\"42\" srcset=\"https:\/\/archivista.ch\/cms\/wp-content\/uploads\/2021\/11\/click1.jpg 318w, https:\/\/archivista.ch\/cms\/wp-content\/uploads\/2021\/11\/click1-300x40.jpg 300w\" sizes=\"auto, (max-width: 318px) 100vw, 318px\" \/><\/a><\/p>\n<p>Wird darauf geklickt, verschwindet die rote Umrandung:<\/p>\n<p><a href=\"https:\/\/archivista.ch\/cms\/wp-content\/uploads\/2021\/11\/click2.jpg\"><img loading=\"lazy\" decoding=\"async\" class=\"alignnone size-full wp-image-9235\" src=\"https:\/\/archivista.ch\/cms\/wp-content\/uploads\/2021\/11\/click2.jpg\" alt=\"\" width=\"318\" height=\"43\" srcset=\"https:\/\/archivista.ch\/cms\/wp-content\/uploads\/2021\/11\/click2.jpg 318w, https:\/\/archivista.ch\/cms\/wp-content\/uploads\/2021\/11\/click2-300x41.jpg 300w\" sizes=\"auto, (max-width: 318px) 100vw, 318px\" \/><\/a><\/p>\n<p>Mit dem Klick auf das Icon wird ein allenfalls kontextbasiertes Men\u00fc der aktiven Seite deaktiviert. Vielmehr erscheint das zum Objekt passende Standardmen\u00fc. Damit kann z.B. in einer Seite, die aus mehreren Frames (Subseiten) besteht, eine einzelne Unterseite (Aktueller Frame) direkt aufgerufen werden.<\/p>\n<p>Neu an Board ist ebenfalls eine aktualisierte Version von <strong>MediathekViw (13.8.0):<\/strong><\/p>\n<p><a href=\"https:\/\/archivista.ch\/cms\/wp-content\/uploads\/2021\/11\/mediathek.jpg\"><img loading=\"lazy\" decoding=\"async\" class=\"alignnone size-full wp-image-9227\" src=\"https:\/\/archivista.ch\/cms\/wp-content\/uploads\/2021\/11\/mediathek.jpg\" alt=\"\" width=\"1244\" height=\"806\" srcset=\"https:\/\/archivista.ch\/cms\/wp-content\/uploads\/2021\/11\/mediathek.jpg 1244w, https:\/\/archivista.ch\/cms\/wp-content\/uploads\/2021\/11\/mediathek-300x194.jpg 300w, https:\/\/archivista.ch\/cms\/wp-content\/uploads\/2021\/11\/mediathek-1024x663.jpg 1024w, https:\/\/archivista.ch\/cms\/wp-content\/uploads\/2021\/11\/mediathek-768x498.jpg 768w, https:\/\/archivista.ch\/cms\/wp-content\/uploads\/2021\/11\/mediathek-600x389.jpg 600w, https:\/\/archivista.ch\/cms\/wp-content\/uploads\/2021\/11\/mediathek-624x404.jpg 624w\" sizes=\"auto, (max-width: 1244px) 100vw, 1244px\" \/><\/a><\/p>\n<p>Und nat\u00fcrlich darf auch ein Update bei <strong>JDownloader2<\/strong> nicht fehlen:<\/p>\n<p><a href=\"https:\/\/archivista.ch\/cms\/wp-content\/uploads\/2021\/11\/jdownloader.jpg\"><img loading=\"lazy\" decoding=\"async\" class=\"alignnone size-full wp-image-9226\" src=\"https:\/\/archivista.ch\/cms\/wp-content\/uploads\/2021\/11\/jdownloader.jpg\" alt=\"\" width=\"1920\" height=\"1080\" srcset=\"https:\/\/archivista.ch\/cms\/wp-content\/uploads\/2021\/11\/jdownloader.jpg 1920w, https:\/\/archivista.ch\/cms\/wp-content\/uploads\/2021\/11\/jdownloader-300x169.jpg 300w, https:\/\/archivista.ch\/cms\/wp-content\/uploads\/2021\/11\/jdownloader-1024x576.jpg 1024w, https:\/\/archivista.ch\/cms\/wp-content\/uploads\/2021\/11\/jdownloader-768x432.jpg 768w, https:\/\/archivista.ch\/cms\/wp-content\/uploads\/2021\/11\/jdownloader-600x338.jpg 600w, https:\/\/archivista.ch\/cms\/wp-content\/uploads\/2021\/11\/jdownloader-1536x864.jpg 1536w, https:\/\/archivista.ch\/cms\/wp-content\/uploads\/2021\/11\/jdownloader-624x351.jpg 624w\" sizes=\"auto, (max-width: 1920px) 100vw, 1920px\" \/><\/a><\/p>\n<p>Mit JDownloader2 k\u00f6nnen viele Webseiten nach ihren Inhalten untersucht werden, um z.B. darin enthaltene Videos auf die lokale Platte zu speichern.<\/p>\n<h2>Mit dem Tor-Browser (fast) anonym surfen<\/h2>\n<p>Das Tor-Projekt entstand, um sicherzustellen, dass die abgefragten Seiten keiner eindeutigen IP-Adresse zugewiesen werden k\u00f6nnen. Dies funktioniert dadurch, dass die jeweilige Abfrage \u00fcber sogenannte Tor-Knoten umgeleitet wird. Eine Abfrage im Web erfolgt somit per Zufall \u00fcber einen vorhandenen Tor-Rechner, welcher die Resultate zur\u00fcck zu unserem Ausgangsrechner sendet. Der Server weiss damit nicht, wer letztlich die Abfrage gesendet hat, er sieht nur die Adresse des zuf\u00e4llig ausgew\u00e4hlten Tor-Rechners.<\/p>\n<p><a href=\"https:\/\/archivista.ch\/cms\/wp-content\/uploads\/2021\/11\/tord.jpg\"><img loading=\"lazy\" decoding=\"async\" class=\"alignnone size-full wp-image-9221\" src=\"https:\/\/archivista.ch\/cms\/wp-content\/uploads\/2021\/11\/tord.jpg\" alt=\"\" width=\"1213\" height=\"738\" srcset=\"https:\/\/archivista.ch\/cms\/wp-content\/uploads\/2021\/11\/tord.jpg 1213w, https:\/\/archivista.ch\/cms\/wp-content\/uploads\/2021\/11\/tord-300x183.jpg 300w, https:\/\/archivista.ch\/cms\/wp-content\/uploads\/2021\/11\/tord-1024x623.jpg 1024w, https:\/\/archivista.ch\/cms\/wp-content\/uploads\/2021\/11\/tord-768x467.jpg 768w, https:\/\/archivista.ch\/cms\/wp-content\/uploads\/2021\/11\/tord-600x365.jpg 600w, https:\/\/archivista.ch\/cms\/wp-content\/uploads\/2021\/11\/tord-624x380.jpg 624w\" sizes=\"auto, (max-width: 1213px) 100vw, 1213px\" \/><\/a><\/p>\n<p>Neben der deutschen Version steht auch die englische Version zur Verf\u00fcgung:<\/p>\n<p><a href=\"https:\/\/archivista.ch\/cms\/wp-content\/uploads\/2021\/11\/tore.jpg\"><img loading=\"lazy\" decoding=\"async\" class=\"alignnone size-full wp-image-9220\" src=\"https:\/\/archivista.ch\/cms\/wp-content\/uploads\/2021\/11\/tore.jpg\" alt=\"\" width=\"1073\" height=\"722\" srcset=\"https:\/\/archivista.ch\/cms\/wp-content\/uploads\/2021\/11\/tore.jpg 1073w, https:\/\/archivista.ch\/cms\/wp-content\/uploads\/2021\/11\/tore-300x202.jpg 300w, https:\/\/archivista.ch\/cms\/wp-content\/uploads\/2021\/11\/tore-1024x689.jpg 1024w, https:\/\/archivista.ch\/cms\/wp-content\/uploads\/2021\/11\/tore-768x517.jpg 768w, https:\/\/archivista.ch\/cms\/wp-content\/uploads\/2021\/11\/tore-600x404.jpg 600w, https:\/\/archivista.ch\/cms\/wp-content\/uploads\/2021\/11\/tore-624x420.jpg 624w\" sizes=\"auto, (max-width: 1073px) 100vw, 1073px\" \/><\/a><\/p>\n<p>Der Tor-Browser basiert auf einer aktuellen Version von Firefox. Bei einem internen Test liefen die getesteten Webseiten ohne Probleme. Einzig der Zugriff ist (etwas) langsamer, weil ja die gesamten Daten \u00fcber einen Tor-Knoten umgeleitet werden m\u00fcssen. In diesem Sinne, Enjoy!<\/p>\n<p><em><strong>Hinweis:<\/strong> Aufgrund der Gr\u00f6sse sind der Tor-Browser, MediathekView und JDownloader2 im Standardumfang weder auf der ArchivistaBox als auf der AVMultimini-Variante enthalten, sondern einzig auf der AVMultimedia-ISO-Datei (Gr\u00f6sse ca. 3 GB). Die Applikationen k\u00f6nnen jedoch mit der Datei &#8218;opt.os&#8216; auf jeder ArchivistaBox oder auch auf AVMultimini nachger\u00fcstet werden, sofern das Release 2021\/XI vorliegt. Dazu ist die Datei &#8218;opt.os&#8216; manuell <a href=\"https:\/\/archivista.ch\/cms\/de\/support\/avmultimedia\/\"><strong>gem\u00e4ss den FAQs herunterzuladen<\/strong><\/a> und in das Verzeichnis \/home\/data zu speichern.<br \/>\n<\/em><\/p>\n<p>&nbsp;<\/p>\n<p>&nbsp;<\/p>\n\n\n\n\t<div class=\"dkpdf-button-container\" style=\"            text-align:right \">\n\n\t\t<a class=\"dkpdf-button\" href=\"\/cms\/wp-json\/wp\/v2\/pages\/9216?pdf=9216\" target=\"_blank\"><span class=\"dkpdf-button-icon\"><i class=\"fa fa-file-pdf-o\"><\/i><\/span> PDF Button<\/a>\n\n\t<\/div>\n\n\n\n\n\n","protected":false},"excerpt":{"rendered":"<p>Optimierter Desktop neu mit Tor-Browser Egg, 22. November 2021: AVMultimedia und die ArchivistaBox bieten in der neuen Version 2021\/XI noch mehr Schutz im Internet. Ganz grunds\u00e4tzlich bedeutet das Konzept, die gesamte Distribution im Speicher zu halten, ein hohes Mass an Sicherheit, denn ein Neustart bedeutet jeweils, dass der gesamte Browser-Cache gel\u00f6scht wird. Dennoch hinterl\u00e4sst das [&hellip;]<\/p>\n","protected":false},"author":1,"featured_media":0,"parent":9255,"menu_order":76,"comment_status":"closed","ping_status":"closed","template":"","meta":{"_acf_changed":false,"footnotes":""},"class_list":["post-9216","page","type-page","status-publish","hentry"],"acf":[],"_links":{"self":[{"href":"https:\/\/archivista.ch\/cms\/wp-json\/wp\/v2\/pages\/9216","targetHints":{"allow":["GET"]}}],"collection":[{"href":"https:\/\/archivista.ch\/cms\/wp-json\/wp\/v2\/pages"}],"about":[{"href":"https:\/\/archivista.ch\/cms\/wp-json\/wp\/v2\/types\/page"}],"author":[{"embeddable":true,"href":"https:\/\/archivista.ch\/cms\/wp-json\/wp\/v2\/users\/1"}],"replies":[{"embeddable":true,"href":"https:\/\/archivista.ch\/cms\/wp-json\/wp\/v2\/comments?post=9216"}],"version-history":[{"count":14,"href":"https:\/\/archivista.ch\/cms\/wp-json\/wp\/v2\/pages\/9216\/revisions"}],"predecessor-version":[{"id":9252,"href":"https:\/\/archivista.ch\/cms\/wp-json\/wp\/v2\/pages\/9216\/revisions\/9252"}],"up":[{"embeddable":true,"href":"https:\/\/archivista.ch\/cms\/wp-json\/wp\/v2\/pages\/9255"}],"wp:attachment":[{"href":"https:\/\/archivista.ch\/cms\/wp-json\/wp\/v2\/media?parent=9216"}],"curies":[{"name":"wp","href":"https:\/\/api.w.org\/{rel}","templated":true}]}}