{"id":9319,"date":"2022-04-04T11:58:09","date_gmt":"2022-04-04T09:58:09","guid":{"rendered":"https:\/\/archivista.ch\/cms\/?page_id=9319"},"modified":"2023-01-10T01:18:49","modified_gmt":"2023-01-10T00:18:49","slug":"avmultiphone-v2","status":"publish","type":"page","link":"https:\/\/archivista.ch\/cms\/de\/aktuell-blog\/blogs-2022\/avmultiphone-v2\/","title":{"rendered":"AVMultiPhone V2"},"content":{"rendered":"<h1>Darum gibt es das Archivista-Telefon in zweiter Generation<\/h1>\n<p><em><strong>Egg, 4. April 2022:<\/strong> Ende 2020 wurde die <strong><a href=\"https:\/\/archivista.ch\/cms\/de\/aktuell-blog\/blogs-2020\/\">Entwicklung des AVMultiPhones sistiert.<\/a><\/strong> Zu unstabil war die darunterliegende Software damals. Mittlerweile hat die Community grosse Arbeit geleistet. Bei einem Test vor einigen Tagen konnte festgestellt werden, dass viele Dinge mit dem PinePhone aktuell stabil laufen. Grund genug, eine neue Auflage des quelloffenen Archivista-Telefones zu erstellen und zu publizieren.<\/em><\/p>\n<p><a href=\"https:\/\/archivista.ch\/cms\/wp-content\/uploads\/2022\/04\/background.jpg\"><img loading=\"lazy\" decoding=\"async\" class=\"alignnone size-full wp-image-9324\" src=\"https:\/\/archivista.ch\/cms\/wp-content\/uploads\/2022\/04\/background.jpg\" alt=\"\" width=\"1920\" height=\"1080\" srcset=\"https:\/\/archivista.ch\/cms\/wp-content\/uploads\/2022\/04\/background.jpg 1920w, https:\/\/archivista.ch\/cms\/wp-content\/uploads\/2022\/04\/background-300x169.jpg 300w, https:\/\/archivista.ch\/cms\/wp-content\/uploads\/2022\/04\/background-1024x576.jpg 1024w, https:\/\/archivista.ch\/cms\/wp-content\/uploads\/2022\/04\/background-768x432.jpg 768w, https:\/\/archivista.ch\/cms\/wp-content\/uploads\/2022\/04\/background-600x338.jpg 600w, https:\/\/archivista.ch\/cms\/wp-content\/uploads\/2022\/04\/background-1536x864.jpg 1536w, https:\/\/archivista.ch\/cms\/wp-content\/uploads\/2022\/04\/background-624x351.jpg 624w\" sizes=\"auto, (max-width: 1920px) 100vw, 1920px\" \/><\/a><\/p>\n<h2>Smartphones und Open Source als Ausgangslage<\/h2>\n<p>In den vergangenen Tagen <a href=\"https:\/\/archivista.ch\/cms\/de\/aktuell-blog\/open-source-und-android\/\"><strong>(mehr dazu in einem sp\u00e4teren Blog)<\/strong><\/a> wurde die &#8222;Smartphone-Flotte&#8220; der Firma aktualisiert. Wer mit einem Open Source &#8222;Android&#8220;-Smartphone arbeiten m\u00f6chte, sieht sich selbst im Jahre 2022 einigen H\u00fcrden ausgesetzt. Nach einigen Tagen Arbeit (der Job ist mittlerweile abgeschlossen) kam spontan die Idee auf, ob es nach ca. 2 Jahren mit dem PinePhone inzwischen nicht doch einfacher ginge.<\/p>\n<p>Grund f\u00fcr das &#8222;Experiment&#8220; war prim\u00e4r der Fakt, dass es selbst nach <strong><a href=\"https:\/\/archivista.ch\/cms\/de\/aktuell-blog\/blogs-2017\/10-jahre-smartphone\/\">f\u00fcnf Jahren Erfahrung<\/a><\/strong> mit Android-Derivaten <strong><a href=\"https:\/\/e.foundation\/\">(e.foundation,<\/a> <a href=\"https:\/\/havoc-os.com\/\">Havoc<\/a><\/strong> oder <strong><a href=\"https:\/\/lineageos.org\/\">LineageOS)<\/a><\/strong> noch immer viel Aufwand bedeutet, entsprechende Smartphones zu best\u00fccken. Die Auswahl der Ger\u00e4te ist nach wie vor nicht \u00fcppig und ferner bedeutet eine Liste mit Ger\u00e4ten nicht, dass diese auch laufen. Doch wie gesagt, dazu gibt es zu sp\u00e4terer Zeit mehr Informationen in separaten Blogs.<\/p>\n<h2><strong><a href=\"https:\/\/wiki.postmarketos.org\/wiki\/Phosh\">PostmarketOS Phosh mit PinePhone l\u00e4uft stabil<\/a><\/strong><\/h2>\n<p>Getestet wurden dabei <strong><a href=\"https:\/\/mobian-project.org\/\">Mobian,<\/a><\/strong> <strong><a href=\"https:\/\/wiki.postmarketos.org\/wiki\/Phosh\">PostmarketOS Phosh,<\/a> <a href=\"https:\/\/wiki.postmarketos.org\/wiki\/Plasma_Mobile\">PostmarketOS Plasma<\/a><\/strong> sowie <strong><a href=\"https:\/\/ubports.com\/de\/\">UBPorts<\/a><\/strong> in den jeweils aktuellen (stabilen) Versionen. Festgestellt werden konnte dabei, doch es gibt viele erfreuliche Fortschritte. Insbesondere mit <strong><a href=\"https:\/\/wiki.postmarketos.org\/wiki\/Phosh\">PostmarketOS Phosh<\/a><\/strong> steht mittlerweile ein Kandidat zur Verf\u00fcgung, mit dem sich schon recht handlich arbeiten l\u00e4sst.<\/p>\n<p>Ein Nachteil bei <a href=\"https:\/\/en.wikipedia.org\/wiki\/Phosh\"><strong>Phosh<\/strong><\/a> (das wurde bereits <strong><a href=\"https:\/\/archivista.ch\/cms\/de\/aktuell-blog\/blogs-2020\/avmultiphone\/\">vor zwei Jahren angef\u00fchrt)<\/a><\/strong> ist, dass der Bildschirm auf 200% hochgezoomt wird. Daraus ergeben sich zwar gut lesbare Icons und Dialoge, wer jedoch Standardapplikationen wie <strong><a href=\"https:\/\/de.libreoffice.org\/\">LibreOffice<\/a><\/strong> starten m\u00f6chte, wird daran scheitern.<\/p>\n<p>Als Telefon arbeitet <strong><a href=\"https:\/\/wiki.postmarketos.org\/wiki\/Phosh\">PostmarketOS Phosh<\/a><\/strong> recht gut. So konnten halbwegs respektable Fotos (die Kamera mit 5 MP ist nun mal nicht der Br\u00fcller) gemacht werden. Ebenfalls m\u00f6glich war es, unsere private Musikbibliothek mit Dutzenden von GBytes nach <strong><a href=\"https:\/\/www.fossmint.com\/lollypop-a-new-modern-music-player-for-linux\/\">Lollypop<\/a><\/strong> einzulesen und damit bequem Musik zu h\u00f6ren. Telefon und SMS arbeiten <strong><a href=\"https:\/\/en.wikipedia.org\/wiki\/Advanced_Configuration_and_Power_Interface\">(inkl. Schlafmodus bzw. DeepSleep)<\/a><\/strong> stabil. Damit &#8222;h\u00e4lt&#8220; das Telefon dann auch (bei gelegentlichem Gebrauch) einige Tage durch. Selbst GPS ist verf\u00fcgbar, auch wenn der Dienst bei Auslieferung nicht aktiviert ist.<\/p>\n<p>Positiv vermerkt werden kann, <strong><a href=\"https:\/\/postmarketos.org\/download\/\">PostmarketOS hat einen guten Installer,<\/a><\/strong> mit dem es relativ einfach ist, ein Pinephone neu aufzuspielen. Ebenfalls k\u00f6nnen Softwareupdate direkt auf dem Telefon eingespielt werden. Als Nebenbemerkung sei erw\u00e4hnt, dass <strong><a href=\"https:\/\/wiki.postmarketos.org\/wiki\/Devices\">PostmarketOS nicht nur das PinePhone unterst\u00fctzt.<\/a><\/strong> Im Prinzip lassen sich wohl alle Telefone integrieren, bei denen der Bootloader entsperrt werden kann. Aktuell werden ca. zwei Dutzend Ger\u00e4te mehr oder minder gut unterst\u00fctzt. Zur\u00fcck zum PinePhone bzw. zum AVMultiPhone.<\/p>\n<p><a href=\"https:\/\/archivista.ch\/cms\/wp-content\/uploads\/2022\/04\/avmultiphone2.png\"><img loading=\"lazy\" decoding=\"async\" class=\"alignnone wp-image-9326 size-large\" src=\"https:\/\/archivista.ch\/cms\/wp-content\/uploads\/2022\/04\/avmultiphone2-1024x536.png\" alt=\"\" width=\"625\" height=\"327\" srcset=\"https:\/\/archivista.ch\/cms\/wp-content\/uploads\/2022\/04\/avmultiphone2-1024x536.png 1024w, https:\/\/archivista.ch\/cms\/wp-content\/uploads\/2022\/04\/avmultiphone2-300x157.png 300w, https:\/\/archivista.ch\/cms\/wp-content\/uploads\/2022\/04\/avmultiphone2-768x402.png 768w, https:\/\/archivista.ch\/cms\/wp-content\/uploads\/2022\/04\/avmultiphone2-600x314.png 600w, https:\/\/archivista.ch\/cms\/wp-content\/uploads\/2022\/04\/avmultiphone2-624x327.png 624w, https:\/\/archivista.ch\/cms\/wp-content\/uploads\/2022\/04\/avmultiphone2.png 1440w\" sizes=\"auto, (max-width: 625px) 100vw, 625px\" \/><\/a><\/p>\n<h2>Darum gibt es AVMultiPhone V2<\/h2>\n<p><strong><a href=\"https:\/\/wiki.postmarketos.org\/wiki\/Phosh\">PostmarketOS Phosh<\/a><\/strong> bietet zwar bereits recht viel Linux-Komfort, ein &#8222;vollwertiger&#8220; bzw. &#8222;waschechter&#8220; <strong><a href=\"https:\/\/itsfoss.com\/best-linux-desktop-environments\/\">Linux-Desktop<\/a><\/strong> l\u00e4sst sich damit jedoch nicht betreiben. Dazu ist Phosh zu stark vom klassischen Smartphone-Konzept inspiriert. Und damit wir uns nicht falsch verstehen, f\u00fcr die grosse Mehrheit der Benutzer\/innen d\u00fcrfte dies der richtige Weg sein.<\/p>\n<p>Allerdings, wer sich ein <strong><a href=\"https:\/\/pine64.com\/shop\/\">PinePhone kauft,<\/a><\/strong> d\u00fcrfte aktuell im engeren Sinne mit Linux verbunden sein. Und wenn ich (durchaus mit Wehmut) an das legend\u00e4re Nokia N900 zur\u00fcckdenke, dann gab es damals doch viel mehr Linux-Groove als es mit Phosh der Fall ist.<\/p>\n<p>Ferner konnte mit den Bordmitteln bei <strong><a href=\"https:\/\/wiki.postmarketos.org\/wiki\/Phosh\">PostmarketOS Phosh<\/a><\/strong> Deutsch nicht aktiviert werden. Nat\u00fcrlich ist und bleibt dieser Eindruck subjektiv. Dies alles waren und sind Gr\u00fcnde, warum die Entwicklungsumgebung von PostmarketOS erneut f\u00fcr das AVMultiPhone &#8222;angeworfen&#8220; wurde.<\/p>\n<h2><a href=\"https:\/\/archivista.ch\/cms\/de\/support\/avmultimedia\/\">AVMultimedia<\/a> und <a href=\"https:\/\/wiki.postmarketos.org\/wiki\/Pmbootstrap\">PostmarketOS-Entwicklungsumgebung<\/a><\/h2>\n<p>Selbstredend wird dazu AVMultimedia verwendet. Und damit der Prozess nachvollziehbar ist, erfolgt hier eine kurze Beschreibung, wie die Entwicklungsumgebung auf AVMultimedia korrekt eingerichtet werden kann.<\/p>\n<pre><strong>apt-get update<\/strong>\r\n<strong>apt-get install git-core<\/strong>\r\n<strong>cp \/var\/cache\/apt\/archives\/*.deb \/home\/data\/archivista\/cust\/desktop\/debs<\/strong>\r\n<strong>pip-3 install pmbootstrap<\/strong>\r\n<strong>mkdir \/home\/archivista\/data\/pm<\/strong>\r\n<strong>cd \/home\/archivista\/data\/pm<\/strong>\r\n<strong>pmbootstrap init<\/strong>\r\n<strong>cp \/home\/archivista\/data\/.config\/pmbootstrap.cfg .<\/strong>\r\n<strong>pmboostrap install --sdcard=\/dev\/sdx<\/strong><\/pre>\n<p>Spezifisch bei AVMultimedia ist, dass pmboostrap nach jedem Neustart erneut &#8222;aktiviert&#8220; werden muss. Dazu:<\/p>\n<pre><strong>pip3 install pmbootstrap<\/strong>\r\n<strong>cp \/home\/archivista\/data\/pm\/pmboostrap.cfg \/home\/archivista\/.config<\/strong><\/pre>\n<p><em><strong>Hinweis:<\/strong> In obigem Beispiel bildet \/home\/archivista\/data\/pm der Pfad f\u00fcr die PostmarketPM-Umgebung. Der Pfad kann unter \/home\/archivista\/data beliebig gew\u00e4hlt werden, er muss allerdings unter \/home\/archivista\/data liegen, da die Daten ansonsten beim Neustart nicht erhalten bleiben. Ferner sei angemerkt, dass der zweite Teil sich nat\u00fcrlich \u00fcber das Skript desktop2.sh automatisieren liesse, siehe dazu bei den FAQs.<\/em><\/p>\n<h2>WLAN beim PostmarketOS-&#8222;Mate-Derivat&#8220;<\/h2>\n<p>Das Erstellen des Images ist einfach. Schwieriger ist es, bei Mate, Kontakt mit einem WLAN aufzunehmen. Die Men\u00fcs und Schriften sind derart klein, dass es faktisch nicht m\u00f6glich ist, mit den Vorgaben von PostmarketOS zu arbeiten. Am einfachsten geht es, wen die WLAN-Einstellungen (Netzwerk-Manager) auf einem anderen Ger\u00e4t erstellt werden (z.B. mit PostmarketOS Phosh) und danach auf die SD-Karte kopiert werden. Erstellte WLAN-Profile befinden sich unter folgendem Pfad:<\/p>\n<pre><strong>\/etc\/NetworkManager\/system-connections<\/strong><\/pre>\n<p>Als Alternative bietet sich an, ein Terminal aufzurufen und dort &#8217;sudo su&#8216; einzugeben. Danach kann die textbasierte WLAN-Konfiguration mit &#8217;nmtui&#8216; aufgerufen werden. Danach k\u00f6nnten die gew\u00fcnschten Pakete installiert werden, die f\u00fcr das PinePhone sinnvoll sind. Ebenso w\u00e4re der Look entsprechend anzupassen. Und, und und&#8230; Genau darum gibt es das AVMultiPhone V2.<\/p>\n<p>Denn seien wir ehrlich, selbst als routinierter Entwickler vergehen Tage, bis ein Desktop quasi von einer Standardauslieferung optimal auf ein Ger\u00e4t angepasst ist. Normalsterbliche werden daran grandios scheitern.<\/p>\n<p><a href=\"https:\/\/archivista.ch\/cms\/wp-content\/uploads\/2022\/04\/avmultiphone4.png\"><img loading=\"lazy\" decoding=\"async\" class=\"alignnone wp-image-9328 size-medium\" src=\"https:\/\/archivista.ch\/cms\/wp-content\/uploads\/2022\/04\/avmultiphone4-150x300.png\" alt=\"\" width=\"150\" height=\"300\" srcset=\"https:\/\/archivista.ch\/cms\/wp-content\/uploads\/2022\/04\/avmultiphone4-150x300.png 150w, https:\/\/archivista.ch\/cms\/wp-content\/uploads\/2022\/04\/avmultiphone4-300x600.png 300w, https:\/\/archivista.ch\/cms\/wp-content\/uploads\/2022\/04\/avmultiphone4-512x1024.png 512w, https:\/\/archivista.ch\/cms\/wp-content\/uploads\/2022\/04\/avmultiphone4-600x1200.png 600w, https:\/\/archivista.ch\/cms\/wp-content\/uploads\/2022\/04\/avmultiphone4-624x1248.png 624w, https:\/\/archivista.ch\/cms\/wp-content\/uploads\/2022\/04\/avmultiphone4.png 720w\" sizes=\"auto, (max-width: 150px) 100vw, 150px\" \/>\u00a0\u00a0<\/a> <a href=\"https:\/\/archivista.ch\/cms\/wp-content\/uploads\/2022\/04\/avmultiphone5.png\"><img loading=\"lazy\" decoding=\"async\" class=\"alignnone wp-image-9329 size-medium\" src=\"https:\/\/archivista.ch\/cms\/wp-content\/uploads\/2022\/04\/avmultiphone5-150x300.png\" alt=\"\" width=\"150\" height=\"300\" srcset=\"https:\/\/archivista.ch\/cms\/wp-content\/uploads\/2022\/04\/avmultiphone5-150x300.png 150w, https:\/\/archivista.ch\/cms\/wp-content\/uploads\/2022\/04\/avmultiphone5-300x600.png 300w, https:\/\/archivista.ch\/cms\/wp-content\/uploads\/2022\/04\/avmultiphone5-512x1024.png 512w, https:\/\/archivista.ch\/cms\/wp-content\/uploads\/2022\/04\/avmultiphone5-600x1200.png 600w, https:\/\/archivista.ch\/cms\/wp-content\/uploads\/2022\/04\/avmultiphone5-624x1248.png 624w, https:\/\/archivista.ch\/cms\/wp-content\/uploads\/2022\/04\/avmultiphone5.png 720w\" sizes=\"auto, (max-width: 150px) 100vw, 150px\" \/><\/a><\/p>\n<h2>Das bietet das neue AVMultiPhone V2<\/h2>\n<p>Im Prinzip bietet das AVMultiPhone V2 all das, was bereits in der ersten Version verf\u00fcgbar war. AVMultiPhone ist in erster Linie ein schlanker Linux-Desktop, mit dem auch telefoniert werden kann. AVMultiPhone l\u00e4sst sich recht komfortabel \u00fcber das Touch-Display bedienen. Wer mag, kann auch \u00fcber USB bzw. VNC direkt von einem anderen Rechner aus arbeiten.<\/p>\n<p>Neu in der Version V2 ist all das, was im Jahre 2020 nicht stabil arbeiten wollte. Erw\u00e4hnt werden d\u00fcrfen dabei: DeepSleep (Schlafmodus f\u00fcr eine Standby-Laufzeit von einigen Tagen), die Kamera (sowohl Haupt- als Frontmodul, aktuell jedoch nur f\u00fcr Fotos), GPS (Gnome-Maps ist enthalten), Umschalten zwischen Englisch und Deutsch (Sprachwahl beim Herunterfahren ausw\u00e4hlen), Audio (Lautsprecher und Kopfh\u00f6rer-Anschluss). Musik-Player (LollyPop).<\/p>\n<p>Nicht ohne Stolz vermerkt werden darf, dass aktuell auch Filme bzw. Videos abgespielt werden k\u00f6nnen (insbesondere auch im Web-Browser). Allerdings muss beachtet werden, dass der WLAN-Durchsatz nicht berauschend ist. Filme in FullHD (oder gar 4K) scheitern aktuell meistens daran, dass sie nicht gen\u00fcgend schnell auf das PinePhone \u00fcbertragen werden k\u00f6nnen.<\/p>\n<p>Zum Webbrowser sei gesagt, dass Firefox quasi in letzter Minute &#8222;entfernt&#8220; wurde, da mit <strong><a href=\"https:\/\/www.falkon.org\/\">Falkon<\/a><\/strong> eine weit schlankere und schnellere (und vom Datenschutz her unbedenkliche Alternative) zur Verf\u00fcgung steht. Und im Unterschied zu Firefox kann in <strong><a href=\"https:\/\/www.falkon.org\/\">Falkon<\/a><\/strong> auch beliebig mit den Fingern navigiert werden, was das Arbeiten deutlich bequemer macht.<\/p>\n<p><a href=\"https:\/\/archivista.ch\/cms\/wp-content\/uploads\/2022\/04\/avmultiphone1.png\"><img loading=\"lazy\" decoding=\"async\" class=\"alignnone wp-image-9325 size-large\" src=\"https:\/\/archivista.ch\/cms\/wp-content\/uploads\/2022\/04\/avmultiphone1-1024x544.png\" alt=\"\" width=\"625\" height=\"332\" srcset=\"https:\/\/archivista.ch\/cms\/wp-content\/uploads\/2022\/04\/avmultiphone1-1024x544.png 1024w, https:\/\/archivista.ch\/cms\/wp-content\/uploads\/2022\/04\/avmultiphone1-300x159.png 300w, https:\/\/archivista.ch\/cms\/wp-content\/uploads\/2022\/04\/avmultiphone1-768x408.png 768w, https:\/\/archivista.ch\/cms\/wp-content\/uploads\/2022\/04\/avmultiphone1-600x319.png 600w, https:\/\/archivista.ch\/cms\/wp-content\/uploads\/2022\/04\/avmultiphone1-624x331.png 624w, https:\/\/archivista.ch\/cms\/wp-content\/uploads\/2022\/04\/avmultiphone1.png 1431w\" sizes=\"auto, (max-width: 625px) 100vw, 625px\" \/><\/a><\/p>\n<h2>Download und Installation<\/h2>\n<p>Das <strong>aktuelle Release (220403d)<\/strong> kann bei <strong><a href=\"https:\/\/osdn.net\/projects\/avmultimedia\/releases\/73167\">osdn.net<\/a><\/strong> und bei <strong><a href=\"https:\/\/sourceforge.net\/projects\/archivista\/files\/pinephone\/\">sourceforge.net<\/a><\/strong> bezogen werden. An dieser Stelle sei ganz einfach auf die <strong><a href=\"https:\/\/archivista.ch\/cms\/de\/aktuell-blog\/blogs-2020\/avmultiphone\/\">erste Version aus dem Jahre 2020<\/a><\/strong> verwiesen, die Installation ist dort gut beschrieben. Kurz zusammengefasst kann wiederholt werden. Entsprechende GZ-Datei beziehen und mit <strong><a href=\"https:\/\/www.balena.io\/etcher\/\">Etcher.io<\/a><\/strong> oder auf einer Linux-Konsole auf eine SD-Karte mit minimal 8 GByte (besser 16 GByte oder mehr) bespielen. Beispiel:<\/p>\n<pre><strong>gunzip -c avmulti.img.gz | dd of=\/dev\/sdx bs=64M;sync;sync<\/strong><\/pre>\n<p>Danach die SD-Karte beim Pinephone einlegen. Das Pinephone einschalten. Nach ca. 15 Sekunden erscheint ein Zahlenblock, um den <strong>Ger\u00e4te-Code (nicht SIM-Kartencode) einzugeben. Per Default ist bei AVMultiPhone &#8218;1234&#8216; eingestellt.<\/strong> Danach wird der Desktop gestartet.<\/p>\n<p>Je nach Geschwindigkeit der SD-Karte kann es passieren, dass die Online-Tastatur (Onboard) zu sp\u00e4t aktiviert wird, um z.B. SIM-Karte direkt entsperren zu k\u00f6nnen. In diesem Fall gen\u00fcgt es, das blauweisse Icon im Panel anzutippen. Ebenfalls \u00fcber dieses Icon kann die Tastatur jederzeit auch ein- oder ausgeblendet werden.<\/p>\n<p><em><strong>Hinweis:<\/strong> Um die WLAN-Karte zu aktivieren, das WLAN-Symbol antippen, danach mit dem Finger auf die erste Zeile (disconnectet) &#8222;fahren&#8220; und Finger &#8222;loslassen&#8220;. Damit kann die gew\u00fcnschte WLAN-Verbindung sehr einfach gew\u00e4hlt werden.<\/em><\/p>\n<p>Die Applikationen finden sich sinnigerweise unter &#8218;Applications&#8216; bzw. &#8218;Applikationen&#8216;, sofern beim letzten Herunterfahren &#8218;German (Restart)&#8216; gew\u00e4hlt wurde.<\/p>\n<p>Wer AVMultiPhone V2 auf den internen EMMC-Speicher kopieren m\u00f6chte, kopiert die GZ-Datei auf die SD-Karte und startet das Telefon. Nun Mate-Terminal aurufen und mit &#8217;su&#8216; zum root-User <strong>(Passwort ebenfalls 1234)<\/strong> wechseln. Dort kann die GZ-Datei mit dem folgenden Befehl auf den internen Speicher (dieser wird komplett zerst\u00f6rt!) kopiert werden:<\/p>\n<pre><strong>gunzip -c \/avmulti.img.gz | dd of=\/dev\/mmcblk2 bs=64M;sync;sync<\/strong><\/pre>\n<p>Danach das Telefon herunterfahren, die SD-Karte entfernen und erneut starten. Ohne Zweifel darf dabei festgestellt werden, dass AVMultiPhone V2 ab dem internen Datentr\u00e4ger noch einen guten Zacken schneller arbeitet als ab der SD-Karte. Beispiel: Das Starten von LibreOffie dauert ab dem internen Speicher ca. 6 Sekunden, ab der SD-Karte sind es vielleicht 1 bis 2 Sekunden mehr.<\/p>\n<p><a href=\"https:\/\/archivista.ch\/cms\/wp-content\/uploads\/2022\/04\/avmultiphone3.png\"><img loading=\"lazy\" decoding=\"async\" class=\"alignnone wp-image-9327 size-large\" src=\"https:\/\/archivista.ch\/cms\/wp-content\/uploads\/2022\/04\/avmultiphone3-1024x537.png\" alt=\"\" width=\"625\" height=\"328\" srcset=\"https:\/\/archivista.ch\/cms\/wp-content\/uploads\/2022\/04\/avmultiphone3-1024x537.png 1024w, https:\/\/archivista.ch\/cms\/wp-content\/uploads\/2022\/04\/avmultiphone3-300x157.png 300w, https:\/\/archivista.ch\/cms\/wp-content\/uploads\/2022\/04\/avmultiphone3-768x403.png 768w, https:\/\/archivista.ch\/cms\/wp-content\/uploads\/2022\/04\/avmultiphone3-600x315.png 600w, https:\/\/archivista.ch\/cms\/wp-content\/uploads\/2022\/04\/avmultiphone3-624x327.png 624w, https:\/\/archivista.ch\/cms\/wp-content\/uploads\/2022\/04\/avmultiphone3.png 1439w\" sizes=\"auto, (max-width: 625px) 100vw, 625px\" \/><\/a><\/p>\n<h2>OpenSource auch f\u00fcr das PinePhone-Modem<\/h2>\n<p>Einer der gr\u00f6ssten Kritikpunkte beim PinePhone war bislang, dass es f\u00fcr das Modem (eg25) keine quellofffene Version gab. Mittlerweile ist aber auch diese H\u00fcrde &#8222;geschafft&#8220;. Das Aufspielen der <strong><a href=\"https:\/\/github.com\/Biktorgj\/pinephone_modem_sdk\/releases\">Open Source Firmware ist hier beschrieben. <\/a><\/strong>Getestet wurde die Version 0.61. Probleme konnten dabei nicht festgestellt werden. Gem\u00e4ss Information des Entwicklers sei die Firmware nunmehr in der Lage, eine Textnachricht in Sprache auszuliefern (Text-to-Speech).<\/p>\n<p>Das Aufspielen ist nicht ganz trivial und Fehler sollten dabei auch keine gemacht werden, ansonsten die Abdeckung des Modems m\u00fchsamst entfernt werden muss, um die Firmware wieder zur\u00fcckzusetzen.<\/p>\n<h2>AVMultiPhone V2: Ist es ready-tu-use?<\/h2>\n<p>Das AVMultiPhone V2 wurde nicht in erster Linie entwickelt, um den Siegeszug f\u00fcr Linux-Smartphones einzul\u00e4uten. Wer ein &#8222;standardkonformes&#8220; Linux-Smartphone m\u00f6chte, der wird mit <strong><a href=\"https:\/\/wiki.postmarketos.org\/wiki\/Phosh\">PostmarketOS Phosh<\/a><\/strong> wohl &#8222;einfacher&#8220; arbeiten k\u00f6nnen.<\/p>\n<p>AVMultiPhone wurde reaktiviert, um jederzeit unterwegs (in der Hosentasche) einen vollwertigen Linux-Computer dabei zu haben, um damit z.B. Support-Aufgaben oder einfache Office-Arbeiten zu erledigen, ohne dabei auf ein Smartphone verzichten zu m\u00fcssen.<\/p>\n<p>Derzeit gibt es mit <strong><a href=\"https:\/\/github.com\/WayDroid\">Waydroid<\/a><\/strong> einen neuen Ansatz, dass auch Android-Apps auf dem PinePhone laufen. Bei einem Test sowohl mit <strong><a href=\"https:\/\/wiki.postmarketos.org\/wiki\/Phosh\">PostmarketOS Phosh<\/a><\/strong> als auch mit AVMultiPhone V2 gelang es allerdings nicht, die Oberfl\u00e4che von <strong><a href=\"https:\/\/github.com\/WayDroid\">Waydroid<\/a><\/strong> (waydroid show-full-ui) zu starten.<\/p>\n<p>In diesem Sinne (Android-Apps laufen aktuell nicht zufriedenstellend) ist AVMultimedia kein vollwertiger Ersatz eines Androiden. Wer jedoch einen Linux-Desktop mit Telefon, SMS und Internet-Anbindung f\u00fcr die Hosentasche sucht, findet in AVMultiPhone wohl die erste und aktuelle einzige Wahl, dazu <strong><a href=\"https:\/\/forum.pine64.org\/showthread.php?tid=11434&amp;page=2\">passend der Eintrag im PinePhone-Forum, wo alle eigentlich vom Einsatz eines PinePhones abraten, weil es zu langsam sei.<\/a><\/strong><\/p>\n<p>Dem darf entgegnet werden, nein mit 2 GB RAM und einen Durchsatz von ca. 100 MByte auf dem Datentr\u00e4ger kann das PinePhone gar nicht zu langsam sein. Vielmehr &#8222;saufen&#8220; nicht optimierte Linux-Desktops mittlerweile einfach derartig abartige Resourcen, dass alle Balken krachen. Aus diesem Grunde bietet AVMultiPhone V2 jetzt endlich das, was bereits 2020 gew\u00fcnscht gewesen w\u00e4re.<\/p>\n<p>Die weitere Entwicklung h\u00e4ngt von der Resonanz der User\/innen ab. Wer an AVMultiPhone V2 Gefallen findet, darf gerne auf unserer Partnerwebseite <strong><a href=\"https:\/\/azurgo.ch\/produkt\/zu-fuss-vom-jura-in-den-tessin\/\">azurgo.ch das Buch &#8218;Zu Fuss vom Jura in den Tessin&#8216; (mit 99-min\u00fctigem Video, 18 Franken)<\/a>,<\/strong> eine <strong><a href=\"https:\/\/azurgo.ch\/produkt\/archivistabox-dolder-ohne-hardware\/\">Lizenz der ArchivistaBox (90 Franken)<\/a>\u00a0<\/strong> oder ein <strong><a href=\"https:\/\/azurgo.ch\/produkt\/avmultimedia\/\">AVMultimedia-Tablet (333 Franken)<\/a><\/strong> mit dem Vermerk &#8218;AVMultiPHone&#8216; erwerben. Jeweils 50% des Preises gehen zweckgebunden in die Entwicklung von AVMultiPhone.<\/p>\n<p>Wer einfach &#8222;spenden&#8220; m\u00f6chte, findet hier unsere <strong><a href=\"https:\/\/archivista.ch\/cms\/de\/uber-uns\/kontaktdaten\/\">Konto-Informationen<\/a><\/strong> (Vermerk &#8218;AVMultiPhone&#8216;). Wer ein bestimmtes Feature programmiert haben m\u00f6chte, darf gerne direkt mit uns Kontakt aufnehmen, entweder unter <strong>Telefon +41 44 350 05 60<\/strong> oder Mail unter <strong><a href=\"https:\/\/archivista.ch\/cms\/de\/uber-uns\/kontaktdaten\/\">webmaster@archivista.ch.<\/a><\/strong> Sachspenden d\u00fcrfen auch geleistet werden, wobei das <strong><a href=\"https:\/\/www.buecher-autoren.net\/Linus_Torvalds-aa.htm\">Buch von Linus Torvalds &#8218;Just For Fun&#8216;<\/a><\/strong> bereits mehrfach im B\u00fccherregal steht.<\/p>\n\n\n\n\t<div class=\"dkpdf-button-container\" style=\"            text-align:right \">\n\n\t\t<a class=\"dkpdf-button\" href=\"\/cms\/wp-json\/wp\/v2\/pages\/9319?pdf=9319\" target=\"_blank\"><span class=\"dkpdf-button-icon\"><i class=\"fa fa-file-pdf-o\"><\/i><\/span> PDF Button<\/a>\n\n\t<\/div>\n\n\n\n\n\n","protected":false},"excerpt":{"rendered":"<p>Darum gibt es das Archivista-Telefon in zweiter Generation Egg, 4. April 2022: Ende 2020 wurde die Entwicklung des AVMultiPhones sistiert. Zu unstabil war die darunterliegende Software damals. Mittlerweile hat die Community grosse Arbeit geleistet. Bei einem Test vor einigen Tagen konnte festgestellt werden, dass viele Dinge mit dem PinePhone aktuell stabil laufen. Grund genug, eine [&hellip;]<\/p>\n","protected":false},"author":1,"featured_media":0,"parent":9616,"menu_order":62,"comment_status":"closed","ping_status":"closed","template":"","meta":{"_acf_changed":false,"footnotes":""},"class_list":["post-9319","page","type-page","status-publish","hentry"],"acf":[],"_links":{"self":[{"href":"https:\/\/archivista.ch\/cms\/wp-json\/wp\/v2\/pages\/9319","targetHints":{"allow":["GET"]}}],"collection":[{"href":"https:\/\/archivista.ch\/cms\/wp-json\/wp\/v2\/pages"}],"about":[{"href":"https:\/\/archivista.ch\/cms\/wp-json\/wp\/v2\/types\/page"}],"author":[{"embeddable":true,"href":"https:\/\/archivista.ch\/cms\/wp-json\/wp\/v2\/users\/1"}],"replies":[{"embeddable":true,"href":"https:\/\/archivista.ch\/cms\/wp-json\/wp\/v2\/comments?post=9319"}],"version-history":[{"count":13,"href":"https:\/\/archivista.ch\/cms\/wp-json\/wp\/v2\/pages\/9319\/revisions"}],"predecessor-version":[{"id":9370,"href":"https:\/\/archivista.ch\/cms\/wp-json\/wp\/v2\/pages\/9319\/revisions\/9370"}],"up":[{"embeddable":true,"href":"https:\/\/archivista.ch\/cms\/wp-json\/wp\/v2\/pages\/9616"}],"wp:attachment":[{"href":"https:\/\/archivista.ch\/cms\/wp-json\/wp\/v2\/media?parent=9319"}],"curies":[{"name":"wp","href":"https:\/\/api.w.org\/{rel}","templated":true}]}}