{"id":9415,"date":"2022-06-09T18:08:17","date_gmt":"2022-06-09T16:08:17","guid":{"rendered":"https:\/\/archivista.ch\/cms\/?page_id=9415"},"modified":"2023-01-10T01:18:54","modified_gmt":"2023-01-10T00:18:54","slug":"qrcodes-mit-2022-vi","status":"publish","type":"page","link":"https:\/\/archivista.ch\/cms\/de\/aktuell-blog\/blogs-2022\/qrcodes-mit-2022-vi\/","title":{"rendered":"QR-Codes mit 2022\/VI"},"content":{"rendered":"<h1>2D-Barcode-Erkennung mit neuem Power<\/h1>\n<p><em><strong>Egg. 9.6.2022:<\/strong> Seit vielen Jahren unterst\u00fctzt die ArchivistaBox die Erkennung von QR-Codes. Bei der Implementierung der Erkennung der Swiss-QR-Rechnung zeigte sich jedoch, dass eine bessere Erkennung und Verarbeitung viel Sinn ergibt. Dieser Blog stellt die neue L\u00f6sung auf der Basis der ArchivistaBox 2022\/VI vor.<\/em><\/p>\n<p><a href=\"https:\/\/archivista.ch\/cms\/wp-content\/uploads\/2022\/06\/qrcode7.jpg\"><img loading=\"lazy\" decoding=\"async\" class=\"alignnone size-full wp-image-9431\" src=\"https:\/\/archivista.ch\/cms\/wp-content\/uploads\/2022\/06\/qrcode7.jpg\" alt=\"\" width=\"1920\" height=\"1080\" srcset=\"https:\/\/archivista.ch\/cms\/wp-content\/uploads\/2022\/06\/qrcode7.jpg 1920w, https:\/\/archivista.ch\/cms\/wp-content\/uploads\/2022\/06\/qrcode7-300x169.jpg 300w, https:\/\/archivista.ch\/cms\/wp-content\/uploads\/2022\/06\/qrcode7-1024x576.jpg 1024w, https:\/\/archivista.ch\/cms\/wp-content\/uploads\/2022\/06\/qrcode7-768x432.jpg 768w, https:\/\/archivista.ch\/cms\/wp-content\/uploads\/2022\/06\/qrcode7-600x338.jpg 600w, https:\/\/archivista.ch\/cms\/wp-content\/uploads\/2022\/06\/qrcode7-1536x864.jpg 1536w, https:\/\/archivista.ch\/cms\/wp-content\/uploads\/2022\/06\/qrcode7-624x351.jpg 624w\" sizes=\"auto, (max-width: 1920px) 100vw, 1920px\" \/><\/a><\/p>\n<h2>Darum war die bisherige L\u00f6sung nicht mehr zeitgem\u00e4ss<\/h2>\n<p>QR-Codes k\u00f6nnen seit Jahren mit der ArchivstaBox bzw. mit WebDMS verarbeitet werden. Nun wurden bzw. werden QR-Codes mit den Jahren aber immer gr\u00f6sser, weil mehr Informationen darin enthalten sind.<\/p>\n<p><a href=\"https:\/\/archivista.ch\/cms\/wp-content\/uploads\/2022\/06\/qrcode6a.png\"><img loading=\"lazy\" decoding=\"async\" class=\"alignnone size-full wp-image-9430\" src=\"https:\/\/archivista.ch\/cms\/wp-content\/uploads\/2022\/06\/qrcode6a.png\" alt=\"\" width=\"1920\" height=\"1006\" srcset=\"https:\/\/archivista.ch\/cms\/wp-content\/uploads\/2022\/06\/qrcode6a.png 1920w, https:\/\/archivista.ch\/cms\/wp-content\/uploads\/2022\/06\/qrcode6a-300x157.png 300w, https:\/\/archivista.ch\/cms\/wp-content\/uploads\/2022\/06\/qrcode6a-1024x537.png 1024w, https:\/\/archivista.ch\/cms\/wp-content\/uploads\/2022\/06\/qrcode6a-768x402.png 768w, https:\/\/archivista.ch\/cms\/wp-content\/uploads\/2022\/06\/qrcode6a-600x314.png 600w, https:\/\/archivista.ch\/cms\/wp-content\/uploads\/2022\/06\/qrcode6a-1536x805.png 1536w, https:\/\/archivista.ch\/cms\/wp-content\/uploads\/2022\/06\/qrcode6a-624x327.png 624w\" sizes=\"auto, (max-width: 1920px) 100vw, 1920px\" \/><\/a><\/p>\n<p>Als pr\u00e4gendes Beispiel sei die Swiss-QR-Rechnung genannt. In der aktuell anzutreffenden Version 2.0 sind es \u00fcber 30 Felder, die im QR-Code &#8222;versteckt&#8220; sind. Dabei gibt es keine fixen L\u00e4ngen wie z.B. 30 Zeichen f\u00fcr den Namen und oder den Ort. Gespeichert werden immer nur jene Zeichen, die notwendig sind. Die einzelnen Informationen werden dabei durch Zeilen getrennt. Dazu ein Beispiel:<\/p>\n<pre><strong>SPC<\/strong>\r\n<strong>0200<\/strong>\r\n<strong>1<\/strong>\r\n<strong>CH3430761016124870581<\/strong>\r\n<strong>S<\/strong>\r\n<strong>iWay AG<\/strong>\r\n<strong>Badenerstrasse<\/strong>\r\n<strong>569<\/strong>\r\n<strong>8048<\/strong>\r\n<strong>Z\u00fcrich<\/strong>\r\n<strong>CH<\/strong><\/pre>\n<p>Damit entstehen stattliche &#8222;Ergebnisse&#8220; bei der Barcode-Erkennung. Bei der Swiss-QR-Rechnung sind es bis zu 997 Zeichen sowie weit \u00fcber 30 Zeilen.<\/p>\n<p>Die Barcode-Erkennung der ArchivistaBox ist seit Beginn, d.h. seit dem Jahre 2005 mit an Bord. Damals gab es nur sogenannte 1D-Barcode (Zebra-Streifen). Demgegen\u00fcber werden die QR-Codes auch als 2D-Barcodes bezeichnet (viereckig mit kleinen Punkten).<\/p>\n<p>Die alten (klassischen) 1D-Barcodes brauchen relativ viel Platz und k\u00f6nnen nur wenige Zeichen pro Barcode aufnehmen. Aus diesem Grunde wurden zuweilen mehrere Barcodes auf einem Beleg angebracht. Barcode 1 speicherte die Kundennummer, Barcode 2 die Rechnungsnummer etc.<\/p>\n<p>Bislang war die ArchivistaBox in der Lage, maximal 5 Barcodes zu verarbeiten. Bei der Implementierung der Swiss-QR-Rechnung stellte sich die Frage, wie die einzelnen Zeilen bzw. Elemente eines QR-Codes am einfachsten in der ArchivistaBox verarbeitbar sind. Dabei gilt es zu beachten, dass eine Swiss-QR-Rechnung weit \u00fcber 30 Elemente enthalten kann.<\/p>\n<p><a href=\"https:\/\/archivista.ch\/cms\/wp-content\/uploads\/2022\/06\/qrcode3e.jpg\"><img loading=\"lazy\" decoding=\"async\" class=\"alignnone size-full wp-image-9425\" src=\"https:\/\/archivista.ch\/cms\/wp-content\/uploads\/2022\/06\/qrcode3e.jpg\" alt=\"\" width=\"1920\" height=\"1087\" srcset=\"https:\/\/archivista.ch\/cms\/wp-content\/uploads\/2022\/06\/qrcode3e.jpg 1920w, https:\/\/archivista.ch\/cms\/wp-content\/uploads\/2022\/06\/qrcode3e-300x170.jpg 300w, https:\/\/archivista.ch\/cms\/wp-content\/uploads\/2022\/06\/qrcode3e-1024x580.jpg 1024w, https:\/\/archivista.ch\/cms\/wp-content\/uploads\/2022\/06\/qrcode3e-768x435.jpg 768w, https:\/\/archivista.ch\/cms\/wp-content\/uploads\/2022\/06\/qrcode3e-600x340.jpg 600w, https:\/\/archivista.ch\/cms\/wp-content\/uploads\/2022\/06\/qrcode3e-1536x870.jpg 1536w, https:\/\/archivista.ch\/cms\/wp-content\/uploads\/2022\/06\/qrcode3e-624x353.jpg 624w, https:\/\/archivista.ch\/cms\/wp-content\/uploads\/2022\/06\/qrcode3e-400x225.jpg 400w\" sizes=\"auto, (max-width: 1920px) 100vw, 1920px\" \/><\/a><\/p>\n<h2>ArchivistaBox 2022\/VI verarbeitet QR-Codes mit bis zu 48 Elementen<\/h2>\n<p>Die Version 2022\/VI betrachtet die einzelnen Zeilen-Elemente der QR-Codes bei der Verarbeitung als einzelne Barcodes. Damit lassen sich die gew\u00fcnschten Sub-Elemente des QR-Codes sehr einfach den gew\u00fcnschten Feldern zuweisen. Zun\u00e4chst jedoch gilt es, die neue QRCode-Erkennung zu aktivieren:<\/p>\n<p><a href=\"https:\/\/archivista.ch\/cms\/wp-content\/uploads\/2022\/06\/qrcode1k.jpg\"><img loading=\"lazy\" decoding=\"async\" class=\"alignnone size-full wp-image-9428\" src=\"https:\/\/archivista.ch\/cms\/wp-content\/uploads\/2022\/06\/qrcode1k.jpg\" alt=\"\" width=\"1280\" height=\"603\" srcset=\"https:\/\/archivista.ch\/cms\/wp-content\/uploads\/2022\/06\/qrcode1k.jpg 1280w, https:\/\/archivista.ch\/cms\/wp-content\/uploads\/2022\/06\/qrcode1k-300x141.jpg 300w, https:\/\/archivista.ch\/cms\/wp-content\/uploads\/2022\/06\/qrcode1k-1024x482.jpg 1024w, https:\/\/archivista.ch\/cms\/wp-content\/uploads\/2022\/06\/qrcode1k-768x362.jpg 768w, https:\/\/archivista.ch\/cms\/wp-content\/uploads\/2022\/06\/qrcode1k-600x283.jpg 600w, https:\/\/archivista.ch\/cms\/wp-content\/uploads\/2022\/06\/qrcode1k-624x294.jpg 624w\" sizes=\"auto, (max-width: 1280px) 100vw, 1280px\" \/><\/a><\/p>\n<p>Bleibt die Frage zu kl\u00e4ren, wie wird die neue QR-Erkennung in WebAdmin aktiviert. Dazu einfach in WebAdmin bei den Barcodes den Unterpunkt &#8218;Barcode-Erkennung&#8216; aktivieren. Danach kann die Option &#8218;QRCode&#8216; bei 1. Barcodeart aktiviert werden.<\/p>\n<p><em><strong>Hinweis:<\/strong> Die Men\u00fcs f\u00fcr die Barcodes erscheinen selbstverst\u00e4ndlich nur, falls das Modul &#8218;Barcode-Erkennung&#8216; f\u00fcr die jeweilige ArchivistaBox erworben wurde.<\/em><\/p>\n<h2>Mehrfaches Zuweisen von Elementen zu einem Feld<\/h2>\n<p>Bei der Swiss-QR-Rechnung werden die Adressen recht sonderlich kodiert. Zul\u00e4ssig ist sowohl:<\/p>\n<pre><strong>iWay AG<\/strong>\r\n<strong>Badenerstrasse<\/strong>\r\n<strong>569<\/strong>\r\n<strong>8048<\/strong>\r\n<strong>Z\u00fcrich<\/strong><\/pre>\n<p>Weiter ist es m\u00f6glich, die Adresse kompakter auszuweisen:<\/p>\n<pre><strong>iWay AG<\/strong>\r\n<strong>Badenerstrasse<\/strong> <strong>569<\/strong>\r\n<strong>8048<\/strong> <strong>Z\u00fcrich<\/strong><\/pre>\n<p>Die Verarbeitung der Adresse ist somit nicht ganz trivial. In der ArchivistaBox k\u00f6nnen einzelne Elemente einem bestimmten Element mehrfach zugewiesen werden. Dazu das nachfolgende Beispiel:<\/p>\n<p><em><strong><a href=\"https:\/\/archivista.ch\/cms\/wp-content\/uploads\/2022\/06\/qrcode2a.jpg\"><img loading=\"lazy\" decoding=\"async\" class=\"alignnone size-full wp-image-9426\" src=\"https:\/\/archivista.ch\/cms\/wp-content\/uploads\/2022\/06\/qrcode2a.jpg\" alt=\"\" width=\"1280\" height=\"717\" srcset=\"https:\/\/archivista.ch\/cms\/wp-content\/uploads\/2022\/06\/qrcode2a.jpg 1280w, https:\/\/archivista.ch\/cms\/wp-content\/uploads\/2022\/06\/qrcode2a-300x168.jpg 300w, https:\/\/archivista.ch\/cms\/wp-content\/uploads\/2022\/06\/qrcode2a-1024x574.jpg 1024w, https:\/\/archivista.ch\/cms\/wp-content\/uploads\/2022\/06\/qrcode2a-768x430.jpg 768w, https:\/\/archivista.ch\/cms\/wp-content\/uploads\/2022\/06\/qrcode2a-600x336.jpg 600w, https:\/\/archivista.ch\/cms\/wp-content\/uploads\/2022\/06\/qrcode2a-624x350.jpg 624w\" sizes=\"auto, (max-width: 1280px) 100vw, 1280px\" \/><\/a><\/strong><\/em><\/p>\n<p>Die Elemente 6 bis 10 werden dabei alle dem Feld QRto zugewiesen. Dies ergibt bei der ArchivistaBox die folgende Verarbeitung:<\/p>\n<p><em><strong><a href=\"https:\/\/archivista.ch\/cms\/wp-content\/uploads\/2022\/06\/qrcode3.jpg\"><img loading=\"lazy\" decoding=\"async\" class=\"alignnone size-full wp-image-9417\" src=\"https:\/\/archivista.ch\/cms\/wp-content\/uploads\/2022\/06\/qrcode3.jpg\" alt=\"\" width=\"828\" height=\"414\" srcset=\"https:\/\/archivista.ch\/cms\/wp-content\/uploads\/2022\/06\/qrcode3.jpg 828w, https:\/\/archivista.ch\/cms\/wp-content\/uploads\/2022\/06\/qrcode3-300x150.jpg 300w, https:\/\/archivista.ch\/cms\/wp-content\/uploads\/2022\/06\/qrcode3-768x384.jpg 768w, https:\/\/archivista.ch\/cms\/wp-content\/uploads\/2022\/06\/qrcode3-600x300.jpg 600w, https:\/\/archivista.ch\/cms\/wp-content\/uploads\/2022\/06\/qrcode3-624x312.jpg 624w\" sizes=\"auto, (max-width: 828px) 100vw, 828px\" \/><\/a><\/strong><\/em><\/p>\n<p><em><strong>Hinweis:<\/strong> Bei diesem Beispiel sind keine Skripts notwendig. Es reicht, bei der Barcode-Verarbeitung die obigen Zuweisungen vorzunehmen.<\/em><\/p>\n<h2>F\u00fcnf Vorteile der ArchivistaBox QRCode-Erkennung<\/h2>\n<p><strong>Manuelle Interaktion entf\u00e4llt:<\/strong> Im Unterschied zu L\u00f6sungen, bei denen der QR-Code einzeln auf dem Beleg anzupeilen ist, arbeitet die QRCode-Erkennung der ArchivistaBox ohne Interaktion. Die QR-Codes auf den Belegen werden beim Erfassen komplett automatisiert auf dem Beleg lokalisiert und verarbeitet.<\/p>\n<p><strong>Automatisches Weiterreichen an ERP-L\u00f6sung:<\/strong> Die so erfassten Daten k\u00f6nnen an das Kreditoren-Management einer (fast) jeden ERP-L\u00f6sung weitergereicht werden, ohne dass zus\u00e4tzliche QR-Code-Ger\u00e4te in der Anschaffung notwendig sind.<\/p>\n<p><strong>Zuschneiden\/Trennen Zahlteil entf\u00e4llt: <\/strong>QR-Code-Leseger\u00e4te sind zwar nett in der Anwendung, doch m\u00fcssen bei diesen die Zahlteile entweder entsprechend abgetrennt oder zugeschnitten werden.<\/p>\n<p><strong>Gleiches Interface f\u00fcr digitale wie analoge Belege:<\/strong> QR-Codes k\u00f6nnen mit der gleichen Technologie verarbeitet werden, ganz egal, ob PDF-Dateien oder gescannte Belege zum Einsatz kommen.<\/p>\n<p><strong>Support direkt vom Hersteller:<\/strong> Die ArchivistaBox wird in der Schweiz entwickelt und hergestellt. Zu s\u00e4mtlichen ArchivistaBox-Produkten ist der Wartungsvertrag im Preis f\u00fcr das erste Jahr enthalten.<\/p>\n\n\n\n\t<div class=\"dkpdf-button-container\" style=\"            text-align:right \">\n\n\t\t<a class=\"dkpdf-button\" href=\"\/cms\/wp-json\/wp\/v2\/pages\/9415?pdf=9415\" target=\"_blank\"><span class=\"dkpdf-button-icon\"><i class=\"fa fa-file-pdf-o\"><\/i><\/span> PDF Button<\/a>\n\n\t<\/div>\n\n\n\n\n\n","protected":false},"excerpt":{"rendered":"<p>2D-Barcode-Erkennung mit neuem Power Egg. 9.6.2022: Seit vielen Jahren unterst\u00fctzt die ArchivistaBox die Erkennung von QR-Codes. Bei der Implementierung der Erkennung der Swiss-QR-Rechnung zeigte sich jedoch, dass eine bessere Erkennung und Verarbeitung viel Sinn ergibt. Dieser Blog stellt die neue L\u00f6sung auf der Basis der ArchivistaBox 2022\/VI vor. Darum war die bisherige L\u00f6sung nicht mehr [&hellip;]<\/p>\n","protected":false},"author":1,"featured_media":0,"parent":9616,"menu_order":63,"comment_status":"closed","ping_status":"closed","template":"","meta":{"_acf_changed":false,"footnotes":""},"class_list":["post-9415","page","type-page","status-publish","hentry"],"acf":[],"_links":{"self":[{"href":"https:\/\/archivista.ch\/cms\/wp-json\/wp\/v2\/pages\/9415","targetHints":{"allow":["GET"]}}],"collection":[{"href":"https:\/\/archivista.ch\/cms\/wp-json\/wp\/v2\/pages"}],"about":[{"href":"https:\/\/archivista.ch\/cms\/wp-json\/wp\/v2\/types\/page"}],"author":[{"embeddable":true,"href":"https:\/\/archivista.ch\/cms\/wp-json\/wp\/v2\/users\/1"}],"replies":[{"embeddable":true,"href":"https:\/\/archivista.ch\/cms\/wp-json\/wp\/v2\/comments?post=9415"}],"version-history":[{"count":5,"href":"https:\/\/archivista.ch\/cms\/wp-json\/wp\/v2\/pages\/9415\/revisions"}],"predecessor-version":[{"id":9434,"href":"https:\/\/archivista.ch\/cms\/wp-json\/wp\/v2\/pages\/9415\/revisions\/9434"}],"up":[{"embeddable":true,"href":"https:\/\/archivista.ch\/cms\/wp-json\/wp\/v2\/pages\/9616"}],"wp:attachment":[{"href":"https:\/\/archivista.ch\/cms\/wp-json\/wp\/v2\/media?parent=9415"}],"curies":[{"name":"wp","href":"https:\/\/api.w.org\/{rel}","templated":true}]}}