{"id":9441,"date":"2022-06-27T16:21:54","date_gmt":"2022-06-27T14:21:54","guid":{"rendered":"https:\/\/archivista.ch\/cms\/?page_id=9441"},"modified":"2023-01-10T01:19:00","modified_gmt":"2023-01-10T00:19:00","slug":"qr-rechnung-fuer-archivistaerp","status":"publish","type":"page","link":"https:\/\/archivista.ch\/cms\/de\/aktuell-blog\/blogs-2022\/qr-rechnung-fuer-archivistaerp\/","title":{"rendered":"QR-Rechnung f\u00fcr ArchivistaERP"},"content":{"rendered":"<h1>Smarte Rechnungen mit der ArchivistaBox<\/h1>\n<p><em><strong>Egg, 27. Juni 2022:<\/strong> Seit dem Jahre 2011 unterst\u00fctzt ArchivistaERP den ESR-Standard f\u00fcr die Einzahlungsscheine in der Schweiz. Per Ende September 2022 werden diese definitv durch die neuen QR-Rechnungen abgel\u00f6st. In diesem Beitrag wird aufgezeigt, wie einfach QR-Rechnungen mit ArchivistaERP erstellt werden k\u00f6nnen. Einleitend sei hier angef\u00fchrt, <strong><a href=\"http:\/\/shop.archivista.ch\/oscommunity\/catalog\/product_info.php?products_id=107&amp;osCsid=020b5624593f9dce28c261b666a2b467\">ArchivistaERP 2022\/VI kann genauso wie ArchivistaDMS 2022\/VI ohne Kosten in der ArchivistaCloud genutzt werden.<\/a><\/strong><\/em><\/p>\n<p><a href=\"https:\/\/archivista.ch\/cms\/wp-content\/uploads\/2022\/06\/ow11.jpg\"><img loading=\"lazy\" decoding=\"async\" class=\"alignnone size-full wp-image-9444\" src=\"https:\/\/archivista.ch\/cms\/wp-content\/uploads\/2022\/06\/ow11.jpg\" alt=\"\" width=\"1920\" height=\"1080\" srcset=\"https:\/\/archivista.ch\/cms\/wp-content\/uploads\/2022\/06\/ow11.jpg 1920w, https:\/\/archivista.ch\/cms\/wp-content\/uploads\/2022\/06\/ow11-300x169.jpg 300w, https:\/\/archivista.ch\/cms\/wp-content\/uploads\/2022\/06\/ow11-1024x576.jpg 1024w, https:\/\/archivista.ch\/cms\/wp-content\/uploads\/2022\/06\/ow11-768x432.jpg 768w, https:\/\/archivista.ch\/cms\/wp-content\/uploads\/2022\/06\/ow11-600x338.jpg 600w, https:\/\/archivista.ch\/cms\/wp-content\/uploads\/2022\/06\/ow11-1536x864.jpg 1536w, https:\/\/archivista.ch\/cms\/wp-content\/uploads\/2022\/06\/ow11-624x351.jpg 624w\" sizes=\"auto, (max-width: 1920px) 100vw, 1920px\" \/><\/a><\/p>\n<h2>Darum erfolgt die Umstellung genau jetzt<\/h2>\n<p>Die neuen QR-Einzahlungsscheine wurden auf Mitte 2020 eingef\u00fchrt. Auf dem Markt durchgesetzt haben sich sich aber erst ein gutes Jahr sp\u00e4ter. Die \u00dcbergangsfrist bis zum Ende\u00a0 der alten Einzahlungsscheine ist auf Ende September 2022 angesetzt.<\/p>\n<p>Bei ArchivistaERP stellte sich dabei die Frage, wann und wie der Umstieg erfolgen sollte. Ein paralleler Betrieb der zwei Systeme erschien wenig dienlich. Alleine der Aufwand um abzukl\u00e4ren, ob Kunden den alten bzw. neuen Einzahlungsschein w\u00fcnschen, ist mit zu hohem administrativem Aufwand verbunden.<\/p>\n<p>Ein zu fr\u00fcher Umstieg h\u00e4tte zur Folge gehabt, dass die Akzeptanz der QR-Rechnung noch zu tief gewesen w\u00e4re. Selbstverst\u00e4ndlich ergibt eine Umstellung erst bei Ablauf der alten ESR-Rechnung ebenfalls wenig Sinn.<\/p>\n<p>Mit der Umstallung im Juni 2022 ist sichergestellt, dass die neuen QR-Rechnungen einerseits etabliert und verbreitet sind, weiter aber auch, dass allf\u00e4llige &#8222;Kinderkrankheiten&#8220; in den notwendigen Tools &#8222;ausgemerzt&#8220; sind.<\/p>\n<p><a href=\"https:\/\/archivista.ch\/cms\/wp-content\/uploads\/2022\/06\/ow10.jpg\"><img loading=\"lazy\" decoding=\"async\" class=\"alignnone size-full wp-image-9445\" src=\"https:\/\/archivista.ch\/cms\/wp-content\/uploads\/2022\/06\/ow10.jpg\" alt=\"\" width=\"1920\" height=\"1080\" srcset=\"https:\/\/archivista.ch\/cms\/wp-content\/uploads\/2022\/06\/ow10.jpg 1920w, https:\/\/archivista.ch\/cms\/wp-content\/uploads\/2022\/06\/ow10-300x169.jpg 300w, https:\/\/archivista.ch\/cms\/wp-content\/uploads\/2022\/06\/ow10-1024x576.jpg 1024w, https:\/\/archivista.ch\/cms\/wp-content\/uploads\/2022\/06\/ow10-768x432.jpg 768w, https:\/\/archivista.ch\/cms\/wp-content\/uploads\/2022\/06\/ow10-600x338.jpg 600w, https:\/\/archivista.ch\/cms\/wp-content\/uploads\/2022\/06\/ow10-1536x864.jpg 1536w, https:\/\/archivista.ch\/cms\/wp-content\/uploads\/2022\/06\/ow10-624x351.jpg 624w\" sizes=\"auto, (max-width: 1920px) 100vw, 1920px\" \/><\/a><\/p>\n<h2>So wird die neue QR-Rechnung aktiviert<\/h2>\n<p>Um eine QR-Rechnung zu erstellen, gen\u00fcgt es, dass eine IBAN-Nummer vorliegt. Aus diesem Grund wird die QR-Rechnung in ArchivistaERP neu auch dann erzeugt, wenn zuvor keine ESR-Teilnahmenummer bestand. Kurz und gut, um die QR-Rechnung zu aktivieren, gen\u00fcgt es, bei Bankkonten die IBAN-Nummer einzutragen. Damit werden QR-Einzahlungsscheine erstellt. Die in ArchivistaERP g\u00fcltige Rechnungsnummer wird dabei als Mitteilung mitgedruckt.<\/p>\n<p><a href=\"https:\/\/archivista.ch\/cms\/wp-content\/uploads\/2022\/06\/qrbill2.jpg\"><img loading=\"lazy\" decoding=\"async\" class=\"alignnone size-full wp-image-9450\" src=\"https:\/\/archivista.ch\/cms\/wp-content\/uploads\/2022\/06\/qrbill2.jpg\" alt=\"\" width=\"1172\" height=\"615\" srcset=\"https:\/\/archivista.ch\/cms\/wp-content\/uploads\/2022\/06\/qrbill2.jpg 1172w, https:\/\/archivista.ch\/cms\/wp-content\/uploads\/2022\/06\/qrbill2-300x157.jpg 300w, https:\/\/archivista.ch\/cms\/wp-content\/uploads\/2022\/06\/qrbill2-1024x537.jpg 1024w, https:\/\/archivista.ch\/cms\/wp-content\/uploads\/2022\/06\/qrbill2-768x403.jpg 768w, https:\/\/archivista.ch\/cms\/wp-content\/uploads\/2022\/06\/qrbill2-600x315.jpg 600w, https:\/\/archivista.ch\/cms\/wp-content\/uploads\/2022\/06\/qrbill2-624x327.jpg 624w\" sizes=\"auto, (max-width: 1172px) 100vw, 1172px\" \/><\/a><\/p>\n<h2>QR-Rechnung mit QR-IBAN<\/h2>\n<p>Der Vorteil des alten ESR-Einzahlungsscheines lag darin, dass bei den entsprechenden Rechnungen eine Referenznummer mit angegeben werden konnte. Damit lassen sich bezahlte Rechnungen sp\u00e4ter automatisiert in der Buchhaltung abbuchen.<\/p>\n<p>Um diese Funktionalit\u00e4t zu erhalten, ist eine sogenannte QR-IBAN notwendig. Falls bislang eine ESR-Teilnahmenummer bestand, wurde den entsprechenden Teilnehmer\/innen l\u00e4ngst die QR-IBAN zugestellt. Alle anderen k\u00f6nnen bei ihrer Bank eine QR-IBAN-Nummer beantragen.<\/p>\n<p>Sofern die QR-IBAN-Nummer beim Bankkonto eingetragen ist, wird anstelle der Mitteilung der Rechnungsnummer die korrekte Referenznummer (27-stellig) auf dem Einzahlungsschein mitegedruckt. Damit ist die QR-Rechnung mit Referenznummer eingerichtet.<\/p>\n<p><a href=\"https:\/\/archivista.ch\/cms\/wp-content\/uploads\/2022\/06\/ow05.jpg\"><img loading=\"lazy\" decoding=\"async\" class=\"alignnone size-full wp-image-9447\" src=\"https:\/\/archivista.ch\/cms\/wp-content\/uploads\/2022\/06\/ow05.jpg\" alt=\"\" width=\"1920\" height=\"1080\" srcset=\"https:\/\/archivista.ch\/cms\/wp-content\/uploads\/2022\/06\/ow05.jpg 1920w, https:\/\/archivista.ch\/cms\/wp-content\/uploads\/2022\/06\/ow05-300x169.jpg 300w, https:\/\/archivista.ch\/cms\/wp-content\/uploads\/2022\/06\/ow05-1024x576.jpg 1024w, https:\/\/archivista.ch\/cms\/wp-content\/uploads\/2022\/06\/ow05-768x432.jpg 768w, https:\/\/archivista.ch\/cms\/wp-content\/uploads\/2022\/06\/ow05-600x338.jpg 600w, https:\/\/archivista.ch\/cms\/wp-content\/uploads\/2022\/06\/ow05-1536x864.jpg 1536w, https:\/\/archivista.ch\/cms\/wp-content\/uploads\/2022\/06\/ow05-624x351.jpg 624w\" sizes=\"auto, (max-width: 1920px) 100vw, 1920px\" \/><\/a><\/p>\n<h2>QR-Rechnungen in ArchivistaERP als Teil der Rechnung<\/h2>\n<p>In fr\u00fcheren Versionen von ArchivistaERP wurde die ESR-Rechnung separat erstellt und konnte auch entsprechend verarbeitet werden. Neu bildet die QR-Rechnung einen integrierten Bestandteil der Rechnung (immer jeweils letzte Seite der Rechnung).<\/p>\n<p>Falls die QR-Rechnung nicht gew\u00fcnscht wird (z.B. Kunden in Deutschland oder \u00d6sterreich), so kann die QR-Rechnung beim Bankkonto mit &#8218;QR-Rechnungen deaktivieren&#8216; auch abgeschaltet werden.<\/p>\n<p><a href=\"https:\/\/archivista.ch\/cms\/wp-content\/uploads\/2022\/06\/ow09.jpg\"><img loading=\"lazy\" decoding=\"async\" class=\"alignnone size-full wp-image-9446\" src=\"https:\/\/archivista.ch\/cms\/wp-content\/uploads\/2022\/06\/ow09.jpg\" alt=\"\" width=\"1920\" height=\"1080\" srcset=\"https:\/\/archivista.ch\/cms\/wp-content\/uploads\/2022\/06\/ow09.jpg 1920w, https:\/\/archivista.ch\/cms\/wp-content\/uploads\/2022\/06\/ow09-300x169.jpg 300w, https:\/\/archivista.ch\/cms\/wp-content\/uploads\/2022\/06\/ow09-1024x576.jpg 1024w, https:\/\/archivista.ch\/cms\/wp-content\/uploads\/2022\/06\/ow09-768x432.jpg 768w, https:\/\/archivista.ch\/cms\/wp-content\/uploads\/2022\/06\/ow09-600x338.jpg 600w, https:\/\/archivista.ch\/cms\/wp-content\/uploads\/2022\/06\/ow09-1536x864.jpg 1536w, https:\/\/archivista.ch\/cms\/wp-content\/uploads\/2022\/06\/ow09-624x351.jpg 624w\" sizes=\"auto, (max-width: 1920px) 100vw, 1920px\" \/><\/a><\/p>\n<h2>ArchivistaERP auf jeder ArchivistaBox und in der Cloud<\/h2>\n<p>ArchivistaERP bildet einen integralen Bestandteil einer jeden ArchivistaBox. Diese L\u00f6sung kann sowohl als Bring-Your-On-Device (BYOD), als Appliance (ArchivistaBox) und virtualisiert (KVM, VMware, Hyper-V) betrieben werden.<\/p>\n<p>Wer ArchivistaERP (selbstverst\u00e4ndlich auch ArchivistaDMS) kostenfrei betreiben m\u00f6chte, der findet in der ArchivistaCloud eine interessante Alternative vor. <strong><a href=\"http:\/\/shop.archivista.ch\/oscommunity\/catalog\/product_info.php?products_id=107&amp;osCsid=020b5624593f9dce28c261b666a2b467\">ArchivistaCloud kann im Web-Shop kostenfrei eingerichtet werden.<\/a><\/strong><\/p>\n\n\n\n\t<div class=\"dkpdf-button-container\" style=\"            text-align:right \">\n\n\t\t<a class=\"dkpdf-button\" href=\"\/cms\/wp-json\/wp\/v2\/pages\/9441?pdf=9441\" target=\"_blank\"><span class=\"dkpdf-button-icon\"><i class=\"fa fa-file-pdf-o\"><\/i><\/span> PDF Button<\/a>\n\n\t<\/div>\n\n\n\n\n\n","protected":false},"excerpt":{"rendered":"<p>Smarte Rechnungen mit der ArchivistaBox Egg, 27. Juni 2022: Seit dem Jahre 2011 unterst\u00fctzt ArchivistaERP den ESR-Standard f\u00fcr die Einzahlungsscheine in der Schweiz. Per Ende September 2022 werden diese definitv durch die neuen QR-Rechnungen abgel\u00f6st. In diesem Beitrag wird aufgezeigt, wie einfach QR-Rechnungen mit ArchivistaERP erstellt werden k\u00f6nnen. Einleitend sei hier angef\u00fchrt, ArchivistaERP 2022\/VI kann [&hellip;]<\/p>\n","protected":false},"author":1,"featured_media":0,"parent":9616,"menu_order":64,"comment_status":"closed","ping_status":"closed","template":"","meta":{"_acf_changed":false,"footnotes":""},"class_list":["post-9441","page","type-page","status-publish","hentry"],"acf":[],"_links":{"self":[{"href":"https:\/\/archivista.ch\/cms\/wp-json\/wp\/v2\/pages\/9441","targetHints":{"allow":["GET"]}}],"collection":[{"href":"https:\/\/archivista.ch\/cms\/wp-json\/wp\/v2\/pages"}],"about":[{"href":"https:\/\/archivista.ch\/cms\/wp-json\/wp\/v2\/types\/page"}],"author":[{"embeddable":true,"href":"https:\/\/archivista.ch\/cms\/wp-json\/wp\/v2\/users\/1"}],"replies":[{"embeddable":true,"href":"https:\/\/archivista.ch\/cms\/wp-json\/wp\/v2\/comments?post=9441"}],"version-history":[{"count":4,"href":"https:\/\/archivista.ch\/cms\/wp-json\/wp\/v2\/pages\/9441\/revisions"}],"predecessor-version":[{"id":9455,"href":"https:\/\/archivista.ch\/cms\/wp-json\/wp\/v2\/pages\/9441\/revisions\/9455"}],"up":[{"embeddable":true,"href":"https:\/\/archivista.ch\/cms\/wp-json\/wp\/v2\/pages\/9616"}],"wp:attachment":[{"href":"https:\/\/archivista.ch\/cms\/wp-json\/wp\/v2\/media?parent=9441"}],"curies":[{"name":"wp","href":"https:\/\/api.w.org\/{rel}","templated":true}]}}