{"id":9488,"date":"2022-09-21T08:00:11","date_gmt":"2022-09-21T06:00:11","guid":{"rendered":"https:\/\/archivista.ch\/cms\/?page_id=9488"},"modified":"2023-01-10T01:19:20","modified_gmt":"2023-01-10T00:19:20","slug":"neuer-html-import-in-2022-ix","status":"publish","type":"page","link":"https:\/\/archivista.ch\/cms\/de\/aktuell-blog\/blogs-2022\/neuer-html-import-in-2022-ix\/","title":{"rendered":"Neuer HTML-Import in 2022\/IX"},"content":{"rendered":"<h1>Bessere Render-Engine f\u00fcr Webseiten-Archivierung<\/h1>\n<p><em><strong>Egg, 21. September 2022:<\/strong> Der Import von HTML-Inhalten (Web-Seiten) f\u00fcr die ArchivistaBox wurde bisher \u00fcber PDF-Dateien ab den URL-Links bewerkstelligt. Neu k\u00f6nnen HTML-Inhalte direkt \u00fcber die Firefox-Engine bzw. das AddOn SingleFile realisiert werden. \u00dcberdies bringt Version 2022\/IX einen ganzen Strauss an Neuerungen, dazu mehr am Ende des Beitrages.<\/em><\/p>\n<p><a href=\"https:\/\/archivista.ch\/cms\/wp-content\/uploads\/2022\/09\/herbst2.jpg\"><img loading=\"lazy\" decoding=\"async\" class=\"alignnone size-full wp-image-9500\" src=\"https:\/\/archivista.ch\/cms\/wp-content\/uploads\/2022\/09\/herbst2.jpg\" alt=\"\" width=\"1920\" height=\"1080\" srcset=\"https:\/\/archivista.ch\/cms\/wp-content\/uploads\/2022\/09\/herbst2.jpg 1920w, https:\/\/archivista.ch\/cms\/wp-content\/uploads\/2022\/09\/herbst2-300x169.jpg 300w, https:\/\/archivista.ch\/cms\/wp-content\/uploads\/2022\/09\/herbst2-1024x576.jpg 1024w, https:\/\/archivista.ch\/cms\/wp-content\/uploads\/2022\/09\/herbst2-768x432.jpg 768w, https:\/\/archivista.ch\/cms\/wp-content\/uploads\/2022\/09\/herbst2-600x338.jpg 600w, https:\/\/archivista.ch\/cms\/wp-content\/uploads\/2022\/09\/herbst2-1536x864.jpg 1536w, https:\/\/archivista.ch\/cms\/wp-content\/uploads\/2022\/09\/herbst2-624x351.jpg 624w\" sizes=\"auto, (max-width: 1920px) 100vw, 1920px\" \/><\/a><\/p>\n<h1>Bisheriger Import \u00fcber LibreOffice<\/h1>\n<p>Um die &#8222;Schw\u00e4chen&#8220; beim bisherigen Import aufzuzeigen, wird in diesem Beitrag der letzte Blog-Eintrag der ArchivistaBox verwendet: <strong><a href=\"https:\/\/archivista.ch\/cms\/de\/aktuell-blog\/2022-viii-und-neue-preise\/\">2022\/VIII und neue Preise.<\/a> <\/strong>Um eine (diese) Seite als HTML-Datei zu sichern, ist sie im Web-Browser als HTML-Seite zu speichern. Danach kann sie in den Office-Ordner der ArchivistaBox verschoben werden.<\/p>\n<p><a href=\"https:\/\/archivista.ch\/cms\/wp-content\/uploads\/2022\/09\/avhtml-old.jpg\"><img loading=\"lazy\" decoding=\"async\" class=\"alignnone size-full wp-image-9495\" src=\"https:\/\/archivista.ch\/cms\/wp-content\/uploads\/2022\/09\/avhtml-old.jpg\" alt=\"\" width=\"1920\" height=\"707\" srcset=\"https:\/\/archivista.ch\/cms\/wp-content\/uploads\/2022\/09\/avhtml-old.jpg 1920w, https:\/\/archivista.ch\/cms\/wp-content\/uploads\/2022\/09\/avhtml-old-300x110.jpg 300w, https:\/\/archivista.ch\/cms\/wp-content\/uploads\/2022\/09\/avhtml-old-1024x377.jpg 1024w, https:\/\/archivista.ch\/cms\/wp-content\/uploads\/2022\/09\/avhtml-old-768x283.jpg 768w, https:\/\/archivista.ch\/cms\/wp-content\/uploads\/2022\/09\/avhtml-old-600x221.jpg 600w, https:\/\/archivista.ch\/cms\/wp-content\/uploads\/2022\/09\/avhtml-old-1536x566.jpg 1536w, https:\/\/archivista.ch\/cms\/wp-content\/uploads\/2022\/09\/avhtml-old-624x230.jpg 624w\" sizes=\"auto, (max-width: 1920px) 100vw, 1920px\" \/><\/a><\/p>\n<p>Bei der Verarbeitung wird LibreOffice aufgerufen, aus der HTML-Datei entsteht eine PDF-Datei und diese wiederum wird f\u00fcr den Import verwendet. Dabei werden zwar grundlegende HTML-Elemente erfasst, doch geht es um etwas mehr Gestaltung (was mittlerweile bei fast allen Homepages der Fall ist), dann versagt der HTML-Import.<\/p>\n<h2>HTML-Dateien als PDF-Dateien verarbeiten<\/h2>\n<p>In fast allen modernen Browsern ist es m\u00f6glich, beim Drucken direkt eine PDF-Datei zu erstellen. \u00dcbliche Seiten (dazu z\u00e4hlt auch unser Beispiel) einer Webpage k\u00f6nnen damit in zufriedenstellender Qualit\u00e4t erfasst werden.<\/p>\n<p><a href=\"https:\/\/archivista.ch\/cms\/wp-content\/uploads\/2022\/09\/avblick.jpg\"><img loading=\"lazy\" decoding=\"async\" class=\"alignnone size-full wp-image-9497\" src=\"https:\/\/archivista.ch\/cms\/wp-content\/uploads\/2022\/09\/avblick.jpg\" alt=\"\" width=\"1191\" height=\"1697\" srcset=\"https:\/\/archivista.ch\/cms\/wp-content\/uploads\/2022\/09\/avblick.jpg 1191w, https:\/\/archivista.ch\/cms\/wp-content\/uploads\/2022\/09\/avblick-300x427.jpg 300w, https:\/\/archivista.ch\/cms\/wp-content\/uploads\/2022\/09\/avblick-211x300.jpg 211w, https:\/\/archivista.ch\/cms\/wp-content\/uploads\/2022\/09\/avblick-719x1024.jpg 719w, https:\/\/archivista.ch\/cms\/wp-content\/uploads\/2022\/09\/avblick-768x1094.jpg 768w, https:\/\/archivista.ch\/cms\/wp-content\/uploads\/2022\/09\/avblick-600x855.jpg 600w, https:\/\/archivista.ch\/cms\/wp-content\/uploads\/2022\/09\/avblick-1078x1536.jpg 1078w, https:\/\/archivista.ch\/cms\/wp-content\/uploads\/2022\/09\/avblick-624x889.jpg 624w\" sizes=\"auto, (max-width: 1191px) 100vw, 1191px\" \/><\/a><\/p>\n<p>Schwieriger wird es, wenn die Inhaltsanbieter die letzten HTML-Kniffs verwenden. Als Beispiel sei hier die Homepage von blick.ch angef\u00fchrt. Die (z.B. ab Firefox) erstellen PDF-Dateien verm\u00f6gen leider nicht in Ans\u00e4tzen das &#8222;hervorzuzaubern&#8220;, was origin\u00e4r auf der Homepage vorhanden war.<\/p>\n<h2>HTML-Dateien mit Firefox-Addon SingleFile<\/h2>\n<p>Wer Webseiten layoutgenau archivieren m\u00f6chte, sieht sich zun\u00e4chst einmal mit dem Problem konfrontiert, dass eine HTML-Seite aus vielen kleinen Puzzleteilen besteht. Wer folglich einfach die HTML-Datei mit &#8218;Speichern unter&#8216; sichert, findet im Dateimanager neben der eigentlichen HTML-Datei meist eine Unzahl weiterer Dateien vor.<\/p>\n<p>Es reicht folglich nicht, einfach die HTML-Datei zur ArchivistaBox zu \u00fcbertragen, weil damit die Bilder und Layoutvorlagen (CSS-Dateien) fehlen. Ebenso enthalten HTML-Dateien oft und gerne externe Skript-Dateien, die f\u00fcr ein korrektes Anzeigen der Inhalte zwingend notwendig sind.<\/p>\n<p><a href=\"https:\/\/archivista.ch\/cms\/wp-content\/uploads\/2022\/09\/avsingle.png\"><img loading=\"lazy\" decoding=\"async\" class=\"alignnone size-full wp-image-9498\" src=\"https:\/\/archivista.ch\/cms\/wp-content\/uploads\/2022\/09\/avsingle.png\" alt=\"\" width=\"558\" height=\"184\" srcset=\"https:\/\/archivista.ch\/cms\/wp-content\/uploads\/2022\/09\/avsingle.png 558w, https:\/\/archivista.ch\/cms\/wp-content\/uploads\/2022\/09\/avsingle-300x99.png 300w\" sizes=\"auto, (max-width: 558px) 100vw, 558px\" \/><\/a><\/p>\n<h3>Schritt 1: Export der gew\u00fcnschten Seite mit SingleFile<\/h3>\n<p>An dieser Stelle setzt das Firefox AddOn &#8218;SingleFile&#8216; ein. Dieses ist ab Version 2022\/IX zusammen mit aktualisiertem Firefox auf der ArchivistaBox enthalten. Der Button-Knopf (Icon) befindet sich oben rechts im Browser. Ein Klick darauf gen\u00fcgt, dass alle externen HTML-Elemente in die von SingleFile erstellen HTML-Datei &#8222;verfrachtet&#8220; werden.<\/p>\n<h3>Schritt 2: Import als HTML-Datei zur ArchivistaBox<\/h3>\n<p>Diese Datei kann danach bequem \u00fcber den Datei-Upload bzw. den ArchivistaBox-Freigabe-Ordner (office-Verzeichnis) \u00fcbertragen werden.<\/p>\n<p><a href=\"https:\/\/archivista.ch\/cms\/wp-content\/uploads\/2022\/09\/avhtml-neu.jpg\"><img loading=\"lazy\" decoding=\"async\" class=\"alignnone size-full wp-image-9496\" src=\"https:\/\/archivista.ch\/cms\/wp-content\/uploads\/2022\/09\/avhtml-neu.jpg\" alt=\"\" width=\"1920\" height=\"1000\" srcset=\"https:\/\/archivista.ch\/cms\/wp-content\/uploads\/2022\/09\/avhtml-neu.jpg 1920w, https:\/\/archivista.ch\/cms\/wp-content\/uploads\/2022\/09\/avhtml-neu-300x156.jpg 300w, https:\/\/archivista.ch\/cms\/wp-content\/uploads\/2022\/09\/avhtml-neu-1024x533.jpg 1024w, https:\/\/archivista.ch\/cms\/wp-content\/uploads\/2022\/09\/avhtml-neu-768x400.jpg 768w, https:\/\/archivista.ch\/cms\/wp-content\/uploads\/2022\/09\/avhtml-neu-600x313.jpg 600w, https:\/\/archivista.ch\/cms\/wp-content\/uploads\/2022\/09\/avhtml-neu-1536x800.jpg 1536w, https:\/\/archivista.ch\/cms\/wp-content\/uploads\/2022\/09\/avhtml-neu-624x325.jpg 624w\" sizes=\"auto, (max-width: 1920px) 100vw, 1920px\" \/><\/a><\/p>\n<p>Im Unterschied zu fr\u00fcheren Versionen werden HTML-Dateien dabei neu mit Firefox selber im sogenannten Headless-Modus verarbeitet. Der Browser wird im Hintergrund bei der Verarbeitung ge\u00f6ffnet und gleichzeitig wird anhand der HTML-Datei eine Bildschirmkopie erstellt. Zus\u00e4tzlich wird der Text direkt aus dem Original extrahiert und in die ArchivistaBox \u00fcberf\u00fchrt. Analog zum obigen Beispiel hier auch nochmals die blick.ch-Seite:<\/p>\n<p><a href=\"https:\/\/archivista.ch\/cms\/wp-content\/uploads\/2022\/09\/avblick2.jpg\"><img loading=\"lazy\" decoding=\"async\" class=\"alignnone size-full wp-image-9506\" src=\"https:\/\/archivista.ch\/cms\/wp-content\/uploads\/2022\/09\/avblick2.jpg\" alt=\"\" width=\"1920\" height=\"1080\" srcset=\"https:\/\/archivista.ch\/cms\/wp-content\/uploads\/2022\/09\/avblick2.jpg 1920w, https:\/\/archivista.ch\/cms\/wp-content\/uploads\/2022\/09\/avblick2-300x169.jpg 300w, https:\/\/archivista.ch\/cms\/wp-content\/uploads\/2022\/09\/avblick2-1024x576.jpg 1024w, https:\/\/archivista.ch\/cms\/wp-content\/uploads\/2022\/09\/avblick2-768x432.jpg 768w, https:\/\/archivista.ch\/cms\/wp-content\/uploads\/2022\/09\/avblick2-600x338.jpg 600w, https:\/\/archivista.ch\/cms\/wp-content\/uploads\/2022\/09\/avblick2-1536x864.jpg 1536w, https:\/\/archivista.ch\/cms\/wp-content\/uploads\/2022\/09\/avblick2-624x351.jpg 624w\" sizes=\"auto, (max-width: 1920px) 100vw, 1920px\" \/><\/a><\/p>\n<p>Gerade bei aufw\u00e4ndigen Layouts (z.B. weisse Schrift in Bildern) k\u00f6nnen so deutlich bessere Resultate erzielt werden, als dies der Fall w\u00e4re, wenn entweder die Texterkennung &#8222;angeworfen&#8220; w\u00fcrde oder der Text \u00fcber eine generierte PDF-Datei ausgelesen w\u00fcrde.<\/p>\n<p><a href=\"https:\/\/archivista.ch\/cms\/wp-content\/uploads\/2022\/09\/herbst.jpg\"><img loading=\"lazy\" decoding=\"async\" class=\"alignnone size-full wp-image-9501\" src=\"https:\/\/archivista.ch\/cms\/wp-content\/uploads\/2022\/09\/herbst.jpg\" alt=\"\" width=\"1920\" height=\"1080\" srcset=\"https:\/\/archivista.ch\/cms\/wp-content\/uploads\/2022\/09\/herbst.jpg 1920w, https:\/\/archivista.ch\/cms\/wp-content\/uploads\/2022\/09\/herbst-300x169.jpg 300w, https:\/\/archivista.ch\/cms\/wp-content\/uploads\/2022\/09\/herbst-1024x576.jpg 1024w, https:\/\/archivista.ch\/cms\/wp-content\/uploads\/2022\/09\/herbst-768x432.jpg 768w, https:\/\/archivista.ch\/cms\/wp-content\/uploads\/2022\/09\/herbst-600x338.jpg 600w, https:\/\/archivista.ch\/cms\/wp-content\/uploads\/2022\/09\/herbst-1536x864.jpg 1536w, https:\/\/archivista.ch\/cms\/wp-content\/uploads\/2022\/09\/herbst-624x351.jpg 624w\" sizes=\"auto, (max-width: 1920px) 100vw, 1920px\" \/><\/a><\/p>\n<h2>Fazit: Perfekte HTML-Importe ab Version 2022\/IX<\/h2>\n<p>Die Resultate k\u00f6nnen sich sehen lassen. Selbst komplette Layouts werden perfekt verarbeitet, die generierten Seiten in der ArchivistaBox bieten nahezu 100% Passgenauigkeit zu den Originalen.<\/p>\n<p>\u00dcbrigens: All jenen, die an einwenden, es w\u00e4re doch einfacher, eingelesene HTML-Dateien jeweils direkt als HTML-Datei (z.B. in einem neuen Tab) in einem Browser-Fenster darzustellen, sei gesagt: Wer in der ArchivistaBox beim jeweiligen Dokument auf &#8218;Datei&#8216; klickt, erh\u00e4lt genau dies.<\/p>\n<p>Nur, wer garantiert, dass in f\u00fcnf oder zehn Jahren die jeweiligen Browser die Inhalte in der urspr\u00fcnglichen Form darstellen k\u00f6nnen, wenn (nach ca. 30 Jahren Web-Technologie) das Drucken von komplexeren HTML-Seiten noch immer nicht befriedigend funktioniert?<\/p>\n<h2>Erst &#8222;virtuelles Scannen&#8220; ergibt Langzeitarchivierung<\/h2>\n<p>Alleine aus diesem Grund ist das virtuelle &#8222;Scannen&#8220; der Inhalte essentiell, gerade bei HTML-Inhalten. Die ArchivistaBox bietet mit &#8222;gerasterten&#8220; Kopien der Inhalte seit nunmehr fast 25 Jahren eine Langfristigkeit bei den eingepflegten Daten an, die es sonst auf dem Markt so nicht gibt. Stellvertretend f\u00fcr viele sei auf das Konzept f\u00fcr die Langzeitarchivierung der Universit\u00e4t verwiesen.<\/p>\n<p><a href=\"https:\/\/archivista.ch\/cms\/wp-content\/uploads\/2022\/09\/unibern.jpg\"><img loading=\"lazy\" decoding=\"async\" class=\"alignnone size-full wp-image-9493\" src=\"https:\/\/archivista.ch\/cms\/wp-content\/uploads\/2022\/09\/unibern.jpg\" alt=\"\" width=\"1107\" height=\"887\" srcset=\"https:\/\/archivista.ch\/cms\/wp-content\/uploads\/2022\/09\/unibern.jpg 1107w, https:\/\/archivista.ch\/cms\/wp-content\/uploads\/2022\/09\/unibern-300x240.jpg 300w, https:\/\/archivista.ch\/cms\/wp-content\/uploads\/2022\/09\/unibern-1024x820.jpg 1024w, https:\/\/archivista.ch\/cms\/wp-content\/uploads\/2022\/09\/unibern-768x615.jpg 768w, https:\/\/archivista.ch\/cms\/wp-content\/uploads\/2022\/09\/unibern-600x481.jpg 600w, https:\/\/archivista.ch\/cms\/wp-content\/uploads\/2022\/09\/unibern-624x500.jpg 624w\" sizes=\"auto, (max-width: 1107px) 100vw, 1107px\" \/><\/a><\/p>\n<p><strong><a href=\"https:\/\/www.ub.unibe.ch\/unibe\/portal\/unibiblio\/content\/e6304\/e583799\/e791542\/e791788\/files955270\/UBBerndLZAFormatpolicy_ger.pdf\">Darin<\/a><\/strong> wird aufgelistet, welche Formate sich f\u00fcr die Langzeitarchivierung eignen. Interessanterweise findet sich das HTML-Format darin gerade nicht. Vielmehr wird entweder das Tiff-Format oder prim\u00e4r PDF\/A empfohlen. Schon erstaunlich, nach mittlerweile ca. 30 Jahren WWW wird in diesem Leitfaden HTML gar nicht erst als Quelle angef\u00fchrt.<\/p>\n<p>Ebenso darf angef\u00fchrt werden, dass zwar eingebetteter JavaScript-Code in den PDF\/A-Dateien &#8222;zul\u00e4ssig&#8220; ist, alle Audio- und Video-Inhalte d\u00fcrfen explizit nicht in die Langzeitarchivierung gem\u00e4ss diesem Konzept \u00fcberf\u00fchrt werden.<\/p>\n<h2>Weitere Neuerungen in Version 2022\/IX<\/h2>\n<p>Die nachfolgenden Neuerungen finden sich sowohl auf AVMultimedia wie auf der ArchivistaBox. Wie bereits oben angef\u00fchrt, die Version 2022\/IX wird mit aktualisiertem Firefox (aktuell Version 105) ausgeliefert. Ebenso aktualisiert bzw. bereinigt wurden die AddOns. Nicht mehr an Bord ist Hide-My-IP, da das AddOn nicht mehr &#8222;gepflegt&#8220; wird. Mit der Integration von ProtonVPN steht ganz grunds\u00e4tzlich eine w\u00fcrdige Alternative zur Verf\u00fcgung.<\/p>\n<h3>Buster: Captcha-Solver-for-Humans<\/h3>\n<p>L\u00e4stig in den letzten Monaten gestaltet sich die Captcha-Manie allenthalben. Und noch l\u00e4stiger dabei ist, dass einmal mehr das Monopol\u00a0 &#8218;reCaptcha&#8216; des Suchriesen sich fast seuchenm\u00e4ssig ausbreitet. Das mag gut f\u00fcr den Giganten sein (ein jeder Klick generiert Nutzerdaten), es ist aber aktuell eine Plage. Auch wenn das AddOn &#8218;Buster: Captcha-Solver-for-Humans&#8216; nicht alle reCaptchas eliminiert, in vielen F\u00e4llen bietet der Klick Abhilfe, m\u00fchsamste Bilder-&#8222;Orgien&#8220; k\u00f6nnen vermieden werden.<\/p>\n<p><a href=\"https:\/\/archivista.ch\/cms\/wp-content\/uploads\/2022\/09\/captcha-solver.jpg\"><img loading=\"lazy\" decoding=\"async\" class=\"alignnone size-full wp-image-9494\" src=\"https:\/\/archivista.ch\/cms\/wp-content\/uploads\/2022\/09\/captcha-solver.jpg\" alt=\"\" width=\"223\" height=\"351\" srcset=\"https:\/\/archivista.ch\/cms\/wp-content\/uploads\/2022\/09\/captcha-solver.jpg 223w, https:\/\/archivista.ch\/cms\/wp-content\/uploads\/2022\/09\/captcha-solver-191x300.jpg 191w\" sizes=\"auto, (max-width: 223px) 100vw, 223px\" \/><\/a><\/p>\n<p>Technologisch betrachtet arbeitet die L\u00f6sung so, dass der Audio-Stream an den Buster-Server gesendet wird. Dieser &#8222;l\u00f6st&#8220; das R\u00e4tsel mit Spracherkennung. Da reCaptcha allenthalben mit neuen unsinnigen Beispielen &#8222;gef\u00fcttert&#8220; wird, kann es leider manchmal vorkommen, dass die Spracherkennung nicht zum gew\u00fcnschten Resultat f\u00fchrt. Bilder-Klicken ist dann ja noch immer m\u00f6glich.<\/p>\n<h3>UBlock und CanvasBlocker<\/h3>\n<p>Weiter auf der ArchivistaBox enthalten ist UBlock, um m\u00f6glichst sorgenfrei im Internet surfen zu k\u00f6nnen. Zwei drei diskrete Adds auf einer Suchmaske, dagegen h\u00e4tte wohl niemand etwas zu meckern. Der Suchriese ist ja genau damit angetreten. Nur, mittlerweile gestaltet sich das Surfen im Netz zum Spiessrutenlauf, es wird derart viel Werbung eingeblendet, dass UBlock hier zumindest eine gewisse Abhilfe ergibt.<\/p>\n<p>Neu bzw. als Alternative zum bisherigen Fingerprinting ist CanvasBlocker enthalten. Da mittlerweile der gr\u00f6sste Teil der Hompeages mit Cookies &#8222;\u00fcberfrachtet&#8220; ist, anhand derer eindeutiger Keys das Surf-Verhalten nahtlos &#8222;getrackt&#8220; werden kann, generiert CanvasBlocker im Prinzip zuf\u00e4lligen M\u00fcll, damit das Tracking (zumindest) erschwert wird.<\/p>\n<p><a href=\"https:\/\/archivista.ch\/cms\/wp-content\/uploads\/2022\/09\/herbst3.jpg\"><img loading=\"lazy\" decoding=\"async\" class=\"alignnone size-full wp-image-9499\" src=\"https:\/\/archivista.ch\/cms\/wp-content\/uploads\/2022\/09\/herbst3.jpg\" alt=\"\" width=\"1920\" height=\"1080\" srcset=\"https:\/\/archivista.ch\/cms\/wp-content\/uploads\/2022\/09\/herbst3.jpg 1920w, https:\/\/archivista.ch\/cms\/wp-content\/uploads\/2022\/09\/herbst3-300x169.jpg 300w, https:\/\/archivista.ch\/cms\/wp-content\/uploads\/2022\/09\/herbst3-1024x576.jpg 1024w, https:\/\/archivista.ch\/cms\/wp-content\/uploads\/2022\/09\/herbst3-768x432.jpg 768w, https:\/\/archivista.ch\/cms\/wp-content\/uploads\/2022\/09\/herbst3-600x338.jpg 600w, https:\/\/archivista.ch\/cms\/wp-content\/uploads\/2022\/09\/herbst3-1536x864.jpg 1536w, https:\/\/archivista.ch\/cms\/wp-content\/uploads\/2022\/09\/herbst3-624x351.jpg 624w\" sizes=\"auto, (max-width: 1920px) 100vw, 1920px\" \/><\/a><\/p>\n<h3>Firefox-Startordner beim Neustart wiederherstellen<\/h3>\n<p>Beide AddOns arbeiten so, dass es eine Lernkurve gibt, d.h. die Tools lernen aufgrund des Surf-Verhaltens. Damit der &#8222;Trainingseffekt&#8220; nicht nach jedem Neustart verlorengeht, kann neu der .mozilla-Ordner unter \/home\/archivista beim Neustart beibehalten werden, sofern er zuvor nach \/home\/archivista\/data\/mozilla kopiert wurde.<\/p>\n<p>Das obige Vorgehen bietet sich auch dann an, wenn eigene AddOns aktiviert werden sollen. Wichtig beim Anlegen des .mozilla-Ordners ist nat\u00fcrlich, dass gecachte Dateien zuvor eliminiert werden.<\/p>\n<h3>ProtonVPN: Surfen \u00fcber Landesgrenzen<\/h3>\n<p>An sich w\u00e4re das Netz ja offen f\u00fcr alle und \u00fcberall zu jeder Zeit. Immer h\u00e4ufiger werden jedoch sogenannte Geo-Sperren aktiviert. Wer z.B. einen Film bei Arte.tv ansehen m\u00f6chte, findet (falls in der Schweiz unterwegs) den lapidaren Hinweis, dass die Inhalte in dieser Sprachregion nicht zur Verf\u00fcgung st\u00fcnden.<\/p>\n<p>Mit ProtonVPN l\u00e4sst sich dies &#8222;aushebeln&#8220;. Wichtig zu erw\u00e4hnen ist, dass an dieser Stelle keine Abhandlung erfolgen kann, ob virtuelle private Netzwerke in allen L\u00e4ndern bzw. in welchen Staaten legal bzw. illegal sind. \u00dcberdies erfordert der Einsatz von ProtonVPN ein Konto beim Anbieter und in der freien Version sind nur einige wenige Standort (Niederlande und USA) verf\u00fcgbar. Wer mehr m\u00f6chte, muss ein Abo l\u00f6sen (Kosten aktuell zwischen 5 bis 15 Franken\/Euro f\u00fcr zehn Ger\u00e4te).<\/p>\n<p>Bei der ArchivistaBox bzw. AVMultimedia ist aktuell die Konsolen-Version verf\u00fcgbar. Mit &#8218;protonvpn init&#8216; kann das Konto eingerichtet werden. Wer diesen Vorgang \u00fcber den Neustart hinaus aktiviert haben m\u00f6chte, muss die Dateien bzw. Ordner jeweils aktivieren. Das nachfolgende Skript m\u00f6ge als Hilfestellung dienen, wie dies bewerkstelligt werden kann:<\/p>\n<pre><strong>#!\/bin\/bash<\/strong>\r\n<strong>pin=\"\/home\/archivista\/data\/protonvpn\"<\/strong>\r\n<strong>cp -pf $pin\/update-resolv-conf \/etc\/openvpn<\/strong>\r\n<strong>cp -pf $pin\/resolv.conf \/etc<\/strong>\r\n<strong>cp -rpf $pin\/.pvpn-cli \/home\/archivista<\/strong><\/pre>\n<h3>Automatisierung auf dem Desktop mit xmacro<\/h3>\n<p>Wer kennt nicht das Problem. Immer wieder fallen auf dem Desktop die gleichen Abl\u00e4ufe an. Mit dem Paket xmacro k\u00f6nnen diese Abl\u00e4ufe automatisiert werden. Dazu stehen neu die Programme &#8218;xmacrorec2&#8216; und &#8218;xmacroplay&#8216; zur Verf\u00fcgung.<\/p>\n<p><em><strong>Nachtrag vom 22.9.22:<\/strong> Auf <strong><a href=\"https:\/\/linuxnews.de\/2022\/09\/avmultimedia-und-archvista-2022-ix-erschienen\/\">linuxnews.de ist eine News zur Version 2022\/IV erschienen.<\/a><\/strong> Gerade auch an linuxnews.de l\u00e4sst sich gut veranschaulichen, was der neue HTML-Import f\u00fcr die ArchivistaBox bringt. Die zur <strong><a href=\"https:\/\/archivista.ch\/cms\/wp-content\/uploads\/2022\/09\/LinuxNews-ArchivistaDMS.pdf\">ArchivistaBox \u00fcbertragene Seite bietet eine passgenaue Ansicht,<\/a><\/strong> das aus <strong><a href=\"https:\/\/archivista.ch\/cms\/wp-content\/uploads\/file\/LinuxNews-Firefox.pdf\">Firefox heraus gedruckte PDF wirkt dagegen recht &#8222;altbacken&#8220;<\/a><\/strong> &#8212; und ben\u00f6tigt \u00fcberdies den f\u00fcnfachen Speicherbedarf.<\/em><\/p>\n\n\n\n\t<div class=\"dkpdf-button-container\" style=\"            text-align:right \">\n\n\t\t<a class=\"dkpdf-button\" href=\"\/cms\/wp-json\/wp\/v2\/pages\/9488?pdf=9488\" target=\"_blank\"><span class=\"dkpdf-button-icon\"><i class=\"fa fa-file-pdf-o\"><\/i><\/span> PDF Button<\/a>\n\n\t<\/div>\n\n\n\n\n\n","protected":false},"excerpt":{"rendered":"<p>Bessere Render-Engine f\u00fcr Webseiten-Archivierung Egg, 21. September 2022: Der Import von HTML-Inhalten (Web-Seiten) f\u00fcr die ArchivistaBox wurde bisher \u00fcber PDF-Dateien ab den URL-Links bewerkstelligt. Neu k\u00f6nnen HTML-Inhalte direkt \u00fcber die Firefox-Engine bzw. das AddOn SingleFile realisiert werden. \u00dcberdies bringt Version 2022\/IX einen ganzen Strauss an Neuerungen, dazu mehr am Ende des Beitrages. Bisheriger Import \u00fcber [&hellip;]<\/p>\n","protected":false},"author":1,"featured_media":0,"parent":9616,"menu_order":67,"comment_status":"closed","ping_status":"closed","template":"","meta":{"_acf_changed":false,"footnotes":""},"class_list":["post-9488","page","type-page","status-publish","hentry"],"acf":[],"_links":{"self":[{"href":"https:\/\/archivista.ch\/cms\/wp-json\/wp\/v2\/pages\/9488","targetHints":{"allow":["GET"]}}],"collection":[{"href":"https:\/\/archivista.ch\/cms\/wp-json\/wp\/v2\/pages"}],"about":[{"href":"https:\/\/archivista.ch\/cms\/wp-json\/wp\/v2\/types\/page"}],"author":[{"embeddable":true,"href":"https:\/\/archivista.ch\/cms\/wp-json\/wp\/v2\/users\/1"}],"replies":[{"embeddable":true,"href":"https:\/\/archivista.ch\/cms\/wp-json\/wp\/v2\/comments?post=9488"}],"version-history":[{"count":14,"href":"https:\/\/archivista.ch\/cms\/wp-json\/wp\/v2\/pages\/9488\/revisions"}],"predecessor-version":[{"id":9518,"href":"https:\/\/archivista.ch\/cms\/wp-json\/wp\/v2\/pages\/9488\/revisions\/9518"}],"up":[{"embeddable":true,"href":"https:\/\/archivista.ch\/cms\/wp-json\/wp\/v2\/pages\/9616"}],"wp:attachment":[{"href":"https:\/\/archivista.ch\/cms\/wp-json\/wp\/v2\/media?parent=9488"}],"curies":[{"name":"wp","href":"https:\/\/api.w.org\/{rel}","templated":true}]}}