{"id":9522,"date":"2022-10-05T10:08:21","date_gmt":"2022-10-05T08:08:21","guid":{"rendered":"https:\/\/archivista.ch\/cms\/?page_id=9522"},"modified":"2023-01-10T01:19:26","modified_gmt":"2023-01-10T00:19:26","slug":"version-2022-x-und-windows11","status":"publish","type":"page","link":"https:\/\/archivista.ch\/cms\/de\/aktuell-blog\/blogs-2022\/version-2022-x-und-windows11\/","title":{"rendered":"Version 2022\/X und Windows11"},"content":{"rendered":"<h1>NVME-Raid mit ArchivistaVM &#8212; Windows ohne Macken<\/h1>\n<p><em><strong>Egg, 5. Oktober 2022:<\/strong> Im Rahmen eines Kundenprojektes wurde RAID1 f\u00fcr NVME-Disks realisiert, um darauf ArchivistaVM betreiben zu k\u00f6nnen. Neben diversen Anpassungen im Installer finden sich neu bei AVMultimedia und der ArchivistaBox die beiden Festplattentools &#8217;smartctl&#8216; (normale SSD-Platten) und &#8217;nvme&#8216;. Nat\u00fcrlich sind dies eher kleine (wenn auch nicht nebens\u00e4chliche) Features. Daher soll der Hauptteil dem Thema Windows11 gewidmet werden. Der Blog wird etwas lang(atmig). Das h\u00e4ngt jedoh prim\u00e4r damit zusammen, dass Windows11 neuerdings einen TPM-Chip (Trusted Plattform Managment) haben m\u00f6chte und sich \u00fcberdies recht bockig zeigt, wenn es darum geht, Windows ohne Online-Konto \u00fcberhaupt aufsetzen zu d\u00fcrfen.<\/em><\/p>\n<p><a href=\"https:\/\/archivista.ch\/cms\/wp-content\/uploads\/2022\/10\/grimsel.jpg\"><img loading=\"lazy\" decoding=\"async\" class=\"alignnone size-full wp-image-9539\" src=\"https:\/\/archivista.ch\/cms\/wp-content\/uploads\/2022\/10\/grimsel.jpg\" alt=\"\" width=\"1920\" height=\"1080\" srcset=\"https:\/\/archivista.ch\/cms\/wp-content\/uploads\/2022\/10\/grimsel.jpg 1920w, https:\/\/archivista.ch\/cms\/wp-content\/uploads\/2022\/10\/grimsel-300x169.jpg 300w, https:\/\/archivista.ch\/cms\/wp-content\/uploads\/2022\/10\/grimsel-1024x576.jpg 1024w, https:\/\/archivista.ch\/cms\/wp-content\/uploads\/2022\/10\/grimsel-768x432.jpg 768w, https:\/\/archivista.ch\/cms\/wp-content\/uploads\/2022\/10\/grimsel-600x338.jpg 600w, https:\/\/archivista.ch\/cms\/wp-content\/uploads\/2022\/10\/grimsel-1536x864.jpg 1536w, https:\/\/archivista.ch\/cms\/wp-content\/uploads\/2022\/10\/grimsel-624x351.jpg 624w\" sizes=\"auto, (max-width: 1920px) 100vw, 1920px\" \/><\/a><\/p>\n<h2>ArchivistaVM mit NVME-Raid<\/h2>\n<p>NVME-Festplatten (auch als M2-Disks bekannt) bieten einen herausragenden Vorteil im Vergleich zu konventionellen SSD-Platten. Die l\u00e4nglichen NVME-Riegel bieten eine Performanz im guten GByte-Bereich beim Lesen und Schreiben von Daten.\u00a0 Je nach Modell und Mainbaord (Hauptplatine) k\u00f6nnen werte um 2 bis 5 GByte Durchsatz pro Sekunde erreicht werden.<\/p>\n<p>Der Nachteil der NVME-Datentr\u00e4ger liegt darin, dass die Hersteller (garantietechnisch) nur eine begrenzte Anzahl von Schreibprozessen gew\u00e4hrleisten. Bei einem 2TB-Riegel z.B. sind es aktuell 1200 TB. \u00dcblicherweise wird ein derartiges Volumen in der Praxis kaum je erreicht. Bei AVMultimedia bzw. der ArchivistaBox arbeitet das Betriebssystem im Hauptspeicher, folglich steht dem Einsatz von NVME-Platten nichts im Wege. Die ersten NVME-Platten wurden anfangs 2020 bei Kunden verbaut. Bislang musste kein Datentr\u00e4ger ausgetauscht werden.<\/p>\n<p>Jedoch, rein von der Technologie her, bei 2 bis 4 GByte Schreibgeschwindigkeit pro Sekunde, werden f\u00fcr 1 TByte beim Schreiben noch irgendwo 256 bzw. 512 Sekunden ben\u00f6tigt, in Minuten umgerechnet heisst dies 4 bis 8 Minuten. Die Minimale Zeitdauer, um den Datentr\u00e4ger &#8222;garantietechnisch&#8220; abzunutzen, betr\u00e4gt zwischen 3.33 (1200*4\/1440) und 6.66 Tage (1200*8\/1440). Dies sind nun wahrlich nicht unendlich lange Zeiten.<\/p>\n<p>Die obigen Werte d\u00fcrften in der Praxis so nicht erreicht werden. Trotzdem stellte sich im Rahmen des Kundenprojektes die Frage, ob ein NVME-Raid1 mit der ArchivistaBox m\u00f6glich w\u00e4re. Zun\u00e4chst einmal ist hier anzuf\u00fchren, dass bei der Hardware zwingend zwei Steckpl\u00e4tze mit voller PCI-Express-Geschwindigkeit notwendig sind. Ebenfalls d\u00fcrfte es nicht schaden, die neuste Bios-Version beim Mainboard zu aktivieren.<\/p>\n<p>Bei der ArchivistaBox z.B. ist dies bei den <strong><a href=\"https:\/\/archivista.ch\/cms\/de\/aktuell-blog\/blogs-2020\/archivistak2-und-archivistaeverest\/\">Modellen K2 oder Everest gegeben.<\/a><\/strong> Softwaretechnisch musste das Erstellen des NVME-Raids implementiert werden, und darum gibt es an dieser Stelle die neue Version 2022\/X.\u00a0Um den &#8222;Gesundheitszustand&#8220; der Platten \u00fcberwachen zu k\u00f6nnen, werden sowohl AVMultimedia als auch die ArchivistaBox mit den beiden neuen Tools ausgeliefert. In diesem Sinne, enjoy!<\/p>\n<p><a href=\"https:\/\/archivista.ch\/cms\/wp-content\/uploads\/2022\/10\/grimsel2.jpg\"><img loading=\"lazy\" decoding=\"async\" class=\"alignnone size-full wp-image-9541\" src=\"https:\/\/archivista.ch\/cms\/wp-content\/uploads\/2022\/10\/grimsel2.jpg\" alt=\"\" width=\"1920\" height=\"1080\" srcset=\"https:\/\/archivista.ch\/cms\/wp-content\/uploads\/2022\/10\/grimsel2.jpg 1920w, https:\/\/archivista.ch\/cms\/wp-content\/uploads\/2022\/10\/grimsel2-300x169.jpg 300w, https:\/\/archivista.ch\/cms\/wp-content\/uploads\/2022\/10\/grimsel2-1024x576.jpg 1024w, https:\/\/archivista.ch\/cms\/wp-content\/uploads\/2022\/10\/grimsel2-768x432.jpg 768w, https:\/\/archivista.ch\/cms\/wp-content\/uploads\/2022\/10\/grimsel2-600x338.jpg 600w, https:\/\/archivista.ch\/cms\/wp-content\/uploads\/2022\/10\/grimsel2-1536x864.jpg 1536w, https:\/\/archivista.ch\/cms\/wp-content\/uploads\/2022\/10\/grimsel2-624x351.jpg 624w\" sizes=\"auto, (max-width: 1920px) 100vw, 1920px\" \/><\/a><\/p>\n<h1>Windows11 (fast) ohne Macken aufgesetzt<\/h1>\n<p>Die Installation eines Betriebssystems k\u00f6nnte sehr einfach sein. Und seien wir ehrlich, auch etwas betagtere Hardware ist bereits derart leistungsf\u00e4hig, dass heute gerade nicht mehr gilt, dass die Installation eines neuen Betriebssystems einen neuen Rechner erfordern w\u00fcrde. Trotzdem kann der Einsatz von Windows11 daran scheitern, dass die Hardware allf\u00e4llig \u00fcber keinen TPM-Chip verf\u00fcgt. Wer Windows11 virtualisiert (z.B. unter ArchivistaVM) in Betrieb nehmen m\u00f6chte, rennt entweder einem St\u00fcck TPM-Software nach oder installiert Windows11 ohne TPM-Plattform.<\/p>\n<p>Sofern TPM fehlt, meldet der Installationsvorgang irgendwann die folgende Meldung:<\/p>\n<p><a href=\"https:\/\/archivista.ch\/cms\/wp-content\/uploads\/2022\/10\/windows11-00.jpg\"><img loading=\"lazy\" decoding=\"async\" class=\"alignnone size-full wp-image-9535\" src=\"https:\/\/archivista.ch\/cms\/wp-content\/uploads\/2022\/10\/windows11-00.jpg\" alt=\"\" width=\"1920\" height=\"1445\" srcset=\"https:\/\/archivista.ch\/cms\/wp-content\/uploads\/2022\/10\/windows11-00.jpg 1920w, https:\/\/archivista.ch\/cms\/wp-content\/uploads\/2022\/10\/windows11-00-300x226.jpg 300w, https:\/\/archivista.ch\/cms\/wp-content\/uploads\/2022\/10\/windows11-00-1024x771.jpg 1024w, https:\/\/archivista.ch\/cms\/wp-content\/uploads\/2022\/10\/windows11-00-768x578.jpg 768w, https:\/\/archivista.ch\/cms\/wp-content\/uploads\/2022\/10\/windows11-00-600x452.jpg 600w, https:\/\/archivista.ch\/cms\/wp-content\/uploads\/2022\/10\/windows11-00-1536x1156.jpg 1536w, https:\/\/archivista.ch\/cms\/wp-content\/uploads\/2022\/10\/windows11-00-624x470.jpg 624w\" sizes=\"auto, (max-width: 1920px) 100vw, 1920px\" \/><\/a><\/p>\n<h3>Griff zur Registry w\u00e4hrend Installation<\/h3>\n<p>Um an dieser Stelle nicht zu scheitern, ist <strong>Shift+F10<\/strong> einzugeben. Es erfolgt ein DOS-Fenster. Dabei gilt es &#8218;regedit&#8216; einzugeben. Innerhalb der Registry ist unter:\u00a0<strong>Computer\\HKEY_LOCAL_MACHINE\\SYSTEM\\Setup<\/strong> zun\u00e4chst der Schl\u00fcssel <strong>&#8218;LabConfig&#8216;<\/strong> zu erstellen. Danach sind (analog zur untenstehendem) Kopie die Werte <strong>&#8218;BypassTPMCheck&#8216;, &#8218;BypassRAMCheck&#8216;<\/strong> und <strong>&#8218;BypassSecureBootCheck&#8216;<\/strong> mit <strong>DWORD (32-Bit)<\/strong> und den Werten<strong> &#8218;1&#8216;<\/strong> anzulegen.<\/p>\n<p><a href=\"https:\/\/archivista.ch\/cms\/wp-content\/uploads\/2022\/10\/windows11-01.jpg\"><img loading=\"lazy\" decoding=\"async\" class=\"alignnone size-full wp-image-9536\" src=\"https:\/\/archivista.ch\/cms\/wp-content\/uploads\/2022\/10\/windows11-01.jpg\" alt=\"\" width=\"2302\" height=\"1727\" srcset=\"https:\/\/archivista.ch\/cms\/wp-content\/uploads\/2022\/10\/windows11-01.jpg 2302w, https:\/\/archivista.ch\/cms\/wp-content\/uploads\/2022\/10\/windows11-01-300x225.jpg 300w, https:\/\/archivista.ch\/cms\/wp-content\/uploads\/2022\/10\/windows11-01-1024x768.jpg 1024w, https:\/\/archivista.ch\/cms\/wp-content\/uploads\/2022\/10\/windows11-01-768x576.jpg 768w, https:\/\/archivista.ch\/cms\/wp-content\/uploads\/2022\/10\/windows11-01-600x450.jpg 600w, https:\/\/archivista.ch\/cms\/wp-content\/uploads\/2022\/10\/windows11-01-1536x1152.jpg 1536w, https:\/\/archivista.ch\/cms\/wp-content\/uploads\/2022\/10\/windows11-01-2048x1536.jpg 2048w, https:\/\/archivista.ch\/cms\/wp-content\/uploads\/2022\/10\/windows11-01-624x468.jpg 624w\" sizes=\"auto, (max-width: 2302px) 100vw, 2302px\" \/><\/a><\/p>\n<p>Danach die Registry schliessen, das DOS-Fenster ebenso und bei der Installation einen Schritt zur\u00fcck (oben links im Fenster) klicken. Danach den zuvor liegenden Punkt erneut starten, die Installation l\u00e4uft nun ohne TPM ab:<\/p>\n<p><a href=\"https:\/\/archivista.ch\/cms\/wp-content\/uploads\/2022\/10\/windows11-02.jpg\"><img loading=\"lazy\" decoding=\"async\" class=\"alignnone size-full wp-image-9534\" src=\"https:\/\/archivista.ch\/cms\/wp-content\/uploads\/2022\/10\/windows11-02.jpg\" alt=\"\" width=\"1920\" height=\"1441\" srcset=\"https:\/\/archivista.ch\/cms\/wp-content\/uploads\/2022\/10\/windows11-02.jpg 1920w, https:\/\/archivista.ch\/cms\/wp-content\/uploads\/2022\/10\/windows11-02-300x225.jpg 300w, https:\/\/archivista.ch\/cms\/wp-content\/uploads\/2022\/10\/windows11-02-1024x769.jpg 1024w, https:\/\/archivista.ch\/cms\/wp-content\/uploads\/2022\/10\/windows11-02-768x576.jpg 768w, https:\/\/archivista.ch\/cms\/wp-content\/uploads\/2022\/10\/windows11-02-600x450.jpg 600w, https:\/\/archivista.ch\/cms\/wp-content\/uploads\/2022\/10\/windows11-02-1536x1153.jpg 1536w, https:\/\/archivista.ch\/cms\/wp-content\/uploads\/2022\/10\/windows11-02-624x468.jpg 624w\" sizes=\"auto, (max-width: 1920px) 100vw, 1920px\" \/><\/a><\/p>\n<h3>Zwang zum Online-Konto umgehen<\/h3>\n<p>Leider h\u00e4lt Windows11 danach noch einige weitere \u00dcberraschungen bereit:<\/p>\n<p><a href=\"https:\/\/archivista.ch\/cms\/wp-content\/uploads\/2022\/10\/windows11-03.jpg\"><img loading=\"lazy\" decoding=\"async\" class=\"alignnone size-full wp-image-9533\" src=\"https:\/\/archivista.ch\/cms\/wp-content\/uploads\/2022\/10\/windows11-03.jpg\" alt=\"\" width=\"1920\" height=\"1440\" srcset=\"https:\/\/archivista.ch\/cms\/wp-content\/uploads\/2022\/10\/windows11-03.jpg 1920w, https:\/\/archivista.ch\/cms\/wp-content\/uploads\/2022\/10\/windows11-03-300x225.jpg 300w, https:\/\/archivista.ch\/cms\/wp-content\/uploads\/2022\/10\/windows11-03-1024x768.jpg 1024w, https:\/\/archivista.ch\/cms\/wp-content\/uploads\/2022\/10\/windows11-03-768x576.jpg 768w, https:\/\/archivista.ch\/cms\/wp-content\/uploads\/2022\/10\/windows11-03-600x450.jpg 600w, https:\/\/archivista.ch\/cms\/wp-content\/uploads\/2022\/10\/windows11-03-1536x1152.jpg 1536w, https:\/\/archivista.ch\/cms\/wp-content\/uploads\/2022\/10\/windows11-03-624x468.jpg 624w\" sizes=\"auto, (max-width: 1920px) 100vw, 1920px\" \/><\/a><\/p>\n<p>War es in fr\u00fcheren Versionen noch m\u00f6glich, die Installation ohne ein Online-Konto abzuschliessen, bedarf es bei Windows11 eines uns\u00e4glichen Kniffs. Beim Konto kann anstelle der Mail-Adresse z.B. &#8218;linux&#8216; eingegeben werden.<\/p>\n<p><a href=\"https:\/\/archivista.ch\/cms\/wp-content\/uploads\/2022\/10\/windows11-04.jpg\"><img loading=\"lazy\" decoding=\"async\" class=\"alignnone size-full wp-image-9532\" src=\"https:\/\/archivista.ch\/cms\/wp-content\/uploads\/2022\/10\/windows11-04.jpg\" alt=\"\" width=\"1920\" height=\"1438\" srcset=\"https:\/\/archivista.ch\/cms\/wp-content\/uploads\/2022\/10\/windows11-04.jpg 1920w, https:\/\/archivista.ch\/cms\/wp-content\/uploads\/2022\/10\/windows11-04-300x225.jpg 300w, https:\/\/archivista.ch\/cms\/wp-content\/uploads\/2022\/10\/windows11-04-1024x767.jpg 1024w, https:\/\/archivista.ch\/cms\/wp-content\/uploads\/2022\/10\/windows11-04-768x575.jpg 768w, https:\/\/archivista.ch\/cms\/wp-content\/uploads\/2022\/10\/windows11-04-600x449.jpg 600w, https:\/\/archivista.ch\/cms\/wp-content\/uploads\/2022\/10\/windows11-04-1536x1150.jpg 1536w, https:\/\/archivista.ch\/cms\/wp-content\/uploads\/2022\/10\/windows11-04-624x467.jpg 624w\" sizes=\"auto, (max-width: 1920px) 100vw, 1920px\" \/><\/a><\/p>\n<p>Nun kann das Passwort festgelegt werden. Bei &#8218;Anmelden&#8216; vermeldet Windows, es sein ein Problem aufgetreten:<\/p>\n<p><a href=\"https:\/\/archivista.ch\/cms\/wp-content\/uploads\/2022\/10\/windows11-05.jpg\"><img loading=\"lazy\" decoding=\"async\" class=\"alignnone size-full wp-image-9531\" src=\"https:\/\/archivista.ch\/cms\/wp-content\/uploads\/2022\/10\/windows11-05.jpg\" alt=\"\" width=\"1920\" height=\"1429\" srcset=\"https:\/\/archivista.ch\/cms\/wp-content\/uploads\/2022\/10\/windows11-05.jpg 1920w, https:\/\/archivista.ch\/cms\/wp-content\/uploads\/2022\/10\/windows11-05-300x223.jpg 300w, https:\/\/archivista.ch\/cms\/wp-content\/uploads\/2022\/10\/windows11-05-1024x762.jpg 1024w, https:\/\/archivista.ch\/cms\/wp-content\/uploads\/2022\/10\/windows11-05-768x572.jpg 768w, https:\/\/archivista.ch\/cms\/wp-content\/uploads\/2022\/10\/windows11-05-600x447.jpg 600w, https:\/\/archivista.ch\/cms\/wp-content\/uploads\/2022\/10\/windows11-05-1536x1143.jpg 1536w, https:\/\/archivista.ch\/cms\/wp-content\/uploads\/2022\/10\/windows11-05-624x464.jpg 624w\" sizes=\"auto, (max-width: 1920px) 100vw, 1920px\" \/><\/a><\/p>\n<p>Nun kann &#8218;Weiter&#8216; geklickt werden, womit ein lokales Konto angelegt werden kann. Am Ende des Prozesses ist nochmals das Passwort zu best\u00e4tigen. Irgendwann dann die &#8222;erl\u00f6sende&#8220; Anmeldemaske (hier unter Verwendung von ArchivistaVM):<\/p>\n<p><a href=\"https:\/\/archivista.ch\/cms\/wp-content\/uploads\/2022\/10\/windows11-10.jpg\"><img loading=\"lazy\" decoding=\"async\" class=\"alignnone size-full wp-image-9526\" src=\"https:\/\/archivista.ch\/cms\/wp-content\/uploads\/2022\/10\/windows11-10.jpg\" alt=\"\" width=\"1920\" height=\"1080\" srcset=\"https:\/\/archivista.ch\/cms\/wp-content\/uploads\/2022\/10\/windows11-10.jpg 1920w, https:\/\/archivista.ch\/cms\/wp-content\/uploads\/2022\/10\/windows11-10-300x169.jpg 300w, https:\/\/archivista.ch\/cms\/wp-content\/uploads\/2022\/10\/windows11-10-1024x576.jpg 1024w, https:\/\/archivista.ch\/cms\/wp-content\/uploads\/2022\/10\/windows11-10-768x432.jpg 768w, https:\/\/archivista.ch\/cms\/wp-content\/uploads\/2022\/10\/windows11-10-600x338.jpg 600w, https:\/\/archivista.ch\/cms\/wp-content\/uploads\/2022\/10\/windows11-10-1536x864.jpg 1536w, https:\/\/archivista.ch\/cms\/wp-content\/uploads\/2022\/10\/windows11-10-624x351.jpg 624w\" sizes=\"auto, (max-width: 1920px) 100vw, 1920px\" \/><\/a><\/p>\n<p>Windows11 w\u00e4re aber nicht Windows11, wenn nicht das Layout komplett umgekrempelt worden w\u00e4re:<\/p>\n<p><a href=\"https:\/\/archivista.ch\/cms\/wp-content\/uploads\/2022\/10\/windows11-08.jpg\"><img loading=\"lazy\" decoding=\"async\" class=\"alignnone size-full wp-image-9528\" src=\"https:\/\/archivista.ch\/cms\/wp-content\/uploads\/2022\/10\/windows11-08.jpg\" alt=\"\" width=\"1920\" height=\"1425\" srcset=\"https:\/\/archivista.ch\/cms\/wp-content\/uploads\/2022\/10\/windows11-08.jpg 1920w, https:\/\/archivista.ch\/cms\/wp-content\/uploads\/2022\/10\/windows11-08-300x223.jpg 300w, https:\/\/archivista.ch\/cms\/wp-content\/uploads\/2022\/10\/windows11-08-1024x760.jpg 1024w, https:\/\/archivista.ch\/cms\/wp-content\/uploads\/2022\/10\/windows11-08-768x570.jpg 768w, https:\/\/archivista.ch\/cms\/wp-content\/uploads\/2022\/10\/windows11-08-600x445.jpg 600w, https:\/\/archivista.ch\/cms\/wp-content\/uploads\/2022\/10\/windows11-08-1536x1140.jpg 1536w, https:\/\/archivista.ch\/cms\/wp-content\/uploads\/2022\/10\/windows11-08-624x463.jpg 624w\" sizes=\"auto, (max-width: 1920px) 100vw, 1920px\" \/><\/a><\/p>\n<p>Das &#8222;Startmen\u00fc&#8220; befindet sich in der Mitte, links geht es irgendwie oder gar eindringlich um Apps. Wer dies behoben haben m\u00f6chte, &#8222;turnt&#8220; erneut in der Registry herum. Damit es ein einigermassen klassiches Men\u00fc gibt, ist der Eintrag <strong>&#8218;Start_ShowClassicMode&#8216;<\/strong> mit dem Wert <strong>&#8218;1&#8216;<\/strong> anzulegen, dies unter:<\/p>\n<p><strong>HKEY_CURRENT_USER\\Software\\Microsoft\\Windows\\CurrentVersion\\Explorer\\Advanced<\/strong><\/p>\n<p><a href=\"https:\/\/archivista.ch\/cms\/wp-content\/uploads\/2022\/10\/windows11-11.jpg\"><img loading=\"lazy\" decoding=\"async\" class=\"alignnone size-full wp-image-9525\" src=\"https:\/\/archivista.ch\/cms\/wp-content\/uploads\/2022\/10\/windows11-11.jpg\" alt=\"\" width=\"1920\" height=\"1434\" srcset=\"https:\/\/archivista.ch\/cms\/wp-content\/uploads\/2022\/10\/windows11-11.jpg 1920w, https:\/\/archivista.ch\/cms\/wp-content\/uploads\/2022\/10\/windows11-11-300x224.jpg 300w, https:\/\/archivista.ch\/cms\/wp-content\/uploads\/2022\/10\/windows11-11-1024x765.jpg 1024w, https:\/\/archivista.ch\/cms\/wp-content\/uploads\/2022\/10\/windows11-11-768x574.jpg 768w, https:\/\/archivista.ch\/cms\/wp-content\/uploads\/2022\/10\/windows11-11-600x448.jpg 600w, https:\/\/archivista.ch\/cms\/wp-content\/uploads\/2022\/10\/windows11-11-1536x1147.jpg 1536w, https:\/\/archivista.ch\/cms\/wp-content\/uploads\/2022\/10\/windows11-11-624x466.jpg 624w\" sizes=\"auto, (max-width: 1920px) 100vw, 1920px\" \/><\/a><\/p>\n<p>Zudem ist bei den Einstellungen bei Personalisierung und Taskleiste der Flag bei Widgets zu deaktivieren. Auf der gleichen Seite kann bei &#8218;Verhalten der Taskleiste&#8216; dies linksb\u00fcndig angeordnet werden. Damit\u00a0steht nun ein System zur Verf\u00fcgung, mit dem &#8222;gearbeitet&#8220; werden kann.<\/p>\n<p><a href=\"https:\/\/archivista.ch\/cms\/wp-content\/uploads\/2022\/10\/windows11-12.jpg\"><img loading=\"lazy\" decoding=\"async\" class=\"alignnone size-full wp-image-9524\" src=\"https:\/\/archivista.ch\/cms\/wp-content\/uploads\/2022\/10\/windows11-12.jpg\" alt=\"\" width=\"1920\" height=\"1433\" srcset=\"https:\/\/archivista.ch\/cms\/wp-content\/uploads\/2022\/10\/windows11-12.jpg 1920w, https:\/\/archivista.ch\/cms\/wp-content\/uploads\/2022\/10\/windows11-12-300x224.jpg 300w, https:\/\/archivista.ch\/cms\/wp-content\/uploads\/2022\/10\/windows11-12-1024x764.jpg 1024w, https:\/\/archivista.ch\/cms\/wp-content\/uploads\/2022\/10\/windows11-12-768x573.jpg 768w, https:\/\/archivista.ch\/cms\/wp-content\/uploads\/2022\/10\/windows11-12-600x448.jpg 600w, https:\/\/archivista.ch\/cms\/wp-content\/uploads\/2022\/10\/windows11-12-1536x1146.jpg 1536w, https:\/\/archivista.ch\/cms\/wp-content\/uploads\/2022\/10\/windows11-12-624x466.jpg 624w\" sizes=\"auto, (max-width: 1920px) 100vw, 1920px\" \/><\/a><\/p>\n<p>Um die Windows11-Installation durchzuf\u00fchren, wurden in etwa 2 Stunden ben\u00f6tigt. Mit dieser Anleitung sollte es in unter 1 Stunde machbar sein. Darin nicht enthalten ist das Aufsetzen der ben\u00f6tigten Programme (Firefox, LibreOffice etc.). Wer es von daher einfacher haben m\u00f6chte, greife zu AVMultimedia. Nicht nur l\u00e4sst sich ein Computer dabei in ca. 10 bis 30 Sekunden aufsetzen, vielmehr gibt es dabei weder Abfragen zu Online-Konten und\/oder Tracking.<\/p>\n<h3>Fazit: Ohne Tracking geht es (anscheinend) nicht<\/h3>\n<p>Abschliessend sei hier nicht ohne Wehmut angef\u00fcgt. Fr\u00fcher war (fast) alles einfacher. Selbst zur Zeit, als mit Windows 3.1 sieben Disketten eingelegt werden musste, war es noch deutlich entspannter als heute, wo einem auf Biegen und Brechen Online-Konten um die Ohren &#8222;geworfen&#8220; werden. Immerhin, mit dieser Anleitung l\u00e4sst sich der Online-Zwang vermeiden. Inwiefern Windows trackt, l\u00e4sst sich nicht \u00fcberpr\u00fcfen, denn ohne &#8217;notwendige Daten senden&#8216; gelingt die Installation auch mit dieser Anleitung nicht.<\/p>\n<p>Was notwendig ist, entscheiden dabei nicht die Nutzer\/innen, sondern Microsoft. Einfach zur Anregung: Der PC (Personal-Computer) enstand ja gerade daher, damit unabh\u00e4nig von einem Host (Server) gearbeitet werden konnte. In diesem Sinne, was Jahrzehnte ging, gilt noch heute. Tracking ist absolut NICHT notwendig. In diesem Sinne, wer all die obigen Klimmz\u00fcge nicht m\u00f6chte, findet in <a href=\"https:\/\/archivista.ch\/cms\/de\/support\/avmultimedia\/\"><strong>AVMultimedia eine sehr gute Alternative.<\/strong><\/a><\/p>\n<p><em><strong>Nachbemerkung:<\/strong> Wer von Windows11 nach ArchivistaDMS drucken m\u00f6chte, w\u00e4hlt jenen Weg, der im <strong><a href=\"https:\/\/archivista.ch\/d2\/help\/\">ArchivistaBox-Handbuch<\/a><\/strong> beschrieben ist. Beim Druckertreiber kann unter Microsoft der Treiber &#8218;Microsoft PS Class Driver&#8216; verwendet werden.<\/em><\/p>\n\n\n\n\t<div class=\"dkpdf-button-container\" style=\"            text-align:right \">\n\n\t\t<a class=\"dkpdf-button\" href=\"\/cms\/wp-json\/wp\/v2\/pages\/9522?pdf=9522\" target=\"_blank\"><span class=\"dkpdf-button-icon\"><i class=\"fa fa-file-pdf-o\"><\/i><\/span> PDF Button<\/a>\n\n\t<\/div>\n\n\n\n\n\n","protected":false},"excerpt":{"rendered":"<p>NVME-Raid mit ArchivistaVM &#8212; Windows ohne Macken Egg, 5. Oktober 2022: Im Rahmen eines Kundenprojektes wurde RAID1 f\u00fcr NVME-Disks realisiert, um darauf ArchivistaVM betreiben zu k\u00f6nnen. Neben diversen Anpassungen im Installer finden sich neu bei AVMultimedia und der ArchivistaBox die beiden Festplattentools &#8217;smartctl&#8216; (normale SSD-Platten) und &#8217;nvme&#8216;. Nat\u00fcrlich sind dies eher kleine (wenn auch nicht [&hellip;]<\/p>\n","protected":false},"author":1,"featured_media":0,"parent":9616,"menu_order":66,"comment_status":"closed","ping_status":"closed","template":"","meta":{"_acf_changed":false,"footnotes":""},"class_list":["post-9522","page","type-page","status-publish","hentry"],"acf":[],"_links":{"self":[{"href":"https:\/\/archivista.ch\/cms\/wp-json\/wp\/v2\/pages\/9522","targetHints":{"allow":["GET"]}}],"collection":[{"href":"https:\/\/archivista.ch\/cms\/wp-json\/wp\/v2\/pages"}],"about":[{"href":"https:\/\/archivista.ch\/cms\/wp-json\/wp\/v2\/types\/page"}],"author":[{"embeddable":true,"href":"https:\/\/archivista.ch\/cms\/wp-json\/wp\/v2\/users\/1"}],"replies":[{"embeddable":true,"href":"https:\/\/archivista.ch\/cms\/wp-json\/wp\/v2\/comments?post=9522"}],"version-history":[{"count":16,"href":"https:\/\/archivista.ch\/cms\/wp-json\/wp\/v2\/pages\/9522\/revisions"}],"predecessor-version":[{"id":9571,"href":"https:\/\/archivista.ch\/cms\/wp-json\/wp\/v2\/pages\/9522\/revisions\/9571"}],"up":[{"embeddable":true,"href":"https:\/\/archivista.ch\/cms\/wp-json\/wp\/v2\/pages\/9616"}],"wp:attachment":[{"href":"https:\/\/archivista.ch\/cms\/wp-json\/wp\/v2\/media?parent=9522"}],"curies":[{"name":"wp","href":"https:\/\/api.w.org\/{rel}","templated":true}]}}