{"id":9594,"date":"2022-11-26T15:51:53","date_gmt":"2022-11-26T14:51:53","guid":{"rendered":"https:\/\/archivista.ch\/cms\/?page_id=9594"},"modified":"2023-01-10T01:19:33","modified_gmt":"2023-01-10T00:19:33","slug":"halbbilder-bei-dvds","status":"publish","type":"page","link":"https:\/\/archivista.ch\/cms\/de\/aktuell-blog\/blogs-2022\/halbbilder-bei-dvds\/","title":{"rendered":"Halbbilder bei DVDs"},"content":{"rendered":"<h2>Mit Version 2022\/XI der Fernsehgeschichte ein Schnippchen schlagen<\/h2>\n<p><em><strong>Egg, 26. November 2022:<\/strong> Wer \u00e4ltere Filme ab DVDs archivieren m\u00f6chte, sieht sich mit einem Problem konfrontiert, dass die erfassten Werke oft sehr ruckelhaftig daherkommen. Der Hintergrund liegt in der damaligen R\u00f6hrentechnologie der Fernseher &#8222;begraben&#8220;. In diesem Blog geht es darum, wie solche Filme &#8222;entrastert&#8220; werden k\u00f6nnen.<\/em><\/p>\n<p><a href=\"https:\/\/archivista.ch\/cms\/wp-content\/uploads\/2022\/11\/muppet0-scaled.jpg\"><img loading=\"lazy\" decoding=\"async\" class=\"alignnone size-full wp-image-9601\" src=\"https:\/\/archivista.ch\/cms\/wp-content\/uploads\/2022\/11\/muppet0-scaled.jpg\" alt=\"\" width=\"2560\" height=\"1422\" srcset=\"https:\/\/archivista.ch\/cms\/wp-content\/uploads\/2022\/11\/muppet0-scaled.jpg 2560w, https:\/\/archivista.ch\/cms\/wp-content\/uploads\/2022\/11\/muppet0-300x167.jpg 300w, https:\/\/archivista.ch\/cms\/wp-content\/uploads\/2022\/11\/muppet0-1024x569.jpg 1024w, https:\/\/archivista.ch\/cms\/wp-content\/uploads\/2022\/11\/muppet0-768x426.jpg 768w, https:\/\/archivista.ch\/cms\/wp-content\/uploads\/2022\/11\/muppet0-scaled-600x333.jpg 600w, https:\/\/archivista.ch\/cms\/wp-content\/uploads\/2022\/11\/muppet0-1536x853.jpg 1536w, https:\/\/archivista.ch\/cms\/wp-content\/uploads\/2022\/11\/muppet0-2048x1137.jpg 2048w, https:\/\/archivista.ch\/cms\/wp-content\/uploads\/2022\/11\/muppet0-624x346.jpg 624w\" sizes=\"auto, (max-width: 2560px) 100vw, 2560px\" \/><\/a><\/p>\n<h2>Darum hat die DVD f\u00fcr Filmfans seine Berechtigung<\/h2>\n<p>F\u00fcr viele mag die DVD l\u00e4ngst im Entsorgungshof gelandet sein. Wer in einer Zeit von Streaming noch alte Scheibentechnologie erwirbt, sieht sich fast schon dem Vorwurf ausgesetzt, als Dinosaurier durch die Landschaft zu trampeln. Dem darf aber gut und gerne entgegnet werden, dass die neue &#8222;sch\u00f6ne&#8220; Streaminglandschaft zwar einen allumfassenden Mainstream hervorbringt, dass es aber extrem schwierig ist, \u00e4ltere Filme jenseits von einer DVD ausfindig machen zu k\u00f6nnen. Das Angebot von Titel auf DVDs ist nach wie vor gross und die Preise f\u00fcr DVDs sind (Nachfrage bestimmt wohl den Preis) im Vergleich zu fr\u00fcher markant gefallen. Allerdings haben die alten Scheiben einen Nachteil. Meist werden die Tracks mit sogenannten Halbbildern abgespielt.<\/p>\n<p>Dabei geht es darum, dass fr\u00fcher im analogen Fernsehzeitalter die Bilder nur zur H\u00e4lfte \u00fcbertragen wurden. Das erste Bild enthielt die Zeilen 1,3,5.., das zweite Bild die Zeilen 2,4,6&#8230; Da die R\u00f6hrenbildschirme eine &#8222;Nachlaufzeit&#8220; hatten, entstand ein f\u00fcr damalige Verh\u00e4ltnisse &#8222;entruckeltes&#8220; Bild mit der H\u00e4lfte der Bilddaten. Werden entsprechend kodierte Filme auf einem Flachbildschirm abgespielt, so entsteht leider gerade der umgekehrte Effekt. Die Halbbilder bleiben st\u00f6ren den Filmgenuss ungemein. Dazu zwei Bilder aus einer Folge der Muppet-Show:<\/p>\n<p><a href=\"https:\/\/archivista.ch\/cms\/wp-content\/uploads\/2022\/11\/muppet1.jpg\"><img loading=\"lazy\" decoding=\"async\" class=\"alignnone size-full wp-image-9599\" src=\"https:\/\/archivista.ch\/cms\/wp-content\/uploads\/2022\/11\/muppet1.jpg\" alt=\"\" width=\"1920\" height=\"1080\" srcset=\"https:\/\/archivista.ch\/cms\/wp-content\/uploads\/2022\/11\/muppet1.jpg 1920w, https:\/\/archivista.ch\/cms\/wp-content\/uploads\/2022\/11\/muppet1-300x169.jpg 300w, https:\/\/archivista.ch\/cms\/wp-content\/uploads\/2022\/11\/muppet1-1024x576.jpg 1024w, https:\/\/archivista.ch\/cms\/wp-content\/uploads\/2022\/11\/muppet1-768x432.jpg 768w, https:\/\/archivista.ch\/cms\/wp-content\/uploads\/2022\/11\/muppet1-600x338.jpg 600w, https:\/\/archivista.ch\/cms\/wp-content\/uploads\/2022\/11\/muppet1-1536x864.jpg 1536w, https:\/\/archivista.ch\/cms\/wp-content\/uploads\/2022\/11\/muppet1-624x351.jpg 624w\" sizes=\"auto, (max-width: 1920px) 100vw, 1920px\" \/><\/a><\/p>\n<p>Besonders stark f\u00e4llt der Effekt ins Gewicht, wenn &#8222;schnelle&#8220; Bewegungen (wie hier die Trompete) erfolgen. Eine vergr\u00f6sserte Ansicht zeigt den Effekt noch deutlicher:<\/p>\n<p><a href=\"https:\/\/archivista.ch\/cms\/wp-content\/uploads\/2022\/11\/muppet1a.jpg\"><img loading=\"lazy\" decoding=\"async\" class=\"alignnone size-full wp-image-9598\" src=\"https:\/\/archivista.ch\/cms\/wp-content\/uploads\/2022\/11\/muppet1a.jpg\" alt=\"\" width=\"348\" height=\"358\" srcset=\"https:\/\/archivista.ch\/cms\/wp-content\/uploads\/2022\/11\/muppet1a.jpg 348w, https:\/\/archivista.ch\/cms\/wp-content\/uploads\/2022\/11\/muppet1a-300x309.jpg 300w, https:\/\/archivista.ch\/cms\/wp-content\/uploads\/2022\/11\/muppet1a-292x300.jpg 292w\" sizes=\"auto, (max-width: 348px) 100vw, 348px\" \/><\/a><\/p>\n<p>Dieser Effekt l\u00e4sst sich softwareseitig eliminieren. Beim Konsolenprogramm &#8218;ffmpeg&#8216; steht daf\u00fcr der Filter &#8218;-vf yadif&#8216; zur Verf\u00fcgung. Auf der ArchivistaBox gibt es einige Hilfsprogramme zum Veredeln von Videos. Diese befinden sich im Ordner &#8218;\/home\/cvs\/archivista\/jobs&#8216;. Mit dem Programm &#8218;mp4single.pl&#8216; kann eine MP4-Datei optimiert werden. Dazu der Aufruf von &#8218;mp4single.pl&#8216;:<\/p>\n<pre><strong>mp4single.pl pathfile pathout [fps widthout heightout quality dvdopt sameinput]\r\n<\/strong><\/pre>\n<p>An erster Stelle ist die gew\u00fcnschte Video-Datei zu setzen, danach der Pfad f\u00fcr das optimierte Resultat. Die weiteren Angaben sind optional. Mit &#8218;fps&#8216; kann die gew\u00fcnschte Anzahl der Bilder pro Sekunde (fps) angegeben werden, es Folgen Angaben f\u00fcr Breite und H\u00f6he, die gew\u00fcnschte Qualit\u00e4t, die hier besprochene Optimierung einer Halbbilder-Datei und mit &#8217;sameinput&#8216; kann festgelegt werden, dass das Programm die Werte der Ursprungsdatei verwenden soll.<\/p>\n<p>Um nun ein Video zu &#8222;entrastern&#8220;, kann das Programm wie folgt aufgerufen werden:<\/p>\n<pre><strong>perl mp4single.pl .\/Muppet.mp4 .\/opt -1 0 0 0 1<\/strong><\/pre>\n<p>Der Flag &#8218;-1&#8216; bei &#8218;fps&#8216; bewirkt, dass bei den Bildern je Sekunde keine Ver\u00e4nderung gew\u00fcnscht ist, Angaben von 0 bei Breite und H\u00f6hen bewirken, dass diese ebenfalls nicht angepasst werden. Mit dem Flag &#8218;1&#8216; bei &#8218;dvdopt&#8216; wird die Halbzeilenoptimierung durchgef\u00fchrt. Anbei ein Standbild aus der optimierten Datei:<\/p>\n<p><a href=\"https:\/\/archivista.ch\/cms\/wp-content\/uploads\/2022\/11\/muppet2.jpg\"><img loading=\"lazy\" decoding=\"async\" class=\"alignnone size-full wp-image-9597\" src=\"https:\/\/archivista.ch\/cms\/wp-content\/uploads\/2022\/11\/muppet2.jpg\" alt=\"\" width=\"1920\" height=\"1080\" srcset=\"https:\/\/archivista.ch\/cms\/wp-content\/uploads\/2022\/11\/muppet2.jpg 1920w, https:\/\/archivista.ch\/cms\/wp-content\/uploads\/2022\/11\/muppet2-300x169.jpg 300w, https:\/\/archivista.ch\/cms\/wp-content\/uploads\/2022\/11\/muppet2-1024x576.jpg 1024w, https:\/\/archivista.ch\/cms\/wp-content\/uploads\/2022\/11\/muppet2-768x432.jpg 768w, https:\/\/archivista.ch\/cms\/wp-content\/uploads\/2022\/11\/muppet2-600x338.jpg 600w, https:\/\/archivista.ch\/cms\/wp-content\/uploads\/2022\/11\/muppet2-1536x864.jpg 1536w, https:\/\/archivista.ch\/cms\/wp-content\/uploads\/2022\/11\/muppet2-624x351.jpg 624w\" sizes=\"auto, (max-width: 1920px) 100vw, 1920px\" \/><\/a><\/p>\n<p>Auch dazu ein vergr\u00f6sserter Ausschnitt:<\/p>\n<p><a href=\"https:\/\/archivista.ch\/cms\/wp-content\/uploads\/2022\/11\/muppet2a.jpg\"><img loading=\"lazy\" decoding=\"async\" class=\"alignnone size-full wp-image-9596\" src=\"https:\/\/archivista.ch\/cms\/wp-content\/uploads\/2022\/11\/muppet2a.jpg\" alt=\"\" width=\"345\" height=\"344\" srcset=\"https:\/\/archivista.ch\/cms\/wp-content\/uploads\/2022\/11\/muppet2a.jpg 345w, https:\/\/archivista.ch\/cms\/wp-content\/uploads\/2022\/11\/muppet2a-200x200.jpg 200w, https:\/\/archivista.ch\/cms\/wp-content\/uploads\/2022\/11\/muppet2a-100x100.jpg 100w, https:\/\/archivista.ch\/cms\/wp-content\/uploads\/2022\/11\/muppet2a-300x299.jpg 300w, https:\/\/archivista.ch\/cms\/wp-content\/uploads\/2022\/11\/muppet2a-150x150.jpg 150w\" sizes=\"auto, (max-width: 345px) 100vw, 345px\" \/><\/a><\/p>\n<p>Es w\u00e4re vermessen zu erwarten, dass bei einer vergr\u00f6sserten Ansicht eines Films, der aus 720&#215;576 Bildpixeln besteht, scharfe Konturen entstehen. Hingegen ist der Halbbilder-Effekt entfernt und die Video-Datei l\u00e4sst sich &#8222;ruckelfrei&#8220; abspielen.<\/p>\n<h2>Optimierung bei der ArchivistaBox im Batch-Verfahren<\/h2>\n<p>Bei der ArchivistaBox besteht \u00fcber WebConfig bzw. dort bei den Jobs die M\u00f6glichkeit, derartige Optimierungen autoamatisiert im Hintergrund ablaufen zu lassen. Anbei die entsprechende Maske:<\/p>\n<p><a href=\"https:\/\/archivista.ch\/cms\/wp-content\/uploads\/2022\/11\/optimize2.png\"><img loading=\"lazy\" decoding=\"async\" class=\"alignnone size-full wp-image-9595\" src=\"https:\/\/archivista.ch\/cms\/wp-content\/uploads\/2022\/11\/optimize2.png\" alt=\"\" width=\"1080\" height=\"800\" srcset=\"https:\/\/archivista.ch\/cms\/wp-content\/uploads\/2022\/11\/optimize2.png 1080w, https:\/\/archivista.ch\/cms\/wp-content\/uploads\/2022\/11\/optimize2-300x222.png 300w, https:\/\/archivista.ch\/cms\/wp-content\/uploads\/2022\/11\/optimize2-1024x759.png 1024w, https:\/\/archivista.ch\/cms\/wp-content\/uploads\/2022\/11\/optimize2-768x569.png 768w, https:\/\/archivista.ch\/cms\/wp-content\/uploads\/2022\/11\/optimize2-600x444.png 600w, https:\/\/archivista.ch\/cms\/wp-content\/uploads\/2022\/11\/optimize2-624x462.png 624w\" sizes=\"auto, (max-width: 1080px) 100vw, 1080px\" \/><\/a><\/p>\n<p>Damit lassen sich mehrere Videos in einem Durchgang bequem \u00fcber das Web optimieren. Voraussetzung dazu ist, dass die Filme bereits in ArchivistaDMS enthalten sind.<\/p>\n<p><em><strong>Wichtig:<\/strong> Optimierungen \u00fcber das obenstehende Formular sollten mit Vorsicht durchgef\u00fchrt werden. Mit zu &#8222;aggressiven&#8220; Werten bzw. mehrmaligem Aufrufen der Optimierung wird die Qualit\u00e4t der Videos faktisch zerst\u00f6rt.<\/em><\/p>\n<p><em><strong>Noch wichtiger:<\/strong> Erst ab Version 2022\/XI bleiben mehrere Tonspuren und\/oder Untertitel enthalten, wenn diese optimiert werden.<\/em><\/p>\n<h2>Fazit: Es braucht Zeit, und es gibt ein Backup&#8230;<\/h2>\n<p>Zum Abschluss sei erw\u00e4hnt, dass das Optimieren bzw. Entfernen der Halbbilder reichlich Zeit ben\u00f6tigt. Mit 8 Cores (16 Threads) werden pro Stunde bei normaler DVD-Aufl\u00f6sung ca. 3 bis 5 Minuten Zeit ben\u00f6tigt. In diesem Sinne sind die Jobs bei WebConfig nat\u00fcrlich Gold wert.<\/p>\n<p>Die Optimierung f\u00fchrt am Ende zu &#8222;ruckelfreien&#8220; Videos, bei denen der Halbbilder-Effekt nicht mehr auftritt. Positiv vermerkt darf, dass die Videos danach auch weniger Platz in Anspruch nehmen, da die verschobenen Bildpixel bei den Bildern nicht mehr auftreten.<\/p>\n<p>Angemerkt sei noch, dass bei den optimierten Vidoes immer die origin\u00e4re Datei in den Ordner \/home\/data\/archivista\/archhigh kopiert wird. Dies hat den Vorteil, dass bei einer falsch durchgef\u00fchrten Optimierung die urspr\u00fcngliche Datei noch verf\u00fcgbar bleibt. Allerdings erfolgt vom Ordner &#8218;archhigh&#8216; keine Sicherungskopie und mit der Zeit ben\u00f6tigt dieser Ordner allf\u00e4llig zu viel Speicherplatz. Die Daten k\u00f6nnen aber jederzeit manuell \u00fcber den integrierten Dateimanager Caja oder die Konsole entfernt werden. Enjoy!<\/p>\n\n\n\n\t<div class=\"dkpdf-button-container\" style=\"            text-align:right \">\n\n\t\t<a class=\"dkpdf-button\" href=\"\/cms\/wp-json\/wp\/v2\/pages\/9594?pdf=9594\" target=\"_blank\"><span class=\"dkpdf-button-icon\"><i class=\"fa fa-file-pdf-o\"><\/i><\/span> PDF Button<\/a>\n\n\t<\/div>\n\n\n\n\n\n","protected":false},"excerpt":{"rendered":"<p>Mit Version 2022\/XI der Fernsehgeschichte ein Schnippchen schlagen Egg, 26. November 2022: Wer \u00e4ltere Filme ab DVDs archivieren m\u00f6chte, sieht sich mit einem Problem konfrontiert, dass die erfassten Werke oft sehr ruckelhaftig daherkommen. Der Hintergrund liegt in der damaligen R\u00f6hrentechnologie der Fernseher &#8222;begraben&#8220;. In diesem Blog geht es darum, wie solche Filme &#8222;entrastert&#8220; werden k\u00f6nnen. [&hellip;]<\/p>\n","protected":false},"author":1,"featured_media":0,"parent":9616,"menu_order":69,"comment_status":"closed","ping_status":"closed","template":"","meta":{"_acf_changed":false,"footnotes":""},"class_list":["post-9594","page","type-page","status-publish","hentry"],"acf":[],"_links":{"self":[{"href":"https:\/\/archivista.ch\/cms\/wp-json\/wp\/v2\/pages\/9594","targetHints":{"allow":["GET"]}}],"collection":[{"href":"https:\/\/archivista.ch\/cms\/wp-json\/wp\/v2\/pages"}],"about":[{"href":"https:\/\/archivista.ch\/cms\/wp-json\/wp\/v2\/types\/page"}],"author":[{"embeddable":true,"href":"https:\/\/archivista.ch\/cms\/wp-json\/wp\/v2\/users\/1"}],"replies":[{"embeddable":true,"href":"https:\/\/archivista.ch\/cms\/wp-json\/wp\/v2\/comments?post=9594"}],"version-history":[{"count":2,"href":"https:\/\/archivista.ch\/cms\/wp-json\/wp\/v2\/pages\/9594\/revisions"}],"predecessor-version":[{"id":9609,"href":"https:\/\/archivista.ch\/cms\/wp-json\/wp\/v2\/pages\/9594\/revisions\/9609"}],"up":[{"embeddable":true,"href":"https:\/\/archivista.ch\/cms\/wp-json\/wp\/v2\/pages\/9616"}],"wp:attachment":[{"href":"https:\/\/archivista.ch\/cms\/wp-json\/wp\/v2\/media?parent=9594"}],"curies":[{"name":"wp","href":"https:\/\/api.w.org\/{rel}","templated":true}]}}