{"id":9616,"date":"2023-01-09T23:38:07","date_gmt":"2023-01-09T22:38:07","guid":{"rendered":"https:\/\/archivista.ch\/cms\/?page_id=9616"},"modified":"2023-01-10T12:58:10","modified_gmt":"2023-01-10T11:58:10","slug":"blogs-2022","status":"publish","type":"page","link":"https:\/\/archivista.ch\/cms\/de\/aktuell-blog\/blogs-2022\/","title":{"rendered":"Blogs 2022"},"content":{"rendered":"<h1>25 Jahre Archivista: Vision\u00e4r, damals wie heute<\/h1>\n<p><em><strong>Egg, 10. Januar 2023:<\/strong> F\u00fcr einmal erfolgt der Jahresr\u00fcckblick erst im neuen Jahr. \u00dcber die Neuerungen unserer L\u00f6sungen geben die Blogs aus dem Jahre 2022 in aller F\u00fclle Auskunft. An dieser Stelle m\u00f6chte ich vielmehr einige Anmerkungen zur ArchivistaBox anf\u00fchren. Immerhin wird die Archivista-L\u00f6sung im Jahre 2023 auf 25 Jahre Firmengeschichte zur\u00fcckblicken k\u00f6nnen.<\/em><\/p>\n<p><a href=\"https:\/\/archivista.ch\/cms\/wp-content\/uploads\/2023\/01\/saentis1.jpg\"><img loading=\"lazy\" decoding=\"async\" class=\"alignnone size-full wp-image-9618\" src=\"https:\/\/archivista.ch\/cms\/wp-content\/uploads\/2023\/01\/saentis1.jpg\" alt=\"\" width=\"1920\" height=\"1080\" srcset=\"https:\/\/archivista.ch\/cms\/wp-content\/uploads\/2023\/01\/saentis1.jpg 1920w, https:\/\/archivista.ch\/cms\/wp-content\/uploads\/2023\/01\/saentis1-300x169.jpg 300w, https:\/\/archivista.ch\/cms\/wp-content\/uploads\/2023\/01\/saentis1-1024x576.jpg 1024w, https:\/\/archivista.ch\/cms\/wp-content\/uploads\/2023\/01\/saentis1-768x432.jpg 768w, https:\/\/archivista.ch\/cms\/wp-content\/uploads\/2023\/01\/saentis1-600x338.jpg 600w, https:\/\/archivista.ch\/cms\/wp-content\/uploads\/2023\/01\/saentis1-1536x864.jpg 1536w, https:\/\/archivista.ch\/cms\/wp-content\/uploads\/2023\/01\/saentis1-624x351.jpg 624w\" sizes=\"auto, (max-width: 1920px) 100vw, 1920px\" \/><\/a><\/p>\n<h2>Was 1998 als Schriftgutarchiv den Anfang nahm&#8230;<\/h2>\n<p>Am Ende des letzten Jahrtausends zeichnete sich ab, dass die Computer in Zukunft \u00fcber erhebliche Rechenkapazit\u00e4ten und Speichermengen verf\u00fcgen werden d\u00fcrften. Digitale Archive waren damals &#8212; im besten Falle &#8212; die Dom\u00e4ne von mittleren oder grossen Firmen und Konzernen. KMU-Betriebe hatten plus\/minus betrachtet das Nachsehen.<\/p>\n<p>Dennoch zeichnete sich eine Digitalisierung der Daten ab. Zwar wurden fast alle Prozesse am Ende mit einem Ausdruck zu Papier gebracht. Jedoch, Belege und Dokumente konnten bereits damals mit vertretbarem Aufwand elektronisch gespeichert werden.<\/p>\n<p>Einer der wichtigsten Gr\u00fcnde, warum Archivista das Licht der Welt erblickte, war, dass im Unterschied zu anderen L\u00f6sungen, s\u00e4mtliche Belege virtuell abfotografiert wurden. In einem Testbericht einer damals bekannten Computerzeitschrift war gar die Rede davon, dass die Belege &#8222;eingemottet&#8220; w\u00fcrden.<\/p>\n<h2>Bestandesgarantie f\u00fcr Datenhaltung \u00fcber Jahrzehnte<\/h2>\n<p>Immerhin, genau dank diesem Konzept ist es 25 Jahre sp\u00e4ter m\u00f6glich, s\u00e4mtliche archivierten Daten, uneingeschr\u00e4nkt und ohne Plugins verf\u00fcgbar zu halten. Wer heute eine Word-Datei aus den 90er-Jahren des letzten Jahrhunderts \u00f6ffnen m\u00f6chte, kann nicht erwarten, dass z.B. die damaligen Zeichens\u00e4tze korrekt dargestellt werden k\u00f6nnen.<\/p>\n<p>Das &#8222;Abfotografieren&#8220; erm\u00f6glicht noch heute, dass die Ansicht der Dokumente in digitaler Form so gew\u00e4hrleistet werden kann, wie die Daten erfasst wurden. Das erscheint nicht besonders bahnbrechend zu sein. Jedoch, bei genauerer Betrachtungsweise, ist dies keineswegs selbstverst\u00e4ndlich. Immerhin darf hier angemerkt werden, dass die ArchivistaBox Abw\u00e4rtskompatiblit\u00e4t \u00fcber mittlerweile 25 Jahre bietet. Und auch dies sei hier noch angef\u00fchrt, \u00fcber 25 Jahre bieten wir eine konstante Preis- und Produktepolitik an. Ein <strong><a href=\"https:\/\/archivista.ch\/1998_10\/index.htm\">Blick in unser Web-Museum darf hier gerne als &#8222;Beweis&#8220; angef\u00fchrt werden.<\/a><\/strong><\/p>\n<p>\u00dcber die letzten Jahre wurden die multimedialen F\u00e4higkeiten der ArchivistaBox massiv ausgebaut und verfeinert. So lassen sich heute L\u00f6sungen mit der ArchivistaBox betreiben, bei denen nicht nur Millionen von Seiten archiviert werden k\u00f6nnen, sondern auch im gleichen Masse Audio- und Filmmaterial verwaltet werden k\u00f6nnen.<\/p>\n<p><a href=\"https:\/\/archivista.ch\/cms\/wp-content\/uploads\/2023\/01\/saentis2.jpg\"><img loading=\"lazy\" decoding=\"async\" class=\"alignnone size-full wp-image-9617\" src=\"https:\/\/archivista.ch\/cms\/wp-content\/uploads\/2023\/01\/saentis2.jpg\" alt=\"\" width=\"1920\" height=\"1080\" srcset=\"https:\/\/archivista.ch\/cms\/wp-content\/uploads\/2023\/01\/saentis2.jpg 1920w, https:\/\/archivista.ch\/cms\/wp-content\/uploads\/2023\/01\/saentis2-300x169.jpg 300w, https:\/\/archivista.ch\/cms\/wp-content\/uploads\/2023\/01\/saentis2-1024x576.jpg 1024w, https:\/\/archivista.ch\/cms\/wp-content\/uploads\/2023\/01\/saentis2-768x432.jpg 768w, https:\/\/archivista.ch\/cms\/wp-content\/uploads\/2023\/01\/saentis2-600x338.jpg 600w, https:\/\/archivista.ch\/cms\/wp-content\/uploads\/2023\/01\/saentis2-1536x864.jpg 1536w, https:\/\/archivista.ch\/cms\/wp-content\/uploads\/2023\/01\/saentis2-624x351.jpg 624w\" sizes=\"auto, (max-width: 1920px) 100vw, 1920px\" \/><\/a><\/p>\n<h2>Autonome L\u00f6sungen bieten ein Plus an Sicherheit<\/h2>\n<p>Gerade die letzten Jahre zeigen gut und sch\u00f6n, Konstanz ist nicht prim\u00e4r ein Schwerpunkt der Informatikbranche. L\u00f6sungen und Technologien kommen und gehen. Was vor zehn Jahren noch undenkbar schien, wird heute als Standard betrachtet. Beispielsweise scheint es aktuell &#8212; selbst bei KMUs &#8212; nicht mehr zentral zu sein, ob eine L\u00f6sung autonom, d.h. ohne permanente Anbindung ans Internet, arbeitet.<\/p>\n<p>Die ben\u00f6tigten Dienste finden sich heute weitverzweigt verteilt auf der ganzen Welt. So sehr die neuen M\u00f6glichkeiten ein ortsunabh\u00e4ngiges Arbeiten erm\u00f6glichen, sobald ein R\u00e4dchen im System nicht mehr l\u00e4uft, stehen ganze Rechnerwelten &#8212; und damit auch s\u00e4mtliche L\u00f6sungen, die darauf aufbauen &#8212; still.<\/p>\n<p>Dabei m\u00fcssen noch nicht einmal technische M\u00e4ngel (sprich Bugs) urs\u00e4chlich f\u00fcr Probleme verantwortlich sein. Aktuell ist unsere moderne Zivilgesellschaft an einem Punkt angelangt, wo selbst der &#8222;Saft&#8220; (sprich der verf\u00fcgbare Strom) knapp wird. Strom als Gut kostet urpl\u00f6tzlich um Faktoren mehr. Niemand kann aktuell mit Sicherheit eine Aussage treffen, welche Auswirkungen eine allf\u00e4llige akute Strommangellage auf unsere Wirtschaft bzw. Gesellschaft nach sich ziehen wird.<\/p>\n<p>Eines erscheint jedoch klar. L\u00f6sungen, die f\u00fcr sich autark laufen, d\u00fcrften in &#8222;unsicheren&#8220; Zeiten deutlich einfacher \u00fcber die Runde kommen. Unsere ArchivistaBox-Systeme laufen selbst auf bescheidenster Hardware noch z\u00fcgig und komplett unabh\u00e4ngig davon, ob das Internet stottert oder gar ausf\u00e4llt.<\/p>\n<h2>Autarke Systeme laufen, auch wenn das Internet &#8222;absackt&#8220;<\/h2>\n<p>In den letzten Jahren konnte bzw. musste festgestellt werden, dass viele Softwarepakete nur noch im Zusammenspiel mit Diensten im Netz arbeiten. Die Flexiblit\u00e4t solcher L\u00f6sungen mag verlockend sein. Dennoch wurde bei der ArchivistaBox ganz bewusst darauf geachtet, dass unsere L\u00f6sungen f\u00fcr sich autonom arbeiten. Damit ist gew\u00e4hrleistet, dass die Lauff\u00e4higkeit und damit auch die Hohheit der Daten jederzeit bei den Kunden bleibt.<\/p>\n<p>Die ArchivistaBox ist dabei derart einfach und ausfallsicher aufgebaut, dass der Betrieb auch f\u00fcr reine Anwender\/innen problemlos m\u00f6glich ist. Dadurch, dass die ArchivistaBox das darunterliegende Betriebssystem mit enth\u00e4lt, besteht eine Autonomie, die es nicht geben w\u00fcrde bzw. k\u00f6nnte, w\u00fcrde die ArchivistaBox als reine Softwarel\u00f6sung ausgeliefert.<\/p>\n<h2>Think global, work local<\/h2>\n<p>Und auch dieser Aspekt soll hier kurz erw\u00e4hnt werden, die gesamte Entwicklung der ArchivistaBox erfolgt in der Schweiz und s\u00e4mtliche Technologien, welche daf\u00fcr verwendet werden, wird mit Open Source Technologie realisiert.<\/p>\n<p>Vor 20 Jahren wurde die Archivista-L\u00f6sung daf\u00fcr mancherorts bel\u00e4chelt und der Konzern von Redmont sah in Open Source gar ein Krebsgeschw\u00fcr, das es um jeden Preis zu verteufeln galt. Heute hat Open Source l\u00e4ngst in allen Branchen und L\u00f6sungen Einzug gehalten.<\/p>\n<p>Allerdings fragt sich dabei zuweilen, was von Open Source \u00fcbrigbleibt, wenn die Dienste elementar mit (propriet\u00e4ren) Cloud-Diensten verzahnt sind. So sehr das Internet als Standard wertvolle Dienste leistet, so sehr werden darum herum Dienste aufgebaut, die weder transparent noch f\u00fcr sich alleine lauff\u00e4hig sind.<\/p>\n<p>Die ArchivistaBox dagegen l\u00e4uft zun\u00e4chst einmal als eigenst\u00e4ndige L\u00f6sung. Dabei bietet die ArchivistaBox als vollkommen webbasierte L\u00f6sung den gleichen Komfort wie Cloud-L\u00f6sung, einfach lokal und weltweit global zugleich.<\/p>\n<h2>ArchivistaCloud kostenfrei f\u00fcr Alle<\/h2>\n<p>Das muss kein Widerspruch sein, wer sich \u00fcber unseren Shop registriert, erh\u00e4lt direkt und <strong><a href=\"http:\/\/shop.archivista.ch\/oscommunity\/catalog\/product_info.php?cPath=21&amp;products_id=107\">jetzt gleich seine pers\u00f6nliche ArchivistaBox-Cloud-Instanz.<\/a><\/strong><\/p>\n<p>Nach der Registrierung stehen sowohl ArchivistaDMS als auch ArchivistaERP ohne jede weitere Verpflichtung zum Arbeiten bereit. Die Instanzen k\u00f6nnen sowohl zum Testen als auch zum produktiven Betrieb verwendet werden. Die maximale Gr\u00f6sse der Datenbank betr\u00e4gt 20 GByte, pro Instanz kann jeweils ein\/e Benutzer\/in arbeiten.<\/p>\n<p>Bliebe die Frage zu kl\u00e4ren, gibt es ArchivistaCloud auch als kommerzielles Produkt? Die Antwort lautet Nein. Einmal gibt es nach unserer Auffassung gen\u00fcgend Dienstleister, welche virtuelle Server im Angebot haben und weiter fehlt uns daf\u00fcr die Kapazit\u00e4t. Wir m\u00f6chten unsere Ressourcen auch in Zukunft in das investieren, was wir am besten k\u00f6nnen, eine rundum perfekte ArchivistaBox zu produzieren.<\/p>\n<p>An dieser Stelle danken m\u00f6chte ich aber auch all unseren treuen Kunden, ohne die es die ArchivistaBox so nicht geben w\u00fcrde bzw. k\u00f6nnte. Der direkte Draht zu den Anwender\/innen geh\u00f6rt mit zum wertvollsten Gut unserer L\u00f6sung. Diesen Austausch zu pflegen und zu leben, darauf freue ich mich heute und auch in Zukunft. In diesem Sinne, auf eine angenehme Zusammenarbeit \u00fcber die n\u00e4chsten 25 Jahre.<\/p>\n<p>Gleichermassen sind alle jene, die noch keine ArchivistaBox im Einsatz haben, eingeladen in Kontakt mit uns zu treten. Sei dies im Rahmen eines <strong><a href=\"https:\/\/archivista.ch\/cms\/de\/uber-uns\/so-finden-sie-uns\/\">OpenFridays,<\/a><\/strong> per <strong><a href=\"mailto:webmaster@archivista.ch\">Mail<\/a><\/strong> oder Telefon unter +41 44 350 05 60, eine jede Kontaktnahme ist immer herzlich willkommen.<\/p>\n<p style=\"text-align: right;\"><em>Urs Pfister, Gesch\u00e4ftsf\u00fchrer Archivista GmbH<\/em><\/p>\n\n\n\n\t<div class=\"dkpdf-button-container\" style=\"            text-align:right \">\n\n\t\t<a class=\"dkpdf-button\" href=\"\/cms\/wp-json\/wp\/v2\/pages\/9616?pdf=9616\" target=\"_blank\"><span class=\"dkpdf-button-icon\"><i class=\"fa fa-file-pdf-o\"><\/i><\/span> PDF Button<\/a>\n\n\t<\/div>\n\n\n\n\n\n","protected":false},"excerpt":{"rendered":"<p>25 Jahre Archivista: Vision\u00e4r, damals wie heute Egg, 10. Januar 2023: F\u00fcr einmal erfolgt der Jahresr\u00fcckblick erst im neuen Jahr. \u00dcber die Neuerungen unserer L\u00f6sungen geben die Blogs aus dem Jahre 2022 in aller F\u00fclle Auskunft. An dieser Stelle m\u00f6chte ich vielmehr einige Anmerkungen zur ArchivistaBox anf\u00fchren. Immerhin wird die Archivista-L\u00f6sung im Jahre 2023 auf [&hellip;]<\/p>\n","protected":false},"author":1,"featured_media":0,"parent":168,"menu_order":154,"comment_status":"closed","ping_status":"closed","template":"","meta":{"_acf_changed":false,"footnotes":""},"class_list":["post-9616","page","type-page","status-publish","hentry"],"acf":[],"_links":{"self":[{"href":"https:\/\/archivista.ch\/cms\/wp-json\/wp\/v2\/pages\/9616","targetHints":{"allow":["GET"]}}],"collection":[{"href":"https:\/\/archivista.ch\/cms\/wp-json\/wp\/v2\/pages"}],"about":[{"href":"https:\/\/archivista.ch\/cms\/wp-json\/wp\/v2\/types\/page"}],"author":[{"embeddable":true,"href":"https:\/\/archivista.ch\/cms\/wp-json\/wp\/v2\/users\/1"}],"replies":[{"embeddable":true,"href":"https:\/\/archivista.ch\/cms\/wp-json\/wp\/v2\/comments?post=9616"}],"version-history":[{"count":10,"href":"https:\/\/archivista.ch\/cms\/wp-json\/wp\/v2\/pages\/9616\/revisions"}],"predecessor-version":[{"id":9640,"href":"https:\/\/archivista.ch\/cms\/wp-json\/wp\/v2\/pages\/9616\/revisions\/9640"}],"up":[{"embeddable":true,"href":"https:\/\/archivista.ch\/cms\/wp-json\/wp\/v2\/pages\/168"}],"wp:attachment":[{"href":"https:\/\/archivista.ch\/cms\/wp-json\/wp\/v2\/media?parent=9616"}],"curies":[{"name":"wp","href":"https:\/\/api.w.org\/{rel}","templated":true}]}}