{"id":9843,"date":"2023-05-26T18:02:24","date_gmt":"2023-05-26T16:02:24","guid":{"rendered":"https:\/\/archivista.ch\/cms\/?page_id=9843"},"modified":"2024-02-22T17:32:47","modified_gmt":"2024-02-22T16:32:47","slug":"avmultimedia-mit-steamdeck","status":"publish","type":"page","link":"https:\/\/archivista.ch\/cms\/de\/aktuell-blog\/blogs-2023\/avmultimedia-mit-steamdeck\/","title":{"rendered":"AVMultimedia 2023\/V mit SteamDeck"},"content":{"rendered":"<h1>Multimediale Open Source Distribution rundum erneuert<\/h1>\n<p><em><strong>Egg, 26. Mai 2023:<\/strong> Seit einigen Wochen wartete eine SteamDeck-Konsole darauf, mit dem vollwertigen Linux-Desktop AVMultimedia best\u00fcckt zu werden. Nachdem es bei der Integration einige H\u00fcrden zu \u00fcberwinden galt, steht AVMultimedia mit aktualisiertem Linux-Kernel 6.1.30 nun zum Download bereit. Selbstverst\u00e4ndlich l\u00e4uft AVMultimedia auf fast allen g\u00e4ngigen Intel\/AMD-Rechnern (und mit dem neuen Release 2023\/V auf noch vielen neuen Rechnern dazonlineu), doch nachfolgend soll es prim\u00e4r um die Portierung auf die SteamDeck gehen.<\/em><\/p>\n<p><a href=\"https:\/\/archivista.ch\/cms\/wp-content\/uploads\/2023\/05\/avmultisteam2.jpg\"><img loading=\"lazy\" decoding=\"async\" class=\"size-full wp-image-9859\" src=\"https:\/\/archivista.ch\/cms\/wp-content\/uploads\/2023\/05\/avmultisteam2.jpg\" alt=\"\" width=\"1920\" height=\"1257\" srcset=\"https:\/\/archivista.ch\/cms\/wp-content\/uploads\/2023\/05\/avmultisteam2.jpg 1920w, https:\/\/archivista.ch\/cms\/wp-content\/uploads\/2023\/05\/avmultisteam2-300x196.jpg 300w, https:\/\/archivista.ch\/cms\/wp-content\/uploads\/2023\/05\/avmultisteam2-1024x670.jpg 1024w, https:\/\/archivista.ch\/cms\/wp-content\/uploads\/2023\/05\/avmultisteam2-768x503.jpg 768w, https:\/\/archivista.ch\/cms\/wp-content\/uploads\/2023\/05\/avmultisteam2-600x393.jpg 600w, https:\/\/archivista.ch\/cms\/wp-content\/uploads\/2023\/05\/avmultisteam2-1536x1006.jpg 1536w, https:\/\/archivista.ch\/cms\/wp-content\/uploads\/2023\/05\/avmultisteam2-624x409.jpg 624w\" sizes=\"auto, (max-width: 1920px) 100vw, 1920px\" \/><\/a><\/p>\n<h2>Was ist die <strong><a href=\"https:\/\/www.steamdeck.com\/de\/hardware\">SteamDeck?<\/a><\/strong><\/h2>\n<p>Die SteamDeck ist an sich eine Spielekonsole f\u00fcr die <strong><a href=\"https:\/\/de.wikipedia.org\/wiki\/Steam\">Spieleplattform Steam.<\/a><\/strong> Im Unterschied zu anderen Spielekonsolen basiert die Hardware der SteamDeck auf einem modernen Ryzen-Prozessor (4 CPUs bzw. 8 Threads, 16 GB RAM). Damit l\u00e4sst sich auf der Hardware jede Desktop-Software installieren. Selbst Windows soll auf der SteamDeck laufen. Durch das geringe Gewicht von unter 700 Gramm, einem Touchscreen und einem integrierten Mauspad l\u00e4sst sich mit der SteamDeck unterwegs recht angenehm arbeiten.<\/p>\n<p>Tastatur-Eingaben lassen sich \u00fcber den Touch-Bildschirm bewerkstelligen und f\u00fcr das genaue &#8222;Zielen&#8220;, was bei Desktop-Anwendungen mitunter notwendig ist, steht ein sehr gut in der Hand liegendes Mousepad zur Verf\u00fcgung. Klicks mit dem Pad lassen sich sehr einfach mit dem Dr\u00fccken des Zeigefingers an der Taste vorne der Konsole bewerkstelligen. Damit ist ein Arbeiten m\u00f6glich, wie es mit reinen Tablets nicht m\u00f6glich ist.<\/p>\n<p><a href=\"https:\/\/archivista.ch\/cms\/wp-content\/uploads\/2023\/05\/avmultisteam4.jpg\"><img loading=\"lazy\" decoding=\"async\" class=\"size-full wp-image-9848\" src=\"https:\/\/archivista.ch\/cms\/wp-content\/uploads\/2023\/05\/avmultisteam4.jpg\" alt=\"\" width=\"1920\" height=\"648\" srcset=\"https:\/\/archivista.ch\/cms\/wp-content\/uploads\/2023\/05\/avmultisteam4.jpg 1920w, https:\/\/archivista.ch\/cms\/wp-content\/uploads\/2023\/05\/avmultisteam4-300x101.jpg 300w, https:\/\/archivista.ch\/cms\/wp-content\/uploads\/2023\/05\/avmultisteam4-1024x346.jpg 1024w, https:\/\/archivista.ch\/cms\/wp-content\/uploads\/2023\/05\/avmultisteam4-768x259.jpg 768w, https:\/\/archivista.ch\/cms\/wp-content\/uploads\/2023\/05\/avmultisteam4-600x203.jpg 600w, https:\/\/archivista.ch\/cms\/wp-content\/uploads\/2023\/05\/avmultisteam4-1536x518.jpg 1536w, https:\/\/archivista.ch\/cms\/wp-content\/uploads\/2023\/05\/avmultisteam4-624x211.jpg 624w\" sizes=\"auto, (max-width: 1920px) 100vw, 1920px\" \/><\/a><\/p>\n<p>\u00dcberdies verf\u00fcgt die SteamDeck \u00fcber einen USBC-Anschluss. Dieser wird zum gleichzeitigen Laden der Konsole und dem Anschliessen weiterer Ger\u00e4te verwendet. Ein entsprechender Adapter liegt nicht bei, doch sind solche Ger\u00e4te im Handel gut erh\u00e4ltlich. Weiter kann ein Klinker-Kopfh\u00f6heranschluss angeh\u00e4ngt werden. F\u00fcr das Justieren der Lautst\u00e4rke stehen zwei Kn\u00f6pfe vorne zur Verf\u00fcgung. Das ist sehr praktisch und wird \u00fcberdies visuell auf dem Bildschirm auch noch optisch ansprechend angezeigt.<\/p>\n<p><a href=\"https:\/\/archivista.ch\/cms\/wp-content\/uploads\/2023\/05\/avmultisteam3.jpg\"><img loading=\"lazy\" decoding=\"async\" class=\"size-full wp-image-9849\" src=\"https:\/\/archivista.ch\/cms\/wp-content\/uploads\/2023\/05\/avmultisteam3.jpg\" alt=\"\" width=\"974\" height=\"690\" srcset=\"https:\/\/archivista.ch\/cms\/wp-content\/uploads\/2023\/05\/avmultisteam3.jpg 974w, https:\/\/archivista.ch\/cms\/wp-content\/uploads\/2023\/05\/avmultisteam3-300x213.jpg 300w, https:\/\/archivista.ch\/cms\/wp-content\/uploads\/2023\/05\/avmultisteam3-768x544.jpg 768w, https:\/\/archivista.ch\/cms\/wp-content\/uploads\/2023\/05\/avmultisteam3-600x425.jpg 600w, https:\/\/archivista.ch\/cms\/wp-content\/uploads\/2023\/05\/avmultisteam3-624x442.jpg 624w\" sizes=\"auto, (max-width: 974px) 100vw, 974px\" \/><\/a><\/p>\n<p>Die SteamDeck kann mit 64 GB eMMC, mit 256 GB NVMe oder 512 GB NVMe Festplatte erworben werden. Die Preise liegen dabei zwischen ca. 500 bis 800 Franken\/Euro. Ein Schn\u00e4ppchen ist die SteamDeck damit zwar nicht, gemessen an der Leistung aber nicht wirklich teuer. Wer auf das Budget achten muss, nat\u00fcrlich sind 64 GB knapp bemessen, jedoch enth\u00e4lt die SteamDeck einen MicroSD-Card-Steckplatz, womit sich der Speicher m\u00fchelos um mehrere Hundert GB &#8222;ausbauen&#8220; l\u00e4sst. Soviel zur Hardware.<\/p>\n<p>Ausgeliefert wird die SteamDeck mit einem hauseigenen Linux. Als Grundlage daf\u00fcr wird ArchLinux verwendet. Auf der hauseigenen Distribution gibt es zwar einen Desktop-Modus. Weder das Gamen noch das Arbeiten mit der Desktop wurde ernsthaft getestet. Vielmehr war von Anfang an geplant, diese mit AVMultimedia bzw. der ArchivistaBox zu best\u00fccken.<\/p>\n<h2>Standardkonform ja, aber mit Einschr\u00e4nkungen<\/h2>\n<p>Ein erster Versuch, AVMultimedia auf der SteamDeck zu installieren, gelang zwar. nur wurde der Bildschirm im Hochformat abgebildet. Ein Drehen bei den Bildschirmeinstellungen scheiterte daran, dass die bisherige AVMultimedia-Version den integrierten GrafikChip (VanGogh) von AMD nicht erkannte und stattdessen zum Kompatiblit\u00e4tsmodus (Framebuffer) wechselte (und dort geht das Drehen nicht).<\/p>\n<p>Damit ist gleich die wichtigste Herausforderung bei der Hardware angeschnitten. Das 7-Zoll-Panel arbeitet zwar mit ansehnlichen 800&#215;1280 Pixeln, jedoch um 90 Grad rotiert (gew\u00fcnscht sind 1280&#215;800). Damit &#8222;normal&#8220; gearbeitet werden kann, ist die Bildschirmanzeige immer softwaretechnisch um 90 Grad nach rechts zu setzen. Mit entsprechend &#8222;frischem&#8220; Linux-Kernel (es sollte zumindest 6.1.x sein) l\u00e4sst sich dies zwar m\u00fchelos beheben.<\/p>\n<p>Wer allerdings den prim\u00e4ren Bildschirm auf einen zweiten Bildschirm spiegeln m\u00f6chte (z.B. Beamer-Pr\u00e4sentation), muss zwingend mit zwei unterschiedlichen Ansichten arbeiten. Zwar k\u00f6nnten beide Screens synchronisiert werden, jedoch nur so, dass einer der beiden Bildschirme um 90 Grad falsch gedreht ist.<\/p>\n<p>Mag sein, dass dies in der t\u00e4glichen Praxis keine so grosse Rolle spielt. Nur, derart verbaute Panels f\u00fchren dazu, dass ein grosser Teil der Linux-Distributionen nach dem Start keine korrekte Anzeige darstellen. Nat\u00fcrlich kann zur Not mit der Konsole auch hochkantig gearbeitet werden, ohne externe Maus bzw. Tastatur ist ein Arbeiten dann aber faktisch nicht m\u00f6glich.<\/p>\n<p><a href=\"https:\/\/archivista.ch\/cms\/wp-content\/uploads\/2023\/05\/avmultisteam1.jpg\"><img loading=\"lazy\" decoding=\"async\" class=\"size-full wp-image-9851\" src=\"https:\/\/archivista.ch\/cms\/wp-content\/uploads\/2023\/05\/avmultisteam1.jpg\" alt=\"\" width=\"1920\" height=\"908\" srcset=\"https:\/\/archivista.ch\/cms\/wp-content\/uploads\/2023\/05\/avmultisteam1.jpg 1920w, https:\/\/archivista.ch\/cms\/wp-content\/uploads\/2023\/05\/avmultisteam1-300x142.jpg 300w, https:\/\/archivista.ch\/cms\/wp-content\/uploads\/2023\/05\/avmultisteam1-1024x484.jpg 1024w, https:\/\/archivista.ch\/cms\/wp-content\/uploads\/2023\/05\/avmultisteam1-768x363.jpg 768w, https:\/\/archivista.ch\/cms\/wp-content\/uploads\/2023\/05\/avmultisteam1-600x284.jpg 600w, https:\/\/archivista.ch\/cms\/wp-content\/uploads\/2023\/05\/avmultisteam1-1536x726.jpg 1536w, https:\/\/archivista.ch\/cms\/wp-content\/uploads\/2023\/05\/avmultisteam1-624x295.jpg 624w\" sizes=\"auto, (max-width: 1920px) 100vw, 1920px\" \/><\/a><\/p>\n<h2>Sound-Karte und TouchScreen als Stolpersteine<\/h2>\n<p>Wer Linux auf neuer Hardware installieren m\u00f6chte, erlebt es immer wieder. Ohne aktualisierte Treiber gelingt das Unterfangen kaum. Die SteamDeck l\u00e4sst sich (gem\u00e4ss Bekundungen in entsprechenden Foren) erst ab Linux-Kernel 6.1 betreiben. Das initiale Release stammt vom Janaur 2023. Dazu passend sind die entsprechenden Firmware-Dateien notwendig.<\/p>\n<p>Trotzdem wollte die Sound-Karte auch nach Tagen m\u00fchsamer Arbeit keinen Laut von sich geben. Selbst das Zur\u00fcckgreifen auf Distributionen wie Manjaro (einzig die Plasma-Version bootete) oder auch Ubuntu brachten keine Hilfe, denn der Sound fehlte auch dort. Nach l\u00e4ngerem Suchen liess sich bei <strong><a href=\"https:\/\/batocera.org\">https:\/\/batocera.org<\/a><\/strong> eine speziell f\u00fcr die SteamDeck erstellte ISO finden. Diese arbeitete zu 100% perfekt. Jedoch, ein Desktop enth\u00e4lt eine f\u00fcr Retro-Spiele erstellte Open Source Distribution nat\u00fcrlich nicht.<\/p>\n<p>Trotzdem, anhand des SSH-Zugriffs (root\/linux) konnte herausgefunden werden, woran es lag. Neben den passenden Kernel- und Firmware-Treibern sind zus\u00e4tzlich weitere Konfigurationsdateien f\u00fcr die Soundkarte notwendig. Passend dazu liessen sich entsprechende Hinweise unter <strong><a href=\"https:\/\/batocera.org\">https:\/\/gitlab.com\/open-sd\/acp5x-ucm-files<\/a><\/strong> finden.<\/p>\n<p>Damit konnten zumindest Sound-Kl\u00e4nge \u00fcber den Kopfh\u00f6rer-Ausgang genossen werden. Um die Audio-Signalle auch auf den Lautsprecher zu leiten, waren Anpassungen in \/etc\/pulse\/default.pa notwendig. Die entsprechenden Eintr\u00e4ge sind sehr technischer Natur und finden sich daher direkt auf der AVMultimedia-ISO-Datei.<\/p>\n<p>Zwar etwas weniger aufw\u00e4ndiger, aber doch anspruchsvoll war, die richtigen Kernel-Module f\u00fcr den Touch-Screen der SteamDeck zu finden. Die Konfigurationsdatei des Kernels zwischen Batocera und AVMultimedia zeigte einige Tausend Zeilen Unterschiede; hier die richtigen Kandidaten zu aktivieren, es war ein Spiessrutenlauf. Nach ca. 10 neuen Kernel-Variationen war es soweit. Halleluja!<\/p>\n<h2>Fazit: 950 Gramm f\u00fcr das ultimative mobile Desktop-Feeling<\/h2>\n<p><a href=\"https:\/\/archivista.ch\/cms\/wp-content\/uploads\/2023\/05\/avmultisteam5.jpg\"><img loading=\"lazy\" decoding=\"async\" class=\"wp-image-9847 size-medium alignright\" src=\"https:\/\/archivista.ch\/cms\/wp-content\/uploads\/2023\/05\/avmultisteam5-300x179.jpg\" alt=\"\" width=\"300\" height=\"179\" srcset=\"https:\/\/archivista.ch\/cms\/wp-content\/uploads\/2023\/05\/avmultisteam5-300x179.jpg 300w, https:\/\/archivista.ch\/cms\/wp-content\/uploads\/2023\/05\/avmultisteam5-1024x612.jpg 1024w, https:\/\/archivista.ch\/cms\/wp-content\/uploads\/2023\/05\/avmultisteam5-768x459.jpg 768w, https:\/\/archivista.ch\/cms\/wp-content\/uploads\/2023\/05\/avmultisteam5-600x358.jpg 600w, https:\/\/archivista.ch\/cms\/wp-content\/uploads\/2023\/05\/avmultisteam5-1536x918.jpg 1536w, https:\/\/archivista.ch\/cms\/wp-content\/uploads\/2023\/05\/avmultisteam5-624x373.jpg 624w, https:\/\/archivista.ch\/cms\/wp-content\/uploads\/2023\/05\/avmultisteam5.jpg 1920w\" sizes=\"auto, (max-width: 300px) 100vw, 300px\" \/><\/a>Die SteamDeck wiegt 676 Gramm, das Netzteil dazu 162 Gramm, Praktisch dabei ist, dass sowohl der europ\u00e4ische zweipolige Anschluss einfach weggesteckt werden kann und sich die Box ohne Adapter in den USA\/Kanada betreiben l\u00e4sst. Die Abbildung zeigt den aufgesteckten EU-Adapter. Es versteht sich von selbst, dass die SteamDeck nur mit voll eingestecktem EU-Adapter eingeschaltet werden darf, die obige Abbildung dient einzig dazu aufzuzeigen, wie elegant die Adapter-L\u00f6sung ist.<\/p>\n<p>Nun ist die SteamDeck ohne USB-Kit nicht komplett, ergibt plus\/minus nochmals 50 Gramm. Alles zusammengerechnet sind es somit ca. 890 Gramm. So sehr das Tippen \u00fcber den Touch-Screen z\u00fcgig geht, so sehr bleibt auf dem 7-Zoll-Display am Ende doch wenig Platz zum Arbeiten \u00fcbrig. Eine externe Tastatur ist von daher sicher hilfreich. Dank USB und\/oder Bluetooth l\u00e4sst sich dies einfach bewerkstelligen.<\/p>\n<p><a href=\"https:\/\/archivista.ch\/cms\/wp-content\/uploads\/2023\/05\/avmultisteam7.jpg\"><img loading=\"lazy\" decoding=\"async\" class=\"size-full wp-image-9845\" src=\"https:\/\/archivista.ch\/cms\/wp-content\/uploads\/2023\/05\/avmultisteam7.jpg\" alt=\"\" width=\"1920\" height=\"1228\" srcset=\"https:\/\/archivista.ch\/cms\/wp-content\/uploads\/2023\/05\/avmultisteam7.jpg 1920w, https:\/\/archivista.ch\/cms\/wp-content\/uploads\/2023\/05\/avmultisteam7-300x192.jpg 300w, https:\/\/archivista.ch\/cms\/wp-content\/uploads\/2023\/05\/avmultisteam7-1024x655.jpg 1024w, https:\/\/archivista.ch\/cms\/wp-content\/uploads\/2023\/05\/avmultisteam7-768x491.jpg 768w, https:\/\/archivista.ch\/cms\/wp-content\/uploads\/2023\/05\/avmultisteam7-600x384.jpg 600w, https:\/\/archivista.ch\/cms\/wp-content\/uploads\/2023\/05\/avmultisteam7-1536x982.jpg 1536w, https:\/\/archivista.ch\/cms\/wp-content\/uploads\/2023\/05\/avmultisteam7-624x399.jpg 624w\" sizes=\"auto, (max-width: 1920px) 100vw, 1920px\" \/><\/a><\/p>\n<p>Im &#8222;hauseigenen&#8220; Lager fand sich eine <strong><a href=\"https:\/\/celluon.com\/epic\/\">Epic Laser-Tastatur von Celluon.<\/a><\/strong> Mit ca. 60 Gramm wird damit zwar das Gesamtgewicht auf 950 Gramm angehoben, jedoch l\u00e4sst sich damit viel z\u00fcgiger schreiben &#8212; und damit geh\u00f6rt das Teil mit zur mobilen Ausr\u00fcstung. Nebenbei sei an dieser Stelle angef\u00fchrt, dass der Einsatz von Bluetooth mit dem Kernel 6.1.x endlich ohne &#8222;Hindernisse&#8220; funktioniert.<\/p>\n<p>Gemischte Begeisterung findet dagegen die Transporttasche. Zugegeben, das Display muss ja irgendwie gut gesch\u00fctzt werden. Das Gewicht von \u00fcber 350 Gramm jedoch ist ansehnlich.<\/p>\n<p><a href=\"https:\/\/archivista.ch\/cms\/wp-content\/uploads\/2023\/05\/avmultisteam6.jpg\"><img loading=\"lazy\" decoding=\"async\" class=\"size-full wp-image-9846\" src=\"https:\/\/archivista.ch\/cms\/wp-content\/uploads\/2023\/05\/avmultisteam6.jpg\" alt=\"\" width=\"1920\" height=\"1712\" srcset=\"https:\/\/archivista.ch\/cms\/wp-content\/uploads\/2023\/05\/avmultisteam6.jpg 1920w, https:\/\/archivista.ch\/cms\/wp-content\/uploads\/2023\/05\/avmultisteam6-300x268.jpg 300w, https:\/\/archivista.ch\/cms\/wp-content\/uploads\/2023\/05\/avmultisteam6-1024x913.jpg 1024w, https:\/\/archivista.ch\/cms\/wp-content\/uploads\/2023\/05\/avmultisteam6-768x685.jpg 768w, https:\/\/archivista.ch\/cms\/wp-content\/uploads\/2023\/05\/avmultisteam6-600x535.jpg 600w, https:\/\/archivista.ch\/cms\/wp-content\/uploads\/2023\/05\/avmultisteam6-1536x1370.jpg 1536w, https:\/\/archivista.ch\/cms\/wp-content\/uploads\/2023\/05\/avmultisteam6-624x556.jpg 624w\" sizes=\"auto, (max-width: 1920px) 100vw, 1920px\" \/><\/a><\/p>\n<h2>Das bringt das SteamDeck-Upgrade f\u00fcr AVMultimedia und die ArchivistaBox<\/h2>\n<p>Wer eine SteamDeck hat, findet mit der aktualisierten AVMultimedia-Distribution endlich einen Desktop, der recht gut auf der SteamDeck arbeitet. Leider musste bei der Entwicklung von AVMultimedia beobachtet werden, dass die SteamDeck von den &#8222;Platzhirschen&#8220; nicht optimal (z.B. fehlendes Drehen des Bildschirms oder kein Ton) unterst\u00fctzt wird. Hier bietet AVMultimedia endlich einen Desktop f\u00fcr die SteamDeck.<\/p>\n<p>An erster Stelle bringt das aktuelle Release der AVMultimedia-Distribution aber eine rundum erneuerte Oberfl\u00e4che f\u00fcr alle, die mit aktueller Hardware arbeiten m\u00f6chten. Dank Linux-Kernel 6.1.x ist AVMultimedia damit f\u00fcr die n\u00e4chste Zeit wieder aktualisiert. AVMultimeida 2023\/05 basiert auf der stabilen Version von Devuan Chimaera. Nat\u00fcrlich h\u00e4tte auch zur Testing-Version der n\u00e4chsten Generation gegriffen werden k\u00f6nnen.<\/p>\n<p>Jedoch, weit bedeutender als aktualisierte Software auf dem Desktop ist der entsprechende Unterbau, da nur damit aktuelle Hardware problemlos zum Einsatz kommen kann. Der Longterm-Kernel 6.1.x bietet hier eine ideale Voraussetzung f\u00fcr die n\u00e4chsten Jahre. Die ISO-Datei f\u00fcr dieses Release findet sich (passend zum Kernel) unter dem Namen avmultimedia6.iso hier:<\/p>\n<p><a href=\"https:\/\/sourceforge.net\/projects\/archivista\/files\/\"><strong>https:\/\/sourceforge.net\/projects\/archivista\/files\/<\/strong><\/a><br \/>\n<a href=\"https:\/\/osdn.net\/projects\/avmultimedia\/releases\/\"><strong>https:\/\/osdn.net\/projects\/avmultimedia\/releases\/<\/strong><\/a><\/p>\n<p>Unseren Kunden der ArchivistaBox sei an dieser Stelle gesagt, dass mit dem aktualisierten Unterbau (die ArchzivistaBox wurde im gleichen Zug migriert) die Software f\u00fcr das n\u00e4chste Major-Release zur Verf\u00fcgung steht. Bereits jetzt kann gesagt werden, dass der Update-Prozess sehr einfach ausfallen wird (Online-Update gen\u00fcgt). Einige wenige ausgew\u00e4hlte Kunden arbeiten bereits mit dem aktualisierten Unterbau, offiziell freigegeben wird der neue Hauptzweig wohl aber erst im n\u00e4chsten Jahr.<\/p>\n<p>Trotzdem sind die entsprechenden Arbeiten f\u00fcr die ArchivistaBox essentiell. Nur so ist gew\u00e4hrleistet, dass wir unseren Kunden auch in einigen Jahren eine aktuelle Hardware ausliefern k\u00f6nnen.<\/p>\n<p>Zum Abschluss noch dies: Die SteamDeck arbeitet sehr z\u00fcgig. Das Hochfahren von AVMultimedia (Einrichten der gesamten Software \u00fcber ca. 6 GByte) dauert ca. 8 bis 10 Sekunden. Mit dem integrierten Ryzen-Prozessor lassen sich selbst 4K-Videos bearbeiten und rendern. Nicht ganz so flott wie mit den schnellsten AMD oder Apple M1-Boliden, aber doch recht ordentlich. Selbst Virtualisierung l\u00e4sst sich mit der SteamDeck m\u00fchelos bewerkstelligen. So gesehen ist die SteamDeck absolut kein Spielzeug, sondern ein hartes Arbeitstier.<\/p>\n\n\n\n\t<div class=\"dkpdf-button-container\" style=\"            text-align:right \">\n\n\t\t<a class=\"dkpdf-button\" href=\"\/cms\/wp-json\/wp\/v2\/pages\/9843?pdf=9843\" target=\"_blank\"><span class=\"dkpdf-button-icon\"><i class=\"fa fa-file-pdf-o\"><\/i><\/span> PDF Button<\/a>\n\n\t<\/div>\n\n\n\n\n\n","protected":false},"excerpt":{"rendered":"<p>Multimediale Open Source Distribution rundum erneuert Egg, 26. Mai 2023: Seit einigen Wochen wartete eine SteamDeck-Konsole darauf, mit dem vollwertigen Linux-Desktop AVMultimedia best\u00fcckt zu werden. Nachdem es bei der Integration einige H\u00fcrden zu \u00fcberwinden galt, steht AVMultimedia mit aktualisiertem Linux-Kernel 6.1.30 nun zum Download bereit. Selbstverst\u00e4ndlich l\u00e4uft AVMultimedia auf fast allen g\u00e4ngigen Intel\/AMD-Rechnern (und mit [&hellip;]<\/p>\n","protected":false},"author":1,"featured_media":0,"parent":9981,"menu_order":42,"comment_status":"closed","ping_status":"closed","template":"","meta":{"_acf_changed":false,"footnotes":""},"class_list":["post-9843","page","type-page","status-publish","hentry"],"acf":[],"_links":{"self":[{"href":"https:\/\/archivista.ch\/cms\/wp-json\/wp\/v2\/pages\/9843","targetHints":{"allow":["GET"]}}],"collection":[{"href":"https:\/\/archivista.ch\/cms\/wp-json\/wp\/v2\/pages"}],"about":[{"href":"https:\/\/archivista.ch\/cms\/wp-json\/wp\/v2\/types\/page"}],"author":[{"embeddable":true,"href":"https:\/\/archivista.ch\/cms\/wp-json\/wp\/v2\/users\/1"}],"replies":[{"embeddable":true,"href":"https:\/\/archivista.ch\/cms\/wp-json\/wp\/v2\/comments?post=9843"}],"version-history":[{"count":13,"href":"https:\/\/archivista.ch\/cms\/wp-json\/wp\/v2\/pages\/9843\/revisions"}],"predecessor-version":[{"id":9865,"href":"https:\/\/archivista.ch\/cms\/wp-json\/wp\/v2\/pages\/9843\/revisions\/9865"}],"up":[{"embeddable":true,"href":"https:\/\/archivista.ch\/cms\/wp-json\/wp\/v2\/pages\/9981"}],"wp:attachment":[{"href":"https:\/\/archivista.ch\/cms\/wp-json\/wp\/v2\/media?parent=9843"}],"curies":[{"name":"wp","href":"https:\/\/api.w.org\/{rel}","templated":true}]}}