{"id":9889,"date":"2023-10-09T06:31:18","date_gmt":"2023-10-09T04:31:18","guid":{"rendered":"https:\/\/archivista.ch\/cms\/?page_id=9889"},"modified":"2024-02-22T17:32:57","modified_gmt":"2024-02-22T16:32:57","slug":"ssd-und-2023-ix","status":"publish","type":"page","link":"https:\/\/archivista.ch\/cms\/de\/aktuell-blog\/blogs-2023\/ssd-und-2023-ix\/","title":{"rendered":"SSD und 2023\/IX"},"content":{"rendered":"<h1>Mehr Swap und (k)ein Festplatten-Firmware-Upgrade<\/h1>\n<p><em><strong>Egg, 9. Oktober 2023:<\/strong> In diesem kleinen Blog soll es darum gehen, was Swap-Speicher \u00fcberhaupt ist, warum neu mehr Zwischenspeicher eingerichtet werden kann und warum gewisse SSD-Festplatten ein Upgrade ben\u00f6tigen &#8212; oder eben dann auch nicht.<\/em><\/p>\n<p><a href=\"https:\/\/archivista.ch\/cms\/wp-content\/uploads\/2023\/10\/etappe32.jpg\"><img loading=\"lazy\" decoding=\"async\" class=\"alignnone size-full wp-image-9890\" src=\"https:\/\/archivista.ch\/cms\/wp-content\/uploads\/2023\/10\/etappe32.jpg\" alt=\"\" width=\"1920\" height=\"742\" srcset=\"https:\/\/archivista.ch\/cms\/wp-content\/uploads\/2023\/10\/etappe32.jpg 1920w, https:\/\/archivista.ch\/cms\/wp-content\/uploads\/2023\/10\/etappe32-300x116.jpg 300w, https:\/\/archivista.ch\/cms\/wp-content\/uploads\/2023\/10\/etappe32-1024x396.jpg 1024w, https:\/\/archivista.ch\/cms\/wp-content\/uploads\/2023\/10\/etappe32-768x297.jpg 768w, https:\/\/archivista.ch\/cms\/wp-content\/uploads\/2023\/10\/etappe32-600x232.jpg 600w, https:\/\/archivista.ch\/cms\/wp-content\/uploads\/2023\/10\/etappe32-1536x594.jpg 1536w, https:\/\/archivista.ch\/cms\/wp-content\/uploads\/2023\/10\/etappe32-624x241.jpg 624w\" sizes=\"auto, (max-width: 1920px) 100vw, 1920px\" \/><\/a><\/p>\n<h2>Was ist Swap-Speicher ?<\/h2>\n<p>Wenn wir die Funktionsweise eines Computers betrachten, so gibt es neben dem Prozessor (CPU) prim\u00e4r den Hauptspeicher (RAM oder Memory) und die Festplatte, welche im Unterschied zum Hauptspeicher dazu da ist, die Daten dauerhaft zu speichern. Will heissen, ge\u00e4nderte Daten im Hauptspeicher m\u00fcssen auf die Festplatte ausgelagert werden, damit diese (z.B. bei einem Neustart) noch vorhanden sind.<\/p>\n<p>Nun ist es leider so, dass der Hauptspeicher (genauso wie die Festplatte) in der Gr\u00f6sse begrenzt ist. In aller Regel k\u00f6nnen Festplatten deutlich mehr Daten aufnehmen, als dies beim Hauptspeicher der Fall ist. Soll der Rechner viele Daten verarbeiten, so kann der Hauptspeicher recht bald &#8222;ersch\u00f6pft&#8220; sein. Dabei m\u00fcssten Programme viele einzelne Datenbl\u00f6cke auf die Festplatte auslagern, um Platz f\u00fcr die weitere Verarbeitung zu erhalten.<\/p>\n<p>Dies wiederum w\u00fcrde unter Umst\u00e4nden relativ viel Zeit in Anspruch zu nehmen. Es macht einen grossen Unterschied, ob je 1000 mal je 1000 Zeichen auf die Festplatte geschrieben werden oder ob einmal 1&#8217;000&#8217;000 (1 Million) Zeichen gespeichert werden. Im letzteren Fall erh\u00e4lt die Festptlatte einmal den Befehl, Daten zu schreiben, im ersteren Fall m\u00fcssen 1000 Mal einzelne Vorg\u00e4nge auf der Festplatte angeworfen werden.<\/p>\n<p>Hier setzt der Swap-Speicher ein, indem ein Bereich der Festplatte daf\u00fcr reserviert wird, um diesen Teil der Festplatte (wenn auch langsam und virtuell) als Hauptspeicher nutzen zu k\u00f6nnen. Dazu ein Beispiel: Es gibt 8 GB Hauptspeicher und 200 GB umfasst die Festplatte. Nun werden 16 GB dieser 200 als Swap-Speicher festgelegt. Folglich kann die Festplatte &#8222;nur&#8220; noch 184 GB Daten speichern, daf\u00fcr stehen f\u00fcr das Betriebssystem bzw. die Programme anstelle von 8 deren 24 GB als Hauptspeicher zur Verf\u00fcgung.<\/p>\n<p><a href=\"https:\/\/archivista.ch\/cms\/wp-content\/uploads\/2023\/10\/etappe08.jpg\"><img loading=\"lazy\" decoding=\"async\" class=\"alignnone size-full wp-image-9891\" src=\"https:\/\/archivista.ch\/cms\/wp-content\/uploads\/2023\/10\/etappe08.jpg\" alt=\"\" width=\"1920\" height=\"761\" srcset=\"https:\/\/archivista.ch\/cms\/wp-content\/uploads\/2023\/10\/etappe08.jpg 1920w, https:\/\/archivista.ch\/cms\/wp-content\/uploads\/2023\/10\/etappe08-300x119.jpg 300w, https:\/\/archivista.ch\/cms\/wp-content\/uploads\/2023\/10\/etappe08-1024x406.jpg 1024w, https:\/\/archivista.ch\/cms\/wp-content\/uploads\/2023\/10\/etappe08-768x304.jpg 768w, https:\/\/archivista.ch\/cms\/wp-content\/uploads\/2023\/10\/etappe08-600x238.jpg 600w, https:\/\/archivista.ch\/cms\/wp-content\/uploads\/2023\/10\/etappe08-1536x609.jpg 1536w, https:\/\/archivista.ch\/cms\/wp-content\/uploads\/2023\/10\/etappe08-624x247.jpg 624w\" sizes=\"auto, (max-width: 1920px) 100vw, 1920px\" \/><\/a><\/p>\n<h2>Wie viel Swap-Speicher ist sinnvoll ?<\/h2>\n<p>Unsere ArchivistaBox-Systeme verf\u00fcgen meist zwischen 4 und 16 GB an Hauptspeicher. Die ArchivistaMediaVM-Rechner erhalten i.d.R. zwischen 64 und 256 GB Hauptspeicher (RAM). Auf der Festplatte wurden bislang beim Einrichten des Betriebssystems gute 6 GB Swap-Speicher zugewiesen. Bei 4 bis 8 GB Hauptspeicher ist dies durchaus sinnvoll, denn eine &#8222;Faustregel&#8220; besagt, dass der Swap-Speicher auch nicht zu gross ausgelegt werden sollte.<\/p>\n<p>Wenn z.B. bei 4 GB Hauptspeicher 40 GB Swap-Speicher vorhanden sind, kann dies dazu f\u00fchren, dass Programme bei 44 GB Hauptspeicher schnell diesen Speicher auch nutzen wollen. Da aber nur 4 GB effektiv zur Verf\u00fcgung stehen, entsteht ein sehr suboptimales Laufzeitverhalten. Das Betriebssystem w\u00fcrde dauernd Daten zwischen Swap- und Hauptspeicher hin- und herschieben.<\/p>\n<p>Bei den ArchivistaBoxen gibt es bis heute sehr wenig Bedarf f\u00fcr mehr virtuellen Swap-Speicher. Anders sieht es bei den ArchivistaMediaVM-Rechnern aus. Sowohl multimediale Anwendungen als auch die Virtualisierung ben\u00f6tigen gerne viel Hauptspeicher.<\/p>\n<p>Bislang bestand bei der ArchivistaBox f\u00fcr diese F\u00e4lle die M\u00f6glichkeit, mehr Swap-Speicher auf der Partition der Daten anzulegen. Konkret geht es um die Datei &#8218;avswap&#8216; unter &#8218;\/var\/lib\/vz&#8216;. Jedoch kann dieser virtuelle Speicher erst dann genutzt werden, wenn die Datentr\u00e4ger eingebunden sind.<\/p>\n<p><a href=\"https:\/\/archivista.ch\/cms\/wp-content\/uploads\/2023\/10\/etappe18.jpg\"><img loading=\"lazy\" decoding=\"async\" class=\"alignnone size-full wp-image-9892\" src=\"https:\/\/archivista.ch\/cms\/wp-content\/uploads\/2023\/10\/etappe18.jpg\" alt=\"\" width=\"1920\" height=\"779\" srcset=\"https:\/\/archivista.ch\/cms\/wp-content\/uploads\/2023\/10\/etappe18.jpg 1920w, https:\/\/archivista.ch\/cms\/wp-content\/uploads\/2023\/10\/etappe18-300x122.jpg 300w, https:\/\/archivista.ch\/cms\/wp-content\/uploads\/2023\/10\/etappe18-1024x415.jpg 1024w, https:\/\/archivista.ch\/cms\/wp-content\/uploads\/2023\/10\/etappe18-768x312.jpg 768w, https:\/\/archivista.ch\/cms\/wp-content\/uploads\/2023\/10\/etappe18-600x243.jpg 600w, https:\/\/archivista.ch\/cms\/wp-content\/uploads\/2023\/10\/etappe18-1536x623.jpg 1536w, https:\/\/archivista.ch\/cms\/wp-content\/uploads\/2023\/10\/etappe18-624x253.jpg 624w\" sizes=\"auto, (max-width: 1920px) 100vw, 1920px\" \/><\/a><\/p>\n<h2>So wird mehr Swap-Speicher eingerichtet<\/h2>\n<p>Darum gibt es neu die M\u00f6glichkeit, direkt beim Einrichten des Systems mehr Swap-Speicher zuzuweisen. \u00dcber die Option &#8217;swap.xx&#8216; (&#8217;swap.16&#8242; z.B. bei 16 GB) der ISO-Datei bzw. beim Bootvorgang wird direkt die gew\u00fcnschte Anzahl an GB der entsprechenden Festplatte als Swap-Speicher eingerichtet und dauerhaft zur Verf\u00fcgung gestellt.<\/p>\n<p>Angef\u00fcgt werden muss hier, dass die neue Variante der vergr\u00f6sserten Swap-Partition nur beim erstmaligen Einrichten der Festplatte zur Verf\u00fcgung steht. Sollen bestehende Systeme nachtr\u00e4glich eine gr\u00f6ssere Swap-Partition erhalten, muss die ArchivistaBox komplett neu eingerichtet werden. Dies bedingt, dass die Datentr\u00e4ger komplett neu eingerichtet werden m\u00fcssen.<\/p>\n<p><a href=\"https:\/\/archivista.ch\/cms\/wp-content\/uploads\/2023\/10\/etappe30.jpg\"><img loading=\"lazy\" decoding=\"async\" class=\"alignnone size-full wp-image-9893\" src=\"https:\/\/archivista.ch\/cms\/wp-content\/uploads\/2023\/10\/etappe30.jpg\" alt=\"\" width=\"1920\" height=\"850\" srcset=\"https:\/\/archivista.ch\/cms\/wp-content\/uploads\/2023\/10\/etappe30.jpg 1920w, https:\/\/archivista.ch\/cms\/wp-content\/uploads\/2023\/10\/etappe30-300x133.jpg 300w, https:\/\/archivista.ch\/cms\/wp-content\/uploads\/2023\/10\/etappe30-1024x453.jpg 1024w, https:\/\/archivista.ch\/cms\/wp-content\/uploads\/2023\/10\/etappe30-768x340.jpg 768w, https:\/\/archivista.ch\/cms\/wp-content\/uploads\/2023\/10\/etappe30-600x266.jpg 600w, https:\/\/archivista.ch\/cms\/wp-content\/uploads\/2023\/10\/etappe30-1536x680.jpg 1536w, https:\/\/archivista.ch\/cms\/wp-content\/uploads\/2023\/10\/etappe30-624x276.jpg 624w\" sizes=\"auto, (max-width: 1920px) 100vw, 1920px\" \/><\/a><\/p>\n<h2>Probleme mit Samsung SSD-Festplatten<\/h2>\n<p>Seit mittlerweile etwa 7 Jahren erhalten die meisten unserer Kunden bei den ArchivistaBoxen SSD-Platten. \u00dcberwiegend wurden Samsung-SSD-Platten der &#8222;Baureihe&#8220; EVO verbaut.<\/p>\n<p>Leider gab es in letzter Zeit <strong><a href=\"https:\/\/www.heise.de\/ratgeber\/Fehlerhafte-Sektoren-bei-Samsung-SSDs-vom-Typ-870-EVO-7310972.html\">Probleme mit den SSD-Platten von Samsung.<\/a> <\/strong>Dies f\u00fchrte im aktuellen Jahr zu einigen Eins\u00e4tzen aufgrund defekter Festplatten. Selbstverst\u00e4ndlich erhielten dabei alle Kunden kostenfrei neue SSD-Platten. Jedoch, unsch\u00f6n ist es dennoch.<\/p>\n<p>Zwar gibt es von Samsung f\u00fcr gewisse Modelle Firmware-Updates. Leider ist das Einspielen der entsprechenden neuen Firmware nicht ganz trivial. Zun\u00e4chst einmal kann das Upgrade nur eingespielt werden, wenn die Festplatte als SATA-Platte verbaut ist. SSD-Festplatten, die \u00fcber USB eingebunden werden, lassen sich nicht upgraden.<\/p>\n<p>Gem\u00e4ss Herstellerangabe betrifft das &#8222;Problem&#8220; <strong><a href=\"https:\/\/semiconductor.samsung.com\/consumer-storage\/support\/tools\/\">alle Samsung-EVO-Modelle mit Produktionsdatum vor November 2022.<\/a><\/strong> Die Informationen von Samsung sind spartanisch. Nicht erw\u00e4hnt wird insbesondere, dass es f\u00fcr Modelle ab 2022.11 aktuell keine Updates gibt. Ebenso betrifft es (nach unseren Erfahrungen) nicht alle ArchivistaBox-Systeme. Erst wenn die Festplatten \u00fcber l\u00e4ngere Zeit unter hoher Belastung stehen, treten die Festplattenfehler auf.<\/p>\n<p>Konkret bei unseren Kunden kann gesagt werden, dass es Kunden, welche die Virtualisierung mit SSD-Festplatten einsetzen, betrifft sowie jene, welche der ArchivistaBox extrem viele (grosse) Dokumente (Filme) zuf\u00fchrten. Unsch\u00f6n ist und bleibt, dass Samsung nur sehr rudiment\u00e4r informiert(e). Seit einigen Monaten hatten wir im Support keine entsprechenden Probleme mehr zu registrieren. Wir hoffen daher, dass es sich um einen &#8222;einmaligen&#8220; Ausrutscher von Samsung handelt.<\/p>\n<p><a href=\"https:\/\/archivista.ch\/cms\/wp-content\/uploads\/2023\/10\/etappe07.jpg\"><img loading=\"lazy\" decoding=\"async\" class=\"alignnone size-full wp-image-9894\" src=\"https:\/\/archivista.ch\/cms\/wp-content\/uploads\/2023\/10\/etappe07.jpg\" alt=\"\" width=\"1920\" height=\"812\" srcset=\"https:\/\/archivista.ch\/cms\/wp-content\/uploads\/2023\/10\/etappe07.jpg 1920w, https:\/\/archivista.ch\/cms\/wp-content\/uploads\/2023\/10\/etappe07-300x127.jpg 300w, https:\/\/archivista.ch\/cms\/wp-content\/uploads\/2023\/10\/etappe07-1024x433.jpg 1024w, https:\/\/archivista.ch\/cms\/wp-content\/uploads\/2023\/10\/etappe07-768x325.jpg 768w, https:\/\/archivista.ch\/cms\/wp-content\/uploads\/2023\/10\/etappe07-600x254.jpg 600w, https:\/\/archivista.ch\/cms\/wp-content\/uploads\/2023\/10\/etappe07-1536x650.jpg 1536w, https:\/\/archivista.ch\/cms\/wp-content\/uploads\/2023\/10\/etappe07-624x264.jpg 624w\" sizes=\"auto, (max-width: 1920px) 100vw, 1920px\" \/><\/a><\/p>\n<h2>Dok-Film Bike Across America<\/h2>\n<p>Damit dieser Blog nicht mit unerfreulichen Note endet, sei hier noch angef\u00fchrt, dass die verl\u00e4ngerten &#8222;Sommerferien&#8220; dazu dienten, die USA mit dem Rennrad zu durchqueren. Von dieser fantastischen Reise gibt es den <strong><a href=\"http:\/\/azurgo.ch\/bikes\">Dok-Film Bike Across America in Mundart<\/a><\/strong> (ohne Untertitel), mit <strong><a href=\"http:\/\/azurgo.ch\/biked\">deutschen<\/a><\/strong> und <strong><a href=\"http:\/\/azurgo.ch\/bikee\">englischen Untertiteln.<\/a><\/strong> Viel Spass!<\/p>\n\n\n\n\t<div class=\"dkpdf-button-container\" style=\"            text-align:right \">\n\n\t\t<a class=\"dkpdf-button\" href=\"\/cms\/wp-json\/wp\/v2\/pages\/9889?pdf=9889\" target=\"_blank\"><span class=\"dkpdf-button-icon\"><i class=\"fa fa-file-pdf-o\"><\/i><\/span> PDF Button<\/a>\n\n\t<\/div>\n\n\n\n\n\n","protected":false},"excerpt":{"rendered":"<p>Mehr Swap und (k)ein Festplatten-Firmware-Upgrade Egg, 9. Oktober 2023: In diesem kleinen Blog soll es darum gehen, was Swap-Speicher \u00fcberhaupt ist, warum neu mehr Zwischenspeicher eingerichtet werden kann und warum gewisse SSD-Festplatten ein Upgrade ben\u00f6tigen &#8212; oder eben dann auch nicht. Was ist Swap-Speicher ? Wenn wir die Funktionsweise eines Computers betrachten, so gibt es [&hellip;]<\/p>\n","protected":false},"author":1,"featured_media":0,"parent":9981,"menu_order":45,"comment_status":"closed","ping_status":"closed","template":"","meta":{"_acf_changed":false,"footnotes":""},"class_list":["post-9889","page","type-page","status-publish","hentry"],"acf":[],"_links":{"self":[{"href":"https:\/\/archivista.ch\/cms\/wp-json\/wp\/v2\/pages\/9889","targetHints":{"allow":["GET"]}}],"collection":[{"href":"https:\/\/archivista.ch\/cms\/wp-json\/wp\/v2\/pages"}],"about":[{"href":"https:\/\/archivista.ch\/cms\/wp-json\/wp\/v2\/types\/page"}],"author":[{"embeddable":true,"href":"https:\/\/archivista.ch\/cms\/wp-json\/wp\/v2\/users\/1"}],"replies":[{"embeddable":true,"href":"https:\/\/archivista.ch\/cms\/wp-json\/wp\/v2\/comments?post=9889"}],"version-history":[{"count":11,"href":"https:\/\/archivista.ch\/cms\/wp-json\/wp\/v2\/pages\/9889\/revisions"}],"predecessor-version":[{"id":9912,"href":"https:\/\/archivista.ch\/cms\/wp-json\/wp\/v2\/pages\/9889\/revisions\/9912"}],"up":[{"embeddable":true,"href":"https:\/\/archivista.ch\/cms\/wp-json\/wp\/v2\/pages\/9981"}],"wp:attachment":[{"href":"https:\/\/archivista.ch\/cms\/wp-json\/wp\/v2\/media?parent=9889"}],"curies":[{"name":"wp","href":"https:\/\/api.w.org\/{rel}","templated":true}]}}