{"id":9997,"date":"2024-02-25T03:47:39","date_gmt":"2024-02-25T02:47:39","guid":{"rendered":"https:\/\/archivista.ch\/cms\/?page_id=9997"},"modified":"2025-08-05T10:02:49","modified_gmt":"2025-08-05T08:02:49","slug":"avmultimedia-2024-ii","status":"publish","type":"page","link":"https:\/\/archivista.ch\/cms\/de\/aktuell-blog\/blogs-2024\/avmultimedia-2024-ii\/","title":{"rendered":"AVMultimedia 2024\/II"},"content":{"rendered":"<h1>Videos automatisiert optimieren<\/h1>\n<p><em><strong>Egg, 26. Februar 2024:<\/strong> Seit einigen Monaten besteht auf dem ArchivistaBox-Desktop die M\u00f6glichkeit, Videos so zu optimieren, dass diese in HD-Qualit\u00e4t m\u00f6glichst wenig Speicherplatz ben\u00f6tigen. Neu gibt es die entsprechenden Tools auch bei der Open Source Linux Distribution AVMultimedia. Ebenfalls in der neuen Version 2024\/II gibt es das Hilfsprogramm &#8217;subtitleadjust&#8216;, um Untertitel-Dateien effizient zu bearbeiten bzw. zu modifizieren.<\/em><\/p>\n<div style=\"width: 625px;\" class=\"wp-video\"><!--[if lt IE 9]><script>document.createElement('video');<\/script><![endif]-->\n<video class=\"wp-video-shortcode\" id=\"video-9997-1\" width=\"625\" height=\"352\" poster=\"https:\/\/archivista.ch\/cms\/wp-content\/uploads\/2024\/02\/avvidopt1.png\" preload=\"metadata\" controls=\"controls\"><source type=\"video\/mp4\" src=\"https:\/\/archivista.ch\/cms\/wp-content\/uploads\/file\/avmultimedia_vidopt.mp4?_=1\" \/><track srclang=\"de\" label=\"Deu\" kind=\"subtitles\" src=\"https:\/\/archivista.ch\/cms\/wp-content\/uploads\/2024\/02\/avmultimedia_vidopt_gpl-d.vtt\"><track srclang=\"en\" label=\"Eng\" kind=\"subtitles\" src=\"https:\/\/archivista.ch\/cms\/wp-content\/uploads\/2024\/02\/avmultimedia_vidopt_gpl-e.vtt\"><a href=\"https:\/\/archivista.ch\/cms\/wp-content\/uploads\/file\/avmultimedia_vidopt.mp4\">https:\/\/archivista.ch\/cms\/wp-content\/uploads\/file\/avmultimedia_vidopt.mp4<\/a><\/video><\/div>\n<h2>H\u00fcrden bei Optimierung von Videos<\/h2>\n<p>Zun\u00e4chst zur Frage, warum die hier vorgestellte L\u00f6sung \u00fcberhaupt entstanden ist. Aktuell k\u00f6nnen im Rahmen der Privatkopie \u00fcber viele legale Quellen Video-Dateien bezogen werden. Sei dies \u00fcber MediathekView, sei es \u00fcber das Internet-Fernsehen wie Yallo.tv oder Teleboy.tv oder selbst bei YouTube (hier am einfachsten \u00fcber FreeTube). Leider liegen diese Dateien in sehr unterschiedlicher Qualit\u00e4t vor.<\/p>\n<p>Dabei entstehen oft erkleckliche Dateigr\u00f6ssen, welche z.B. f\u00fcr ein privates Filmarchiv die Festplatte arg strapazieren. Ein Film, der bei Teleboy in HD-Qualit\u00e4t heruntergeladen wird, umfasst gut und gerne 6 bis 9 GByte. Bei MediathekView kann zwar die Qualit\u00e4t beim Download mitbestimmt werden, doch entsprechen die Attribute &#8218;Hoch&#8216;, &#8218;Mittel&#8216; und &#8218;Niedrig&#8216; gerade nicht, dass die entsprechenden Videos nur schon in gleicher Aufl\u00f6sung vorliegen.<\/p>\n<p><a href=\"https:\/\/archivista.ch\/cms\/wp-content\/uploads\/2024\/02\/avvidopt3.png\"><img loading=\"lazy\" decoding=\"async\" class=\"alignnone size-full wp-image-10012\" src=\"https:\/\/archivista.ch\/cms\/wp-content\/uploads\/2024\/02\/avvidopt3.png\" alt=\"\" width=\"1920\" height=\"1080\" srcset=\"https:\/\/archivista.ch\/cms\/wp-content\/uploads\/2024\/02\/avvidopt3.png 1920w, https:\/\/archivista.ch\/cms\/wp-content\/uploads\/2024\/02\/avvidopt3-300x169.png 300w, https:\/\/archivista.ch\/cms\/wp-content\/uploads\/2024\/02\/avvidopt3-1024x576.png 1024w, https:\/\/archivista.ch\/cms\/wp-content\/uploads\/2024\/02\/avvidopt3-768x432.png 768w, https:\/\/archivista.ch\/cms\/wp-content\/uploads\/2024\/02\/avvidopt3-600x338.png 600w, https:\/\/archivista.ch\/cms\/wp-content\/uploads\/2024\/02\/avvidopt3-1536x864.png 1536w, https:\/\/archivista.ch\/cms\/wp-content\/uploads\/2024\/02\/avvidopt3-624x351.png 624w\" sizes=\"auto, (max-width: 1920px) 100vw, 1920px\" \/><\/a><\/p>\n<p>Und wer an dieser Stelle anf\u00fcgen m\u00f6chte, ein privates Filmarchiv finde immer auf einer Festplatte Platz, dem sei gesagt, dass z.B. ein Spielfilm wie &#8218;Der gute Hirte&#8216; (bezogen \u00fcber MediathekView) ca. 6.5 GB Platz ben\u00f6tigt. Hochgerechnet auf ein TB sind dies 130 Filme. Nach der Optimierung mit den hier vorgestellten Tools ben\u00f6tigt der gleiche Film noch ca. 1.2 GB.<\/p>\n<p>Nat\u00fcrlich k\u00f6nnen Video-Dateien auch mit Standardprogrammen wie FFMPeg oder VLC konvertiert werden. Allerdings ist nicht immer ganz einfach, die richtigen Parameter zu &#8222;erwischen&#8220;. Denn je nach vorliegender Qualit\u00e4t der Ursprungsdateien werden andere Parameter ben\u00f6tigt.<\/p>\n<p><a href=\"https:\/\/archivista.ch\/cms\/wp-content\/uploads\/2024\/02\/davos10.jpg\"><img loading=\"lazy\" decoding=\"async\" class=\"alignnone size-full wp-image-10066\" src=\"https:\/\/archivista.ch\/cms\/wp-content\/uploads\/2024\/02\/davos10.jpg\" alt=\"\" width=\"1920\" height=\"1080\" srcset=\"https:\/\/archivista.ch\/cms\/wp-content\/uploads\/2024\/02\/davos10.jpg 1920w, https:\/\/archivista.ch\/cms\/wp-content\/uploads\/2024\/02\/davos10-300x169.jpg 300w, https:\/\/archivista.ch\/cms\/wp-content\/uploads\/2024\/02\/davos10-1024x576.jpg 1024w, https:\/\/archivista.ch\/cms\/wp-content\/uploads\/2024\/02\/davos10-768x432.jpg 768w, https:\/\/archivista.ch\/cms\/wp-content\/uploads\/2024\/02\/davos10-600x338.jpg 600w, https:\/\/archivista.ch\/cms\/wp-content\/uploads\/2024\/02\/davos10-1536x864.jpg 1536w, https:\/\/archivista.ch\/cms\/wp-content\/uploads\/2024\/02\/davos10-624x351.jpg 624w\" sizes=\"auto, (max-width: 1920px) 100vw, 1920px\" \/><\/a><\/p>\n<h2>Automatisierte Optimierung mit vidopt<\/h2>\n<p>Die hier vorliegende L\u00f6sung ist genau aus diesem Grunde entstanden. Das &#8222;Erraten&#8220; der optimalen Werte f\u00fcr ffmpeg klappte oft, aber nicht immer. Liegt ein Film in 50 Bilder\/Sekunde vor, so kann er mit 25 Bilder\/Sekunde recht einfach komprimiert werden. Jedoch sollte 25 Bilder\/Sekunde bei Dateien mit 29,97, 30 Bilder\/Sekunde eher nicht angewandt werden. Bei 60 Bilder\/Sekunde ergibt es mehr Sinn, die Optimierung mit 30 Bilder\/Sekunde durchzuf\u00fchren.<\/p>\n<p>Ein Film, der mit 1920&#215;1080 Pixeln vorliegt, kann relativ &#8222;gefahrlos&#8220; auf HD-Qualit\u00e4t mit 1280&#215;720 Pixel skaliert werden. Nicht ganz so einfach gestaltet sich die Sachlage, wenn der Film mit 1440&#215;720 Pixeln vorliegt. Soll dieser auf 960&#215;480 Pixel optimiert werden?<\/p>\n<p>Ferner k\u00f6nnen Video-Dateien viele Audio-Spuren enthalten. Nat\u00fcrlich kann es Sinn ergeben, bei Filmen, die mehrere Sprachen enthalten, diese auch zu erhalten. Dies ist aber eher nicht der Fall, wenn zwei oder mehrere Audio-Spuren vorliegen (z.B. eac3 und aac). Hier reicht eine Audio-Spur.<\/p>\n<p>Die Optimierung der Videos erfolgt in drei Schritten. Bevor diese gestartet werden kann, m\u00fcssen die zu optimierenden Dateien in einen Ordner gelegt werden (z.B. \/home\/archivista\/data\/in bei AVMultimedia). Danach sind nacheinander die folgenden drei Programme zu starten:<\/p>\n<pre><strong>vidopt1 \/home\/archivista\/data\/in<\/strong>\r\n<strong>vidopt2 \/home\/archivista\/data\/in<\/strong>\r\n<strong>vidopt3 \/home\/archivista\/data\/in<\/strong><\/pre>\n<p>Wichtig dabei zu erw\u00e4hnen ist, dass vidopt2 erst gestartet werden kann, wenn s\u00e4mtliche Dateien mit vidopt1 verarbeitet sind. Gleiches gilt f\u00fcr vidopt3. Zur Optimierung wird das Konsolenprogramm &#8218;ffmpeg&#8216; verwendet. Wer wissen m\u00f6chte, wie diese Programme arbeiten, kann die Log-Dateien begutachten.<\/p>\n<pre><strong>tail -f \/home\/data\/archivista\/av.log\r\n<\/strong><strong>tail -f \/home\/data\/archivista\/vidopt1.log<\/strong>\r\n<strong>tail -f \/home\/data\/archivista\/vidopt2.log<\/strong><\/pre>\n<p>Nach Abarbeitung der drei Programme finden sich im Verzeichnis die optimierten Videos vor. Die origin\u00e4ren Filmdateien finden sich im folgenden Verzeichnis:<\/p>\n<pre><strong>\/home\/archivista\/data\/vidbackup<\/strong><\/pre>\n<p>Zum Schluss drei Anmerkungen: Erstens, die Optimierung erfordert erheblichen Rechenpower. 8 CPU-Kerne bzw. 16 Threads sollten minimal zur Verf\u00fcgung stehen. Zweitens, je mehr CPU-Kerne, desto besser, da s\u00e4mtliche CPU-Kerne plus\/minus f\u00fcr die Optimierung verwendet werden. Drittens, die Optimierung erfolgt nur, wenn ffmpeg nicht bereits arbeitet. Damit ist sichergestellt, dass der entsprechende Rechner nicht zu stark mit Jobs belastet wird.<\/p>\n<p><a href=\"https:\/\/archivista.ch\/cms\/wp-content\/uploads\/2024\/02\/davos12.jpg\"><img loading=\"lazy\" decoding=\"async\" class=\"alignnone size-full wp-image-10064\" src=\"https:\/\/archivista.ch\/cms\/wp-content\/uploads\/2024\/02\/davos12.jpg\" alt=\"\" width=\"1920\" height=\"1080\" srcset=\"https:\/\/archivista.ch\/cms\/wp-content\/uploads\/2024\/02\/davos12.jpg 1920w, https:\/\/archivista.ch\/cms\/wp-content\/uploads\/2024\/02\/davos12-300x169.jpg 300w, https:\/\/archivista.ch\/cms\/wp-content\/uploads\/2024\/02\/davos12-1024x576.jpg 1024w, https:\/\/archivista.ch\/cms\/wp-content\/uploads\/2024\/02\/davos12-768x432.jpg 768w, https:\/\/archivista.ch\/cms\/wp-content\/uploads\/2024\/02\/davos12-600x338.jpg 600w, https:\/\/archivista.ch\/cms\/wp-content\/uploads\/2024\/02\/davos12-1536x864.jpg 1536w, https:\/\/archivista.ch\/cms\/wp-content\/uploads\/2024\/02\/davos12-624x351.jpg 624w\" sizes=\"auto, (max-width: 1920px) 100vw, 1920px\" \/><\/a><\/p>\n<h2>Optimierung von Untertitel-Dateien<\/h2>\n<p>Bei neueren Streams liegen zuweilen auch eine (oder mehrere) &#8222;Untertitel-Spuren&#8220; vor. \u00c4ltere Filme wiederum liegen oft nur in englischer Sprache vor. Bei bekannteren Werken lassen sich (z.B. \u00fcber opensubtitles.org) oft deutsche Untertitel finden.<\/p>\n<p>Jedoch, diese Untertitel passen dann doch irgendwie nicht. Sei es weil z.B. die Untertitel mit 24,97 Bilder\/Sekunde vorliegen, der Film aber mit 25 Bilder\/Sekunden etwas &#8222;schneller&#8220; l\u00e4uft. Selbst ein solch kleiner Unterschied ergibt auf 90 Minuten Spielfilml\u00e4nge (3600*1.5*25.0-3600*1.5*24.97) 162 Bilder bzw. 6.48 Sekunden Differenz. Das reicht nat\u00fcrlich, um einen jeden filmischen Genuss zu &#8222;zerst\u00f6ren&#8220;.<\/p>\n<p>Ebenso k\u00f6nnen Untertiteldateien gleiche Textpassagen mehrfach enthalten. Dazu ein Beispiel aus der Tagesschau des Schweizer Fernsehens vom 21. Februar 2021:<\/p>\n<pre><strong>00:03.600 --&gt; 00:03.620<\/strong>\r\n<strong>Mit Live-Untertiteln von SWISS TXT<\/strong>\r\n\r\n<strong>00:05.200 --&gt; 00:05.220<\/strong>\r\n<strong>Mit Live-Untertiteln von SWISS TXT<\/strong>\r\n\r\n<strong>00:07.380 --&gt; 00:07.400<\/strong>\r\n<strong>Guten Abend,<\/strong>\r\n<strong>willkommen zur \"Tagesschau\".<\/strong>\r\n\r\n<strong>00:08.400 --&gt; 00:08.420<\/strong>\r\n<strong>Guten Abend,<\/strong>\r\n<strong>willkommen zur \"Tagesschau\".<\/strong>\r\n\r\n<strong>00:10.000 --&gt; 00:10.020<\/strong>\r\n<strong>Guten Abend,<\/strong>\r\n<strong>willkommen zur \"Tagesschau\".<\/strong>\r\n\r\n<strong>00:10.640 --&gt; 00:10.660<\/strong>\r\n<strong>Das sind unsere Schlagzeilen<\/strong>\r\n<strong>von heute Mittwoch:<\/strong><\/pre>\n<p>Dies f\u00fchrt aktuell bei Video-Playern (z.B. mpv) dazu, dass gleiche Untertitel mehrfach eingeblendet werden, obwohl eine Einblendung auch reichen w\u00fcrde. Bei der Optimierung von Video-Dateien werden allf\u00e4llige Untertitel automatisch optimiert. Aus obigem Beispiel wird:<\/p>\n<pre><strong>00:00:03.520 --&gt; 00:00:05.409<\/strong>\r\n<strong>Mit Live-Untertiteln von SWISS TXT<\/strong>\r\n\r\n<strong>00:00:07.380 --&gt; 00:00:10.020<\/strong>\r\n<strong>Guten Abend,<\/strong>\r\n<strong>willkommen zur \"Tagesschau\".<\/strong>\r\n\r\n<strong>00:00:10.640 --&gt; 00:00:13.307<\/strong>\r\n<strong>Das sind unsere Schlagzeilen^M<\/strong>\r\n<strong>von heute Mittwoch:<\/strong><\/pre>\n<p>Damit werden die Untertitel beim Abspielen nicht mehrfach (z.T. &#8222;flackernd&#8220;) eingeblendet. Bei der Video-Optimierung wird automatisch das separate Tool &#8217;subtitleadjust&#8216; aufgerufen. Liegt eine getrennte Untertitel-Datei vor, so kann &#8217;subtitleadjust&#8216; auch einzeln aufgerufen werden. Um dabei allf\u00e4llige Unstimmigkeiten in Geschwindigkeit oder Start zu beseitigen, gibt es entsprechende Optionen bei &#8217;subtitleadjust&#8216;:<\/p>\n<pre><strong>subtitleadjust in.srt out.srt [change=*x.xxx|+hh:mm:ss|-hh:mm:ss]<\/strong><\/pre>\n<p>Nach dem Namen der Ausgabedatei k\u00f6nnen Geschwindigkeit sowie die Startposition angepasst werden. Dazu zwei Beispiele:<\/p>\n<pre><strong>subtitleadjust in.srt out.srt *0.999<\/strong><\/pre>\n<p>Dies f\u00fchrt dazu, dass die Zeitangaben in out.srt entsprechend langsamer eingetragen werden (Korrektur von 25 auf 24.97 Bilder\/Sekunde). Soll die Startposition um 20 Sekunden nach vorne verschoben werden, so kann dies so gel\u00f6st werden:<\/p>\n<pre><strong>subtitleadjust in.srt out.srt -00:00:20<\/strong><\/pre>\n<p>Manchmal weisen Untertiteldateien auch Zeichens\u00e4tze auf, die nicht stimmig sind. Dazu gibt es das Programm subtitlefix8859-1. Um eine Untertiteldatei einem Video anzuf\u00fcgen, kann der folgende Befehl verwendet werden:<\/p>\n<pre><strong> subtitle videoohne.mp4 subtitle.vtt videomit.mp4\r\n<\/strong><\/pre>\n<h2><a href=\"https:\/\/archivista.ch\/cms\/wp-content\/uploads\/2024\/02\/davos14.jpg\"><img loading=\"lazy\" decoding=\"async\" class=\"alignnone size-full wp-image-10062\" src=\"https:\/\/archivista.ch\/cms\/wp-content\/uploads\/2024\/02\/davos14.jpg\" alt=\"\" width=\"1920\" height=\"1080\" srcset=\"https:\/\/archivista.ch\/cms\/wp-content\/uploads\/2024\/02\/davos14.jpg 1920w, https:\/\/archivista.ch\/cms\/wp-content\/uploads\/2024\/02\/davos14-300x169.jpg 300w, https:\/\/archivista.ch\/cms\/wp-content\/uploads\/2024\/02\/davos14-1024x576.jpg 1024w, https:\/\/archivista.ch\/cms\/wp-content\/uploads\/2024\/02\/davos14-768x432.jpg 768w, https:\/\/archivista.ch\/cms\/wp-content\/uploads\/2024\/02\/davos14-600x338.jpg 600w, https:\/\/archivista.ch\/cms\/wp-content\/uploads\/2024\/02\/davos14-1536x864.jpg 1536w, https:\/\/archivista.ch\/cms\/wp-content\/uploads\/2024\/02\/davos14-624x351.jpg 624w\" sizes=\"auto, (max-width: 1920px) 100vw, 1920px\" \/><\/a><\/h2>\n<h2>Abschliessende Bemerkungen<\/h2>\n<p>Die hier vorgestellten Programme vidopt1, vidopt2, vidopt3 und subtitleadjust liegen auf jeder AVMultimedia-Distribution unter \/home\/cvs\/arcihvista\/jobs im Quelltext vor. Damit ein einfacher Aufruf m\u00f6glich ist, gibt es die Wrapper vidopt1, vidopt2, vidopt3 und subtitleadjust unter \/usr\/bin.<\/p>\n<p>Zus\u00e4tzlich gibt es Wrapper, um Video- und Untertitel-Dateien entsprechend anzupassen. Die wichtigsten Tools w\u00e4ren:<\/p>\n<pre><strong>videoonly video.mp4 videooonly.mp4 [tracknr]<\/strong>\r\n<strong>videocombine videoonly.mp4 audioonly.mp4 video.mp4<\/strong>\r\n<strong>videocombine2 videoonly.mp4 audio1.mp4 audio2.mp4 video.mp4<\/strong>\r\n<strong>audioonly video.mp4 audioonly.mp4 [tracknr]<\/strong>\r\n<strong>subtitle video.mp4 subtitle.srt|subtitle.vtt videosubtitle.mp4 [deu|eng|fra]<\/strong>\r\n<strong>subtitle2 vidonly.mp4 audio1.mp4 audio2.mp4 sub.srt|sub.vtt vidout.mp4 [lang]<\/strong>\r\n<strong>subtitleonly video.mp4 subtitle.srt [tracknr]<\/strong>\r\n<strong>subtitlefix8859-1 subtitle8859-1.srt subtitleutf8.srt<\/strong><\/pre>\n<p>All diese Helferlein sind kleine Wrapper, die das Arbeiten mit dem Konsolenprogramm &#8218;ffmpeg&#8216; etwas vereinfachen. Als Beispiel sei hier videocombine2 angef\u00fchrt:<\/p>\n<pre><strong>#!\/bin\/bash<\/strong>\r\n<strong>if [ ! \"$1\" ];then<\/strong>\r\n<strong>  echo \"$0 videoonly.mp4 audio1.mp4 audio2.mp4 video.mp4\"<\/strong>\r\n<strong>  exit 1<\/strong>\r\n<strong>else<\/strong>\r\n<strong>  in=\"$1\"<\/strong>\r\n<strong>  a1=\"$2\"<\/strong>\r\n<strong>  a2=\"$3\"<\/strong>\r\n<strong>  out=\"$4\"<\/strong>\r\n<strong>  ffmpeg -i \"$in\" -i \"$a1\" -i \"$a2\" \\<\/strong>\r\n<strong>    -map 0:v:0 -map 1:a:0 -map 2:a:0 -c copy \"$out\"<\/strong>\r\n<strong>fi<\/strong><\/pre>\n<p>Wer oft mit ffmpeg arbeitet, ben\u00f6tigt die Hilfsprogramme eher nicht. Wer jedoch nicht t\u00e4glich mit ffmpeg arbeitet, f\u00fcr den d\u00fcrften diese Tools eine Hilfe darstellen. Ferner sei angef\u00fchrt, dass es aktuell keine grafisches Tools f\u00fcr alle hier vorgestellten Helferlein gibt. Der Aufruf \u00fcber die Konsole ist aber bewusst einfach gehalten, sodass dies in der t\u00e4glichen Arbeit kein Problem darstellen sollte.<\/p>\n<h2><a href=\"https:\/\/archivista.ch\/cms\/wp-content\/uploads\/2024\/02\/avvidopt2.png\"><img loading=\"lazy\" decoding=\"async\" class=\"alignnone size-full wp-image-10013\" src=\"https:\/\/archivista.ch\/cms\/wp-content\/uploads\/2024\/02\/avvidopt2.png\" alt=\"\" width=\"1920\" height=\"1080\" srcset=\"https:\/\/archivista.ch\/cms\/wp-content\/uploads\/2024\/02\/avvidopt2.png 1920w, https:\/\/archivista.ch\/cms\/wp-content\/uploads\/2024\/02\/avvidopt2-300x169.png 300w, https:\/\/archivista.ch\/cms\/wp-content\/uploads\/2024\/02\/avvidopt2-1024x576.png 1024w, https:\/\/archivista.ch\/cms\/wp-content\/uploads\/2024\/02\/avvidopt2-768x432.png 768w, https:\/\/archivista.ch\/cms\/wp-content\/uploads\/2024\/02\/avvidopt2-600x338.png 600w, https:\/\/archivista.ch\/cms\/wp-content\/uploads\/2024\/02\/avvidopt2-1536x864.png 1536w, https:\/\/archivista.ch\/cms\/wp-content\/uploads\/2024\/02\/avvidopt2-624x351.png 624w\" sizes=\"auto, (max-width: 1920px) 100vw, 1920px\" \/><\/a><\/h2>\n<p>Zum Abschluss sei die folgende Bemerkung erlaubt. Die hier vorgestellten Programme umfassen ca. 1500 Zeilen Code. Die Programme wurden auf mehrere Tausende von Video-Dateien angewandt. Die Fehlerquote liegt bei 1 bis 2 Promille, die mit den Testdateien nicht zufriedenstellend optimiert wurden. Dabei musste festgestellt werden, dass eine Datei zu stark oder zu &#8222;schwach&#8220; optimiert wurde.<\/p>\n<p>Bis die Tools so liefen, wie es aktuell der Fall ist, waren einige Hundert Stunden Arbeit notwendig. Die Arbeit erfolge aus der Motivation heraus, dass es f\u00fcr ein privates Filmarchiv nicht zweckdienlich sein kann, mehrere Festplatten mit vielen Dutzenden von TB anschaffen zu m\u00fcssen.<\/p>\n<p>Eine Komprimierung von Videos f\u00fchrt immer zu gewissen Verlusten bei der Qualit\u00e4t. Gemessen am gesparten Preis bei der Hardware d\u00fcrfte dies das kleinere \u00dcbel darstellen. Nach Auffassung des Autors kann mit einem handels\u00fcblichen Beamer durchaus ein Home-Cinema-Erlebnis erzielt werden, selbst wenn &#8222;nur&#8220; HD-Qualit\u00e4t (1280&#215;720 Pixel) vorliegt. In diesem Sinne, viel Spass mit AVMultimedia 2024\/II.<\/p>\n<p><em><strong>Hinweis:<\/strong> Kunden der ArchivistaBox sei gesagt, selbstverst\u00e4ndlich stehen diese Tools auch bei der aktuellen Version der ArchivistaBox zur Verf\u00fcgung. Bei den optionalen Anwendungen (z.B. LosslessCut) ist es so, dass f\u00fcr Kunden der Flag &#8218;optos&#8216; gesetzt werden kann. Ist dies der Fall, wird beim Update die Datei opt.os mitinstalliert. Und weil der Flag erstmalig mit Version 2024\/II zur Verf\u00fcgung steht, muss einmalig das Update auf die Version 2024\/II zweimal durchgef\u00fchrt werden.<\/em><\/p>\n\n\n\n\t<div class=\"dkpdf-button-container\" style=\"            text-align:right \">\n\n\t\t<a class=\"dkpdf-button\" href=\"\/cms\/wp-json\/wp\/v2\/pages\/9997?pdf=9997\" target=\"_blank\"><span class=\"dkpdf-button-icon\"><i class=\"fa fa-file-pdf-o\"><\/i><\/span> PDF Button<\/a>\n\n\t<\/div>\n\n\n\n\n\n","protected":false},"excerpt":{"rendered":"<p>Videos automatisiert optimieren Egg, 26. Februar 2024: Seit einigen Monaten besteht auf dem ArchivistaBox-Desktop die M\u00f6glichkeit, Videos so zu optimieren, dass diese in HD-Qualit\u00e4t m\u00f6glichst wenig Speicherplatz ben\u00f6tigen. Neu gibt es die entsprechenden Tools auch bei der Open Source Linux Distribution AVMultimedia. Ebenfalls in der neuen Version 2024\/II gibt es das Hilfsprogramm &#8217;subtitleadjust&#8216;, um Untertitel-Dateien [&hellip;]<\/p>\n","protected":false},"author":1,"featured_media":0,"parent":10635,"menu_order":0,"comment_status":"closed","ping_status":"closed","template":"","meta":{"_acf_changed":false,"footnotes":""},"class_list":["post-9997","page","type-page","status-publish","hentry"],"acf":[],"_links":{"self":[{"href":"https:\/\/archivista.ch\/cms\/wp-json\/wp\/v2\/pages\/9997","targetHints":{"allow":["GET"]}}],"collection":[{"href":"https:\/\/archivista.ch\/cms\/wp-json\/wp\/v2\/pages"}],"about":[{"href":"https:\/\/archivista.ch\/cms\/wp-json\/wp\/v2\/types\/page"}],"author":[{"embeddable":true,"href":"https:\/\/archivista.ch\/cms\/wp-json\/wp\/v2\/users\/1"}],"replies":[{"embeddable":true,"href":"https:\/\/archivista.ch\/cms\/wp-json\/wp\/v2\/comments?post=9997"}],"version-history":[{"count":63,"href":"https:\/\/archivista.ch\/cms\/wp-json\/wp\/v2\/pages\/9997\/revisions"}],"predecessor-version":[{"id":11236,"href":"https:\/\/archivista.ch\/cms\/wp-json\/wp\/v2\/pages\/9997\/revisions\/11236"}],"up":[{"embeddable":true,"href":"https:\/\/archivista.ch\/cms\/wp-json\/wp\/v2\/pages\/10635"}],"wp:attachment":[{"href":"https:\/\/archivista.ch\/cms\/wp-json\/wp\/v2\/media?parent=9997"}],"curies":[{"name":"wp","href":"https:\/\/api.w.org\/{rel}","templated":true}]}}