{"id":10672,"date":"2025-01-17T12:35:42","date_gmt":"2025-01-17T11:35:42","guid":{"rendered":"https:\/\/archivista.ch\/cms\/?post_type=product&#038;p=10672"},"modified":"2025-03-01T16:37:40","modified_gmt":"2025-03-01T15:37:40","slug":"archivistabox-dolder","status":"publish","type":"product","link":"https:\/\/archivista.ch\/cms\/de\/shop\/dmsd\/archivistabox-dolder\/","title":{"rendered":"ArchivistaBox Dolder"},"content":{"rendered":"<p>Die ArchivistaBox Dolder eignet sich f\u00fcr all jene, die eine komplette ArchivistaBox zu einem sagenhaften Preis erstehen m\u00f6chten.<\/p>\n<p>* Einplatz-L\u00f6sung (1 Verbindung, 3 Benutzerprofile)<br \/>\n* Erweiterbar: 2 Verbindungen, 6 Benutzerprofile<br \/>\n* Bis zu 100000 Seiten bzw. 20000 Akten pro Datenbank<br \/>\n* Tagesvolumen bis zu 2000 Seiten<br \/>\n* Empfohlenes Volumen pro Tag: 10-100 Dokumente bzw. 20 bis 200 Seiten<br \/>\n* Anzahl der Datenbanken: 1 Datenbank<br \/>\n* Maximale Gr\u00f6sse der Datenbank(en): 20GB<br \/>\n* Benutzerprofile: Datenbank<br \/>\n* Mehrere Mandanten pro Datenbank<br \/>\n* Print-Server, Office-Dateien, Datei-Upload<br \/>\n* PDF-Server, OCR-Server, Volltext<br \/>\n* ArchivistaERP inklusive<br \/>\n* Backup: USB, Netzwerk, RSync<br \/>\n* Wartung GOLD f\u00fcr 1. Jahr im Preis inbegriffen. Maximal 8 Std. Reaktionszeit<br \/>\n* Folgejahre: 20% von Kaufpreis, k\u00fcndbar mit 90 Tagen vor Ablauf Supportjahr<\/p>\n<p><strong>Wichtig: All unsere ArchivistaBox-Syteme werden in der Form einer ISO-Datei geliefert. Diese kann entweder virtualisiert oder auf einer eigenen Hardware (AMD64-Bit, min. 4 GB RAM, 1 CPU, 120 GB Festplatte) aufgesetzt werden. F\u00fcr den Betrieb ist die Mac-Adresse der Hardware erforderlich.<\/strong><\/p>\n\n\n\n\t<div class=\"dkpdf-button-container\" style=\"            text-align:right \">\n\n\t\t<a class=\"dkpdf-button\" href=\"\/cms\/wp-json\/wp\/v2\/product\/10672?pdf=10672\" target=\"_blank\"><span class=\"dkpdf-button-icon\"><i class=\"fa fa-file-pdf-o\"><\/i><\/span> PDF Button<\/a>\n\n\t<\/div>\n\n\n\n\n\n","protected":false},"excerpt":{"rendered":"<p>Die ArchivistaBox Dolder eignet sich f\u00fcr all jene, die eine komplette ArchivistaBox zu einem sagenhaften Preis erstehen m\u00f6chten. * Einplatz-L\u00f6sung (1 Verbindung, 3 Benutzerprofile) * Erweiterbar: 2 Verbindungen, 6 Benutzerprofile * Bis zu 100000 Seiten bzw. 20000 Akten pro Datenbank * Tagesvolumen bis zu 2000 Seiten * Empfohlenes Volumen pro Tag: 10-100 Dokumente bzw. 20 [&hellip;]<\/p>\n","protected":false},"featured_media":10681,"template":"","meta":{"_acf_changed":false},"product_brand":[],"product_cat":[197],"product_tag":[],"class_list":{"0":"post-10672","1":"product","2":"type-product","3":"status-publish","4":"has-post-thumbnail","6":"product_cat-dmsd","8":"first","9":"instock","10":"taxable","11":"shipping-taxable","12":"purchasable","13":"product-type-variable"},"acf":[],"_links":{"self":[{"href":"https:\/\/archivista.ch\/cms\/wp-json\/wp\/v2\/product\/10672","targetHints":{"allow":["GET"]}}],"collection":[{"href":"https:\/\/archivista.ch\/cms\/wp-json\/wp\/v2\/product"}],"about":[{"href":"https:\/\/archivista.ch\/cms\/wp-json\/wp\/v2\/types\/product"}],"wp:featuredmedia":[{"embeddable":true,"href":"https:\/\/archivista.ch\/cms\/wp-json\/wp\/v2\/media\/10681"}],"wp:attachment":[{"href":"https:\/\/archivista.ch\/cms\/wp-json\/wp\/v2\/media?parent=10672"}],"wp:term":[{"taxonomy":"product_brand","embeddable":true,"href":"https:\/\/archivista.ch\/cms\/wp-json\/wp\/v2\/product_brand?post=10672"},{"taxonomy":"product_cat","embeddable":true,"href":"https:\/\/archivista.ch\/cms\/wp-json\/wp\/v2\/product_cat?post=10672"},{"taxonomy":"product_tag","embeddable":true,"href":"https:\/\/archivista.ch\/cms\/wp-json\/wp\/v2\/product_tag?post=10672"}],"curies":[{"name":"wp","href":"https:\/\/api.w.org\/{rel}","templated":true}]}}