{"id":8825,"date":"2021-01-14T00:28:54","date_gmt":"2021-01-13T23:28:54","guid":{"rendered":"http:\/\/archivista.ch\/cms\/?post_type=product&#038;p=8825"},"modified":"2025-01-17T13:04:08","modified_gmt":"2025-01-17T12:04:08","slug":"archivistabox-saentis","status":"publish","type":"product","link":"https:\/\/archivista.ch\/cms\/de\/shop\/dmsd\/archivistabox-saentis\/","title":{"rendered":"ArchivistaBox S\u00e4ntis"},"content":{"rendered":"<p>Die S\u00e4ntis-Box stellt die ideale L\u00f6sung dar f\u00fcr Unternehmen bis und mit 10 Mitarbeiter\/innen:<\/p>\n<p>* Industrietauglicher Archiv-Server in schickem Design<br \/>\n* Mehrplatzf\u00e4hige L\u00f6sung (max. 10 Verbindungen, 30 Benutzerprofile)<br \/>\n* Bis zu 500000 Seiten bzw. 80000 Akten pro Datenbank<br \/>\n* Tagesvolumen bis zu 2000 Seiten<br \/>\n* Empfohlenes Volumen pro Tag: 50-250 Dokumente bzw. 100-500 Seiten<br \/>\n* Anzahl der Dantebanken: 1 Datenbank pro Benutzer<br \/>\n* Maximale Gr\u00f6sse der Datenbank(en): 50GB<br \/>\n* Benutzerprofile: Datenbank<br \/>\n* Mehrere Mandanten pro Datenbank<br \/>\n* Print-Server, Office-Dateien, Datei-Upload<br \/>\n* PDF-Server, OCR-Server, Volltext, opt. Barcodeerkennung<br \/>\n* SSL-Verschl\u00fcsselung, Backup: Festplatte, Netzwerk, RSync<br \/>\n* <b>Neu: ArchivistaERP<\/b><br \/>\n* Foto-Import und Datenaustausch per USB-Stick<br \/>\n* Unterst\u00fctzung f\u00fcr Fujitsu- oder Canon-Scanner (bei Erwerb eines Ger\u00e4ts im Shop)<br \/>\n* Hardware: 1 Box mit minimal 250GB Harddisk<br \/>\n* Wartung GOLD f\u00fcr 1. Jahr im Preis inbegriffen. Maximal 8 Std. Reaktionszeit<br \/>\n* Folgejahre: 15% von Kaufpreis, k\u00fcndbar mit 90 Tagen vor Ablauf Supportjahr<br \/>\n* Kostenfreier Austausch Box bei Hardwaredefekt in 8 Std. Businesszeit<\/p>\n\n\n\n\t<div class=\"dkpdf-button-container\" style=\"            text-align:right \">\n\n\t\t<a class=\"dkpdf-button\" href=\"\/cms\/wp-json\/wp\/v2\/product\/8825?pdf=8825\" target=\"_blank\"><span class=\"dkpdf-button-icon\"><i class=\"fa fa-file-pdf-o\"><\/i><\/span> PDF Button<\/a>\n\n\t<\/div>\n\n\n\n\n\n","protected":false},"excerpt":{"rendered":"<p>Die S\u00e4ntis-Box stellt die ideale L\u00f6sung dar f\u00fcr Unternehmen bis und mit 10 Mitarbeiter\/innen: * Industrietauglicher Archiv-Server in schickem Design * Mehrplatzf\u00e4hige L\u00f6sung (max. 10 Verbindungen, 30 Benutzerprofile) * Bis zu 500000 Seiten bzw. 80000 Akten pro Datenbank * Tagesvolumen bis zu 2000 Seiten * Empfohlenes Volumen pro Tag: 50-250 Dokumente bzw. 100-500 Seiten * [&hellip;]<\/p>\n","protected":false},"featured_media":10683,"template":"","meta":{"_acf_changed":false},"product_brand":[],"product_cat":[197],"product_tag":[],"class_list":{"0":"post-8825","1":"product","2":"type-product","3":"status-publish","4":"has-post-thumbnail","6":"product_cat-dmsd","8":"first","9":"instock","10":"taxable","11":"shipping-taxable","12":"purchasable","13":"product-type-variable"},"acf":[],"_links":{"self":[{"href":"https:\/\/archivista.ch\/cms\/wp-json\/wp\/v2\/product\/8825","targetHints":{"allow":["GET"]}}],"collection":[{"href":"https:\/\/archivista.ch\/cms\/wp-json\/wp\/v2\/product"}],"about":[{"href":"https:\/\/archivista.ch\/cms\/wp-json\/wp\/v2\/types\/product"}],"wp:featuredmedia":[{"embeddable":true,"href":"https:\/\/archivista.ch\/cms\/wp-json\/wp\/v2\/media\/10683"}],"wp:attachment":[{"href":"https:\/\/archivista.ch\/cms\/wp-json\/wp\/v2\/media?parent=8825"}],"wp:term":[{"taxonomy":"product_brand","embeddable":true,"href":"https:\/\/archivista.ch\/cms\/wp-json\/wp\/v2\/product_brand?post=8825"},{"taxonomy":"product_cat","embeddable":true,"href":"https:\/\/archivista.ch\/cms\/wp-json\/wp\/v2\/product_cat?post=8825"},{"taxonomy":"product_tag","embeddable":true,"href":"https:\/\/archivista.ch\/cms\/wp-json\/wp\/v2\/product_tag?post=8825"}],"curies":[{"name":"wp","href":"https:\/\/api.w.org\/{rel}","templated":true}]}}